{"id":4141,"date":"2025-03-13T19:22:47","date_gmt":"2025-03-13T17:22:47","guid":{"rendered":"https:\/\/veaeditori.it\/?page_id=4141"},"modified":"2025-03-20T19:46:15","modified_gmt":"2025-03-20T17:46:15","slug":"bushiidorisensun","status":"publish","type":"page","link":"https:\/\/veaeditori.it\/en\/bushiidorisensun\/","title":{"rendered":"Bushido Risen Sun"},"content":{"rendered":"<section class=\"section\" id=\"section_1177326608\">\n\t\t<div class=\"section-bg fill\" >\n\t\t\t\t\t\t\t\t\t\n\t\t\t\n\n\t\t<\/div>\n\n\t\t\n\n\t\t<div class=\"section-content relative\">\n\t\t\t\n\n\n  <div class=\"banner has-hover\" id=\"banner-844654364\">\n          <div class=\"banner-inner fill\">\n        <div class=\"banner-bg fill\" >\n            <img loading=\"lazy\" decoding=\"async\" width=\"960\" height=\"300\" src=\"https:\/\/veaeditori.it\/wp-content\/uploads\/2025\/03\/banner_the_awoken.png\" class=\"bg attachment-large size-large\" alt=\"\" \/>                                    \n                    <\/div>\n\t\t\n        <div class=\"banner-layers container\">\n            <div class=\"fill banner-link\"><\/div>            \n\n\n        <\/div>\n      <\/div>\n\n            \n<style>\n#banner-844654364 {\n  padding-top: 556px;\n}\n#banner-844654364 .banner-bg img {\n  object-position: 5% 47%;\n}\n<\/style>\n  <\/div>\n\n\n\n\t\t<\/div>\n\n\t\t\n<style>\n#section_1177326608 {\n  padding-top: 0px;\n  padding-bottom: 0px;\n  margin-bottom: 0px;\n  background-color: rgb(0, 0, 0);\n}\n<\/style>\n\t<\/section>\n\t\n\n\t<section class=\"section dark\" id=\"section_1750659964\">\n\t\t<div class=\"section-bg fill\" >\n\t\t\t\t\t\t\t\t\t\n\t\t\t\n\n\t\t<\/div>\n\n\t\t\n\t<div class=\"ux-shape-divider ux-shape-divider--bottom ux-shape-divider--style-arrow-invert\">\n\t\t<svg viewbox=\"0 0 1000 100\" xmlns=\"http:\/\/www.w3.org\/2000\/svg\" preserveaspectratio=\"none\">\n\t<path class=\"ux-shape-fill\" d=\"M1000 100H0V80H483L500 97L517 80H1000V100Z\"\/>\n<\/svg>\n\t<\/div>\n\n\t\t<div class=\"section-content relative\">\n\t\t\t\n\n<div class=\"row\"  id=\"row-314728411\">\n\n\n\t<div id=\"col-1243541965\" class=\"col medium-3 small-6 large-3\"  >\n\t\t\t\t<div class=\"col-inner\"  >\n\t\t\t\n\t\t\t\n\n\t<div id=\"text-263008405\" class=\"text\">\n\t\t\n\n<h3><span style=\"font-family: nijanaruto;\">N. Giocatori:<\/span><\/h3>\n<p><span style=\"font-family: conglomerate;\">2 giocatori<\/span><\/p>\n\t\t\n<style>\n#text-263008405 {\n  text-align: center;\n}\n<\/style>\n\t<\/div>\n\t\n\n\t\t<\/div>\n\t\t\t\t\t<\/div>\n\n\t\n\n\t<div id=\"col-831696386\" class=\"col medium-3 small-6 large-3\"  >\n\t\t\t\t<div class=\"col-inner\"  >\n\t\t\t\n\t\t\t\n\n\t<div id=\"text-4196387051\" class=\"text\">\n\t\t\n\n<h3><span style=\"font-family: nijanaruto;\">Durata:<\/span><\/h3>\n<p><span style=\"font-family: conglomerate;\">60-180<\/span><\/p>\n\t\t\n<style>\n#text-4196387051 {\n  text-align: center;\n}\n<\/style>\n\t<\/div>\n\t\n\n\t\t<\/div>\n\t\t\t\t\t<\/div>\n\n\t\n\n\t<div id=\"col-131317209\" class=\"col medium-3 small-6 large-3\"  >\n\t\t\t\t<div class=\"col-inner\"  >\n\t\t\t\n\t\t\t\n\n\t<div id=\"text-3510351928\" class=\"text\">\n\t\t\n\n<h3><span style=\"font-family: nijanaruto;\">EtA:<\/span><\/h3>\n<p><span style=\"font-family: conglomerate;\">14+<\/span><\/p>\n\t\t\n<style>\n#text-3510351928 {\n  text-align: center;\n}\n<\/style>\n\t<\/div>\n\t\n\n\t\t<\/div>\n\t\t\t\t\t<\/div>\n\n\t\n\n\t<div id=\"col-554446659\" class=\"col medium-3 small-6 large-3\"  >\n\t\t\t\t<div class=\"col-inner\"  >\n\t\t\t\n\t\t\t\n\n\t<div id=\"text-2355156584\" class=\"text\">\n\t\t\n\n<h3><span style=\"font-family: nijanaruto;\">Complessita:<\/span><\/h3>\n<p><span style=\"font-family: conglomerate;\">4\/5<\/span><\/p>\n\t\t\n<style>\n#text-2355156584 {\n  text-align: center;\n}\n<\/style>\n\t<\/div>\n\t\n\n\t\t<\/div>\n\t\t\t\t\t<\/div>\n\n\t\n\n<\/div>\n<div class=\"row align-middle\"  id=\"row-614296659\">\n\n\n\t<div id=\"col-1055731781\" class=\"col medium-10 small-12 large-10\"  >\n\t\t\t\t<div class=\"col-inner\"  >\n\t\t\t\n\t\t\t\n\n<p>Game Design: Gordon Cunningham, Toby Nathan <br \/>Risen Sun Design: Gordon Cunningham, Jason Enos<br \/>Sviluppo del Gioco: Jason Enos, Andy Palmer<br \/>Graphic Design: Odin Mentlak, Tom Hutchings<br \/>Storia: Alasdair Cunningham, Odin Mentlak, Hendrick Ornebring<br \/>Lead sculptor: Ben Calvert-Lee<br \/>Collaboratori da sempre pazienti: Alice Mentlak, Vicky Cunningham<\/p>\n\n\t\t<\/div>\n\t\t\t\t\t<\/div>\n\n\t\n\n\t<div id=\"col-1758010123\" class=\"col medium-2 small-12 large-2\"  >\n\t\t\t\t<div class=\"col-inner\"  >\n\t\t\t\n\t\t\t\n\n\t<div class=\"img has-hover x md-x lg-x y md-y lg-y\" id=\"image_809943569\">\n\t\t\t\t\t\t\t\t<div class=\"img-inner dark\" >\n\t\t\t<img loading=\"lazy\" decoding=\"async\" width=\"180\" height=\"180\" src=\"https:\/\/veaeditori.it\/wp-content\/uploads\/2025\/03\/310130198_522286909900342_4381207812683551172_n.jpg\" class=\"attachment-medium size-medium\" alt=\"\" srcset=\"https:\/\/veaeditori.it\/wp-content\/uploads\/2025\/03\/310130198_522286909900342_4381207812683551172_n.jpg 180w, https:\/\/veaeditori.it\/wp-content\/uploads\/2025\/03\/310130198_522286909900342_4381207812683551172_n-100x100.jpg 100w\" sizes=\"auto, (max-width: 180px) 100vw, 180px\" \/>\t\t\t\t\t\t\n\t\t\t\t\t<\/div>\n\t\t\t\t\t\t\t\t\n<style>\n#image_809943569 {\n  width: 100%;\n}\n<\/style>\n\t<\/div>\n\t\n\n\n\t\t<\/div>\n\t\t\t\t\t<\/div>\n\n\t\n\n<\/div>\n\n\t\t<\/div>\n\n\t\t\n<style>\n#section_1750659964 {\n  padding-top: 30px;\n  padding-bottom: 30px;\n  background-color: rgb(40, 40, 40);\n}\n#section_1750659964 .ux-shape-divider--bottom svg {\n  height: 150px;\n  --divider-width: 100%;\n}\n<\/style>\n\t<\/section>\n\t\n\n\t<section class=\"section\" id=\"section_622273242\">\n\t\t<div class=\"section-bg fill\" >\n\t\t\t\t\t\t\t\t\t\n\t\t\t\n\n\t\t<\/div>\n\n\t\t\n\n\t\t<div class=\"section-content relative\">\n\t\t\t\n\n<div class=\"row\"  id=\"row-863297908\">\n\n\n\t<div id=\"col-629596636\" class=\"col small-12 large-12\"  >\n\t\t\t\t<div class=\"col-inner\"  >\n\t\t\t\n\t\t\t\n\n<h3><span style=\"font-family: nijanaruto;\">DI COSA SI PARLA IN BUSHIDO?<\/span><\/h3>\n<p><span style=\"font-family: conglomerate; font-size: 120%;\">Bushido &#8211; Risen Sun, \u00e8 un gioco di battaglie selvagge, astuti stratagemmi e difese all\u2019ultimo respiro, in cui i debiti d\u2019onore si pagano con il sangue. <\/span><br \/><span style=\"font-family: conglomerate; font-size: 120%;\">In Bushido, il destino del mondo non \u00e8 affidato agli eserciti, ma ai singoli eroi: persone dalle capacit\u00e0 straordinarie, in sintonia con la forza vitale onnipresente nota come Ki. Questa forza \u00e8 il tessuto dell\u2019universo del Bushido e coloro che possiedono un addestramento adeguato o un talento naturale possono attingere a questa fonte di energia e acquisire poteri apparentemente sovrumani. <\/span><br \/><span style=\"font-family: conglomerate; font-size: 120%;\">Nel mondo del Bushido, il delicato equilibrio del Ki \u2013 e quindi dell\u2019universo stesso \u2013 \u00e8 minacciato dalle forze dello squilibrio, e spetta a voi proteggerlo o contribuire a farlo a pezzi.<\/span><br \/><span style=\"font-family: conglomerate; font-size: 120%;\">In una partita a Bushido \u00e8 in gioco niente meno che il destino dell\u2019universo. Siete pronti per la sfida della Via del Guerriero?<\/span><br \/><span style=\"font-family: conglomerate; font-size: 120%;\">Bushido \u00e8 un emozionante gioco di schermaglie, progettato per due giocatori che utilizzano dettagliate miniature da 32 mm. Assumete il controllo di eroi o malvagi e affrontate altri giocatori per il dominio delle Isole di Jwar! Si narra che i monaci tramandino le loro storie su pergamene e canti, mentre i samurai scrivano la loro eredit\u00e0 con il sangue, ma in un\u2019intensa partita di Bushido, il modo in cui scrivere il vostro racconto dipende da voi! <\/span><br \/><span style=\"font-family: conglomerate; font-size: 120%;\">A turno muoverete i vostri modelli sul campo di battaglia e tirerete i dadi per scoprire se le vostre strategie ben pianificate porteranno al successo o al fallimento.<\/span><br \/><span style=\"font-family: conglomerate; font-size: 120%;\">Bushido non \u00e8 solo un intenso corpo a corpo tra pugni e spade affilate come rasoi, ma anche il completamento di intricati scenari per raggiungere obiettivi e vincere la partita. Strategia e ferocia vanno di pari passo in una partita di Bushido, Risen Sun.<\/span><\/p>\n\t<div class=\"img has-hover x md-x lg-x y md-y lg-y\" id=\"image_581726429\">\n\t\t\t\t\t\t\t\t<div class=\"img-inner image-cover dark\" style=\"padding-top:659px;margin:0px 0px 0px 0px;\">\n\t\t\t<img loading=\"lazy\" decoding=\"async\" width=\"1020\" height=\"671\" src=\"https:\/\/veaeditori.it\/wp-content\/uploads\/2025\/03\/464027732_1070878798374481_5740184927795852184_n.jpg\" class=\"attachment-large size-large\" alt=\"\" \/>\t\t\t\t\t\t\n\t\t\t\t\t<\/div>\n\t\t\t\t\t\t\t\t\n<style>\n#image_581726429 {\n  width: 100%;\n}\n<\/style>\n\t<\/div>\n\t\n\n\n\t\t<\/div>\n\t\t\t\t\t<\/div>\n\n\t\n\n<\/div>\n\n\t\t<\/div>\n\n\t\t\n<style>\n#section_622273242 {\n  padding-top: 30px;\n  padding-bottom: 30px;\n}\n<\/style>\n\t<\/section>\n\t\n\n\t<section class=\"section dark\" id=\"section_1273350945\">\n\t\t<div class=\"section-bg fill\" >\n\t\t\t\t\t\t\t\t\t\n\t\t\t\n\n\t\t<\/div>\n\n\t\t\t<div class=\"ux-shape-divider ux-shape-divider--top ux-shape-divider--style-arrow\">\n\t\t<svg viewbox=\"0 0 1000 100\" xmlns=\"http:\/\/www.w3.org\/2000\/svg\" preserveaspectratio=\"none\">\n\t<path class=\"ux-shape-fill\" d=\"M1000 100H0L0 96H483L500 79L517 96H1000V100Z\"\/>\n<\/svg>\n\t<\/div>\n\n\t<div class=\"ux-shape-divider ux-shape-divider--bottom ux-shape-divider--style-arrow\">\n\t\t<svg viewbox=\"0 0 1000 100\" xmlns=\"http:\/\/www.w3.org\/2000\/svg\" preserveaspectratio=\"none\">\n\t<path class=\"ux-shape-fill\" d=\"M1000 100H0L0 96H483L500 79L517 96H1000V100Z\"\/>\n<\/svg>\n\t<\/div>\n\n\t\t<div class=\"section-content relative\">\n\t\t\t\n\n<div class=\"row\"  id=\"row-1857631558\">\n\n\n\t<div id=\"col-32437383\" class=\"col small-12 large-12\"  >\n\t\t\t\t<div class=\"col-inner\"  >\n\t\t\t\n\t\t\t\n\n\t<div id=\"text-2326413088\" class=\"text\">\n\t\t\n\n<h2><span style=\"font-family: nijanaruto;\">COME INIZIARE<\/span><\/h2>\n\t\t\n<style>\n#text-2326413088 {\n  text-align: center;\n}\n<\/style>\n\t<\/div>\n\t\n\n\t\t<\/div>\n\t\t\t\t\t<\/div>\n\n\t\n\n<\/div>\n<div class=\"row\"  id=\"row-456308\">\n\n\n\t<div id=\"col-2079293072\" class=\"col medium-6 small-12 large-6\"  >\n\t\t\t\t<div class=\"col-inner\"  >\n\t\t\t\n\t\t\t\n\n\t<div class=\"img has-hover x md-x lg-x y md-y lg-y\" id=\"image_1243593593\">\n\t\t\t\t\t\t\t\t<div class=\"img-inner dark\" >\n\t\t\t<img loading=\"lazy\" decoding=\"async\" width=\"1020\" height=\"516\" src=\"https:\/\/veaeditori.it\/wp-content\/uploads\/2025\/03\/BushidoStarterSet.jpg\" class=\"attachment-large size-large\" alt=\"\" \/>\t\t\t\t\t\t\n\t\t\t\t\t<\/div>\n\t\t\t\t\t\t\t\t\n<style>\n#image_1243593593 {\n  width: 100%;\n}\n<\/style>\n\t<\/div>\n\t\n\n\n\t\t<\/div>\n\t\t\t\t\t<\/div>\n\n\t\n\n\t<div id=\"col-465283050\" class=\"col medium-6 small-12 large-6\"  >\n\t\t\t\t<div class=\"col-inner text-left\"  >\n\t\t\t\n\t\t\t\n\n<h3><span style=\"font-family: nijanaruto;\">STARTER SET 2 Giocatori<\/span><\/h3>\n<p><span style=\"font-family: conglomerate; font-size: 120%;\">Il modo migliore di immergerti nel mondo di Bushido Risen Sun. Questa scatola contiene tutto il necessario per iniziare a giocare da subito!<\/span><\/p>\n<p><span style=\"font-family: conglomerate; font-size: 120%;\">10 Splendide miniature in resina da dividere tra due giocatori<\/span><br \/><span style=\"font-family: conglomerate; font-size: 120%;\">Manuale in Italino<\/span><br \/><span style=\"font-family: conglomerate; font-size: 120%;\">30 Carte si in inglese che in Italiano<\/span><br \/><span style=\"font-family: conglomerate; font-size: 120%;\">Segnalini Vari<\/span><\/p>\n\n\t\t<\/div>\n\t\t\t\t\t<\/div>\n\n\t\n\n<\/div>\n<div class=\"row\"  id=\"row-1004360650\">\n\n\n\t<div id=\"col-2020579657\" class=\"col medium-6 small-12 large-6\"  >\n\t\t\t\t<div class=\"col-inner\"  >\n\t\t\t\n\t\t\t\n\n<h3><span style=\"font-family: nijanaruto;\">Regolamento in Italiano<\/span><\/h3>\n<p><span style=\"font-family: conglomerate; font-size: 120%;\">Non sei ancora pronto per cimintarti in questo splendido gioco?<\/span><\/p>\n<p><span style=\"font-family: conglomerate; font-size: 120%;\">Acquista il manuale in Italino per valutare se il gioco fa per te!<\/span><\/p>\n<p><span style=\"font-family: conglomerate; font-size: 120%;\">96 Pagine A5 a colori<\/span><\/p>\n<p>\u00a0<\/p>\n\n\t\t<\/div>\n\t\t\t\t\t<\/div>\n\n\t\n\n\t<div id=\"col-1513360432\" class=\"col medium-6 small-12 large-6\"  >\n\t\t\t\t<div class=\"col-inner\"  >\n\t\t\t\n\t\t\t\n\n\t<div class=\"img has-hover x md-x lg-x y md-y lg-y\" id=\"image_228955439\">\n\t\t\t\t\t\t\t\t<div class=\"img-inner dark\" >\n\t\t\t<img loading=\"lazy\" decoding=\"async\" width=\"1020\" height=\"671\" src=\"https:\/\/veaeditori.it\/wp-content\/uploads\/2025\/03\/bushido_risen_sun_rulebook_promo.jpg\" class=\"attachment-large size-large\" alt=\"\" \/>\t\t\t\t\t\t\n\t\t\t\t\t<\/div>\n\t\t\t\t\t\t\t\t\n<style>\n#image_228955439 {\n  width: 100%;\n}\n<\/style>\n\t<\/div>\n\t\n\n\n\t\t<\/div>\n\t\t\t\t\t<\/div>\n\n\t\n\n<\/div>\n\n\t\t<\/div>\n\n\t\t\n<style>\n#section_1273350945 {\n  padding-top: 30px;\n  padding-bottom: 30px;\n  background-color: rgb(40, 40, 40);\n}\n#section_1273350945 .ux-shape-divider--top svg {\n  height: 150px;\n  --divider-top-width: 100%;\n}\n#section_1273350945 .ux-shape-divider--bottom svg {\n  height: 150px;\n  --divider-width: 100%;\n}\n<\/style>\n\t<\/section>\n\t\n\n\t<section class=\"section\" id=\"section_471508242\">\n\t\t<div class=\"section-bg fill\" >\n\t\t\t\t\t\t\t\t\t\n\t\t\t\n\n\t\t<\/div>\n\n\t\t\n\n\t\t<div class=\"section-content relative\">\n\t\t\t\n\n<div class=\"row\"  id=\"row-326626726\">\n\n\n\t<div id=\"col-424472213\" class=\"col small-12 large-12\"  >\n\t\t\t\t<div class=\"col-inner\"  >\n\t\t\t\n\t\t\t\n\n\t<div id=\"text-3240507222\" class=\"text\">\n\t\t\n\n<h3><span style=\"font-family: nijanaruto;\">VIDEO:<\/span><\/h3>\n\t\t\n<style>\n#text-3240507222 {\n  text-align: center;\n}\n<\/style>\n\t<\/div>\n\t\n\n\t\t<\/div>\n\t\t\t\t\t<\/div>\n\n\t\n\n<\/div>\n<div class=\"row\"  id=\"row-610477621\">\n\n\n\t<div id=\"col-1494051573\" class=\"col small-12 large-12\"  >\n\t\t\t\t<div class=\"col-inner\"  >\n\t\t\t\n\t\t\t\n\n<div class=\"video video-fit mb\" style=\"padding-top:56.25%;\"><iframe loading=\"lazy\" title=\"Bushido - Risen Sun Recensione ITA sub ENG\" width=\"1020\" height=\"574\" src=\"https:\/\/www.youtube.com\/embed\/qWrhFppp-DM?feature=oembed\" frameborder=\"0\" allow=\"accelerometer; autoplay; clipboard-write; encrypted-media; gyroscope; picture-in-picture; web-share\" referrerpolicy=\"strict-origin-when-cross-origin\" allowfullscreen><\/iframe><\/div>\n\n\n\t\t<\/div>\n\t\t\t\t\t<\/div>\n\n\t\n\n<\/div>\n\n\t\t<\/div>\n\n\t\t\n<style>\n#section_471508242 {\n  padding-top: 18px;\n  padding-bottom: 18px;\n}\n<\/style>\n\t<\/section>","protected":false},"excerpt":{"rendered":"","protected":false},"author":2,"featured_media":0,"parent":0,"menu_order":0,"comment_status":"closed","ping_status":"closed","template":"page-transparent-header.php","meta":{"footnotes":""},"class_list":["post-4141","page","type-page","status-publish","hentry"],"yoast_head":"<!-- This site is optimized with the Yoast SEO plugin v27.2 - https:\/\/yoast.com\/product\/yoast-seo-wordpress\/ -->\n<title>Bushido Risen Sun - VEA Editori<\/title>\n<meta name=\"description\" content=\"Core Space un riepilogo approfonidto sul gioco in tutti i suoi vari aspetti. Scopriamo insieme di cosa si tratta.\" \/>\n<meta name=\"robots\" content=\"index, follow, max-snippet:-1, max-image-preview:large, max-video-preview:-1\" \/>\n<link rel=\"canonical\" href=\"https:\/\/veaeditori.it\/en\/bushiidorisensun\/\" \/>\n<meta property=\"og:locale\" content=\"en_GB\" \/>\n<meta property=\"og:type\" content=\"article\" \/>\n<meta property=\"og:title\" content=\"Bushido Risen Sun - VEA Editori\" \/>\n<meta property=\"og:description\" content=\"Core Space un riepilogo approfonidto sul gioco in tutti i suoi vari aspetti. Scopriamo insieme di cosa si tratta.\" \/>\n<meta property=\"og:url\" content=\"https:\/\/veaeditori.it\/en\/bushiidorisensun\/\" \/>\n<meta property=\"og:site_name\" content=\"VEA Editori\" \/>\n<meta property=\"article:publisher\" content=\"https:\/\/www.facebook.com\/veaspaziominiature\" \/>\n<meta property=\"article:modified_time\" content=\"2025-03-20T17:46:15+00:00\" \/>\n<meta name=\"twitter:card\" content=\"summary_large_image\" \/>\n<meta name=\"twitter:label1\" content=\"Estimated reading time\" \/>\n\t<meta name=\"twitter:data1\" content=\"4 minutes\" \/>\n<script type=\"application\/ld+json\" class=\"yoast-schema-graph\">{\"@context\":\"https:\/\/schema.org\",\"@graph\":[{\"@type\":\"WebPage\",\"@id\":\"https:\/\/veaeditori.it\/bushiidorisensun\/\",\"url\":\"https:\/\/veaeditori.it\/bushiidorisensun\/\",\"name\":\"Bushido Risen Sun - VEA Editori\",\"isPartOf\":{\"@id\":\"https:\/\/veaeditori.it\/#website\"},\"datePublished\":\"2025-03-13T17:22:47+00:00\",\"dateModified\":\"2025-03-20T17:46:15+00:00\",\"description\":\"Core Space un riepilogo approfonidto sul gioco in tutti i suoi vari aspetti. Scopriamo insieme di cosa si tratta.\",\"breadcrumb\":{\"@id\":\"https:\/\/veaeditori.it\/bushiidorisensun\/#breadcrumb\"},\"inLanguage\":\"en-GB\",\"potentialAction\":[{\"@type\":\"ReadAction\",\"target\":[\"https:\/\/veaeditori.it\/bushiidorisensun\/\"]}]},{\"@type\":\"BreadcrumbList\",\"@id\":\"https:\/\/veaeditori.it\/bushiidorisensun\/#breadcrumb\",\"itemListElement\":[{\"@type\":\"ListItem\",\"position\":1,\"name\":\"Home\",\"item\":\"https:\/\/veaeditori.it\/\"},{\"@type\":\"ListItem\",\"position\":2,\"name\":\"Bushido Risen Sun\"}]},{\"@type\":\"WebSite\",\"@id\":\"https:\/\/veaeditori.it\/#website\",\"url\":\"https:\/\/veaeditori.it\/\",\"name\":\"VEA Editori\",\"description\":\"Italian Wargame Publisher\",\"potentialAction\":[{\"@type\":\"SearchAction\",\"target\":{\"@type\":\"EntryPoint\",\"urlTemplate\":\"https:\/\/veaeditori.it\/?s={search_term_string}\"},\"query-input\":{\"@type\":\"PropertyValueSpecification\",\"valueRequired\":true,\"valueName\":\"search_term_string\"}}],\"inLanguage\":\"en-GB\"}]}<\/script>\n<!-- \/ Yoast SEO plugin. -->","yoast_head_json":{"title":"Bushido Risen Sun - VEA Editori","description":"Core Space un riepilogo approfonidto sul gioco in tutti i suoi vari aspetti. Scopriamo insieme di cosa si tratta.","robots":{"index":"index","follow":"follow","max-snippet":"max-snippet:-1","max-image-preview":"max-image-preview:large","max-video-preview":"max-video-preview:-1"},"canonical":"https:\/\/veaeditori.it\/en\/bushiidorisensun\/","og_locale":"en_GB","og_type":"article","og_title":"Bushido Risen Sun - VEA Editori","og_description":"Core Space un riepilogo approfonidto sul gioco in tutti i suoi vari aspetti. Scopriamo insieme di cosa si tratta.","og_url":"https:\/\/veaeditori.it\/en\/bushiidorisensun\/","og_site_name":"VEA Editori","article_publisher":"https:\/\/www.facebook.com\/veaspaziominiature","article_modified_time":"2025-03-20T17:46:15+00:00","twitter_card":"summary_large_image","twitter_misc":{"Estimated reading time":"4 minutes"},"schema":{"@context":"https:\/\/schema.org","@graph":[{"@type":"WebPage","@id":"https:\/\/veaeditori.it\/bushiidorisensun\/","url":"https:\/\/veaeditori.it\/bushiidorisensun\/","name":"Bushido Risen Sun - VEA Editori","isPartOf":{"@id":"https:\/\/veaeditori.it\/#website"},"datePublished":"2025-03-13T17:22:47+00:00","dateModified":"2025-03-20T17:46:15+00:00","description":"Core Space un riepilogo approfonidto sul gioco in tutti i suoi vari aspetti. Scopriamo insieme di cosa si tratta.","breadcrumb":{"@id":"https:\/\/veaeditori.it\/bushiidorisensun\/#breadcrumb"},"inLanguage":"en-GB","potentialAction":[{"@type":"ReadAction","target":["https:\/\/veaeditori.it\/bushiidorisensun\/"]}]},{"@type":"BreadcrumbList","@id":"https:\/\/veaeditori.it\/bushiidorisensun\/#breadcrumb","itemListElement":[{"@type":"ListItem","position":1,"name":"Home","item":"https:\/\/veaeditori.it\/"},{"@type":"ListItem","position":2,"name":"Bushido Risen Sun"}]},{"@type":"WebSite","@id":"https:\/\/veaeditori.it\/#website","url":"https:\/\/veaeditori.it\/","name":"VEA Editori","description":"Italian Wargame Publisher","potentialAction":[{"@type":"SearchAction","target":{"@type":"EntryPoint","urlTemplate":"https:\/\/veaeditori.it\/?s={search_term_string}"},"query-input":{"@type":"PropertyValueSpecification","valueRequired":true,"valueName":"search_term_string"}}],"inLanguage":"en-GB"}]}},"_links":{"self":[{"href":"https:\/\/veaeditori.it\/en\/wp-json\/wp\/v2\/pages\/4141","targetHints":{"allow":["GET"]}}],"collection":[{"href":"https:\/\/veaeditori.it\/en\/wp-json\/wp\/v2\/pages"}],"about":[{"href":"https:\/\/veaeditori.it\/en\/wp-json\/wp\/v2\/types\/page"}],"author":[{"embeddable":true,"href":"https:\/\/veaeditori.it\/en\/wp-json\/wp\/v2\/users\/2"}],"replies":[{"embeddable":true,"href":"https:\/\/veaeditori.it\/en\/wp-json\/wp\/v2\/comments?post=4141"}],"version-history":[{"count":8,"href":"https:\/\/veaeditori.it\/en\/wp-json\/wp\/v2\/pages\/4141\/revisions"}],"predecessor-version":[{"id":4162,"href":"https:\/\/veaeditori.it\/en\/wp-json\/wp\/v2\/pages\/4141\/revisions\/4162"}],"wp:attachment":[{"href":"https:\/\/veaeditori.it\/en\/wp-json\/wp\/v2\/media?parent=4141"}],"curies":[{"name":"wp","href":"https:\/\/api.w.org\/{rel}","templated":true}]}}