{"id":984,"date":"2022-11-07T10:07:03","date_gmt":"2022-11-07T09:07:03","guid":{"rendered":"http:\/\/veaeditori.it\/?page_id=984"},"modified":"2022-11-07T10:07:13","modified_gmt":"2022-11-07T09:07:13","slug":"spedizioni","status":"publish","type":"page","link":"https:\/\/veaeditori.it\/en\/spedizioni\/","title":{"rendered":"Spedizioni"},"content":{"rendered":"<p>Vea Editori mette a disposizioni durante la procedura di acquisto due tipi di metodi di spedizione:<\/p>\n\n\n\n<h2 class=\"wp-block-heading\">Spedizione Standard Costo 7euro<\/h2>\n\n\n\n<p>Questo metodo \u00e8 standard per la maggior parte degli ordini selezionabili sul nostro sito, almeno che non stiate comprando solo un libro, in automatico il metodo offerto al carrello sar\u00e0 Spedizione Standard.<\/p>\n\n\n\n<p>Utilizziamo il servizio Poste Crone quindi gestito da Poste Italiane, il prezzo a noi varia in funzione del peso e spesso viene pi\u00f9 di 7 euro ma per semplicit\u00e0 abbiamo deciso di lasciare un flat rate a 7 euro per qualsiasi peso. Assicuriamo sempre le nostre spedizioni standard per essere certi che in caso di intoppi sia sia noi che i nostri clienti possano essere in qualche modo tutelati.<\/p>\n\n\n\n<p>Quando la spedizione viene create venite avvisati per email all&#8217;indirizzo che avete indicato durante l&#8217;acquisto e ricevete un tracking number per seguire comodamente lo stato del pacco in ogni momento.<\/p>\n\n\n\n<p>Il tempo medio di consegna per questo tipo di servizio sono 4 giorni lavorativi e abbiamo riscontrato una buona affidabilit\u00e0 sia nei tempi sia nella qualit\u00e0 del pacco alla consegna.<\/p>\n\n\n\n<p>Questo \u00e8 il nostro metodo preferito, rapido, sicuro e tracciato.<\/p>\n\n\n\n<p>Se aveste bisogno di ricevere il pacco con pi\u00f9 urgenza fatecelo sapere prima di piazzare l&#8217;ordine e cercheremo di accontentarvi con un piccolo supplemento.<\/p>\n\n\n\n<h2 class=\"wp-block-heading\">Piego di Libri Costo Gratis<\/h2>\n\n\n\n<p>Il piego di libri \u00e8 un servizio di poste italiane per la spedizione esclusiva di libri sul territorio nazionale, potete consultare tutte le condizioni del servizio alle relativa pagina sul sito di poste Italiane:<\/p>\n\n\n\n<p><a href=\"https:\/\/www.poste.it\/prodotti\/piego-di-libri.html\">https:\/\/www.poste.it\/prodotti\/piego-di-libri.html<\/a><\/p>\n\n\n\n<p>Il servizio come potete vedere sul sito di poste per noi ha un costo oltre al tempo di attesa presso l&#8217;ufficio postale che spesso arriva ad essere oltre 1 ora, ma siamo comunque felici di assorbire tali costi in tempo e denaro per dare a chi di voi \u00e8 frenato dai 7 euro di spedizione di poter leggere i nostri regolamenti localizzati senza dover pagare le spedizioni.<\/p>\n\n\n\n<p>Ne facciamo pi\u00f9 una nostra missione, l&#8217;obiettivo di VEA Editori \u00e8 sempre stato ampliare il numero di giocatori che si possono approcciare al nostro hobby, quindi l&#8217;idea di abbattere i costi di spedizione ci sembra una cosa buona.<\/p>\n\n\n\n<p>Resta inteso che si tratta di un servizio LENTO, NON TRACCIATO e NON ASSICURATO.<\/p>\n\n\n\n<p>Quindi nonostante poste Italiane dica di Consegnare il 90% dei piego di libri entro 4 giorni abbiamo avuto casi di oltre un mese di attesa. Per fortuna fino ad oggi nessun pacco \u00e8 andato perduto, ma non ci stupiremmo se questo succedesse ed in quel caso non abbiamo potere di fare nulla in proposito.<\/p>\n\n\n\n<p>Perch\u00e8 appunto il pacco non \u00e8 tracciato, portiamo il pacco all&#8217;ufficio postale e non ci viene rilasciato nessun documento di nessun tipo per poter risalire alla vostra spedizione, una volta partito \u00e8 nelle mani esclusive e buona volont\u00e0 di Poste Italiane.<\/p>\n\n\n\n<p>E qui all&#8217;ultimo punto, ovvero detto quanto sopra va da se che ordinare utilizzando piego di libri lo si deve fare solo se si \u00e8 disposti al rischio dei punti sopra perch\u00e8 il pacco non \u00e8 assicurato e non possiamo rimborsare eventuali pacchi smarriti o danneggiati.<\/p>\n\n\n\n<p>Per qualsiasi ulteriore dubbio o chiarimento non esitate a contattarci a info@veaeditori.it rimaniamo a vostra disposizione.<\/p>","protected":false},"excerpt":{"rendered":"<p>Condizioni di Spedizione<\/p>","protected":false},"author":2,"featured_media":0,"parent":0,"menu_order":0,"comment_status":"closed","ping_status":"closed","template":"","meta":{"footnotes":""},"class_list":["post-984","page","type-page","status-publish","hentry"],"yoast_head":"<!-- This site is optimized with the Yoast SEO plugin v27.3 - https:\/\/yoast.com\/product\/yoast-seo-wordpress\/ -->\n<title>Spedizioni - VEA Editori<\/title>\n<meta name=\"description\" content=\"Spedizioni e metodi di spedizioni disponibili sul sito www.veaeditori.it vediamo insieme quali sono le condizioni dei nostri servizi\" \/>\n<meta name=\"robots\" content=\"index, follow, max-snippet:-1, max-image-preview:large, max-video-preview:-1\" \/>\n<link rel=\"canonical\" href=\"https:\/\/veaeditori.it\/en\/spedizioni\/\" \/>\n<meta property=\"og:locale\" content=\"en_GB\" \/>\n<meta property=\"og:type\" content=\"article\" \/>\n<meta property=\"og:title\" content=\"Spedizioni - VEA Editori\" \/>\n<meta property=\"og:description\" content=\"Spedizioni e metodi di spedizioni disponibili sul sito www.veaeditori.it vediamo insieme quali sono le condizioni dei nostri servizi\" \/>\n<meta property=\"og:url\" content=\"https:\/\/veaeditori.it\/en\/spedizioni\/\" \/>\n<meta property=\"og:site_name\" content=\"VEA Editori\" \/>\n<meta property=\"article:publisher\" content=\"https:\/\/www.facebook.com\/veaspaziominiature\" \/>\n<meta property=\"article:modified_time\" content=\"2022-11-07T09:07:13+00:00\" \/>\n<meta name=\"twitter:card\" content=\"summary_large_image\" \/>\n<meta name=\"twitter:label1\" content=\"Estimated reading time\" \/>\n\t<meta name=\"twitter:data1\" content=\"3 minutes\" \/>\n<script type=\"application\/ld+json\" class=\"yoast-schema-graph\">{\"@context\":\"https:\\\/\\\/schema.org\",\"@graph\":[{\"@type\":\"WebPage\",\"@id\":\"https:\\\/\\\/veaeditori.it\\\/en\\\/spedizioni\\\/\",\"url\":\"https:\\\/\\\/veaeditori.it\\\/en\\\/spedizioni\\\/\",\"name\":\"Spedizioni - VEA Editori\",\"isPartOf\":{\"@id\":\"https:\\\/\\\/veaeditori.it\\\/#website\"},\"datePublished\":\"2022-11-07T09:07:03+00:00\",\"dateModified\":\"2022-11-07T09:07:13+00:00\",\"description\":\"Spedizioni e metodi di spedizioni disponibili sul sito www.veaeditori.it vediamo insieme quali sono le condizioni dei nostri servizi\",\"breadcrumb\":{\"@id\":\"https:\\\/\\\/veaeditori.it\\\/en\\\/spedizioni\\\/#breadcrumb\"},\"inLanguage\":\"en-GB\",\"potentialAction\":[{\"@type\":\"ReadAction\",\"target\":[\"https:\\\/\\\/veaeditori.it\\\/en\\\/spedizioni\\\/\"]}]},{\"@type\":\"BreadcrumbList\",\"@id\":\"https:\\\/\\\/veaeditori.it\\\/en\\\/spedizioni\\\/#breadcrumb\",\"itemListElement\":[{\"@type\":\"ListItem\",\"position\":1,\"name\":\"Home\",\"item\":\"https:\\\/\\\/veaeditori.it\\\/\"},{\"@type\":\"ListItem\",\"position\":2,\"name\":\"Spedizioni\"}]},{\"@type\":\"WebSite\",\"@id\":\"https:\\\/\\\/veaeditori.it\\\/#website\",\"url\":\"https:\\\/\\\/veaeditori.it\\\/\",\"name\":\"VEA Editori\",\"description\":\"Italian Wargame Publisher\",\"potentialAction\":[{\"@type\":\"SearchAction\",\"target\":{\"@type\":\"EntryPoint\",\"urlTemplate\":\"https:\\\/\\\/veaeditori.it\\\/?s={search_term_string}\"},\"query-input\":{\"@type\":\"PropertyValueSpecification\",\"valueRequired\":true,\"valueName\":\"search_term_string\"}}],\"inLanguage\":\"en-GB\"}]}<\/script>\n<!-- \/ Yoast SEO plugin. -->","yoast_head_json":{"title":"Spedizioni - VEA Editori","description":"Spedizioni e metodi di spedizioni disponibili sul sito www.veaeditori.it vediamo insieme quali sono le condizioni dei nostri servizi","robots":{"index":"index","follow":"follow","max-snippet":"max-snippet:-1","max-image-preview":"max-image-preview:large","max-video-preview":"max-video-preview:-1"},"canonical":"https:\/\/veaeditori.it\/en\/spedizioni\/","og_locale":"en_GB","og_type":"article","og_title":"Spedizioni - VEA Editori","og_description":"Spedizioni e metodi di spedizioni disponibili sul sito www.veaeditori.it vediamo insieme quali sono le condizioni dei nostri servizi","og_url":"https:\/\/veaeditori.it\/en\/spedizioni\/","og_site_name":"VEA Editori","article_publisher":"https:\/\/www.facebook.com\/veaspaziominiature","article_modified_time":"2022-11-07T09:07:13+00:00","twitter_card":"summary_large_image","twitter_misc":{"Estimated reading time":"3 minutes"},"schema":{"@context":"https:\/\/schema.org","@graph":[{"@type":"WebPage","@id":"https:\/\/veaeditori.it\/en\/spedizioni\/","url":"https:\/\/veaeditori.it\/en\/spedizioni\/","name":"Spedizioni - VEA Editori","isPartOf":{"@id":"https:\/\/veaeditori.it\/#website"},"datePublished":"2022-11-07T09:07:03+00:00","dateModified":"2022-11-07T09:07:13+00:00","description":"Spedizioni e metodi di spedizioni disponibili sul sito www.veaeditori.it vediamo insieme quali sono le condizioni dei nostri servizi","breadcrumb":{"@id":"https:\/\/veaeditori.it\/en\/spedizioni\/#breadcrumb"},"inLanguage":"en-GB","potentialAction":[{"@type":"ReadAction","target":["https:\/\/veaeditori.it\/en\/spedizioni\/"]}]},{"@type":"BreadcrumbList","@id":"https:\/\/veaeditori.it\/en\/spedizioni\/#breadcrumb","itemListElement":[{"@type":"ListItem","position":1,"name":"Home","item":"https:\/\/veaeditori.it\/"},{"@type":"ListItem","position":2,"name":"Spedizioni"}]},{"@type":"WebSite","@id":"https:\/\/veaeditori.it\/#website","url":"https:\/\/veaeditori.it\/","name":"VEA Editori","description":"Italian Wargame Publisher","potentialAction":[{"@type":"SearchAction","target":{"@type":"EntryPoint","urlTemplate":"https:\/\/veaeditori.it\/?s={search_term_string}"},"query-input":{"@type":"PropertyValueSpecification","valueRequired":true,"valueName":"search_term_string"}}],"inLanguage":"en-GB"}]}},"_links":{"self":[{"href":"https:\/\/veaeditori.it\/en\/wp-json\/wp\/v2\/pages\/984","targetHints":{"allow":["GET"]}}],"collection":[{"href":"https:\/\/veaeditori.it\/en\/wp-json\/wp\/v2\/pages"}],"about":[{"href":"https:\/\/veaeditori.it\/en\/wp-json\/wp\/v2\/types\/page"}],"author":[{"embeddable":true,"href":"https:\/\/veaeditori.it\/en\/wp-json\/wp\/v2\/users\/2"}],"replies":[{"embeddable":true,"href":"https:\/\/veaeditori.it\/en\/wp-json\/wp\/v2\/comments?post=984"}],"version-history":[{"count":0,"href":"https:\/\/veaeditori.it\/en\/wp-json\/wp\/v2\/pages\/984\/revisions"}],"wp:attachment":[{"href":"https:\/\/veaeditori.it\/en\/wp-json\/wp\/v2\/media?parent=984"}],"curies":[{"name":"wp","href":"https:\/\/api.w.org\/{rel}","templated":true}]}}