{"id":1061,"date":"2022-12-05T12:35:43","date_gmt":"2022-12-05T11:35:43","guid":{"rendered":"http:\/\/veaeditori.it\/?post_type=product&#038;p=1061"},"modified":"2025-11-26T10:24:46","modified_gmt":"2025-11-26T08:24:46","slug":"wizards-tower","status":"publish","type":"product","link":"https:\/\/veaeditori.it\/en\/product\/wizards-tower\/","title":{"rendered":"Wizard\u2019s Tower"},"content":{"rendered":"<h3>Wizard\u2019s Tower<\/h3>\n<p>Maghi e stregoni non sono limitati dalle leggi della fisica quando costruiscono le loro case. Queste torri magiche sono spesso incredibilmente alte, di forma insolita e senza alcun ingresso convenzionale, perfette per eseguire rituali arcani clandestini.<br \/>\nQuesta scatola contiene tutto il necessario per costruire una torre del mago alta 16&#8243;\/41 cm, adatta a molti giochi fantasy e storici da 28-35 mm. Un vero pezzo forte per qualsiasi tavolo. L&#8217;interno \u00e8 completamente dettagliato con tetto e piano superiore rimovibili, e ci sono molte aree per posizionare miniature a diversi livelli.Il set viene fornito completo di mobili magici e terreno sparso per accessoriare il tuo tavolo da gioco.<br \/>\nIl terreno viene fornito in confezione piatta su cartoncino di alta qualit\u00e0 e ad alta densit\u00e0, stampato a colori su entrambi i lati, quindi non \u00e8 necessario dipingere! Il terreno richiede il montaggio e alcune parti pi\u00f9 piccole richiedono la colla. Si prega di consultare www.battlesystems.co.uk per maggiori dettagli e istruzioni complete.<\/p>\n<p>&nbsp;<\/p>\n<p><strong><u>Contents<\/u><\/strong><\/p>\n<ul>\n<li>1 Wizard\u2019s Tower\n<ul>\n<li>4 Tower Wall Sections<\/li>\n<li>6 Tower Struts<\/li>\n<li>3 Assorted Floor Tiles<\/li>\n<li>2 Sanctum Wall Sections<\/li>\n<li>7 Assorted Sanctum Struts<\/li>\n<li>4 Assorted Sanctum Beams<\/li>\n<li>4 Assorted Roof Sections<\/li>\n<li>2 Roof Clips<\/li>\n<li>2 Balcony Sections<\/li>\n<li>3 Railing Sections<\/li>\n<li>3 Bridge Sections<\/li>\n<li>4 Buttresses<\/li>\n<li>1 Hidden Door\/Locking Clip<\/li>\n<li>1 Access Ladder<\/li>\n<\/ul>\n<\/li>\n<li>1 Ruined Tower\n<ul>\n<li>4 Tower Wall Sections<\/li>\n<li>1 Tower Floor Tile<\/li>\n<li>3 Bridge Sections<\/li>\n<li>1 Staircase<\/li>\n<\/ul>\n<\/li>\n<li>1 Bookcase<\/li>\n<li>1 Lectern<\/li>\n<li>1 Desk<\/li>\n<li>1 Enchanted Mirror<\/li>\n<li>1 Scrying Pool<\/li>\n<li>6 Assorted Chairs<\/li>\n<li>95 Assorted Scatter Components and Accessories<\/li>\n<\/ul>\n<p><strong><u>\u00a0<\/u><\/strong><\/p>\n<p><u>Back<\/u><\/p>\n<ul>\n<li>Product Code: BSTFWE017<\/li>\n<li>Barcode: 5060660091317<\/li>\n<li>Symbols: <span style=\"text-decoration: line-through;\">0-3<\/span>, 14+<\/li>\n<li>Small Print: This is not a toy. Figures, foliage and gaming mat not included. Contents may vary from those on the packaging. Not suitable for children under 36 months due to small parts. Retain packaging for future reference. Made in China. \u00a9 Battle Systems Ltd 2020.<\/li>\n<\/ul>\n<h3><span lang=\"EN-GB\">Wizard\u2019s Tower<\/span><\/h3>","protected":false},"excerpt":{"rendered":"<p>Wizard\u2019s Tower Scenici in Cartoncino<\/p>","protected":false},"featured_media":1062,"comment_status":"open","ping_status":"closed","template":"","meta":[],"product_brand":[],"product_cat":[93],"product_tag":[87,92,107],"class_list":{"0":"post-1061","1":"product","2":"type-product","3":"status-publish","4":"has-post-thumbnail","6":"product_cat-fantasy","7":"product_tag-battle-system","8":"product_tag-fatansy-village","9":"product_tag-town-house","10":"product_shipping_class-standard","12":"first","13":"instock","14":"shipping-taxable","15":"purchasable","16":"product-type-simple"},"yoast_head":"<!-- This site is optimized with the Yoast SEO plugin v27.2 - https:\/\/yoast.com\/product\/yoast-seo-wordpress\/ -->\n<title>Wizard\u2019s Tower - VEA Editori<\/title>\n<meta name=\"description\" content=\"Wizard\u2019s Tower, Maghi e stregoni non sono limitati dalle leggi della fisica quando costruiscono le loro case. scenici in cartoncino durevole\" \/>\n<meta name=\"robots\" content=\"index, follow, max-snippet:-1, max-image-preview:large, max-video-preview:-1\" \/>\n<link rel=\"canonical\" href=\"https:\/\/veaeditori.it\/en\/product\/wizards-tower\/\" \/>\n<meta property=\"og:locale\" content=\"en_GB\" \/>\n<meta property=\"og:type\" content=\"article\" \/>\n<meta property=\"og:title\" content=\"Wizard\u2019s Tower - VEA Editori\" \/>\n<meta property=\"og:description\" content=\"Wizard\u2019s Tower, Maghi e stregoni non sono limitati dalle leggi della fisica quando costruiscono le loro case. scenici in cartoncino durevole\" \/>\n<meta property=\"og:url\" content=\"https:\/\/veaeditori.it\/en\/product\/wizards-tower\/\" \/>\n<meta property=\"og:site_name\" content=\"VEA Editori\" \/>\n<meta property=\"article:publisher\" content=\"https:\/\/www.facebook.com\/veaspaziominiature\" \/>\n<meta property=\"article:modified_time\" content=\"2025-11-26T08:24:46+00:00\" \/>\n<meta property=\"og:image\" content=\"https:\/\/veaeditori.it\/wp-content\/uploads\/2022\/12\/FW-isoboxes-Wizard-Tower-35mm.jpg\" \/>\n\t<meta property=\"og:image:width\" content=\"2419\" \/>\n\t<meta property=\"og:image:height\" content=\"1512\" \/>\n\t<meta property=\"og:image:type\" content=\"image\/jpeg\" \/>\n<meta name=\"twitter:card\" content=\"summary_large_image\" \/>\n<meta name=\"twitter:label1\" content=\"Estimated reading time\" \/>\n\t<meta name=\"twitter:data1\" content=\"2 minutes\" \/>\n<script type=\"application\/ld+json\" class=\"yoast-schema-graph\">{\"@context\":\"https:\/\/schema.org\",\"@graph\":[{\"@type\":\"WebPage\",\"@id\":\"https:\/\/veaeditori.it\/product\/wizards-tower\/\",\"url\":\"https:\/\/veaeditori.it\/product\/wizards-tower\/\",\"name\":\"Wizard\u2019s Tower - VEA Editori\",\"isPartOf\":{\"@id\":\"https:\/\/veaeditori.it\/#website\"},\"primaryImageOfPage\":{\"@id\":\"https:\/\/veaeditori.it\/product\/wizards-tower\/#primaryimage\"},\"image\":{\"@id\":\"https:\/\/veaeditori.it\/product\/wizards-tower\/#primaryimage\"},\"thumbnailUrl\":\"https:\/\/veaeditori.it\/wp-content\/uploads\/2022\/12\/FW-isoboxes-Wizard-Tower-35mm.jpg\",\"datePublished\":\"2022-12-05T11:35:43+00:00\",\"dateModified\":\"2025-11-26T08:24:46+00:00\",\"description\":\"Wizard\u2019s Tower, Maghi e stregoni non sono limitati dalle leggi della fisica quando costruiscono le loro case. scenici in cartoncino durevole\",\"breadcrumb\":{\"@id\":\"https:\/\/veaeditori.it\/product\/wizards-tower\/#breadcrumb\"},\"inLanguage\":\"en-GB\",\"potentialAction\":[{\"@type\":\"ReadAction\",\"target\":[\"https:\/\/veaeditori.it\/product\/wizards-tower\/\"]}]},{\"@type\":\"ImageObject\",\"inLanguage\":\"en-GB\",\"@id\":\"https:\/\/veaeditori.it\/product\/wizards-tower\/#primaryimage\",\"url\":\"https:\/\/veaeditori.it\/wp-content\/uploads\/2022\/12\/FW-isoboxes-Wizard-Tower-35mm.jpg\",\"contentUrl\":\"https:\/\/veaeditori.it\/wp-content\/uploads\/2022\/12\/FW-isoboxes-Wizard-Tower-35mm.jpg\",\"width\":2419,\"height\":1512,\"caption\":\"Wizard\u2019s Tower\"},{\"@type\":\"BreadcrumbList\",\"@id\":\"https:\/\/veaeditori.it\/product\/wizards-tower\/#breadcrumb\",\"itemListElement\":[{\"@type\":\"ListItem\",\"position\":1,\"name\":\"Home\",\"item\":\"https:\/\/veaeditori.it\/\"},{\"@type\":\"ListItem\",\"position\":2,\"name\":\"Shop\",\"item\":\"https:\/\/veaeditori.it\/shop\/\"},{\"@type\":\"ListItem\",\"position\":3,\"name\":\"Wizard\u2019s Tower\"}]},{\"@type\":\"WebSite\",\"@id\":\"https:\/\/veaeditori.it\/#website\",\"url\":\"https:\/\/veaeditori.it\/\",\"name\":\"VEA Editori\",\"description\":\"Italian Wargame Publisher\",\"potentialAction\":[{\"@type\":\"SearchAction\",\"target\":{\"@type\":\"EntryPoint\",\"urlTemplate\":\"https:\/\/veaeditori.it\/?s={search_term_string}\"},\"query-input\":{\"@type\":\"PropertyValueSpecification\",\"valueRequired\":true,\"valueName\":\"search_term_string\"}}],\"inLanguage\":\"en-GB\"}]}<\/script>\n<!-- \/ Yoast SEO plugin. -->","yoast_head_json":{"title":"Wizard\u2019s Tower - VEA Editori","description":"Wizard\u2019s Tower, Maghi e stregoni non sono limitati dalle leggi della fisica quando costruiscono le loro case. scenici in cartoncino durevole","robots":{"index":"index","follow":"follow","max-snippet":"max-snippet:-1","max-image-preview":"max-image-preview:large","max-video-preview":"max-video-preview:-1"},"canonical":"https:\/\/veaeditori.it\/en\/product\/wizards-tower\/","og_locale":"en_GB","og_type":"article","og_title":"Wizard\u2019s Tower - VEA Editori","og_description":"Wizard\u2019s Tower, Maghi e stregoni non sono limitati dalle leggi della fisica quando costruiscono le loro case. scenici in cartoncino durevole","og_url":"https:\/\/veaeditori.it\/en\/product\/wizards-tower\/","og_site_name":"VEA Editori","article_publisher":"https:\/\/www.facebook.com\/veaspaziominiature","article_modified_time":"2025-11-26T08:24:46+00:00","og_image":[{"width":2419,"height":1512,"url":"https:\/\/veaeditori.it\/wp-content\/uploads\/2022\/12\/FW-isoboxes-Wizard-Tower-35mm.jpg","type":"image\/jpeg"}],"twitter_card":"summary_large_image","twitter_misc":{"Estimated reading time":"2 minutes"},"schema":{"@context":"https:\/\/schema.org","@graph":[{"@type":"WebPage","@id":"https:\/\/veaeditori.it\/product\/wizards-tower\/","url":"https:\/\/veaeditori.it\/product\/wizards-tower\/","name":"Wizard\u2019s Tower - VEA Editori","isPartOf":{"@id":"https:\/\/veaeditori.it\/#website"},"primaryImageOfPage":{"@id":"https:\/\/veaeditori.it\/product\/wizards-tower\/#primaryimage"},"image":{"@id":"https:\/\/veaeditori.it\/product\/wizards-tower\/#primaryimage"},"thumbnailUrl":"https:\/\/veaeditori.it\/wp-content\/uploads\/2022\/12\/FW-isoboxes-Wizard-Tower-35mm.jpg","datePublished":"2022-12-05T11:35:43+00:00","dateModified":"2025-11-26T08:24:46+00:00","description":"Wizard\u2019s Tower, Maghi e stregoni non sono limitati dalle leggi della fisica quando costruiscono le loro case. scenici in cartoncino durevole","breadcrumb":{"@id":"https:\/\/veaeditori.it\/product\/wizards-tower\/#breadcrumb"},"inLanguage":"en-GB","potentialAction":[{"@type":"ReadAction","target":["https:\/\/veaeditori.it\/product\/wizards-tower\/"]}]},{"@type":"ImageObject","inLanguage":"en-GB","@id":"https:\/\/veaeditori.it\/product\/wizards-tower\/#primaryimage","url":"https:\/\/veaeditori.it\/wp-content\/uploads\/2022\/12\/FW-isoboxes-Wizard-Tower-35mm.jpg","contentUrl":"https:\/\/veaeditori.it\/wp-content\/uploads\/2022\/12\/FW-isoboxes-Wizard-Tower-35mm.jpg","width":2419,"height":1512,"caption":"Wizard\u2019s Tower"},{"@type":"BreadcrumbList","@id":"https:\/\/veaeditori.it\/product\/wizards-tower\/#breadcrumb","itemListElement":[{"@type":"ListItem","position":1,"name":"Home","item":"https:\/\/veaeditori.it\/"},{"@type":"ListItem","position":2,"name":"Shop","item":"https:\/\/veaeditori.it\/shop\/"},{"@type":"ListItem","position":3,"name":"Wizard\u2019s Tower"}]},{"@type":"WebSite","@id":"https:\/\/veaeditori.it\/#website","url":"https:\/\/veaeditori.it\/","name":"VEA Editori","description":"Italian Wargame Publisher","potentialAction":[{"@type":"SearchAction","target":{"@type":"EntryPoint","urlTemplate":"https:\/\/veaeditori.it\/?s={search_term_string}"},"query-input":{"@type":"PropertyValueSpecification","valueRequired":true,"valueName":"search_term_string"}}],"inLanguage":"en-GB"}]}},"_links":{"self":[{"href":"https:\/\/veaeditori.it\/en\/wp-json\/wp\/v2\/product\/1061","targetHints":{"allow":["GET"]}}],"collection":[{"href":"https:\/\/veaeditori.it\/en\/wp-json\/wp\/v2\/product"}],"about":[{"href":"https:\/\/veaeditori.it\/en\/wp-json\/wp\/v2\/types\/product"}],"replies":[{"embeddable":true,"href":"https:\/\/veaeditori.it\/en\/wp-json\/wp\/v2\/comments?post=1061"}],"wp:featuredmedia":[{"embeddable":true,"href":"https:\/\/veaeditori.it\/en\/wp-json\/wp\/v2\/media\/1062"}],"wp:attachment":[{"href":"https:\/\/veaeditori.it\/en\/wp-json\/wp\/v2\/media?parent=1061"}],"wp:term":[{"taxonomy":"product_brand","embeddable":true,"href":"https:\/\/veaeditori.it\/en\/wp-json\/wp\/v2\/product_brand?post=1061"},{"taxonomy":"product_cat","embeddable":true,"href":"https:\/\/veaeditori.it\/en\/wp-json\/wp\/v2\/product_cat?post=1061"},{"taxonomy":"product_tag","embeddable":true,"href":"https:\/\/veaeditori.it\/en\/wp-json\/wp\/v2\/product_tag?post=1061"}],"curies":[{"name":"wp","href":"https:\/\/api.w.org\/{rel}","templated":true}]}}