{"id":1162,"date":"2022-12-27T14:40:09","date_gmt":"2022-12-27T13:40:09","guid":{"rendered":"http:\/\/veaeditori.it\/?post_type=product&#038;p=1162"},"modified":"2025-11-13T17:30:08","modified_gmt":"2025-11-13T15:30:08","slug":"fantasy-citadel","status":"publish","type":"product","link":"https:\/\/veaeditori.it\/en\/product\/fantasy-citadel\/","title":{"rendered":"Fantasy Citadel"},"content":{"rendered":"<p>Fantasy Citadel<\/p>\n<p>Solide fortificazioni in pietra e torrette pesantemente difese sono l&#8217;ostacolo finale per un esercito invasore, e il pi\u00f9 difficile finora. Nel frattempo, la gente del posto fa i propri affari nella piazza del paese ignari del conflitto oltre le loro mura.<br \/>\nQuesta scatola contiene tutti gli scenici di cui hai bisogno per un tavolo da gioco completo costruito dentro o intorno a un possente castello, adatto a molti giochi fantasy e storici da 28-35 mm. Puoi usare le mura del castello per circondare una piccola tavola da schermaglia o costruire una fortificazione pi\u00f9 lunga su un tavolo pi\u00f9 grande. Molti dei pezzi sono modulari e possono essere assemblati in qualsiasi combinazione tu scelga per un allestimento ogni volta diverso. I tetti sono rimovibili e gli edifici hanno interni completamente dettagliati.<br \/>\nIl terreno viene fornito in confezione piatta su cartoncino di alta qualit\u00e0 e ad alta densit\u00e0, stampato a colori su entrambi i lati, quindi non \u00e8 necessario dipingere! Il terreno richiede il montaggio e alcune parti pi\u00f9 piccole richiedono la colla. Si prega di consultare www.battlesystems.co.uk per maggiori dettagli e istruzioni complete.<\/p>\n<p><strong><u>Contents<\/u><\/strong><\/p>\n<ul>\n<li>4 12&#8243; \/ 30cm City Wall Sections\n<ul>\n<li>24 Wall Panels<\/li>\n<li>12 Rampart Sections<\/li>\n<li>24 Rampart Clips<\/li>\n<li>12 Walkways<\/li>\n<li>24 Railings<\/li>\n<li>8 Buttresses<\/li>\n<li>4 End Caps<\/li>\n<li>4 Canopies<\/li>\n<li>32 Struts<\/li>\n<\/ul>\n<\/li>\n<li>4 Citadel Towers\n<ul>\n<li>24 Assorted Wall Sections<\/li>\n<li>16 Assorted Floor Tiles<\/li>\n<li>8 Parapet Sections<\/li>\n<li>32 Parapet Clips<\/li>\n<li>8 Doors\/Blanking Plates<\/li>\n<\/ul>\n<\/li>\n<li>1 City Gatehouse\n<ul>\n<li>1 Gate Panel<\/li>\n<li>2 Pillars<\/li>\n<li>1 Rampart Section<\/li>\n<li>1 Parapet Section<\/li>\n<li>2 Gargoyles<\/li>\n<li>1 Parapet Clip<\/li>\n<li>2 Banners<\/li>\n<\/ul>\n<\/li>\n<li>4 Staircases<\/li>\n<li>12 Ladders<\/li>\n<li>1 Large Market Stall<\/li>\n<li>2 Small Market Stalls<\/li>\n<li>1 Gallows Platform<\/li>\n<li>1 Stocks<\/li>\n<li>1 Executioner\u2019s Block<\/li>\n<li>3 Benches<\/li>\n<li>4 Barrels<\/li>\n<li>5 Crates<\/li>\n<li>79 Assorted Scatter Components and Accessories<\/li>\n<li>142 Grey Plastic Clips<\/li>\n<\/ul>\n<p><strong><u>Packaging Information<\/u><\/strong><\/p>\n<p><u>Front<\/u><\/p>\n<ul>\n<li>497 Pieces<\/li>\n<li>Modular 28-35mm terrain<\/li>\n<li>No painting required<\/li>\n<\/ul>\n<p><u>Back<\/u><\/p>\n<ul>\n<li>Product Code: BSTFWC003<\/li>\n<li>Barcode: 5060660090945<\/li>\n<li>Symbols: <span style=\"text-decoration: line-through;\">0-3<\/span>, 14+<\/li>\n<li>Small Print: This is not a toy. Figures, foliage and gaming mat not included. Contents may vary from those on the packaging. Not suitable for children under 36 months due to small parts. Retain packaging for future reference. Made in China. \u00a9 Battle Systems Ltd 2020.<\/li>\n<\/ul>","protected":false},"excerpt":{"rendered":"<p>Fantasy Citadel Scenici In cartoncino<\/p>","protected":false},"featured_media":1163,"comment_status":"open","ping_status":"closed","template":"","meta":[],"product_brand":[],"product_cat":[93],"product_tag":[133],"class_list":{"0":"post-1162","1":"product","2":"type-product","3":"status-publish","4":"has-post-thumbnail","6":"product_cat-fantasy","7":"product_tag-fantasy-citadel","8":"product_shipping_class-standard","10":"first","11":"instock","12":"shipping-taxable","13":"purchasable","14":"product-type-simple"},"yoast_head":"<!-- This site is optimized with the Yoast SEO plugin v27.2 - https:\/\/yoast.com\/product\/yoast-seo-wordpress\/ -->\n<title>Fantasy Citadel - VEA Editori<\/title>\n<meta name=\"description\" content=\"Fantasy Citadel Questa contiene tutti gli scenici di cui hai bisogno per un tavolo da gioco completo costruito dentro o intorno a un possente castello\" \/>\n<meta name=\"robots\" content=\"index, follow, max-snippet:-1, max-image-preview:large, max-video-preview:-1\" \/>\n<link rel=\"canonical\" href=\"https:\/\/veaeditori.it\/en\/product\/fantasy-citadel\/\" \/>\n<meta property=\"og:locale\" content=\"en_GB\" \/>\n<meta property=\"og:type\" content=\"article\" \/>\n<meta property=\"og:title\" content=\"Fantasy Citadel - VEA Editori\" \/>\n<meta property=\"og:description\" content=\"Fantasy Citadel Questa contiene tutti gli scenici di cui hai bisogno per un tavolo da gioco completo costruito dentro o intorno a un possente castello\" \/>\n<meta property=\"og:url\" content=\"https:\/\/veaeditori.it\/en\/product\/fantasy-citadel\/\" \/>\n<meta property=\"og:site_name\" content=\"VEA Editori\" \/>\n<meta property=\"article:publisher\" content=\"https:\/\/www.facebook.com\/veaspaziominiature\" \/>\n<meta property=\"article:modified_time\" content=\"2025-11-13T15:30:08+00:00\" \/>\n<meta property=\"og:image\" content=\"https:\/\/veaeditori.it\/wp-content\/uploads\/2022\/12\/FW-isoboxes-CITADEL.jpg\" \/>\n\t<meta property=\"og:image:width\" content=\"2419\" \/>\n\t<meta property=\"og:image:height\" content=\"1512\" \/>\n\t<meta property=\"og:image:type\" content=\"image\/jpeg\" \/>\n<meta name=\"twitter:card\" content=\"summary_large_image\" \/>\n<meta name=\"twitter:label1\" content=\"Estimated reading time\" \/>\n\t<meta name=\"twitter:data1\" content=\"2 minutes\" \/>\n<script type=\"application\/ld+json\" class=\"yoast-schema-graph\">{\"@context\":\"https:\/\/schema.org\",\"@graph\":[{\"@type\":\"WebPage\",\"@id\":\"https:\/\/veaeditori.it\/product\/fantasy-citadel\/\",\"url\":\"https:\/\/veaeditori.it\/product\/fantasy-citadel\/\",\"name\":\"Fantasy Citadel - VEA Editori\",\"isPartOf\":{\"@id\":\"https:\/\/veaeditori.it\/#website\"},\"primaryImageOfPage\":{\"@id\":\"https:\/\/veaeditori.it\/product\/fantasy-citadel\/#primaryimage\"},\"image\":{\"@id\":\"https:\/\/veaeditori.it\/product\/fantasy-citadel\/#primaryimage\"},\"thumbnailUrl\":\"https:\/\/veaeditori.it\/wp-content\/uploads\/2022\/12\/FW-isoboxes-CITADEL.jpg\",\"datePublished\":\"2022-12-27T13:40:09+00:00\",\"dateModified\":\"2025-11-13T15:30:08+00:00\",\"description\":\"Fantasy Citadel Questa contiene tutti gli scenici di cui hai bisogno per un tavolo da gioco completo costruito dentro o intorno a un possente castello\",\"breadcrumb\":{\"@id\":\"https:\/\/veaeditori.it\/product\/fantasy-citadel\/#breadcrumb\"},\"inLanguage\":\"en-GB\",\"potentialAction\":[{\"@type\":\"ReadAction\",\"target\":[\"https:\/\/veaeditori.it\/product\/fantasy-citadel\/\"]}]},{\"@type\":\"ImageObject\",\"inLanguage\":\"en-GB\",\"@id\":\"https:\/\/veaeditori.it\/product\/fantasy-citadel\/#primaryimage\",\"url\":\"https:\/\/veaeditori.it\/wp-content\/uploads\/2022\/12\/FW-isoboxes-CITADEL.jpg\",\"contentUrl\":\"https:\/\/veaeditori.it\/wp-content\/uploads\/2022\/12\/FW-isoboxes-CITADEL.jpg\",\"width\":2419,\"height\":1512,\"caption\":\"Fantasy Citadel\"},{\"@type\":\"BreadcrumbList\",\"@id\":\"https:\/\/veaeditori.it\/product\/fantasy-citadel\/#breadcrumb\",\"itemListElement\":[{\"@type\":\"ListItem\",\"position\":1,\"name\":\"Home\",\"item\":\"https:\/\/veaeditori.it\/\"},{\"@type\":\"ListItem\",\"position\":2,\"name\":\"Shop\",\"item\":\"https:\/\/veaeditori.it\/shop\/\"},{\"@type\":\"ListItem\",\"position\":3,\"name\":\"Fantasy Citadel\"}]},{\"@type\":\"WebSite\",\"@id\":\"https:\/\/veaeditori.it\/#website\",\"url\":\"https:\/\/veaeditori.it\/\",\"name\":\"VEA Editori\",\"description\":\"Italian Wargame Publisher\",\"potentialAction\":[{\"@type\":\"SearchAction\",\"target\":{\"@type\":\"EntryPoint\",\"urlTemplate\":\"https:\/\/veaeditori.it\/?s={search_term_string}\"},\"query-input\":{\"@type\":\"PropertyValueSpecification\",\"valueRequired\":true,\"valueName\":\"search_term_string\"}}],\"inLanguage\":\"en-GB\"}]}<\/script>\n<!-- \/ Yoast SEO plugin. -->","yoast_head_json":{"title":"Fantasy Citadel - VEA Editori","description":"Fantasy Citadel Questa contiene tutti gli scenici di cui hai bisogno per un tavolo da gioco completo costruito dentro o intorno a un possente castello","robots":{"index":"index","follow":"follow","max-snippet":"max-snippet:-1","max-image-preview":"max-image-preview:large","max-video-preview":"max-video-preview:-1"},"canonical":"https:\/\/veaeditori.it\/en\/product\/fantasy-citadel\/","og_locale":"en_GB","og_type":"article","og_title":"Fantasy Citadel - VEA Editori","og_description":"Fantasy Citadel Questa contiene tutti gli scenici di cui hai bisogno per un tavolo da gioco completo costruito dentro o intorno a un possente castello","og_url":"https:\/\/veaeditori.it\/en\/product\/fantasy-citadel\/","og_site_name":"VEA Editori","article_publisher":"https:\/\/www.facebook.com\/veaspaziominiature","article_modified_time":"2025-11-13T15:30:08+00:00","og_image":[{"width":2419,"height":1512,"url":"https:\/\/veaeditori.it\/wp-content\/uploads\/2022\/12\/FW-isoboxes-CITADEL.jpg","type":"image\/jpeg"}],"twitter_card":"summary_large_image","twitter_misc":{"Estimated reading time":"2 minutes"},"schema":{"@context":"https:\/\/schema.org","@graph":[{"@type":"WebPage","@id":"https:\/\/veaeditori.it\/product\/fantasy-citadel\/","url":"https:\/\/veaeditori.it\/product\/fantasy-citadel\/","name":"Fantasy Citadel - VEA Editori","isPartOf":{"@id":"https:\/\/veaeditori.it\/#website"},"primaryImageOfPage":{"@id":"https:\/\/veaeditori.it\/product\/fantasy-citadel\/#primaryimage"},"image":{"@id":"https:\/\/veaeditori.it\/product\/fantasy-citadel\/#primaryimage"},"thumbnailUrl":"https:\/\/veaeditori.it\/wp-content\/uploads\/2022\/12\/FW-isoboxes-CITADEL.jpg","datePublished":"2022-12-27T13:40:09+00:00","dateModified":"2025-11-13T15:30:08+00:00","description":"Fantasy Citadel Questa contiene tutti gli scenici di cui hai bisogno per un tavolo da gioco completo costruito dentro o intorno a un possente castello","breadcrumb":{"@id":"https:\/\/veaeditori.it\/product\/fantasy-citadel\/#breadcrumb"},"inLanguage":"en-GB","potentialAction":[{"@type":"ReadAction","target":["https:\/\/veaeditori.it\/product\/fantasy-citadel\/"]}]},{"@type":"ImageObject","inLanguage":"en-GB","@id":"https:\/\/veaeditori.it\/product\/fantasy-citadel\/#primaryimage","url":"https:\/\/veaeditori.it\/wp-content\/uploads\/2022\/12\/FW-isoboxes-CITADEL.jpg","contentUrl":"https:\/\/veaeditori.it\/wp-content\/uploads\/2022\/12\/FW-isoboxes-CITADEL.jpg","width":2419,"height":1512,"caption":"Fantasy Citadel"},{"@type":"BreadcrumbList","@id":"https:\/\/veaeditori.it\/product\/fantasy-citadel\/#breadcrumb","itemListElement":[{"@type":"ListItem","position":1,"name":"Home","item":"https:\/\/veaeditori.it\/"},{"@type":"ListItem","position":2,"name":"Shop","item":"https:\/\/veaeditori.it\/shop\/"},{"@type":"ListItem","position":3,"name":"Fantasy Citadel"}]},{"@type":"WebSite","@id":"https:\/\/veaeditori.it\/#website","url":"https:\/\/veaeditori.it\/","name":"VEA Editori","description":"Italian Wargame Publisher","potentialAction":[{"@type":"SearchAction","target":{"@type":"EntryPoint","urlTemplate":"https:\/\/veaeditori.it\/?s={search_term_string}"},"query-input":{"@type":"PropertyValueSpecification","valueRequired":true,"valueName":"search_term_string"}}],"inLanguage":"en-GB"}]}},"_links":{"self":[{"href":"https:\/\/veaeditori.it\/en\/wp-json\/wp\/v2\/product\/1162","targetHints":{"allow":["GET"]}}],"collection":[{"href":"https:\/\/veaeditori.it\/en\/wp-json\/wp\/v2\/product"}],"about":[{"href":"https:\/\/veaeditori.it\/en\/wp-json\/wp\/v2\/types\/product"}],"replies":[{"embeddable":true,"href":"https:\/\/veaeditori.it\/en\/wp-json\/wp\/v2\/comments?post=1162"}],"wp:featuredmedia":[{"embeddable":true,"href":"https:\/\/veaeditori.it\/en\/wp-json\/wp\/v2\/media\/1163"}],"wp:attachment":[{"href":"https:\/\/veaeditori.it\/en\/wp-json\/wp\/v2\/media?parent=1162"}],"wp:term":[{"taxonomy":"product_brand","embeddable":true,"href":"https:\/\/veaeditori.it\/en\/wp-json\/wp\/v2\/product_brand?post=1162"},{"taxonomy":"product_cat","embeddable":true,"href":"https:\/\/veaeditori.it\/en\/wp-json\/wp\/v2\/product_cat?post=1162"},{"taxonomy":"product_tag","embeddable":true,"href":"https:\/\/veaeditori.it\/en\/wp-json\/wp\/v2\/product_tag?post=1162"}],"curies":[{"name":"wp","href":"https:\/\/api.w.org\/{rel}","templated":true}]}}