{"id":1170,"date":"2022-12-27T14:44:15","date_gmt":"2022-12-27T13:44:15","guid":{"rendered":"http:\/\/veaeditori.it\/?post_type=product&#038;p=1170"},"modified":"2025-08-18T08:00:42","modified_gmt":"2025-08-18T06:00:42","slug":"chapel","status":"publish","type":"product","link":"https:\/\/veaeditori.it\/en\/product\/chapel\/","title":{"rendered":"Chapel"},"content":{"rendered":"<p>Chapel<\/p>\n<p>Spesso l&#8217;edificio pi\u00f9 alto e maestoso di un villaggio, la cappella \u00e8 un luogo di culto e santuario per la gente del posto. L&#8217;ampia sala ospita molte riunioni cittadine e il campanile pu\u00f2 essere utilizzato come postazione di tiro nei momenti difficili.<br \/>\nQuesta scatola contiene tutto il necessario per costruire un&#8217;imponente cappella con campanile e grande sala, adatta a molti giochi fantasy e storici 28-35mm. L&#8217;interno \u00e8 completamente dettagliato e il tetto e il piano superiore sono rimovibili. Il set viene fornito completo di mobili e terreno sparso per accessoriare il tuo tavolo da gioco. Molti dei pezzi sono modulari e possono essere assemblati in diverse combinazioni o mescolati e abbinati al resto della gamma.<br \/>\nIl terreno viene fornito in confezione piatta su cartoncino di alta qualit\u00e0 e ad alta densit\u00e0, stampato a colori su entrambi i lati, quindi non \u00e8 necessario dipingere! Il terreno richiede il montaggio e alcune parti pi\u00f9 piccole richiedono la colla. Si prega di consultare www.battlesystems.co.uk per maggiori dettagli e istruzioni complete.<\/p>\n<p><strong><u>Contents<\/u><\/strong><\/p>\n<ul>\n<li>1 Chapel\n<ul>\n<li>18 Wall Panels<\/li>\n<li>5 Floor Tiles<\/li>\n<li>5 Roof Panels<\/li>\n<li>2 Roof Clips<\/li>\n<li>2 Gable Panels<\/li>\n<li>8 Gutter Sections<\/li>\n<li>6 Bell Tower Sections<\/li>\n<li>6 Buttresses<\/li>\n<\/ul>\n<\/li>\n<li>1 Reversible Altar<\/li>\n<li>4 Pews<\/li>\n<li>1 Access Ladder<\/li>\n<li>1 Table<\/li>\n<li>2 Chairs<\/li>\n<li>1 Barrel<\/li>\n<li>17 Assorted Scatter Components and Accessories<\/li>\n<li>44 Grey Plastic Clips<\/li>\n<\/ul>\n<p><strong><u>\u00a0<\/u><\/strong><\/p>\n<p><strong><u>Packaging Information<\/u><\/strong><\/p>\n<p><u>Front<\/u><\/p>\n<ul>\n<li>123 Pieces<\/li>\n<li>Modular 28-35mm terrain<\/li>\n<li>No painting required<\/li>\n<\/ul>\n<p><u>Back<\/u><\/p>\n<ul>\n<li>Product Code: BSTFWE016<\/li>\n<li>Barcode: 5060660091300<\/li>\n<li>Symbols: <span style=\"text-decoration: line-through\">0-3<\/span>, 14+<\/li>\n<li>Small Print: This is not a toy. Figures, foliage and gaming mat not included. Contents may vary from those on the packaging. Not suitable for children under 36 months due to small parts. Retain packaging for future reference. Made in China. \u00a9 Battle Systems Ltd 2020.<\/li>\n<\/ul>","protected":false},"excerpt":{"rendered":"<p>Chapel Scenici Fantasy in Cartoncino<\/p>","protected":false},"featured_media":1171,"comment_status":"open","ping_status":"closed","template":"","meta":[],"product_brand":[],"product_cat":[93],"product_tag":[134],"class_list":{"0":"post-1170","1":"product","2":"type-product","3":"status-publish","4":"has-post-thumbnail","6":"product_cat-fantasy","7":"product_tag-chapel","8":"product_shipping_class-standard","10":"first","11":"instock","12":"shipping-taxable","13":"purchasable","14":"product-type-simple"},"yoast_head":"<!-- This site is optimized with the Yoast SEO plugin v27.2 - https:\/\/yoast.com\/product\/yoast-seo-wordpress\/ -->\n<title>Chapel - VEA Editori<\/title>\n<meta name=\"description\" content=\"Chapel contiene tutto il necessario per costruire un&#039;imponente cappella con campanile e grande sala, adatta a molti giochi fantasy e storici 28-35mm.\" \/>\n<meta name=\"robots\" content=\"index, follow, max-snippet:-1, max-image-preview:large, max-video-preview:-1\" \/>\n<link rel=\"canonical\" href=\"https:\/\/veaeditori.it\/en\/product\/chapel\/\" \/>\n<meta property=\"og:locale\" content=\"en_GB\" \/>\n<meta property=\"og:type\" content=\"article\" \/>\n<meta property=\"og:title\" content=\"Chapel - VEA Editori\" \/>\n<meta property=\"og:description\" content=\"Chapel contiene tutto il necessario per costruire un&#039;imponente cappella con campanile e grande sala, adatta a molti giochi fantasy e storici 28-35mm.\" \/>\n<meta property=\"og:url\" content=\"https:\/\/veaeditori.it\/en\/product\/chapel\/\" \/>\n<meta property=\"og:site_name\" content=\"VEA Editori\" \/>\n<meta property=\"article:publisher\" content=\"https:\/\/www.facebook.com\/veaspaziominiature\" \/>\n<meta property=\"article:modified_time\" content=\"2025-08-18T06:00:42+00:00\" \/>\n<meta property=\"og:image\" content=\"https:\/\/veaeditori.it\/wp-content\/uploads\/2022\/12\/FW-isoboxes-Chapel-35mm.jpg\" \/>\n\t<meta property=\"og:image:width\" content=\"2419\" \/>\n\t<meta property=\"og:image:height\" content=\"1512\" \/>\n\t<meta property=\"og:image:type\" content=\"image\/jpeg\" \/>\n<meta name=\"twitter:card\" content=\"summary_large_image\" \/>\n<meta name=\"twitter:label1\" content=\"Estimated reading time\" \/>\n\t<meta name=\"twitter:data1\" content=\"2 minutes\" \/>\n<script type=\"application\/ld+json\" class=\"yoast-schema-graph\">{\"@context\":\"https:\/\/schema.org\",\"@graph\":[{\"@type\":\"WebPage\",\"@id\":\"https:\/\/veaeditori.it\/product\/chapel\/\",\"url\":\"https:\/\/veaeditori.it\/product\/chapel\/\",\"name\":\"Chapel - VEA Editori\",\"isPartOf\":{\"@id\":\"https:\/\/veaeditori.it\/#website\"},\"primaryImageOfPage\":{\"@id\":\"https:\/\/veaeditori.it\/product\/chapel\/#primaryimage\"},\"image\":{\"@id\":\"https:\/\/veaeditori.it\/product\/chapel\/#primaryimage\"},\"thumbnailUrl\":\"https:\/\/veaeditori.it\/wp-content\/uploads\/2022\/12\/FW-isoboxes-Chapel-35mm.jpg\",\"datePublished\":\"2022-12-27T13:44:15+00:00\",\"dateModified\":\"2025-08-18T06:00:42+00:00\",\"description\":\"Chapel contiene tutto il necessario per costruire un'imponente cappella con campanile e grande sala, adatta a molti giochi fantasy e storici 28-35mm.\",\"breadcrumb\":{\"@id\":\"https:\/\/veaeditori.it\/product\/chapel\/#breadcrumb\"},\"inLanguage\":\"en-GB\",\"potentialAction\":[{\"@type\":\"ReadAction\",\"target\":[\"https:\/\/veaeditori.it\/product\/chapel\/\"]}]},{\"@type\":\"ImageObject\",\"inLanguage\":\"en-GB\",\"@id\":\"https:\/\/veaeditori.it\/product\/chapel\/#primaryimage\",\"url\":\"https:\/\/veaeditori.it\/wp-content\/uploads\/2022\/12\/FW-isoboxes-Chapel-35mm.jpg\",\"contentUrl\":\"https:\/\/veaeditori.it\/wp-content\/uploads\/2022\/12\/FW-isoboxes-Chapel-35mm.jpg\",\"width\":2419,\"height\":1512,\"caption\":\"Chapel\"},{\"@type\":\"BreadcrumbList\",\"@id\":\"https:\/\/veaeditori.it\/product\/chapel\/#breadcrumb\",\"itemListElement\":[{\"@type\":\"ListItem\",\"position\":1,\"name\":\"Home\",\"item\":\"https:\/\/veaeditori.it\/\"},{\"@type\":\"ListItem\",\"position\":2,\"name\":\"Shop\",\"item\":\"https:\/\/veaeditori.it\/shop\/\"},{\"@type\":\"ListItem\",\"position\":3,\"name\":\"Chapel\"}]},{\"@type\":\"WebSite\",\"@id\":\"https:\/\/veaeditori.it\/#website\",\"url\":\"https:\/\/veaeditori.it\/\",\"name\":\"VEA Editori\",\"description\":\"Italian Wargame Publisher\",\"potentialAction\":[{\"@type\":\"SearchAction\",\"target\":{\"@type\":\"EntryPoint\",\"urlTemplate\":\"https:\/\/veaeditori.it\/?s={search_term_string}\"},\"query-input\":{\"@type\":\"PropertyValueSpecification\",\"valueRequired\":true,\"valueName\":\"search_term_string\"}}],\"inLanguage\":\"en-GB\"}]}<\/script>\n<!-- \/ Yoast SEO plugin. -->","yoast_head_json":{"title":"Chapel - VEA Editori","description":"Chapel contiene tutto il necessario per costruire un'imponente cappella con campanile e grande sala, adatta a molti giochi fantasy e storici 28-35mm.","robots":{"index":"index","follow":"follow","max-snippet":"max-snippet:-1","max-image-preview":"max-image-preview:large","max-video-preview":"max-video-preview:-1"},"canonical":"https:\/\/veaeditori.it\/en\/product\/chapel\/","og_locale":"en_GB","og_type":"article","og_title":"Chapel - VEA Editori","og_description":"Chapel contiene tutto il necessario per costruire un'imponente cappella con campanile e grande sala, adatta a molti giochi fantasy e storici 28-35mm.","og_url":"https:\/\/veaeditori.it\/en\/product\/chapel\/","og_site_name":"VEA Editori","article_publisher":"https:\/\/www.facebook.com\/veaspaziominiature","article_modified_time":"2025-08-18T06:00:42+00:00","og_image":[{"width":2419,"height":1512,"url":"https:\/\/veaeditori.it\/wp-content\/uploads\/2022\/12\/FW-isoboxes-Chapel-35mm.jpg","type":"image\/jpeg"}],"twitter_card":"summary_large_image","twitter_misc":{"Estimated reading time":"2 minutes"},"schema":{"@context":"https:\/\/schema.org","@graph":[{"@type":"WebPage","@id":"https:\/\/veaeditori.it\/product\/chapel\/","url":"https:\/\/veaeditori.it\/product\/chapel\/","name":"Chapel - VEA Editori","isPartOf":{"@id":"https:\/\/veaeditori.it\/#website"},"primaryImageOfPage":{"@id":"https:\/\/veaeditori.it\/product\/chapel\/#primaryimage"},"image":{"@id":"https:\/\/veaeditori.it\/product\/chapel\/#primaryimage"},"thumbnailUrl":"https:\/\/veaeditori.it\/wp-content\/uploads\/2022\/12\/FW-isoboxes-Chapel-35mm.jpg","datePublished":"2022-12-27T13:44:15+00:00","dateModified":"2025-08-18T06:00:42+00:00","description":"Chapel contiene tutto il necessario per costruire un'imponente cappella con campanile e grande sala, adatta a molti giochi fantasy e storici 28-35mm.","breadcrumb":{"@id":"https:\/\/veaeditori.it\/product\/chapel\/#breadcrumb"},"inLanguage":"en-GB","potentialAction":[{"@type":"ReadAction","target":["https:\/\/veaeditori.it\/product\/chapel\/"]}]},{"@type":"ImageObject","inLanguage":"en-GB","@id":"https:\/\/veaeditori.it\/product\/chapel\/#primaryimage","url":"https:\/\/veaeditori.it\/wp-content\/uploads\/2022\/12\/FW-isoboxes-Chapel-35mm.jpg","contentUrl":"https:\/\/veaeditori.it\/wp-content\/uploads\/2022\/12\/FW-isoboxes-Chapel-35mm.jpg","width":2419,"height":1512,"caption":"Chapel"},{"@type":"BreadcrumbList","@id":"https:\/\/veaeditori.it\/product\/chapel\/#breadcrumb","itemListElement":[{"@type":"ListItem","position":1,"name":"Home","item":"https:\/\/veaeditori.it\/"},{"@type":"ListItem","position":2,"name":"Shop","item":"https:\/\/veaeditori.it\/shop\/"},{"@type":"ListItem","position":3,"name":"Chapel"}]},{"@type":"WebSite","@id":"https:\/\/veaeditori.it\/#website","url":"https:\/\/veaeditori.it\/","name":"VEA Editori","description":"Italian Wargame Publisher","potentialAction":[{"@type":"SearchAction","target":{"@type":"EntryPoint","urlTemplate":"https:\/\/veaeditori.it\/?s={search_term_string}"},"query-input":{"@type":"PropertyValueSpecification","valueRequired":true,"valueName":"search_term_string"}}],"inLanguage":"en-GB"}]}},"_links":{"self":[{"href":"https:\/\/veaeditori.it\/en\/wp-json\/wp\/v2\/product\/1170","targetHints":{"allow":["GET"]}}],"collection":[{"href":"https:\/\/veaeditori.it\/en\/wp-json\/wp\/v2\/product"}],"about":[{"href":"https:\/\/veaeditori.it\/en\/wp-json\/wp\/v2\/types\/product"}],"replies":[{"embeddable":true,"href":"https:\/\/veaeditori.it\/en\/wp-json\/wp\/v2\/comments?post=1170"}],"wp:featuredmedia":[{"embeddable":true,"href":"https:\/\/veaeditori.it\/en\/wp-json\/wp\/v2\/media\/1171"}],"wp:attachment":[{"href":"https:\/\/veaeditori.it\/en\/wp-json\/wp\/v2\/media?parent=1170"}],"wp:term":[{"taxonomy":"product_brand","embeddable":true,"href":"https:\/\/veaeditori.it\/en\/wp-json\/wp\/v2\/product_brand?post=1170"},{"taxonomy":"product_cat","embeddable":true,"href":"https:\/\/veaeditori.it\/en\/wp-json\/wp\/v2\/product_cat?post=1170"},{"taxonomy":"product_tag","embeddable":true,"href":"https:\/\/veaeditori.it\/en\/wp-json\/wp\/v2\/product_tag?post=1170"}],"curies":[{"name":"wp","href":"https:\/\/api.w.org\/{rel}","templated":true}]}}