{"id":1174,"date":"2022-12-27T14:47:51","date_gmt":"2022-12-27T13:47:51","guid":{"rendered":"http:\/\/veaeditori.it\/?post_type=product&#038;p=1174"},"modified":"2025-11-26T10:27:42","modified_gmt":"2025-11-26T08:27:42","slug":"bridge","status":"publish","type":"product","link":"https:\/\/veaeditori.it\/en\/product\/bridge\/","title":{"rendered":"Bridge"},"content":{"rendered":"<p>Bridge<\/p>\n<p>Questo pacchetto aggiorna il tuo tavolo di gioco con un affascinante ponte di pietra. Pu\u00f2 essere utilizzato come pezzo autonomo ed \u00e8 anche completamente compatibile con le strade e i fiumi di Battle Systems. Il pacchetto include un utile terreno sparso per aggiungere immersione alla tua tavola. I pezzi sono compatibili con il resto della gamma Battle Systems Fantasy.<br \/>\nIl terreno viene fornito in confezione piatta su cartoncino di alta qualit\u00e0 e ad alta densit\u00e0, stampato a colori su entrambi i lati, quindi non \u00e8 necessario dipingere! Il terreno richiede il montaggio e alcune parti pi\u00f9 piccole richiedono la colla. Si prega di consultare www.battlesystems.co.uk per maggiori dettagli e istruzioni complete.<\/p>\n<p><strong><u>Contents<\/u><\/strong><\/p>\n<ul>\n<li>1 Bridge\n<ul>\n<li>2 Side Panels<\/li>\n<li>1 Walkway<\/li>\n<li>3 Struts<\/li>\n<li>4 Incline Supports<\/li>\n<\/ul>\n<\/li>\n<li>2 Walkway Ends<\/li>\n<li>1 Broken Boat<\/li>\n<li>2 Oars<strong><u><br \/>\nPackaging Information<\/u><\/strong><\/li>\n<li>15 Pieces<\/li>\n<li>Modular 28-35mm terrain<\/li>\n<li>No painting required<\/li>\n<li>Product Code: BSTFWA007<\/li>\n<li>Barcode: 5060660091409<\/li>\n<li>Symbols: <span style=\"text-decoration: line-through;\">0-3<\/span>, 14+<\/li>\n<li>Small Print: This is not a toy. Figures, foliage and gaming mat not included. Contents may vary from those on the packaging. Not suitable for children under 36 months due to small parts. Retain packaging for future reference. Made in China. \u00a9 Battle Systems Ltd 2020<\/li>\n<\/ul>\n<p>&nbsp;<\/p>\n<p>Bridge<\/p>","protected":false},"excerpt":{"rendered":"<p>Bridge Ponte fantasy in Cartoncino<\/p>","protected":false},"featured_media":1175,"comment_status":"open","ping_status":"closed","template":"","meta":[],"product_brand":[],"product_cat":[93],"product_tag":[135],"class_list":{"0":"post-1174","1":"product","2":"type-product","3":"status-publish","4":"has-post-thumbnail","6":"product_cat-fantasy","7":"product_tag-bridge","8":"product_shipping_class-standard","10":"first","11":"instock","12":"shipping-taxable","13":"purchasable","14":"product-type-simple"},"yoast_head":"<!-- This site is optimized with the Yoast SEO plugin v27.2 - https:\/\/yoast.com\/product\/yoast-seo-wordpress\/ -->\n<title>Bridge - VEA Editori<\/title>\n<meta name=\"description\" content=\"Bridge contiene un affascinante ponte di pietra. Pu\u00f2 essere utilizzato come pezzo autonomo ed \u00e8 anche completamente compatibile con le strade e i fiumi\" \/>\n<meta name=\"robots\" content=\"index, follow, max-snippet:-1, max-image-preview:large, max-video-preview:-1\" \/>\n<link rel=\"canonical\" href=\"https:\/\/veaeditori.it\/en\/product\/bridge\/\" \/>\n<meta property=\"og:locale\" content=\"en_GB\" \/>\n<meta property=\"og:type\" content=\"article\" \/>\n<meta property=\"og:title\" content=\"Bridge - VEA Editori\" \/>\n<meta property=\"og:description\" content=\"Bridge contiene un affascinante ponte di pietra. Pu\u00f2 essere utilizzato come pezzo autonomo ed \u00e8 anche completamente compatibile con le strade e i fiumi\" \/>\n<meta property=\"og:url\" content=\"https:\/\/veaeditori.it\/en\/product\/bridge\/\" \/>\n<meta property=\"og:site_name\" content=\"VEA Editori\" \/>\n<meta property=\"article:publisher\" content=\"https:\/\/www.facebook.com\/veaspaziominiature\" \/>\n<meta property=\"article:modified_time\" content=\"2025-11-26T08:27:42+00:00\" \/>\n<meta property=\"og:image\" content=\"https:\/\/veaeditori.it\/wp-content\/uploads\/2022\/12\/Bridge.jpg\" \/>\n\t<meta property=\"og:image:width\" content=\"2154\" \/>\n\t<meta property=\"og:image:height\" content=\"1433\" \/>\n\t<meta property=\"og:image:type\" content=\"image\/jpeg\" \/>\n<meta name=\"twitter:card\" content=\"summary_large_image\" \/>\n<meta name=\"twitter:label1\" content=\"Estimated reading time\" \/>\n\t<meta name=\"twitter:data1\" content=\"2 minutes\" \/>\n<script type=\"application\/ld+json\" class=\"yoast-schema-graph\">{\"@context\":\"https:\/\/schema.org\",\"@graph\":[{\"@type\":\"WebPage\",\"@id\":\"https:\/\/veaeditori.it\/product\/bridge\/\",\"url\":\"https:\/\/veaeditori.it\/product\/bridge\/\",\"name\":\"Bridge - VEA Editori\",\"isPartOf\":{\"@id\":\"https:\/\/veaeditori.it\/#website\"},\"primaryImageOfPage\":{\"@id\":\"https:\/\/veaeditori.it\/product\/bridge\/#primaryimage\"},\"image\":{\"@id\":\"https:\/\/veaeditori.it\/product\/bridge\/#primaryimage\"},\"thumbnailUrl\":\"https:\/\/veaeditori.it\/wp-content\/uploads\/2022\/12\/Bridge.jpg\",\"datePublished\":\"2022-12-27T13:47:51+00:00\",\"dateModified\":\"2025-11-26T08:27:42+00:00\",\"description\":\"Bridge contiene un affascinante ponte di pietra. Pu\u00f2 essere utilizzato come pezzo autonomo ed \u00e8 anche completamente compatibile con le strade e i fiumi\",\"breadcrumb\":{\"@id\":\"https:\/\/veaeditori.it\/product\/bridge\/#breadcrumb\"},\"inLanguage\":\"en-GB\",\"potentialAction\":[{\"@type\":\"ReadAction\",\"target\":[\"https:\/\/veaeditori.it\/product\/bridge\/\"]}]},{\"@type\":\"ImageObject\",\"inLanguage\":\"en-GB\",\"@id\":\"https:\/\/veaeditori.it\/product\/bridge\/#primaryimage\",\"url\":\"https:\/\/veaeditori.it\/wp-content\/uploads\/2022\/12\/Bridge.jpg\",\"contentUrl\":\"https:\/\/veaeditori.it\/wp-content\/uploads\/2022\/12\/Bridge.jpg\",\"width\":2154,\"height\":1433,\"caption\":\"Bridge\"},{\"@type\":\"BreadcrumbList\",\"@id\":\"https:\/\/veaeditori.it\/product\/bridge\/#breadcrumb\",\"itemListElement\":[{\"@type\":\"ListItem\",\"position\":1,\"name\":\"Home\",\"item\":\"https:\/\/veaeditori.it\/\"},{\"@type\":\"ListItem\",\"position\":2,\"name\":\"Shop\",\"item\":\"https:\/\/veaeditori.it\/shop\/\"},{\"@type\":\"ListItem\",\"position\":3,\"name\":\"Bridge\"}]},{\"@type\":\"WebSite\",\"@id\":\"https:\/\/veaeditori.it\/#website\",\"url\":\"https:\/\/veaeditori.it\/\",\"name\":\"VEA Editori\",\"description\":\"Italian Wargame Publisher\",\"potentialAction\":[{\"@type\":\"SearchAction\",\"target\":{\"@type\":\"EntryPoint\",\"urlTemplate\":\"https:\/\/veaeditori.it\/?s={search_term_string}\"},\"query-input\":{\"@type\":\"PropertyValueSpecification\",\"valueRequired\":true,\"valueName\":\"search_term_string\"}}],\"inLanguage\":\"en-GB\"}]}<\/script>\n<!-- \/ Yoast SEO plugin. -->","yoast_head_json":{"title":"Bridge - VEA Editori","description":"Bridge contiene un affascinante ponte di pietra. Pu\u00f2 essere utilizzato come pezzo autonomo ed \u00e8 anche completamente compatibile con le strade e i fiumi","robots":{"index":"index","follow":"follow","max-snippet":"max-snippet:-1","max-image-preview":"max-image-preview:large","max-video-preview":"max-video-preview:-1"},"canonical":"https:\/\/veaeditori.it\/en\/product\/bridge\/","og_locale":"en_GB","og_type":"article","og_title":"Bridge - VEA Editori","og_description":"Bridge contiene un affascinante ponte di pietra. Pu\u00f2 essere utilizzato come pezzo autonomo ed \u00e8 anche completamente compatibile con le strade e i fiumi","og_url":"https:\/\/veaeditori.it\/en\/product\/bridge\/","og_site_name":"VEA Editori","article_publisher":"https:\/\/www.facebook.com\/veaspaziominiature","article_modified_time":"2025-11-26T08:27:42+00:00","og_image":[{"width":2154,"height":1433,"url":"https:\/\/veaeditori.it\/wp-content\/uploads\/2022\/12\/Bridge.jpg","type":"image\/jpeg"}],"twitter_card":"summary_large_image","twitter_misc":{"Estimated reading time":"2 minutes"},"schema":{"@context":"https:\/\/schema.org","@graph":[{"@type":"WebPage","@id":"https:\/\/veaeditori.it\/product\/bridge\/","url":"https:\/\/veaeditori.it\/product\/bridge\/","name":"Bridge - VEA Editori","isPartOf":{"@id":"https:\/\/veaeditori.it\/#website"},"primaryImageOfPage":{"@id":"https:\/\/veaeditori.it\/product\/bridge\/#primaryimage"},"image":{"@id":"https:\/\/veaeditori.it\/product\/bridge\/#primaryimage"},"thumbnailUrl":"https:\/\/veaeditori.it\/wp-content\/uploads\/2022\/12\/Bridge.jpg","datePublished":"2022-12-27T13:47:51+00:00","dateModified":"2025-11-26T08:27:42+00:00","description":"Bridge contiene un affascinante ponte di pietra. Pu\u00f2 essere utilizzato come pezzo autonomo ed \u00e8 anche completamente compatibile con le strade e i fiumi","breadcrumb":{"@id":"https:\/\/veaeditori.it\/product\/bridge\/#breadcrumb"},"inLanguage":"en-GB","potentialAction":[{"@type":"ReadAction","target":["https:\/\/veaeditori.it\/product\/bridge\/"]}]},{"@type":"ImageObject","inLanguage":"en-GB","@id":"https:\/\/veaeditori.it\/product\/bridge\/#primaryimage","url":"https:\/\/veaeditori.it\/wp-content\/uploads\/2022\/12\/Bridge.jpg","contentUrl":"https:\/\/veaeditori.it\/wp-content\/uploads\/2022\/12\/Bridge.jpg","width":2154,"height":1433,"caption":"Bridge"},{"@type":"BreadcrumbList","@id":"https:\/\/veaeditori.it\/product\/bridge\/#breadcrumb","itemListElement":[{"@type":"ListItem","position":1,"name":"Home","item":"https:\/\/veaeditori.it\/"},{"@type":"ListItem","position":2,"name":"Shop","item":"https:\/\/veaeditori.it\/shop\/"},{"@type":"ListItem","position":3,"name":"Bridge"}]},{"@type":"WebSite","@id":"https:\/\/veaeditori.it\/#website","url":"https:\/\/veaeditori.it\/","name":"VEA Editori","description":"Italian Wargame Publisher","potentialAction":[{"@type":"SearchAction","target":{"@type":"EntryPoint","urlTemplate":"https:\/\/veaeditori.it\/?s={search_term_string}"},"query-input":{"@type":"PropertyValueSpecification","valueRequired":true,"valueName":"search_term_string"}}],"inLanguage":"en-GB"}]}},"_links":{"self":[{"href":"https:\/\/veaeditori.it\/en\/wp-json\/wp\/v2\/product\/1174","targetHints":{"allow":["GET"]}}],"collection":[{"href":"https:\/\/veaeditori.it\/en\/wp-json\/wp\/v2\/product"}],"about":[{"href":"https:\/\/veaeditori.it\/en\/wp-json\/wp\/v2\/types\/product"}],"replies":[{"embeddable":true,"href":"https:\/\/veaeditori.it\/en\/wp-json\/wp\/v2\/comments?post=1174"}],"wp:featuredmedia":[{"embeddable":true,"href":"https:\/\/veaeditori.it\/en\/wp-json\/wp\/v2\/media\/1175"}],"wp:attachment":[{"href":"https:\/\/veaeditori.it\/en\/wp-json\/wp\/v2\/media?parent=1174"}],"wp:term":[{"taxonomy":"product_brand","embeddable":true,"href":"https:\/\/veaeditori.it\/en\/wp-json\/wp\/v2\/product_brand?post=1174"},{"taxonomy":"product_cat","embeddable":true,"href":"https:\/\/veaeditori.it\/en\/wp-json\/wp\/v2\/product_cat?post=1174"},{"taxonomy":"product_tag","embeddable":true,"href":"https:\/\/veaeditori.it\/en\/wp-json\/wp\/v2\/product_tag?post=1174"}],"curies":[{"name":"wp","href":"https:\/\/api.w.org\/{rel}","templated":true}]}}