{"id":1176,"date":"2022-12-27T14:50:57","date_gmt":"2022-12-27T13:50:57","guid":{"rendered":"http:\/\/veaeditori.it\/?post_type=product&#038;p=1176"},"modified":"2025-09-03T15:45:17","modified_gmt":"2025-09-03T13:45:17","slug":"lakes-bogs","status":"publish","type":"product","link":"https:\/\/veaeditori.it\/en\/product\/lakes-bogs\/","title":{"rendered":"Lakes &amp; Bogs"},"content":{"rendered":"<p>Lakes &amp; Bogs<\/p>\n<p>Questo pacchetto aggiorna il tuo tavolo da gioco con un grande lago e due stagni pi\u00f9 piccoli, oppure puoi capovolgerli per creare paludi per rallentare le tue truppe. Il set include pezzi per collegare il lago a un fiume, oltre a un utile terreno sparso per aggiungere immersione alla tua tavola. I pezzi sono compatibili con il resto della gamma Battle Systems Fantasy.<br \/>\nIl terreno viene fornito in confezione piatta su cartoncino di alta qualit\u00e0 e ad alta densit\u00e0, stampato a colori su entrambi i lati, quindi non \u00e8 necessario dipingere! Il terreno richiede il montaggio e alcune parti pi\u00f9 piccole richiedono la colla. Si prega di consultare www.battlesystems.co.uk per maggiori dettagli e istruzioni complete.<\/p>\n<p><strong><u>Contents<\/u><\/strong><\/p>\n<ul>\n<li>1 Lake\/Large Bog<\/li>\n<li>2 Ponds\/Small Bogs<\/li>\n<li>4 Assorted Scatter Components and Accessories<\/li>\n<\/ul>\n<p><strong><u>\u00a0<\/u><\/strong><\/p>\n<ul>\n<li><strong><u>Packaging Information<\/u><\/strong><\/li>\n<li>7 Pieces<\/li>\n<li>Modular 28-35mm terrain<\/li>\n<li>No painting required<\/li>\n<li>Product Code: BSTFWA008<\/li>\n<li>Barcode: 5060660091416<\/li>\n<li>Symbols: <span style=\"text-decoration: line-through\">0-3<\/span>, 14+<\/li>\n<li>Small Print: This is not a toy. Figures, foliage and gaming mat not included. Contents may vary from those on the packaging. Not suitable for children under 36 months due to small parts. Retain packaging for future reference. Made in China. \u00a9 Battle Systems Ltd 2020.<\/li>\n<\/ul>","protected":false},"excerpt":{"rendered":"<p>Lakes &amp; Bogs Scenici fantasy in Cartoncino<\/p>","protected":false},"featured_media":1177,"comment_status":"open","ping_status":"closed","template":"","meta":[],"product_brand":[],"product_cat":[93],"product_tag":[136],"class_list":{"0":"post-1176","1":"product","2":"type-product","3":"status-publish","4":"has-post-thumbnail","6":"product_cat-fantasy","7":"product_tag-lakes-bogs","8":"product_shipping_class-standard","10":"first","11":"instock","12":"shipping-taxable","13":"purchasable","14":"product-type-simple"},"yoast_head":"<!-- This site is optimized with the Yoast SEO plugin v27.2 - https:\/\/yoast.com\/product\/yoast-seo-wordpress\/ -->\n<title>Lakes &amp; Bogs - VEA Editori<\/title>\n<meta name=\"description\" content=\"Lakes &amp; Bogs contiene n un grande lago e due stagni pi\u00f9 piccoli, oppure puoi capovolgerli per creare paludi per rallentare le tue truppe.\" \/>\n<meta name=\"robots\" content=\"index, follow, max-snippet:-1, max-image-preview:large, max-video-preview:-1\" \/>\n<link rel=\"canonical\" href=\"https:\/\/veaeditori.it\/en\/product\/lakes-bogs\/\" \/>\n<meta property=\"og:locale\" content=\"en_GB\" \/>\n<meta property=\"og:type\" content=\"article\" \/>\n<meta property=\"og:title\" content=\"Lakes &amp; Bogs - VEA Editori\" \/>\n<meta property=\"og:description\" content=\"Lakes &amp; Bogs contiene n un grande lago e due stagni pi\u00f9 piccoli, oppure puoi capovolgerli per creare paludi per rallentare le tue truppe.\" \/>\n<meta property=\"og:url\" content=\"https:\/\/veaeditori.it\/en\/product\/lakes-bogs\/\" \/>\n<meta property=\"og:site_name\" content=\"VEA Editori\" \/>\n<meta property=\"article:publisher\" content=\"https:\/\/www.facebook.com\/veaspaziominiature\" \/>\n<meta property=\"article:modified_time\" content=\"2025-09-03T13:45:17+00:00\" \/>\n<meta property=\"og:image\" content=\"https:\/\/veaeditori.it\/wp-content\/uploads\/2022\/12\/Lakes-Bogs-1255x800.jpg\" \/>\n\t<meta property=\"og:image:width\" content=\"1255\" \/>\n\t<meta property=\"og:image:height\" content=\"800\" \/>\n\t<meta property=\"og:image:type\" content=\"image\/jpeg\" \/>\n<meta name=\"twitter:card\" content=\"summary_large_image\" \/>\n<meta name=\"twitter:label1\" content=\"Estimated reading time\" \/>\n\t<meta name=\"twitter:data1\" content=\"2 minutes\" \/>\n<script type=\"application\/ld+json\" class=\"yoast-schema-graph\">{\"@context\":\"https:\/\/schema.org\",\"@graph\":[{\"@type\":\"WebPage\",\"@id\":\"https:\/\/veaeditori.it\/product\/lakes-bogs\/\",\"url\":\"https:\/\/veaeditori.it\/product\/lakes-bogs\/\",\"name\":\"Lakes &amp; Bogs - VEA Editori\",\"isPartOf\":{\"@id\":\"https:\/\/veaeditori.it\/#website\"},\"primaryImageOfPage\":{\"@id\":\"https:\/\/veaeditori.it\/product\/lakes-bogs\/#primaryimage\"},\"image\":{\"@id\":\"https:\/\/veaeditori.it\/product\/lakes-bogs\/#primaryimage\"},\"thumbnailUrl\":\"https:\/\/veaeditori.it\/wp-content\/uploads\/2022\/12\/Lakes-Bogs.jpg\",\"datePublished\":\"2022-12-27T13:50:57+00:00\",\"dateModified\":\"2025-09-03T13:45:17+00:00\",\"description\":\"Lakes & Bogs contiene n un grande lago e due stagni pi\u00f9 piccoli, oppure puoi capovolgerli per creare paludi per rallentare le tue truppe.\",\"breadcrumb\":{\"@id\":\"https:\/\/veaeditori.it\/product\/lakes-bogs\/#breadcrumb\"},\"inLanguage\":\"en-GB\",\"potentialAction\":[{\"@type\":\"ReadAction\",\"target\":[\"https:\/\/veaeditori.it\/product\/lakes-bogs\/\"]}]},{\"@type\":\"ImageObject\",\"inLanguage\":\"en-GB\",\"@id\":\"https:\/\/veaeditori.it\/product\/lakes-bogs\/#primaryimage\",\"url\":\"https:\/\/veaeditori.it\/wp-content\/uploads\/2022\/12\/Lakes-Bogs.jpg\",\"contentUrl\":\"https:\/\/veaeditori.it\/wp-content\/uploads\/2022\/12\/Lakes-Bogs.jpg\",\"width\":2219,\"height\":1415,\"caption\":\"Lakes & Bogs\"},{\"@type\":\"BreadcrumbList\",\"@id\":\"https:\/\/veaeditori.it\/product\/lakes-bogs\/#breadcrumb\",\"itemListElement\":[{\"@type\":\"ListItem\",\"position\":1,\"name\":\"Home\",\"item\":\"https:\/\/veaeditori.it\/\"},{\"@type\":\"ListItem\",\"position\":2,\"name\":\"Shop\",\"item\":\"https:\/\/veaeditori.it\/shop\/\"},{\"@type\":\"ListItem\",\"position\":3,\"name\":\"Lakes &amp; Bogs\"}]},{\"@type\":\"WebSite\",\"@id\":\"https:\/\/veaeditori.it\/#website\",\"url\":\"https:\/\/veaeditori.it\/\",\"name\":\"VEA Editori\",\"description\":\"Italian Wargame Publisher\",\"potentialAction\":[{\"@type\":\"SearchAction\",\"target\":{\"@type\":\"EntryPoint\",\"urlTemplate\":\"https:\/\/veaeditori.it\/?s={search_term_string}\"},\"query-input\":{\"@type\":\"PropertyValueSpecification\",\"valueRequired\":true,\"valueName\":\"search_term_string\"}}],\"inLanguage\":\"en-GB\"}]}<\/script>\n<!-- \/ Yoast SEO plugin. -->","yoast_head_json":{"title":"Lakes &amp; Bogs - VEA Editori","description":"Lakes & Bogs contiene n un grande lago e due stagni pi\u00f9 piccoli, oppure puoi capovolgerli per creare paludi per rallentare le tue truppe.","robots":{"index":"index","follow":"follow","max-snippet":"max-snippet:-1","max-image-preview":"max-image-preview:large","max-video-preview":"max-video-preview:-1"},"canonical":"https:\/\/veaeditori.it\/en\/product\/lakes-bogs\/","og_locale":"en_GB","og_type":"article","og_title":"Lakes &amp; Bogs - VEA Editori","og_description":"Lakes & Bogs contiene n un grande lago e due stagni pi\u00f9 piccoli, oppure puoi capovolgerli per creare paludi per rallentare le tue truppe.","og_url":"https:\/\/veaeditori.it\/en\/product\/lakes-bogs\/","og_site_name":"VEA Editori","article_publisher":"https:\/\/www.facebook.com\/veaspaziominiature","article_modified_time":"2025-09-03T13:45:17+00:00","og_image":[{"width":1255,"height":800,"url":"https:\/\/veaeditori.it\/wp-content\/uploads\/2022\/12\/Lakes-Bogs-1255x800.jpg","type":"image\/jpeg"}],"twitter_card":"summary_large_image","twitter_misc":{"Estimated reading time":"2 minutes"},"schema":{"@context":"https:\/\/schema.org","@graph":[{"@type":"WebPage","@id":"https:\/\/veaeditori.it\/product\/lakes-bogs\/","url":"https:\/\/veaeditori.it\/product\/lakes-bogs\/","name":"Lakes &amp; Bogs - VEA Editori","isPartOf":{"@id":"https:\/\/veaeditori.it\/#website"},"primaryImageOfPage":{"@id":"https:\/\/veaeditori.it\/product\/lakes-bogs\/#primaryimage"},"image":{"@id":"https:\/\/veaeditori.it\/product\/lakes-bogs\/#primaryimage"},"thumbnailUrl":"https:\/\/veaeditori.it\/wp-content\/uploads\/2022\/12\/Lakes-Bogs.jpg","datePublished":"2022-12-27T13:50:57+00:00","dateModified":"2025-09-03T13:45:17+00:00","description":"Lakes & Bogs contiene n un grande lago e due stagni pi\u00f9 piccoli, oppure puoi capovolgerli per creare paludi per rallentare le tue truppe.","breadcrumb":{"@id":"https:\/\/veaeditori.it\/product\/lakes-bogs\/#breadcrumb"},"inLanguage":"en-GB","potentialAction":[{"@type":"ReadAction","target":["https:\/\/veaeditori.it\/product\/lakes-bogs\/"]}]},{"@type":"ImageObject","inLanguage":"en-GB","@id":"https:\/\/veaeditori.it\/product\/lakes-bogs\/#primaryimage","url":"https:\/\/veaeditori.it\/wp-content\/uploads\/2022\/12\/Lakes-Bogs.jpg","contentUrl":"https:\/\/veaeditori.it\/wp-content\/uploads\/2022\/12\/Lakes-Bogs.jpg","width":2219,"height":1415,"caption":"Lakes & Bogs"},{"@type":"BreadcrumbList","@id":"https:\/\/veaeditori.it\/product\/lakes-bogs\/#breadcrumb","itemListElement":[{"@type":"ListItem","position":1,"name":"Home","item":"https:\/\/veaeditori.it\/"},{"@type":"ListItem","position":2,"name":"Shop","item":"https:\/\/veaeditori.it\/shop\/"},{"@type":"ListItem","position":3,"name":"Lakes &amp; Bogs"}]},{"@type":"WebSite","@id":"https:\/\/veaeditori.it\/#website","url":"https:\/\/veaeditori.it\/","name":"VEA Editori","description":"Italian Wargame Publisher","potentialAction":[{"@type":"SearchAction","target":{"@type":"EntryPoint","urlTemplate":"https:\/\/veaeditori.it\/?s={search_term_string}"},"query-input":{"@type":"PropertyValueSpecification","valueRequired":true,"valueName":"search_term_string"}}],"inLanguage":"en-GB"}]}},"_links":{"self":[{"href":"https:\/\/veaeditori.it\/en\/wp-json\/wp\/v2\/product\/1176","targetHints":{"allow":["GET"]}}],"collection":[{"href":"https:\/\/veaeditori.it\/en\/wp-json\/wp\/v2\/product"}],"about":[{"href":"https:\/\/veaeditori.it\/en\/wp-json\/wp\/v2\/types\/product"}],"replies":[{"embeddable":true,"href":"https:\/\/veaeditori.it\/en\/wp-json\/wp\/v2\/comments?post=1176"}],"wp:featuredmedia":[{"embeddable":true,"href":"https:\/\/veaeditori.it\/en\/wp-json\/wp\/v2\/media\/1177"}],"wp:attachment":[{"href":"https:\/\/veaeditori.it\/en\/wp-json\/wp\/v2\/media?parent=1176"}],"wp:term":[{"taxonomy":"product_brand","embeddable":true,"href":"https:\/\/veaeditori.it\/en\/wp-json\/wp\/v2\/product_brand?post=1176"},{"taxonomy":"product_cat","embeddable":true,"href":"https:\/\/veaeditori.it\/en\/wp-json\/wp\/v2\/product_cat?post=1176"},{"taxonomy":"product_tag","embeddable":true,"href":"https:\/\/veaeditori.it\/en\/wp-json\/wp\/v2\/product_tag?post=1176"}],"curies":[{"name":"wp","href":"https:\/\/api.w.org\/{rel}","templated":true}]}}