{"id":1178,"date":"2022-12-27T14:54:06","date_gmt":"2022-12-27T13:54:06","guid":{"rendered":"http:\/\/veaeditori.it\/?post_type=product&#038;p=1178"},"modified":"2025-09-03T15:45:12","modified_gmt":"2025-09-03T13:45:12","slug":"roads-rivers","status":"publish","type":"product","link":"https:\/\/veaeditori.it\/en\/product\/roads-rivers\/","title":{"rendered":"Roads &#038; Rivers"},"content":{"rendered":"<h3><span lang=\"EN-GB\">Roads &amp; Rivers<\/span><\/h3>\n<p>Questo pacchetto aggiorna il tuo tavolo da gioco con una strada acciottolata o un fiume che scorre. Ogni sezione a doppia faccia \u00e8 di ca. 8 &#8220;\/ 20 cm di lunghezza con un pacchetto completo che si estende per quasi 6 piedi \/ 180 cm! Il set include varie giunzioni, nonch\u00e9 cartelli e altri terreni sparsi per aggiungere immersione alla tua tavola. I pezzi sono compatibili con il resto della gamma Battle Systems Fantasy.<br \/>\nIl terreno viene fornito in confezione piatta su cartoncino di alta qualit\u00e0 e ad alta densit\u00e0, stampato a colori su entrambi i lati, quindi non \u00e8 necessario dipingere! Il terreno richiede il montaggio e alcune parti pi\u00f9 piccole richiedono la colla. Si prega di consultare www.battlesystems.co.uk per maggiori dettagli e istruzioni complete.<\/p>\n<p><strong><u>Contents<\/u><\/strong><\/p>\n<ul>\n<li>4 Straight Roads\/Rivers<\/li>\n<li>3 Assorted Curved Roads\/Rivers<\/li>\n<li>1 Forked Road\/River<\/li>\n<li>2 Road\/River Ends<\/li>\n<li>1 Crossroads \/ 2 Ends<\/li>\n<li>1 Wooden Jetty<\/li>\n<li>4 Assorted Signposts<\/li>\n<li>1 Broken Cart<\/li>\n<li>15 Assorted Scatter Components and Accessories<\/li>\n<\/ul>\n<p><strong><u>\u00a0<\/u><\/strong><\/p>\n<ul>\n<li><strong><u>Packaging Information<\/u><\/strong><\/li>\n<li>32 Pieces<\/li>\n<li>Modular 28-35mm terrain<\/li>\n<li>No painting required<\/li>\n<li>Product Code: BSTFWA005<\/li>\n<li>Barcode: 5060660091386<\/li>\n<li>Symbols: <span style=\"text-decoration: line-through;\">0-3<\/span>, 14+<\/li>\n<li>Small Print: This is not a toy. Figures, foliage and gaming mat not included. Contents may vary from those on the packaging. Not suitable for children under 36 months due to small parts. Retain packaging for future reference. Made in China. \u00a9 Battle Systems Ltd 2020.<\/li>\n<\/ul>","protected":false},"excerpt":{"rendered":"<p>Roads &amp; Rivers Scenici Fantasy in Cartoncino<\/p>","protected":false},"featured_media":1179,"comment_status":"open","ping_status":"closed","template":"","meta":[],"product_brand":[],"product_cat":[93],"product_tag":[137],"class_list":{"0":"post-1178","1":"product","2":"type-product","3":"status-publish","4":"has-post-thumbnail","6":"product_cat-fantasy","7":"product_tag-roads-rivers","8":"product_shipping_class-standard","10":"first","11":"instock","12":"shipping-taxable","13":"purchasable","14":"product-type-simple"},"yoast_head":"<!-- This site is optimized with the Yoast SEO plugin v27.2 - https:\/\/yoast.com\/product\/yoast-seo-wordpress\/ -->\n<title>Roads &amp; Rivers - VEA Editori<\/title>\n<meta name=\"description\" content=\"Roads &amp; Rivers contiene una strada acciottolata o un fiume che scorre. Ogni sezione a doppia faccia \u00e8 di ca. 8 &quot;\/ 20 cm di lunghezza\" \/>\n<meta name=\"robots\" content=\"index, follow, max-snippet:-1, max-image-preview:large, max-video-preview:-1\" \/>\n<link rel=\"canonical\" href=\"https:\/\/veaeditori.it\/en\/product\/roads-rivers\/\" \/>\n<meta property=\"og:locale\" content=\"en_GB\" \/>\n<meta property=\"og:type\" content=\"article\" \/>\n<meta property=\"og:title\" content=\"Roads &amp; Rivers - VEA Editori\" \/>\n<meta property=\"og:description\" content=\"Roads &amp; Rivers contiene una strada acciottolata o un fiume che scorre. Ogni sezione a doppia faccia \u00e8 di ca. 8 &quot;\/ 20 cm di lunghezza\" \/>\n<meta property=\"og:url\" content=\"https:\/\/veaeditori.it\/en\/product\/roads-rivers\/\" \/>\n<meta property=\"og:site_name\" content=\"VEA Editori\" \/>\n<meta property=\"article:publisher\" content=\"https:\/\/www.facebook.com\/veaspaziominiature\" \/>\n<meta property=\"article:modified_time\" content=\"2025-09-03T13:45:12+00:00\" \/>\n<meta property=\"og:image\" content=\"https:\/\/veaeditori.it\/wp-content\/uploads\/2022\/12\/Roads-Rivers-1393x800.jpg\" \/>\n\t<meta property=\"og:image:width\" content=\"1393\" \/>\n\t<meta property=\"og:image:height\" content=\"800\" \/>\n\t<meta property=\"og:image:type\" content=\"image\/jpeg\" \/>\n<meta name=\"twitter:card\" content=\"summary_large_image\" \/>\n<meta name=\"twitter:label1\" content=\"Estimated reading time\" \/>\n\t<meta name=\"twitter:data1\" content=\"2 minutes\" \/>\n<script type=\"application\/ld+json\" class=\"yoast-schema-graph\">{\"@context\":\"https:\/\/schema.org\",\"@graph\":[{\"@type\":\"WebPage\",\"@id\":\"https:\/\/veaeditori.it\/product\/roads-rivers\/\",\"url\":\"https:\/\/veaeditori.it\/product\/roads-rivers\/\",\"name\":\"Roads & Rivers - VEA Editori\",\"isPartOf\":{\"@id\":\"https:\/\/veaeditori.it\/#website\"},\"primaryImageOfPage\":{\"@id\":\"https:\/\/veaeditori.it\/product\/roads-rivers\/#primaryimage\"},\"image\":{\"@id\":\"https:\/\/veaeditori.it\/product\/roads-rivers\/#primaryimage\"},\"thumbnailUrl\":\"https:\/\/veaeditori.it\/wp-content\/uploads\/2022\/12\/Roads-Rivers.jpg\",\"datePublished\":\"2022-12-27T13:54:06+00:00\",\"dateModified\":\"2025-09-03T13:45:12+00:00\",\"description\":\"Roads & Rivers contiene una strada acciottolata o un fiume che scorre. Ogni sezione a doppia faccia \u00e8 di ca. 8 \\\"\/ 20 cm di lunghezza\",\"breadcrumb\":{\"@id\":\"https:\/\/veaeditori.it\/product\/roads-rivers\/#breadcrumb\"},\"inLanguage\":\"en-GB\",\"potentialAction\":[{\"@type\":\"ReadAction\",\"target\":[\"https:\/\/veaeditori.it\/product\/roads-rivers\/\"]}]},{\"@type\":\"ImageObject\",\"inLanguage\":\"en-GB\",\"@id\":\"https:\/\/veaeditori.it\/product\/roads-rivers\/#primaryimage\",\"url\":\"https:\/\/veaeditori.it\/wp-content\/uploads\/2022\/12\/Roads-Rivers.jpg\",\"contentUrl\":\"https:\/\/veaeditori.it\/wp-content\/uploads\/2022\/12\/Roads-Rivers.jpg\",\"width\":2419,\"height\":1389,\"caption\":\"Roads & Rivers\"},{\"@type\":\"BreadcrumbList\",\"@id\":\"https:\/\/veaeditori.it\/product\/roads-rivers\/#breadcrumb\",\"itemListElement\":[{\"@type\":\"ListItem\",\"position\":1,\"name\":\"Home\",\"item\":\"https:\/\/veaeditori.it\/\"},{\"@type\":\"ListItem\",\"position\":2,\"name\":\"Shop\",\"item\":\"https:\/\/veaeditori.it\/shop\/\"},{\"@type\":\"ListItem\",\"position\":3,\"name\":\"Roads &#038; Rivers\"}]},{\"@type\":\"WebSite\",\"@id\":\"https:\/\/veaeditori.it\/#website\",\"url\":\"https:\/\/veaeditori.it\/\",\"name\":\"VEA Editori\",\"description\":\"Italian Wargame Publisher\",\"potentialAction\":[{\"@type\":\"SearchAction\",\"target\":{\"@type\":\"EntryPoint\",\"urlTemplate\":\"https:\/\/veaeditori.it\/?s={search_term_string}\"},\"query-input\":{\"@type\":\"PropertyValueSpecification\",\"valueRequired\":true,\"valueName\":\"search_term_string\"}}],\"inLanguage\":\"en-GB\"}]}<\/script>\n<!-- \/ Yoast SEO plugin. -->","yoast_head_json":{"title":"Roads & Rivers - VEA Editori","description":"Roads & Rivers contiene una strada acciottolata o un fiume che scorre. Ogni sezione a doppia faccia \u00e8 di ca. 8 \"\/ 20 cm di lunghezza","robots":{"index":"index","follow":"follow","max-snippet":"max-snippet:-1","max-image-preview":"max-image-preview:large","max-video-preview":"max-video-preview:-1"},"canonical":"https:\/\/veaeditori.it\/en\/product\/roads-rivers\/","og_locale":"en_GB","og_type":"article","og_title":"Roads & Rivers - VEA Editori","og_description":"Roads & Rivers contiene una strada acciottolata o un fiume che scorre. Ogni sezione a doppia faccia \u00e8 di ca. 8 \"\/ 20 cm di lunghezza","og_url":"https:\/\/veaeditori.it\/en\/product\/roads-rivers\/","og_site_name":"VEA Editori","article_publisher":"https:\/\/www.facebook.com\/veaspaziominiature","article_modified_time":"2025-09-03T13:45:12+00:00","og_image":[{"width":1393,"height":800,"url":"https:\/\/veaeditori.it\/wp-content\/uploads\/2022\/12\/Roads-Rivers-1393x800.jpg","type":"image\/jpeg"}],"twitter_card":"summary_large_image","twitter_misc":{"Estimated reading time":"2 minutes"},"schema":{"@context":"https:\/\/schema.org","@graph":[{"@type":"WebPage","@id":"https:\/\/veaeditori.it\/product\/roads-rivers\/","url":"https:\/\/veaeditori.it\/product\/roads-rivers\/","name":"Roads & Rivers - VEA Editori","isPartOf":{"@id":"https:\/\/veaeditori.it\/#website"},"primaryImageOfPage":{"@id":"https:\/\/veaeditori.it\/product\/roads-rivers\/#primaryimage"},"image":{"@id":"https:\/\/veaeditori.it\/product\/roads-rivers\/#primaryimage"},"thumbnailUrl":"https:\/\/veaeditori.it\/wp-content\/uploads\/2022\/12\/Roads-Rivers.jpg","datePublished":"2022-12-27T13:54:06+00:00","dateModified":"2025-09-03T13:45:12+00:00","description":"Roads & Rivers contiene una strada acciottolata o un fiume che scorre. Ogni sezione a doppia faccia \u00e8 di ca. 8 \"\/ 20 cm di lunghezza","breadcrumb":{"@id":"https:\/\/veaeditori.it\/product\/roads-rivers\/#breadcrumb"},"inLanguage":"en-GB","potentialAction":[{"@type":"ReadAction","target":["https:\/\/veaeditori.it\/product\/roads-rivers\/"]}]},{"@type":"ImageObject","inLanguage":"en-GB","@id":"https:\/\/veaeditori.it\/product\/roads-rivers\/#primaryimage","url":"https:\/\/veaeditori.it\/wp-content\/uploads\/2022\/12\/Roads-Rivers.jpg","contentUrl":"https:\/\/veaeditori.it\/wp-content\/uploads\/2022\/12\/Roads-Rivers.jpg","width":2419,"height":1389,"caption":"Roads & Rivers"},{"@type":"BreadcrumbList","@id":"https:\/\/veaeditori.it\/product\/roads-rivers\/#breadcrumb","itemListElement":[{"@type":"ListItem","position":1,"name":"Home","item":"https:\/\/veaeditori.it\/"},{"@type":"ListItem","position":2,"name":"Shop","item":"https:\/\/veaeditori.it\/shop\/"},{"@type":"ListItem","position":3,"name":"Roads &#038; Rivers"}]},{"@type":"WebSite","@id":"https:\/\/veaeditori.it\/#website","url":"https:\/\/veaeditori.it\/","name":"VEA Editori","description":"Italian Wargame Publisher","potentialAction":[{"@type":"SearchAction","target":{"@type":"EntryPoint","urlTemplate":"https:\/\/veaeditori.it\/?s={search_term_string}"},"query-input":{"@type":"PropertyValueSpecification","valueRequired":true,"valueName":"search_term_string"}}],"inLanguage":"en-GB"}]}},"_links":{"self":[{"href":"https:\/\/veaeditori.it\/en\/wp-json\/wp\/v2\/product\/1178","targetHints":{"allow":["GET"]}}],"collection":[{"href":"https:\/\/veaeditori.it\/en\/wp-json\/wp\/v2\/product"}],"about":[{"href":"https:\/\/veaeditori.it\/en\/wp-json\/wp\/v2\/types\/product"}],"replies":[{"embeddable":true,"href":"https:\/\/veaeditori.it\/en\/wp-json\/wp\/v2\/comments?post=1178"}],"wp:featuredmedia":[{"embeddable":true,"href":"https:\/\/veaeditori.it\/en\/wp-json\/wp\/v2\/media\/1179"}],"wp:attachment":[{"href":"https:\/\/veaeditori.it\/en\/wp-json\/wp\/v2\/media?parent=1178"}],"wp:term":[{"taxonomy":"product_brand","embeddable":true,"href":"https:\/\/veaeditori.it\/en\/wp-json\/wp\/v2\/product_brand?post=1178"},{"taxonomy":"product_cat","embeddable":true,"href":"https:\/\/veaeditori.it\/en\/wp-json\/wp\/v2\/product_cat?post=1178"},{"taxonomy":"product_tag","embeddable":true,"href":"https:\/\/veaeditori.it\/en\/wp-json\/wp\/v2\/product_tag?post=1178"}],"curies":[{"name":"wp","href":"https:\/\/api.w.org\/{rel}","templated":true}]}}