{"id":1185,"date":"2022-12-27T15:01:46","date_gmt":"2022-12-27T14:01:46","guid":{"rendered":"http:\/\/veaeditori.it\/?post_type=product&#038;p=1185"},"modified":"2025-03-18T23:29:23","modified_gmt":"2025-03-18T21:29:23","slug":"medical-research-lab","status":"publish","type":"product","link":"https:\/\/veaeditori.it\/en\/product\/medical-research-lab\/","title":{"rendered":"Medical Research Lab"},"content":{"rendered":"<p>Medical Research Lab<\/p>\n<p>Questo pacchetto contiene tutto il necessario per aggiornare il tuo tavolo da gioco fantascientifico con un laboratorio di ricerca medica o un&#8217;infermeria. Include partizioni di quarantena che si collegano alle pareti standard e la base Auto-Doc \u00e8 reversibile per un look alternativo. Il set \u00e8 compatibile con tutti i Battle Systems Sci-fi Core Sets.<br \/>\nIl terreno viene fornito in confezione piatta su cartoncino di alta qualit\u00e0 e ad alta densit\u00e0, stampato a colori su entrambi i lati, quindi non \u00e8 necessario dipingere! Il terreno richiede il montaggio e alcune parti pi\u00f9 piccole richiedono la colla. Visita www.battlesystems.co.uk\/tutorials.html per maggiori dettagli e istruzioni complete.<\/p>\n<p><strong><u>Contents<\/u><\/strong><\/p>\n<ul>\n<li>2 Stasis Chambers<\/li>\n<li>2 Auto-Docs<\/li>\n<li>2 Gurneys<\/li>\n<li>2 Quarantine Partitions &amp; Doors<\/li>\n<\/ul>\n<p><strong><u>\u00a0<\/u><\/strong><\/p>\n<p><strong><u>Additional Information<\/u><\/strong><\/p>\n<ul>\n<li>8 Pieces<\/li>\n<li>Compatible with Core Space, the Sci-fi Miniatures Game<\/li>\n<li>Product Code: BSTSFE002<\/li>\n<li>Barcode: 5060660090211<\/li>\n<li>Symbols: <span style=\"text-decoration: line-through;\">0-3<\/span>, 14+<\/li>\n<\/ul>\n<p>Small Print: This is not a toy. Figures not included. Contents may vary from those on the packaging. Not suitable for children under 36 months due to small parts. Retain packaging for future reference. Made in China. Core Space and all associated characters, names, places and things are \u2122 and \u00a9 Battle Systems Ltd 2019.<\/p>","protected":false},"excerpt":{"rendered":"<h3><span lang=\"EN-GB\">Medical Research Lab Scenici Sci-fi in Cartoncino<\/span><\/h3>","protected":false},"featured_media":1186,"comment_status":"open","ping_status":"closed","template":"","meta":[],"product_brand":[],"product_cat":[85,157],"product_tag":[139],"class_list":{"0":"post-1185","1":"product","2":"type-product","3":"status-publish","4":"has-post-thumbnail","6":"product_cat-corespace","7":"product_cat-terrenicorespace","8":"product_tag-medical-research-lab","9":"product_shipping_class-standard","11":"first","12":"outofstock","13":"shipping-taxable","14":"purchasable","15":"product-type-simple"},"yoast_head":"<!-- This site is optimized with the Yoast SEO plugin v27.2 - https:\/\/yoast.com\/product\/yoast-seo-wordpress\/ -->\n<title>Medical Research Lab - VEA Editori<\/title>\n<meta name=\"description\" content=\"Medical Research Lab contiene tutto il necessario per il tuo tavolo da gioco fantascientifico con un laboratorio di ricerca medica o un&#039;infermeria\" \/>\n<meta name=\"robots\" content=\"index, follow, max-snippet:-1, max-image-preview:large, max-video-preview:-1\" \/>\n<link rel=\"canonical\" href=\"https:\/\/veaeditori.it\/en\/prodotto\/medical-research-lab\/\" \/>\n<meta property=\"og:locale\" content=\"en_GB\" \/>\n<meta property=\"og:type\" content=\"article\" \/>\n<meta property=\"og:title\" content=\"Medical Research Lab - VEA Editori\" \/>\n<meta property=\"og:description\" content=\"Medical Research Lab contiene tutto il necessario per il tuo tavolo da gioco fantascientifico con un laboratorio di ricerca medica o un&#039;infermeria\" \/>\n<meta property=\"og:url\" content=\"https:\/\/veaeditori.it\/en\/prodotto\/medical-research-lab\/\" \/>\n<meta property=\"og:site_name\" content=\"VEA Editori\" \/>\n<meta property=\"article:publisher\" content=\"https:\/\/www.facebook.com\/veaspaziominiature\" \/>\n<meta property=\"article:modified_time\" content=\"2025-03-18T21:29:23+00:00\" \/>\n<meta property=\"og:image\" content=\"https:\/\/veaeditori.it\/wp-content\/uploads\/2022\/12\/Medical-Research-Lab.jpg\" \/>\n\t<meta property=\"og:image:width\" content=\"1888\" \/>\n\t<meta property=\"og:image:height\" content=\"1352\" \/>\n\t<meta property=\"og:image:type\" content=\"image\/jpeg\" \/>\n<meta name=\"twitter:card\" content=\"summary_large_image\" \/>\n<meta name=\"twitter:label1\" content=\"Estimated reading time\" \/>\n\t<meta name=\"twitter:data1\" content=\"2 minutes\" \/>\n<script type=\"application\/ld+json\" class=\"yoast-schema-graph\">{\"@context\":\"https:\/\/schema.org\",\"@graph\":[{\"@type\":\"WebPage\",\"@id\":\"https:\/\/veaeditori.it\/prodotto\/medical-research-lab\/\",\"url\":\"https:\/\/veaeditori.it\/prodotto\/medical-research-lab\/\",\"name\":\"Medical Research Lab - VEA Editori\",\"isPartOf\":{\"@id\":\"https:\/\/veaeditori.it\/#website\"},\"primaryImageOfPage\":{\"@id\":\"https:\/\/veaeditori.it\/prodotto\/medical-research-lab\/#primaryimage\"},\"image\":{\"@id\":\"https:\/\/veaeditori.it\/prodotto\/medical-research-lab\/#primaryimage\"},\"thumbnailUrl\":\"https:\/\/veaeditori.it\/wp-content\/uploads\/2022\/12\/Medical-Research-Lab.jpg\",\"datePublished\":\"2022-12-27T14:01:46+00:00\",\"dateModified\":\"2025-03-18T21:29:23+00:00\",\"description\":\"Medical Research Lab contiene tutto il necessario per il tuo tavolo da gioco fantascientifico con un laboratorio di ricerca medica o un'infermeria\",\"breadcrumb\":{\"@id\":\"https:\/\/veaeditori.it\/prodotto\/medical-research-lab\/#breadcrumb\"},\"inLanguage\":\"en-GB\",\"potentialAction\":[{\"@type\":\"ReadAction\",\"target\":[\"https:\/\/veaeditori.it\/prodotto\/medical-research-lab\/\"]}]},{\"@type\":\"ImageObject\",\"inLanguage\":\"en-GB\",\"@id\":\"https:\/\/veaeditori.it\/prodotto\/medical-research-lab\/#primaryimage\",\"url\":\"https:\/\/veaeditori.it\/wp-content\/uploads\/2022\/12\/Medical-Research-Lab.jpg\",\"contentUrl\":\"https:\/\/veaeditori.it\/wp-content\/uploads\/2022\/12\/Medical-Research-Lab.jpg\",\"width\":1888,\"height\":1352,\"caption\":\"Medical Research Lab\"},{\"@type\":\"BreadcrumbList\",\"@id\":\"https:\/\/veaeditori.it\/prodotto\/medical-research-lab\/#breadcrumb\",\"itemListElement\":[{\"@type\":\"ListItem\",\"position\":1,\"name\":\"Home\",\"item\":\"https:\/\/veaeditori.it\/\"},{\"@type\":\"ListItem\",\"position\":2,\"name\":\"Shop\",\"item\":\"https:\/\/veaeditori.it\/shop\/\"},{\"@type\":\"ListItem\",\"position\":3,\"name\":\"Medical Research Lab\"}]},{\"@type\":\"WebSite\",\"@id\":\"https:\/\/veaeditori.it\/#website\",\"url\":\"https:\/\/veaeditori.it\/\",\"name\":\"VEA Editori\",\"description\":\"Italian Wargame Publisher\",\"potentialAction\":[{\"@type\":\"SearchAction\",\"target\":{\"@type\":\"EntryPoint\",\"urlTemplate\":\"https:\/\/veaeditori.it\/?s={search_term_string}\"},\"query-input\":{\"@type\":\"PropertyValueSpecification\",\"valueRequired\":true,\"valueName\":\"search_term_string\"}}],\"inLanguage\":\"en-GB\"}]}<\/script>\n<!-- \/ Yoast SEO plugin. -->","yoast_head_json":{"title":"Medical Research Lab - VEA Editori","description":"Medical Research Lab contiene tutto il necessario per il tuo tavolo da gioco fantascientifico con un laboratorio di ricerca medica o un'infermeria","robots":{"index":"index","follow":"follow","max-snippet":"max-snippet:-1","max-image-preview":"max-image-preview:large","max-video-preview":"max-video-preview:-1"},"canonical":"https:\/\/veaeditori.it\/en\/prodotto\/medical-research-lab\/","og_locale":"en_GB","og_type":"article","og_title":"Medical Research Lab - VEA Editori","og_description":"Medical Research Lab contiene tutto il necessario per il tuo tavolo da gioco fantascientifico con un laboratorio di ricerca medica o un'infermeria","og_url":"https:\/\/veaeditori.it\/en\/prodotto\/medical-research-lab\/","og_site_name":"VEA Editori","article_publisher":"https:\/\/www.facebook.com\/veaspaziominiature","article_modified_time":"2025-03-18T21:29:23+00:00","og_image":[{"width":1888,"height":1352,"url":"https:\/\/veaeditori.it\/wp-content\/uploads\/2022\/12\/Medical-Research-Lab.jpg","type":"image\/jpeg"}],"twitter_card":"summary_large_image","twitter_misc":{"Estimated reading time":"2 minutes"},"schema":{"@context":"https:\/\/schema.org","@graph":[{"@type":"WebPage","@id":"https:\/\/veaeditori.it\/prodotto\/medical-research-lab\/","url":"https:\/\/veaeditori.it\/prodotto\/medical-research-lab\/","name":"Medical Research Lab - VEA Editori","isPartOf":{"@id":"https:\/\/veaeditori.it\/#website"},"primaryImageOfPage":{"@id":"https:\/\/veaeditori.it\/prodotto\/medical-research-lab\/#primaryimage"},"image":{"@id":"https:\/\/veaeditori.it\/prodotto\/medical-research-lab\/#primaryimage"},"thumbnailUrl":"https:\/\/veaeditori.it\/wp-content\/uploads\/2022\/12\/Medical-Research-Lab.jpg","datePublished":"2022-12-27T14:01:46+00:00","dateModified":"2025-03-18T21:29:23+00:00","description":"Medical Research Lab contiene tutto il necessario per il tuo tavolo da gioco fantascientifico con un laboratorio di ricerca medica o un'infermeria","breadcrumb":{"@id":"https:\/\/veaeditori.it\/prodotto\/medical-research-lab\/#breadcrumb"},"inLanguage":"en-GB","potentialAction":[{"@type":"ReadAction","target":["https:\/\/veaeditori.it\/prodotto\/medical-research-lab\/"]}]},{"@type":"ImageObject","inLanguage":"en-GB","@id":"https:\/\/veaeditori.it\/prodotto\/medical-research-lab\/#primaryimage","url":"https:\/\/veaeditori.it\/wp-content\/uploads\/2022\/12\/Medical-Research-Lab.jpg","contentUrl":"https:\/\/veaeditori.it\/wp-content\/uploads\/2022\/12\/Medical-Research-Lab.jpg","width":1888,"height":1352,"caption":"Medical Research Lab"},{"@type":"BreadcrumbList","@id":"https:\/\/veaeditori.it\/prodotto\/medical-research-lab\/#breadcrumb","itemListElement":[{"@type":"ListItem","position":1,"name":"Home","item":"https:\/\/veaeditori.it\/"},{"@type":"ListItem","position":2,"name":"Shop","item":"https:\/\/veaeditori.it\/shop\/"},{"@type":"ListItem","position":3,"name":"Medical Research Lab"}]},{"@type":"WebSite","@id":"https:\/\/veaeditori.it\/#website","url":"https:\/\/veaeditori.it\/","name":"VEA Editori","description":"Italian Wargame Publisher","potentialAction":[{"@type":"SearchAction","target":{"@type":"EntryPoint","urlTemplate":"https:\/\/veaeditori.it\/?s={search_term_string}"},"query-input":{"@type":"PropertyValueSpecification","valueRequired":true,"valueName":"search_term_string"}}],"inLanguage":"en-GB"}]}},"_links":{"self":[{"href":"https:\/\/veaeditori.it\/en\/wp-json\/wp\/v2\/product\/1185","targetHints":{"allow":["GET"]}}],"collection":[{"href":"https:\/\/veaeditori.it\/en\/wp-json\/wp\/v2\/product"}],"about":[{"href":"https:\/\/veaeditori.it\/en\/wp-json\/wp\/v2\/types\/product"}],"replies":[{"embeddable":true,"href":"https:\/\/veaeditori.it\/en\/wp-json\/wp\/v2\/comments?post=1185"}],"wp:featuredmedia":[{"embeddable":true,"href":"https:\/\/veaeditori.it\/en\/wp-json\/wp\/v2\/media\/1186"}],"wp:attachment":[{"href":"https:\/\/veaeditori.it\/en\/wp-json\/wp\/v2\/media?parent=1185"}],"wp:term":[{"taxonomy":"product_brand","embeddable":true,"href":"https:\/\/veaeditori.it\/en\/wp-json\/wp\/v2\/product_brand?post=1185"},{"taxonomy":"product_cat","embeddable":true,"href":"https:\/\/veaeditori.it\/en\/wp-json\/wp\/v2\/product_cat?post=1185"},{"taxonomy":"product_tag","embeddable":true,"href":"https:\/\/veaeditori.it\/en\/wp-json\/wp\/v2\/product_tag?post=1185"}],"curies":[{"name":"wp","href":"https:\/\/api.w.org\/{rel}","templated":true}]}}