{"id":1358,"date":"2023-03-27T12:28:42","date_gmt":"2023-03-27T11:28:42","guid":{"rendered":"http:\/\/veaeditori.it\/?post_type=product&#038;p=1358"},"modified":"2025-03-18T23:29:24","modified_gmt":"2025-03-18T21:29:24","slug":"cyberpunk-core-set","status":"publish","type":"product","link":"https:\/\/veaeditori.it\/en\/product\/cyberpunk-core-set\/","title":{"rendered":"Cyberpunk Core Set"},"content":{"rendered":"<p>Cyberpunk Core Set<\/p>\n<p>La tecnologia avanzata non avvantaggia tutti, a volte allarga i divari nella societ\u00e0. In un mondo futuristico con intelligenza artificiale, cibernetica e scienza radicale si trova un mondo criminale urbano che lotta per competere contro potenti corporazioni e un regime corrotto.<br \/>\nQuesta confezione contiene tutto il necessario per costruire un tabellone da gioco a livello singolo che copre un&#8217;area fino a 2&#8242; x 2&#8242; \/ (600 mm x 600 mm) o superiore, adatto a tutti i giochi di fantascienza da 28-35 mm in una distopia commerciale. Tutti i pezzi sono modulari e possono essere assemblati in qualsiasi combinazione tu scelga per un allestimento ogni volta diverso. Il set pu\u00f2 essere ampliato con altri set della gamma di terreni Battle Systems.<br \/>\nGli scenici vengono forniti in confezione piatta su cartoncino di alta qualit\u00e0 e ad alta densit\u00e0, stampato a colori su entrambi i lati, quindi non \u00e8 necessario dipingere! Gli scenici richiedono il montaggio e alcune parti pi\u00f9 piccole richiedono la colla. Si prega di consultare www.battlesystems.co.uk per maggiori dettagli e istruzioni complete.<\/p>\n<p><strong><u>Contents<\/u><\/strong><\/p>\n<ul>\n<li>1 Printed Neoprene Gaming Mat 2&#8242; x 2&#8242; \/ 600mm x 600mm<\/li>\n<li>29 Assorted Walls\n<ul>\n<li>12 Standard Walls<\/li>\n<li>3 Hatchway Walls &amp; Doors<\/li>\n<li>5 Wide Hatchway Walls &amp; Doors<\/li>\n<li>2 Pipe Hatchways<\/li>\n<li>2 Wide Pipe Hatchways<\/li>\n<li>3 Half Walls<\/li>\n<li>2 Half Wall Hatchways &amp; Doors<\/li>\n<\/ul>\n<\/li>\n<li>4 Girders<\/li>\n<li>9 Struts<\/li>\n<li>2 Ground Conduits<\/li>\n<li>4 Large Cargo Crates<\/li>\n<li>4 Small Cargo Crates<\/li>\n<li>2 Wall Lockers<\/li>\n<li>2 Chairs<\/li>\n<li>2 Tables<\/li>\n<li>2 Bunks<\/li>\n<li>2 Wall Consoles<\/li>\n<li>2 Workstations<\/li>\n<li>2 Shop Counters<\/li>\n<li>2 Shop Displays<\/li>\n<li>2 Billboards<\/li>\n<li>20 Assorted Signs<\/li>\n<li>40 Plastic Clips<\/li>\n<\/ul>\n<p><strong><u>Additional Information<\/u><\/strong><\/p>\n<ul>\n<li>131 Pieces<\/li>\n<li>Compatible with Core Space, the Sci-fi Miniatures Game<\/li>\n<li>Product Code: BSTSFC005<\/li>\n<li>Barcode: 5060660090174<\/li>\n<li>Symbols: <span style=\"text-decoration: line-through\">0-3<\/span>, 14+<\/li>\n<li>Small Print: This is not a toy. Figures not included. Contents may vary from those on the packaging. Not suitable for children under 36 months due to small parts. Retain packaging for future reference. Made in China. Core Space and all associated characters, names, places and things are \u2122 and \u00a9 Battle Systems Ltd 2019.<\/li>\n<\/ul>\n<p>Cyberpunk Core Set<\/p>","protected":false},"excerpt":{"rendered":"<p>Cyberpunk Core Set Scenici in Cartoncino<\/p>","protected":false},"featured_media":1360,"comment_status":"open","ping_status":"closed","template":"","meta":[],"product_brand":[],"product_cat":[90,85,157],"product_tag":[],"class_list":{"0":"post-1358","1":"product","2":"type-product","3":"status-publish","4":"has-post-thumbnail","6":"product_cat-battlesystem","7":"product_cat-corespace","8":"product_cat-terrenicorespace","9":"product_shipping_class-standard","11":"first","12":"outofstock","13":"shipping-taxable","14":"purchasable","15":"product-type-simple"},"yoast_head":"<!-- This site is optimized with the Yoast SEO plugin v27.2 - https:\/\/yoast.com\/product\/yoast-seo-wordpress\/ -->\n<title>Cyberpunk Core Set - VEA Editori<\/title>\n<meta name=\"description\" content=\"Cyberpunk Core Set gli scenici in cartoncino contenuti nel set base di Core Space ma sono adatti per qualsiasi gioco a tema Sci-Fi\" \/>\n<meta name=\"robots\" content=\"index, follow, max-snippet:-1, max-image-preview:large, max-video-preview:-1\" \/>\n<link rel=\"canonical\" href=\"https:\/\/veaeditori.it\/en\/product\/cyberpunk-core-set\/\" \/>\n<meta property=\"og:locale\" content=\"en_GB\" \/>\n<meta property=\"og:type\" content=\"article\" \/>\n<meta property=\"og:title\" content=\"Cyberpunk Core Set - VEA Editori\" \/>\n<meta property=\"og:description\" content=\"Cyberpunk Core Set gli scenici in cartoncino contenuti nel set base di Core Space ma sono adatti per qualsiasi gioco a tema Sci-Fi\" \/>\n<meta property=\"og:url\" content=\"https:\/\/veaeditori.it\/en\/product\/cyberpunk-core-set\/\" \/>\n<meta property=\"og:site_name\" content=\"VEA Editori\" \/>\n<meta property=\"article:publisher\" content=\"https:\/\/www.facebook.com\/veaspaziominiature\" \/>\n<meta property=\"article:modified_time\" content=\"2025-03-18T21:29:24+00:00\" \/>\n<meta property=\"og:image\" content=\"https:\/\/veaeditori.it\/wp-content\/uploads\/2023\/03\/Cyberpunk-Main.png\" \/>\n\t<meta property=\"og:image:width\" content=\"799\" \/>\n\t<meta property=\"og:image:height\" content=\"800\" \/>\n\t<meta property=\"og:image:type\" content=\"image\/png\" \/>\n<meta name=\"twitter:card\" content=\"summary_large_image\" \/>\n<meta name=\"twitter:label1\" content=\"Estimated reading time\" \/>\n\t<meta name=\"twitter:data1\" content=\"2 minutes\" \/>\n<script type=\"application\/ld+json\" class=\"yoast-schema-graph\">{\"@context\":\"https:\/\/schema.org\",\"@graph\":[{\"@type\":\"WebPage\",\"@id\":\"https:\/\/veaeditori.it\/product\/cyberpunk-core-set\/\",\"url\":\"https:\/\/veaeditori.it\/product\/cyberpunk-core-set\/\",\"name\":\"Cyberpunk Core Set - VEA Editori\",\"isPartOf\":{\"@id\":\"https:\/\/veaeditori.it\/#website\"},\"primaryImageOfPage\":{\"@id\":\"https:\/\/veaeditori.it\/product\/cyberpunk-core-set\/#primaryimage\"},\"image\":{\"@id\":\"https:\/\/veaeditori.it\/product\/cyberpunk-core-set\/#primaryimage\"},\"thumbnailUrl\":\"https:\/\/veaeditori.it\/wp-content\/uploads\/2023\/03\/Cyberpunk-Main.png\",\"datePublished\":\"2023-03-27T11:28:42+00:00\",\"dateModified\":\"2025-03-18T21:29:24+00:00\",\"description\":\"Cyberpunk Core Set gli scenici in cartoncino contenuti nel set base di Core Space ma sono adatti per qualsiasi gioco a tema Sci-Fi\",\"breadcrumb\":{\"@id\":\"https:\/\/veaeditori.it\/product\/cyberpunk-core-set\/#breadcrumb\"},\"inLanguage\":\"en-GB\",\"potentialAction\":[{\"@type\":\"ReadAction\",\"target\":[\"https:\/\/veaeditori.it\/product\/cyberpunk-core-set\/\"]}]},{\"@type\":\"ImageObject\",\"inLanguage\":\"en-GB\",\"@id\":\"https:\/\/veaeditori.it\/product\/cyberpunk-core-set\/#primaryimage\",\"url\":\"https:\/\/veaeditori.it\/wp-content\/uploads\/2023\/03\/Cyberpunk-Main.png\",\"contentUrl\":\"https:\/\/veaeditori.it\/wp-content\/uploads\/2023\/03\/Cyberpunk-Main.png\",\"width\":1476,\"height\":1477,\"caption\":\"CyberPunk Scenici\"},{\"@type\":\"BreadcrumbList\",\"@id\":\"https:\/\/veaeditori.it\/product\/cyberpunk-core-set\/#breadcrumb\",\"itemListElement\":[{\"@type\":\"ListItem\",\"position\":1,\"name\":\"Home\",\"item\":\"https:\/\/veaeditori.it\/\"},{\"@type\":\"ListItem\",\"position\":2,\"name\":\"Shop\",\"item\":\"https:\/\/veaeditori.it\/shop\/\"},{\"@type\":\"ListItem\",\"position\":3,\"name\":\"Cyberpunk Core Set\"}]},{\"@type\":\"WebSite\",\"@id\":\"https:\/\/veaeditori.it\/#website\",\"url\":\"https:\/\/veaeditori.it\/\",\"name\":\"VEA Editori\",\"description\":\"Italian Wargame Publisher\",\"potentialAction\":[{\"@type\":\"SearchAction\",\"target\":{\"@type\":\"EntryPoint\",\"urlTemplate\":\"https:\/\/veaeditori.it\/?s={search_term_string}\"},\"query-input\":{\"@type\":\"PropertyValueSpecification\",\"valueRequired\":true,\"valueName\":\"search_term_string\"}}],\"inLanguage\":\"en-GB\"}]}<\/script>\n<!-- \/ Yoast SEO plugin. -->","yoast_head_json":{"title":"Cyberpunk Core Set - VEA Editori","description":"Cyberpunk Core Set gli scenici in cartoncino contenuti nel set base di Core Space ma sono adatti per qualsiasi gioco a tema Sci-Fi","robots":{"index":"index","follow":"follow","max-snippet":"max-snippet:-1","max-image-preview":"max-image-preview:large","max-video-preview":"max-video-preview:-1"},"canonical":"https:\/\/veaeditori.it\/en\/product\/cyberpunk-core-set\/","og_locale":"en_GB","og_type":"article","og_title":"Cyberpunk Core Set - VEA Editori","og_description":"Cyberpunk Core Set gli scenici in cartoncino contenuti nel set base di Core Space ma sono adatti per qualsiasi gioco a tema Sci-Fi","og_url":"https:\/\/veaeditori.it\/en\/product\/cyberpunk-core-set\/","og_site_name":"VEA Editori","article_publisher":"https:\/\/www.facebook.com\/veaspaziominiature","article_modified_time":"2025-03-18T21:29:24+00:00","og_image":[{"url":"https:\/\/veaeditori.it\/wp-content\/uploads\/2023\/03\/Cyberpunk-Main.png","width":799,"height":800,"type":"image\/png"}],"twitter_card":"summary_large_image","twitter_misc":{"Estimated reading time":"2 minutes"},"schema":{"@context":"https:\/\/schema.org","@graph":[{"@type":"WebPage","@id":"https:\/\/veaeditori.it\/product\/cyberpunk-core-set\/","url":"https:\/\/veaeditori.it\/product\/cyberpunk-core-set\/","name":"Cyberpunk Core Set - VEA Editori","isPartOf":{"@id":"https:\/\/veaeditori.it\/#website"},"primaryImageOfPage":{"@id":"https:\/\/veaeditori.it\/product\/cyberpunk-core-set\/#primaryimage"},"image":{"@id":"https:\/\/veaeditori.it\/product\/cyberpunk-core-set\/#primaryimage"},"thumbnailUrl":"https:\/\/veaeditori.it\/wp-content\/uploads\/2023\/03\/Cyberpunk-Main.png","datePublished":"2023-03-27T11:28:42+00:00","dateModified":"2025-03-18T21:29:24+00:00","description":"Cyberpunk Core Set gli scenici in cartoncino contenuti nel set base di Core Space ma sono adatti per qualsiasi gioco a tema Sci-Fi","breadcrumb":{"@id":"https:\/\/veaeditori.it\/product\/cyberpunk-core-set\/#breadcrumb"},"inLanguage":"en-GB","potentialAction":[{"@type":"ReadAction","target":["https:\/\/veaeditori.it\/product\/cyberpunk-core-set\/"]}]},{"@type":"ImageObject","inLanguage":"en-GB","@id":"https:\/\/veaeditori.it\/product\/cyberpunk-core-set\/#primaryimage","url":"https:\/\/veaeditori.it\/wp-content\/uploads\/2023\/03\/Cyberpunk-Main.png","contentUrl":"https:\/\/veaeditori.it\/wp-content\/uploads\/2023\/03\/Cyberpunk-Main.png","width":1476,"height":1477,"caption":"CyberPunk Scenici"},{"@type":"BreadcrumbList","@id":"https:\/\/veaeditori.it\/product\/cyberpunk-core-set\/#breadcrumb","itemListElement":[{"@type":"ListItem","position":1,"name":"Home","item":"https:\/\/veaeditori.it\/"},{"@type":"ListItem","position":2,"name":"Shop","item":"https:\/\/veaeditori.it\/shop\/"},{"@type":"ListItem","position":3,"name":"Cyberpunk Core Set"}]},{"@type":"WebSite","@id":"https:\/\/veaeditori.it\/#website","url":"https:\/\/veaeditori.it\/","name":"VEA Editori","description":"Italian Wargame Publisher","potentialAction":[{"@type":"SearchAction","target":{"@type":"EntryPoint","urlTemplate":"https:\/\/veaeditori.it\/?s={search_term_string}"},"query-input":{"@type":"PropertyValueSpecification","valueRequired":true,"valueName":"search_term_string"}}],"inLanguage":"en-GB"}]}},"_links":{"self":[{"href":"https:\/\/veaeditori.it\/en\/wp-json\/wp\/v2\/product\/1358","targetHints":{"allow":["GET"]}}],"collection":[{"href":"https:\/\/veaeditori.it\/en\/wp-json\/wp\/v2\/product"}],"about":[{"href":"https:\/\/veaeditori.it\/en\/wp-json\/wp\/v2\/types\/product"}],"replies":[{"embeddable":true,"href":"https:\/\/veaeditori.it\/en\/wp-json\/wp\/v2\/comments?post=1358"}],"wp:featuredmedia":[{"embeddable":true,"href":"https:\/\/veaeditori.it\/en\/wp-json\/wp\/v2\/media\/1360"}],"wp:attachment":[{"href":"https:\/\/veaeditori.it\/en\/wp-json\/wp\/v2\/media?parent=1358"}],"wp:term":[{"taxonomy":"product_brand","embeddable":true,"href":"https:\/\/veaeditori.it\/en\/wp-json\/wp\/v2\/product_brand?post=1358"},{"taxonomy":"product_cat","embeddable":true,"href":"https:\/\/veaeditori.it\/en\/wp-json\/wp\/v2\/product_cat?post=1358"},{"taxonomy":"product_tag","embeddable":true,"href":"https:\/\/veaeditori.it\/en\/wp-json\/wp\/v2\/product_tag?post=1358"}],"curies":[{"name":"wp","href":"https:\/\/api.w.org\/{rel}","templated":true}]}}