{"id":1471,"date":"2023-05-09T22:53:51","date_gmt":"2023-05-09T21:53:51","guid":{"rendered":"http:\/\/veaeditori.it\/?post_type=product&#038;p=1471"},"modified":"2026-03-20T11:08:55","modified_gmt":"2026-03-20T09:08:55","slug":"maladum-dungeons-of-enveron-retail-eng","status":"publish","type":"product","link":"https:\/\/veaeditori.it\/en\/product\/maladum-dungeons-of-enveron-retail-eng\/","title":{"rendered":"Maladum Dungeons of Enveron Retail ENG"},"content":{"rendered":"<p><em>Il mondo non \u00e8 pi\u00f9 come prima. Le antiche magie si agitano nella terra e il loro ritorno annuncia una nuova era di opportunit\u00e0 per coloro che hanno il coraggio di cogliere questi tempi gloriosi.<\/em><br \/>\n<em>Nelle tombe e nelle cripte dell&#8217;antichit\u00e0 si celano le leggende: un&#8217;indicibile prosperit\u00e0, un indicibile pericolo e la prospettiva sempre presente della gloria.<\/em><br \/>\n<em>I racconti delle vostre avventure riecheggeranno nei secoli e se nel corso delle circostanze la vostra banda di reprobi dovesse salvare il mondo, tanto meglio&#8230;<\/em><\/p>\n<p>Maladum \u00e8 un gioco da tavolo di miniature fantasy in cui il vostro gruppo di avventurieri si addentra in antichi sotterranei e insediamenti abbandonati per cercare fortuna.<br \/>\nIl gioco si svolge sul tabellone 3D altamente dettagliato incluso nella confezione. Gli avventurieri devono esplorare l&#8217;area, sconfiggere i nemici, completare le missioni e fuggire con tutto il bottino possibile! Il sistema di campagna completa segue il vostro gruppo di gioco da una partita all&#8217;altra, sviluppando le loro abilit\u00e0, potenziando il loro equipaggiamento e immergendovi nella loro storia.<br \/>\nMaladum si basa sul bestseller fantascientifico Core Space, ma \u00e8 stato rielaborato da zero per offrire un&#8217;esperienza fantasy avvincente e coinvolgente. Mantiene le semplici meccaniche di base, i PNG interattivi e l&#8217;esclusivo sistema di &#8220;ricerca reale&#8221;, ma integra perfettamente tutto ci\u00f2 che ci si aspetta da un dungeon crawler fantasy, dalle esotiche bestie erranti a ogni sorta di potere magico e armamento. La natura sandbox del gioco offre un&#8217;esperienza completamente personalizzabile, da un&#8217;avventura in stile RPG in solitaria a una schermaglia PvP in multiplayer.<\/p>\n<p>Una novit\u00e0 assoluta per Maladum \u00e8 un&#8217;intricata campagna ramificata, giocabile da soli o in cooperativa. Ogni decisione che prenderete e ogni obiettivo che completerete (o meno!) avr\u00e0 un effetto sul vostro percorso attraverso Enveron e sul destino finale del vostro gruppo. La campagna \u00e8 stata progettata con percorsi multipli, per continuare la narrazione indipendentemente dall&#8217;esito di ogni partita, e il registro della campagna che la accompagna tiene traccia dei risultati e delle ricompense uniche guadagnate dal vostro gruppo man mano che progredite.<\/p>\n<p>Maladum \u00e8 un gioco completamente autonomo: tutto il necessario per giocare, compreso un tappetino in neoprene da 60 cm ricoperto dai pluripremiati scenici Battle System (senza bisogno di colla o vernice!), \u00e8 incluso nella scatola.<\/p>\n<p><img loading=\"lazy\" decoding=\"async\" class=\"alignnone wp-image-1520\" src=\"https:\/\/veaeditori.it\/wp-content\/uploads\/2023\/05\/KS3.jpg\" alt=\"\" width=\"522\" height=\"522\" srcset=\"https:\/\/veaeditori.it\/wp-content\/uploads\/2023\/05\/KS3.jpg 2048w, https:\/\/veaeditori.it\/wp-content\/uploads\/2023\/05\/KS3-280x280.jpg 280w, https:\/\/veaeditori.it\/wp-content\/uploads\/2023\/05\/KS3-100x100.jpg 100w\" sizes=\"auto, (max-width: 522px) 100vw, 522px\" \/><\/p>\n<p><strong>Questa \u00e8 la sola scatola del gioco base completamente in Inglese! Se volete acquistare la localizzazione Italiana date un occhiata ai nostri bundle e language pack per ottenere un prezzo imbattibile!<\/strong><\/p>\n<p><strong><u>Contents<\/u><\/strong><\/p>\n<ul>\n<li>7 Adventurer Miniatures<\/li>\n<li>15 Revenant Miniatures<\/li>\n<li>6 Wandering Beast Miniatures<\/li>\n<li>4 Plastic Adventurer Dashboards<\/li>\n<li>4 Plastic NPC Dashboards<\/li>\n<li>1 Plastic Dread Tracker<\/li>\n<li>140 Plastic Pegs<\/li>\n<li>2 Clear Acrylic Range Rulers<\/li>\n<li>1 Token Pouch<\/li>\n<li>7 Dice<\/li>\n<li>50 Event Cards<\/li>\n<li>8 Reference Cards<\/li>\n<li>12 Character Boards<\/li>\n<li>7 Class Boards<\/li>\n<li>1 Staging Area\/Base Camp Board<\/li>\n<li>1 Dread Board<\/li>\n<li>5 Portals<\/li>\n<li>5 Illusions<\/li>\n<li>126 Counters<\/li>\n<li>169 Equipment Tokens<\/li>\n<li>1 Tutorial Booklet<\/li>\n<li>1 Rulebook<\/li>\n<li>1 Campaign Book<\/li>\n<li>1 Printed Neoprene Gaming Mat 2&#8242; x 2&#8242; \/ 60cm x 60cm<\/li>\n<li>Over 170 printed terrain components to build your 3D gaming area!<\/li>\n<\/ul>\n<p><strong><u>Additional Information<\/u><\/strong><\/p>\n<ul>\n<li>Product Code: BSGMDC001<\/li>\n<li>Barcode: 5060660092567<\/li>\n<li>Symbols: 14+<\/li>\n<li>Small Print:\n<ul>\n<li>Manufactured by Battle Systems Ltd, Suite B, Fairgate House, 205 Kings Road, Tyseley, Birmingham, B11 2AA, UK. This is not a toy. Contents may vary from those on the packaging. Not suitable for children under 36 months due to small parts. Retain packaging for future reference. Made in China. Maladum and all associated characters, names, places and things are \u2122 and \u00a9 Battle Systems Ltd 2023.<\/li>\n<li>Vertrieb in Deutschland durch Happyshops GmbH, Schokholtzstr. 6, D-06217 Merseburg. Dies ist kein Spielzeug.<\/li>\n<\/ul>\n<\/li>\n<\/ul>\n<p>&nbsp;<\/p>","protected":false},"excerpt":{"rendered":"<p>Maladum Dungeons of Enveron Retail ENG<\/p>","protected":false},"featured_media":3259,"comment_status":"open","ping_status":"closed","template":"","meta":[],"product_brand":[],"product_cat":[178],"product_tag":[],"class_list":{"0":"post-1471","1":"product","2":"type-product","3":"status-publish","4":"has-post-thumbnail","6":"product_cat-inglese","7":"product_shipping_class-standard","9":"first","10":"instock","11":"shipping-taxable","12":"product-type-simple"},"yoast_head":"<!-- This site is optimized with the Yoast SEO plugin v27.3 - https:\/\/yoast.com\/product\/yoast-seo-wordpress\/ -->\n<title>Maladum Dungeons of Enveron Retail ENG - VEA Editori<\/title>\n<meta name=\"description\" content=\"Pre-Ordine di Maladum Dungeons of Enveron Retail ENG, la versione retail quindi tutto meno gli stretch goal ma solo in inglese\" \/>\n<meta name=\"robots\" content=\"index, follow, max-snippet:-1, max-image-preview:large, max-video-preview:-1\" \/>\n<link rel=\"canonical\" href=\"https:\/\/veaeditori.it\/en\/product\/maladum-dungeons-of-enveron-retail-eng\/\" \/>\n<meta property=\"og:locale\" content=\"en_GB\" \/>\n<meta property=\"og:type\" content=\"article\" \/>\n<meta property=\"og:title\" content=\"Maladum Dungeons of Enveron Retail ENG - VEA Editori\" \/>\n<meta property=\"og:description\" content=\"Pre-Ordine di Maladum Dungeons of Enveron Retail ENG, la versione retail quindi tutto meno gli stretch goal ma solo in inglese\" \/>\n<meta property=\"og:url\" content=\"https:\/\/veaeditori.it\/en\/product\/maladum-dungeons-of-enveron-retail-eng\/\" \/>\n<meta property=\"og:site_name\" content=\"VEA Editori\" \/>\n<meta property=\"article:publisher\" content=\"https:\/\/www.facebook.com\/veaspaziominiature\" \/>\n<meta property=\"article:modified_time\" content=\"2026-03-20T09:08:55+00:00\" \/>\n<meta property=\"og:image\" content=\"https:\/\/veaeditori.it\/wp-content\/uploads\/2023\/05\/Maladum-Starter-Set-Isometric-Box.jpg\" \/>\n\t<meta property=\"og:image:width\" content=\"1000\" \/>\n\t<meta property=\"og:image:height\" content=\"1000\" \/>\n\t<meta property=\"og:image:type\" content=\"image\/jpeg\" \/>\n<meta name=\"twitter:card\" content=\"summary_large_image\" \/>\n<meta name=\"twitter:label1\" content=\"Estimated reading time\" \/>\n\t<meta name=\"twitter:data1\" content=\"4 minutes\" \/>\n<script type=\"application\/ld+json\" class=\"yoast-schema-graph\">{\"@context\":\"https:\\\/\\\/schema.org\",\"@graph\":[{\"@type\":\"WebPage\",\"@id\":\"https:\\\/\\\/veaeditori.it\\\/product\\\/maladum-dungeons-of-enveron-retail-eng\\\/\",\"url\":\"https:\\\/\\\/veaeditori.it\\\/product\\\/maladum-dungeons-of-enveron-retail-eng\\\/\",\"name\":\"Maladum Dungeons of Enveron Retail ENG - VEA Editori\",\"isPartOf\":{\"@id\":\"https:\\\/\\\/veaeditori.it\\\/#website\"},\"primaryImageOfPage\":{\"@id\":\"https:\\\/\\\/veaeditori.it\\\/product\\\/maladum-dungeons-of-enveron-retail-eng\\\/#primaryimage\"},\"image\":{\"@id\":\"https:\\\/\\\/veaeditori.it\\\/product\\\/maladum-dungeons-of-enveron-retail-eng\\\/#primaryimage\"},\"thumbnailUrl\":\"https:\\\/\\\/veaeditori.it\\\/wp-content\\\/uploads\\\/2023\\\/05\\\/Maladum-Starter-Set-Isometric-Box.jpg\",\"datePublished\":\"2023-05-09T21:53:51+00:00\",\"dateModified\":\"2026-03-20T09:08:55+00:00\",\"description\":\"Pre-Ordine di Maladum Dungeons of Enveron Retail ENG, la versione retail quindi tutto meno gli stretch goal ma solo in inglese\",\"breadcrumb\":{\"@id\":\"https:\\\/\\\/veaeditori.it\\\/product\\\/maladum-dungeons-of-enveron-retail-eng\\\/#breadcrumb\"},\"inLanguage\":\"en-GB\",\"potentialAction\":[{\"@type\":\"ReadAction\",\"target\":[\"https:\\\/\\\/veaeditori.it\\\/product\\\/maladum-dungeons-of-enveron-retail-eng\\\/\"]}]},{\"@type\":\"ImageObject\",\"inLanguage\":\"en-GB\",\"@id\":\"https:\\\/\\\/veaeditori.it\\\/product\\\/maladum-dungeons-of-enveron-retail-eng\\\/#primaryimage\",\"url\":\"https:\\\/\\\/veaeditori.it\\\/wp-content\\\/uploads\\\/2023\\\/05\\\/Maladum-Starter-Set-Isometric-Box.jpg\",\"contentUrl\":\"https:\\\/\\\/veaeditori.it\\\/wp-content\\\/uploads\\\/2023\\\/05\\\/Maladum-Starter-Set-Isometric-Box.jpg\",\"width\":1000,\"height\":1000},{\"@type\":\"BreadcrumbList\",\"@id\":\"https:\\\/\\\/veaeditori.it\\\/product\\\/maladum-dungeons-of-enveron-retail-eng\\\/#breadcrumb\",\"itemListElement\":[{\"@type\":\"ListItem\",\"position\":1,\"name\":\"Home\",\"item\":\"https:\\\/\\\/veaeditori.it\\\/\"},{\"@type\":\"ListItem\",\"position\":2,\"name\":\"Shop\",\"item\":\"https:\\\/\\\/veaeditori.it\\\/shop\\\/\"},{\"@type\":\"ListItem\",\"position\":3,\"name\":\"Maladum Dungeons of Enveron Retail ENG\"}]},{\"@type\":\"WebSite\",\"@id\":\"https:\\\/\\\/veaeditori.it\\\/#website\",\"url\":\"https:\\\/\\\/veaeditori.it\\\/\",\"name\":\"VEA Editori\",\"description\":\"Italian Wargame Publisher\",\"potentialAction\":[{\"@type\":\"SearchAction\",\"target\":{\"@type\":\"EntryPoint\",\"urlTemplate\":\"https:\\\/\\\/veaeditori.it\\\/?s={search_term_string}\"},\"query-input\":{\"@type\":\"PropertyValueSpecification\",\"valueRequired\":true,\"valueName\":\"search_term_string\"}}],\"inLanguage\":\"en-GB\"}]}<\/script>\n<!-- \/ Yoast SEO plugin. -->","yoast_head_json":{"title":"Maladum Dungeons of Enveron Retail ENG - VEA Editori","description":"Pre-Ordine di Maladum Dungeons of Enveron Retail ENG, la versione retail quindi tutto meno gli stretch goal ma solo in inglese","robots":{"index":"index","follow":"follow","max-snippet":"max-snippet:-1","max-image-preview":"max-image-preview:large","max-video-preview":"max-video-preview:-1"},"canonical":"https:\/\/veaeditori.it\/en\/product\/maladum-dungeons-of-enveron-retail-eng\/","og_locale":"en_GB","og_type":"article","og_title":"Maladum Dungeons of Enveron Retail ENG - VEA Editori","og_description":"Pre-Ordine di Maladum Dungeons of Enveron Retail ENG, la versione retail quindi tutto meno gli stretch goal ma solo in inglese","og_url":"https:\/\/veaeditori.it\/en\/product\/maladum-dungeons-of-enveron-retail-eng\/","og_site_name":"VEA Editori","article_publisher":"https:\/\/www.facebook.com\/veaspaziominiature","article_modified_time":"2026-03-20T09:08:55+00:00","og_image":[{"width":1000,"height":1000,"url":"https:\/\/veaeditori.it\/wp-content\/uploads\/2023\/05\/Maladum-Starter-Set-Isometric-Box.jpg","type":"image\/jpeg"}],"twitter_card":"summary_large_image","twitter_misc":{"Estimated reading time":"4 minutes"},"schema":{"@context":"https:\/\/schema.org","@graph":[{"@type":"WebPage","@id":"https:\/\/veaeditori.it\/product\/maladum-dungeons-of-enveron-retail-eng\/","url":"https:\/\/veaeditori.it\/product\/maladum-dungeons-of-enveron-retail-eng\/","name":"Maladum Dungeons of Enveron Retail ENG - VEA Editori","isPartOf":{"@id":"https:\/\/veaeditori.it\/#website"},"primaryImageOfPage":{"@id":"https:\/\/veaeditori.it\/product\/maladum-dungeons-of-enveron-retail-eng\/#primaryimage"},"image":{"@id":"https:\/\/veaeditori.it\/product\/maladum-dungeons-of-enveron-retail-eng\/#primaryimage"},"thumbnailUrl":"https:\/\/veaeditori.it\/wp-content\/uploads\/2023\/05\/Maladum-Starter-Set-Isometric-Box.jpg","datePublished":"2023-05-09T21:53:51+00:00","dateModified":"2026-03-20T09:08:55+00:00","description":"Pre-Ordine di Maladum Dungeons of Enveron Retail ENG, la versione retail quindi tutto meno gli stretch goal ma solo in inglese","breadcrumb":{"@id":"https:\/\/veaeditori.it\/product\/maladum-dungeons-of-enveron-retail-eng\/#breadcrumb"},"inLanguage":"en-GB","potentialAction":[{"@type":"ReadAction","target":["https:\/\/veaeditori.it\/product\/maladum-dungeons-of-enveron-retail-eng\/"]}]},{"@type":"ImageObject","inLanguage":"en-GB","@id":"https:\/\/veaeditori.it\/product\/maladum-dungeons-of-enveron-retail-eng\/#primaryimage","url":"https:\/\/veaeditori.it\/wp-content\/uploads\/2023\/05\/Maladum-Starter-Set-Isometric-Box.jpg","contentUrl":"https:\/\/veaeditori.it\/wp-content\/uploads\/2023\/05\/Maladum-Starter-Set-Isometric-Box.jpg","width":1000,"height":1000},{"@type":"BreadcrumbList","@id":"https:\/\/veaeditori.it\/product\/maladum-dungeons-of-enveron-retail-eng\/#breadcrumb","itemListElement":[{"@type":"ListItem","position":1,"name":"Home","item":"https:\/\/veaeditori.it\/"},{"@type":"ListItem","position":2,"name":"Shop","item":"https:\/\/veaeditori.it\/shop\/"},{"@type":"ListItem","position":3,"name":"Maladum Dungeons of Enveron Retail ENG"}]},{"@type":"WebSite","@id":"https:\/\/veaeditori.it\/#website","url":"https:\/\/veaeditori.it\/","name":"VEA Editori","description":"Italian Wargame Publisher","potentialAction":[{"@type":"SearchAction","target":{"@type":"EntryPoint","urlTemplate":"https:\/\/veaeditori.it\/?s={search_term_string}"},"query-input":{"@type":"PropertyValueSpecification","valueRequired":true,"valueName":"search_term_string"}}],"inLanguage":"en-GB"}]}},"_links":{"self":[{"href":"https:\/\/veaeditori.it\/en\/wp-json\/wp\/v2\/product\/1471","targetHints":{"allow":["GET"]}}],"collection":[{"href":"https:\/\/veaeditori.it\/en\/wp-json\/wp\/v2\/product"}],"about":[{"href":"https:\/\/veaeditori.it\/en\/wp-json\/wp\/v2\/types\/product"}],"replies":[{"embeddable":true,"href":"https:\/\/veaeditori.it\/en\/wp-json\/wp\/v2\/comments?post=1471"}],"wp:featuredmedia":[{"embeddable":true,"href":"https:\/\/veaeditori.it\/en\/wp-json\/wp\/v2\/media\/3259"}],"wp:attachment":[{"href":"https:\/\/veaeditori.it\/en\/wp-json\/wp\/v2\/media?parent=1471"}],"wp:term":[{"taxonomy":"product_brand","embeddable":true,"href":"https:\/\/veaeditori.it\/en\/wp-json\/wp\/v2\/product_brand?post=1471"},{"taxonomy":"product_cat","embeddable":true,"href":"https:\/\/veaeditori.it\/en\/wp-json\/wp\/v2\/product_cat?post=1471"},{"taxonomy":"product_tag","embeddable":true,"href":"https:\/\/veaeditori.it\/en\/wp-json\/wp\/v2\/product_tag?post=1471"}],"curies":[{"name":"wp","href":"https:\/\/api.w.org\/{rel}","templated":true}]}}