{"id":1541,"date":"2023-05-10T09:50:32","date_gmt":"2023-05-10T08:50:32","guid":{"rendered":"http:\/\/veaeditori.it\/?post_type=product&#038;p=1541"},"modified":"2026-03-20T11:10:18","modified_gmt":"2026-03-20T09:10:18","slug":"maladum-adventurer-dashboards","status":"publish","type":"product","link":"https:\/\/veaeditori.it\/en\/product\/maladum-adventurer-dashboards\/","title":{"rendered":"Maladum Adventurer Dashboards"},"content":{"rendered":"<p>Maladum Adventurer Dashboards<\/p>\n<p><strong>PRE-ORDINE<\/strong><\/p>\n<p><strong>Si ricorda che questo articolo \u00e8 un pre-ordine e come tale non verr\u00e0 consegnato fino a data ancora non stabilit\u00e0 nella prima met\u00e0 del 2024. La data di consegna non dipende da VEA Editori ma dalle tempistiche tecniche imposte dalla produzione del gioco e da Battle System. Non ci riteniamo responsabili qualora si dovessero verificare ritardi di qualsiasi tipo.<\/strong><\/p>\n<div class=\"gfu-product-content _mt-3\">Questo booster pack per Maladum contiene un numero di plance di plastica e di piolini colorati sufficiente per un intero Gruppo di Avventurieri. Sono identici a quelli del set iniziale e sono fondamentali per le partite a pi\u00f9 giocatori con pi\u00f9 gruppi: \u00e8 necessario un set per ogni gruppo aggiuntivo.<br \/>\nLa confezione include anche un punto di Raccolta, un&#8217;area di Raccolta e tutti i segnalini e le pedine equipaggiamento necessari per una Squadra.<br \/>\nRichiede un set iniziale Maladum per giocare.<\/div>\n<div><\/div>\n<div>\n<p><strong><u>Contenuti<\/u><\/strong><\/p>\n<ul>\n<li>4 Plastic Adventurer Dashboards<\/li>\n<li>80 Plastic Pegs<\/li>\n<li>1 Staging Area\/Base Camp Board<\/li>\n<li>28 Counters<\/li>\n<li>22 Equipment Tokens<\/li>\n<\/ul>\n<p><strong><u><br \/>\n<\/u><\/strong><strong><u>Additional Information<\/u><\/strong><\/p>\n<ul>\n<li>Product Code: BSGMDA001<\/li>\n<li>Barcode: 5060660091010<\/li>\n<li>Symbols: 14+<\/li>\n<li>Small Print:\n<ul>\n<li>Prodotto da Battle Systems Ltd, Suite B, Fairgate House, 205 Kings Road, Tyseley, Birmingham, B11 2AA, Regno Unito. Non si tratta di un giocattolo. Il contenuto pu\u00f2 variare rispetto alla confezione. Non adatto a bambini di et\u00e0 inferiore a 36 mesi a causa delle piccole parti. Conservare la confezione per riferimenti futuri. Prodotto in Cina. Maladum e tutti i personaggi, i nomi, i luoghi e gli oggetti associati sono \u2122 e \u00a9 Battle Systems Ltd 2023.<\/li>\n<li>Vertrieb in Deutschland durch Happyshops GmbH, Schokholtzstr. 6, D-06217 Merseburg. Dies ist kein Spielzeug.c<\/li>\n<\/ul>\n<\/li>\n<\/ul>\n<\/div>","protected":false},"excerpt":{"rendered":"<p>Maladum Adventurer Dashboards<\/p>","protected":false},"featured_media":3250,"comment_status":"open","ping_status":"closed","template":"","meta":[],"product_brand":[],"product_cat":[150],"product_tag":[],"class_list":{"0":"post-1541","1":"product","2":"type-product","3":"status-publish","4":"has-post-thumbnail","6":"product_cat-accessori-maladum","7":"product_shipping_class-standard","9":"first","10":"instock","11":"shipping-taxable","12":"purchasable","13":"product-type-simple"},"yoast_head":"<!-- This site is optimized with the Yoast SEO plugin v27.2 - https:\/\/yoast.com\/product\/yoast-seo-wordpress\/ -->\n<title>Maladum Adventurer Dashboards - VEA Editori<\/title>\n<meta name=\"description\" content=\"Maladum Adventurer Dashboards ulteriori plance di gioco per 1 altro giocatore e ampliare la tua compagnia di avventurieri\" \/>\n<meta name=\"robots\" content=\"index, follow, max-snippet:-1, max-image-preview:large, max-video-preview:-1\" \/>\n<link rel=\"canonical\" href=\"https:\/\/veaeditori.it\/en\/product\/maladum-adventurer-dashboards\/\" \/>\n<meta property=\"og:locale\" content=\"en_GB\" \/>\n<meta property=\"og:type\" content=\"article\" \/>\n<meta property=\"og:title\" content=\"Maladum Adventurer Dashboards - VEA Editori\" \/>\n<meta property=\"og:description\" content=\"Maladum Adventurer Dashboards ulteriori plance di gioco per 1 altro giocatore e ampliare la tua compagnia di avventurieri\" \/>\n<meta property=\"og:url\" content=\"https:\/\/veaeditori.it\/en\/product\/maladum-adventurer-dashboards\/\" \/>\n<meta property=\"og:site_name\" content=\"VEA Editori\" \/>\n<meta property=\"article:publisher\" content=\"https:\/\/www.facebook.com\/veaspaziominiature\" \/>\n<meta property=\"article:modified_time\" content=\"2026-03-20T09:10:18+00:00\" \/>\n<meta property=\"og:image\" content=\"https:\/\/veaeditori.it\/wp-content\/uploads\/2023\/05\/Maladum-Adventurer-Dashboards-Isometric-Box.jpg\" \/>\n\t<meta property=\"og:image:width\" content=\"1428\" \/>\n\t<meta property=\"og:image:height\" content=\"1100\" \/>\n\t<meta property=\"og:image:type\" content=\"image\/jpeg\" \/>\n<meta name=\"twitter:card\" content=\"summary_large_image\" \/>\n<meta name=\"twitter:label1\" content=\"Estimated reading time\" \/>\n\t<meta name=\"twitter:data1\" content=\"2 minutes\" \/>\n<script type=\"application\/ld+json\" class=\"yoast-schema-graph\">{\"@context\":\"https:\/\/schema.org\",\"@graph\":[{\"@type\":\"WebPage\",\"@id\":\"https:\/\/veaeditori.it\/product\/maladum-adventurer-dashboards\/\",\"url\":\"https:\/\/veaeditori.it\/product\/maladum-adventurer-dashboards\/\",\"name\":\"Maladum Adventurer Dashboards - VEA Editori\",\"isPartOf\":{\"@id\":\"https:\/\/veaeditori.it\/#website\"},\"primaryImageOfPage\":{\"@id\":\"https:\/\/veaeditori.it\/product\/maladum-adventurer-dashboards\/#primaryimage\"},\"image\":{\"@id\":\"https:\/\/veaeditori.it\/product\/maladum-adventurer-dashboards\/#primaryimage\"},\"thumbnailUrl\":\"https:\/\/veaeditori.it\/wp-content\/uploads\/2023\/05\/Maladum-Adventurer-Dashboards-Isometric-Box.jpg\",\"datePublished\":\"2023-05-10T08:50:32+00:00\",\"dateModified\":\"2026-03-20T09:10:18+00:00\",\"description\":\"Maladum Adventurer Dashboards ulteriori plance di gioco per 1 altro giocatore e ampliare la tua compagnia di avventurieri\",\"breadcrumb\":{\"@id\":\"https:\/\/veaeditori.it\/product\/maladum-adventurer-dashboards\/#breadcrumb\"},\"inLanguage\":\"en-GB\",\"potentialAction\":[{\"@type\":\"ReadAction\",\"target\":[\"https:\/\/veaeditori.it\/product\/maladum-adventurer-dashboards\/\"]}]},{\"@type\":\"ImageObject\",\"inLanguage\":\"en-GB\",\"@id\":\"https:\/\/veaeditori.it\/product\/maladum-adventurer-dashboards\/#primaryimage\",\"url\":\"https:\/\/veaeditori.it\/wp-content\/uploads\/2023\/05\/Maladum-Adventurer-Dashboards-Isometric-Box.jpg\",\"contentUrl\":\"https:\/\/veaeditori.it\/wp-content\/uploads\/2023\/05\/Maladum-Adventurer-Dashboards-Isometric-Box.jpg\",\"width\":1428,\"height\":1100},{\"@type\":\"BreadcrumbList\",\"@id\":\"https:\/\/veaeditori.it\/product\/maladum-adventurer-dashboards\/#breadcrumb\",\"itemListElement\":[{\"@type\":\"ListItem\",\"position\":1,\"name\":\"Home\",\"item\":\"https:\/\/veaeditori.it\/\"},{\"@type\":\"ListItem\",\"position\":2,\"name\":\"Shop\",\"item\":\"https:\/\/veaeditori.it\/shop\/\"},{\"@type\":\"ListItem\",\"position\":3,\"name\":\"Maladum Adventurer Dashboards\"}]},{\"@type\":\"WebSite\",\"@id\":\"https:\/\/veaeditori.it\/#website\",\"url\":\"https:\/\/veaeditori.it\/\",\"name\":\"VEA Editori\",\"description\":\"Italian Wargame Publisher\",\"potentialAction\":[{\"@type\":\"SearchAction\",\"target\":{\"@type\":\"EntryPoint\",\"urlTemplate\":\"https:\/\/veaeditori.it\/?s={search_term_string}\"},\"query-input\":{\"@type\":\"PropertyValueSpecification\",\"valueRequired\":true,\"valueName\":\"search_term_string\"}}],\"inLanguage\":\"en-GB\"}]}<\/script>\n<!-- \/ Yoast SEO plugin. -->","yoast_head_json":{"title":"Maladum Adventurer Dashboards - VEA Editori","description":"Maladum Adventurer Dashboards ulteriori plance di gioco per 1 altro giocatore e ampliare la tua compagnia di avventurieri","robots":{"index":"index","follow":"follow","max-snippet":"max-snippet:-1","max-image-preview":"max-image-preview:large","max-video-preview":"max-video-preview:-1"},"canonical":"https:\/\/veaeditori.it\/en\/product\/maladum-adventurer-dashboards\/","og_locale":"en_GB","og_type":"article","og_title":"Maladum Adventurer Dashboards - VEA Editori","og_description":"Maladum Adventurer Dashboards ulteriori plance di gioco per 1 altro giocatore e ampliare la tua compagnia di avventurieri","og_url":"https:\/\/veaeditori.it\/en\/product\/maladum-adventurer-dashboards\/","og_site_name":"VEA Editori","article_publisher":"https:\/\/www.facebook.com\/veaspaziominiature","article_modified_time":"2026-03-20T09:10:18+00:00","og_image":[{"width":1428,"height":1100,"url":"https:\/\/veaeditori.it\/wp-content\/uploads\/2023\/05\/Maladum-Adventurer-Dashboards-Isometric-Box.jpg","type":"image\/jpeg"}],"twitter_card":"summary_large_image","twitter_misc":{"Estimated reading time":"2 minutes"},"schema":{"@context":"https:\/\/schema.org","@graph":[{"@type":"WebPage","@id":"https:\/\/veaeditori.it\/product\/maladum-adventurer-dashboards\/","url":"https:\/\/veaeditori.it\/product\/maladum-adventurer-dashboards\/","name":"Maladum Adventurer Dashboards - VEA Editori","isPartOf":{"@id":"https:\/\/veaeditori.it\/#website"},"primaryImageOfPage":{"@id":"https:\/\/veaeditori.it\/product\/maladum-adventurer-dashboards\/#primaryimage"},"image":{"@id":"https:\/\/veaeditori.it\/product\/maladum-adventurer-dashboards\/#primaryimage"},"thumbnailUrl":"https:\/\/veaeditori.it\/wp-content\/uploads\/2023\/05\/Maladum-Adventurer-Dashboards-Isometric-Box.jpg","datePublished":"2023-05-10T08:50:32+00:00","dateModified":"2026-03-20T09:10:18+00:00","description":"Maladum Adventurer Dashboards ulteriori plance di gioco per 1 altro giocatore e ampliare la tua compagnia di avventurieri","breadcrumb":{"@id":"https:\/\/veaeditori.it\/product\/maladum-adventurer-dashboards\/#breadcrumb"},"inLanguage":"en-GB","potentialAction":[{"@type":"ReadAction","target":["https:\/\/veaeditori.it\/product\/maladum-adventurer-dashboards\/"]}]},{"@type":"ImageObject","inLanguage":"en-GB","@id":"https:\/\/veaeditori.it\/product\/maladum-adventurer-dashboards\/#primaryimage","url":"https:\/\/veaeditori.it\/wp-content\/uploads\/2023\/05\/Maladum-Adventurer-Dashboards-Isometric-Box.jpg","contentUrl":"https:\/\/veaeditori.it\/wp-content\/uploads\/2023\/05\/Maladum-Adventurer-Dashboards-Isometric-Box.jpg","width":1428,"height":1100},{"@type":"BreadcrumbList","@id":"https:\/\/veaeditori.it\/product\/maladum-adventurer-dashboards\/#breadcrumb","itemListElement":[{"@type":"ListItem","position":1,"name":"Home","item":"https:\/\/veaeditori.it\/"},{"@type":"ListItem","position":2,"name":"Shop","item":"https:\/\/veaeditori.it\/shop\/"},{"@type":"ListItem","position":3,"name":"Maladum Adventurer Dashboards"}]},{"@type":"WebSite","@id":"https:\/\/veaeditori.it\/#website","url":"https:\/\/veaeditori.it\/","name":"VEA Editori","description":"Italian Wargame Publisher","potentialAction":[{"@type":"SearchAction","target":{"@type":"EntryPoint","urlTemplate":"https:\/\/veaeditori.it\/?s={search_term_string}"},"query-input":{"@type":"PropertyValueSpecification","valueRequired":true,"valueName":"search_term_string"}}],"inLanguage":"en-GB"}]}},"_links":{"self":[{"href":"https:\/\/veaeditori.it\/en\/wp-json\/wp\/v2\/product\/1541","targetHints":{"allow":["GET"]}}],"collection":[{"href":"https:\/\/veaeditori.it\/en\/wp-json\/wp\/v2\/product"}],"about":[{"href":"https:\/\/veaeditori.it\/en\/wp-json\/wp\/v2\/types\/product"}],"replies":[{"embeddable":true,"href":"https:\/\/veaeditori.it\/en\/wp-json\/wp\/v2\/comments?post=1541"}],"wp:featuredmedia":[{"embeddable":true,"href":"https:\/\/veaeditori.it\/en\/wp-json\/wp\/v2\/media\/3250"}],"wp:attachment":[{"href":"https:\/\/veaeditori.it\/en\/wp-json\/wp\/v2\/media?parent=1541"}],"wp:term":[{"taxonomy":"product_brand","embeddable":true,"href":"https:\/\/veaeditori.it\/en\/wp-json\/wp\/v2\/product_brand?post=1541"},{"taxonomy":"product_cat","embeddable":true,"href":"https:\/\/veaeditori.it\/en\/wp-json\/wp\/v2\/product_cat?post=1541"},{"taxonomy":"product_tag","embeddable":true,"href":"https:\/\/veaeditori.it\/en\/wp-json\/wp\/v2\/product_tag?post=1541"}],"curies":[{"name":"wp","href":"https:\/\/api.w.org\/{rel}","templated":true}]}}