{"id":1542,"date":"2023-05-10T09:50:32","date_gmt":"2023-05-10T08:50:32","guid":{"rendered":"http:\/\/veaeditori.it\/?post_type=product&#038;p=1542"},"modified":"2026-03-20T11:10:24","modified_gmt":"2026-03-20T09:10:24","slug":"maladum-dungeons-of-enveron-dice","status":"publish","type":"product","link":"https:\/\/veaeditori.it\/en\/product\/maladum-dungeons-of-enveron-dice\/","title":{"rendered":"Maladum Dungeons of Enveron Dadi"},"content":{"rendered":"<p>Maladum Dungeons of Enveron Dice<\/p>\n<p><strong>PRE-ORDINE<\/strong><\/p>\n<p><strong>Si ricorda che questo articolo \u00e8 un pre-ordine e come tale non verr\u00e0 consegnato fino a data ancora non stabilit\u00e0 nella prima met\u00e0 del 2024. La data di consegna non dipende da VEA Editori ma dalle tempistiche tecniche imposte dalla produzione del gioco e da Battle System. Non ci riteniamo responsabili qualora si dovessero verificare ritardi di qualsiasi tipo.<\/strong><\/p>\n<div class=\"gfu-product-content _mt-3\">Questo booster pack per Maladum contiene un set di otto dadi personalizzati con effetto perla, proprio come quelli del set iniziale, e un dado Magia Proibita. Sono perfetti per le partite con pi\u00f9 giocatori o per quando non si vuole condividere!<br \/>\nPer giocare \u00e8 necessario il set iniziale di Maladum Dungeons of Enveron.<\/div>\n<div>\n<p><strong><u>Contenuti<\/u><\/strong><\/p>\n<ul>\n<li>4 Red Combat Dice<\/li>\n<li>1 Blue Combat Die<\/li>\n<li>1 Revenant Die<\/li>\n<li>1 Magic Die<\/li>\n<li>1 Forbidden Magic Die<\/li>\n<\/ul>\n<p><strong><u><br \/>\n<\/u><\/strong><strong><u>Additional Information<\/u><\/strong><\/p>\n<ul>\n<li>Product Code: BSGMDA002<\/li>\n<li>Barcode: 5060660091027<\/li>\n<li>Symbols: 14+<\/li>\n<li>Small Print:\n<ul>\n<li>Manufactured by Battle Systems Ltd, Suite B, Fairgate House, 205 Kings Road, Tyseley, Birmingham, B11 2AA, UK. This is not a toy. Contents may vary from those on the packaging. Not suitable for children under 36 months due to small parts. Retain packaging for future reference. Made in China. Maladum and all associated characters, names, places and things are \u2122 and \u00a9 Battle Systems Ltd 2023.<\/li>\n<li>Vertrieb in Deutschland durch Happyshops GmbH, Schokholtzstr. 6, D-06217 Merseburg. Dies ist kein Spielzeug.<\/li>\n<\/ul>\n<\/li>\n<\/ul>\n<\/div>","protected":false},"excerpt":{"rendered":"<p>Maladum Dungeons of Enveron Dice<\/p>","protected":false},"featured_media":3255,"comment_status":"open","ping_status":"closed","template":"","meta":[],"product_brand":[],"product_cat":[150],"product_tag":[],"class_list":{"0":"post-1542","1":"product","2":"type-product","3":"status-publish","4":"has-post-thumbnail","6":"product_cat-accessori-maladum","7":"product_shipping_class-standard","9":"first","10":"instock","11":"shipping-taxable","12":"purchasable","13":"product-type-simple"},"yoast_head":"<!-- This site is optimized with the Yoast SEO plugin v27.3 - https:\/\/yoast.com\/product\/yoast-seo-wordpress\/ -->\n<title>Maladum Dungeons of Enveron Dadi - VEA Editori<\/title>\n<meta name=\"description\" content=\"Maladum Dungeons of Enveron Dice sono dei dadi aggiuntivi per migliorare l&#039;esperienza di gioco quando si e&#039; in piu&#039; giocatori\" \/>\n<meta name=\"robots\" content=\"index, follow, max-snippet:-1, max-image-preview:large, max-video-preview:-1\" \/>\n<link rel=\"canonical\" href=\"https:\/\/veaeditori.it\/en\/product\/maladum-dungeons-of-enveron-dice\/\" \/>\n<meta property=\"og:locale\" content=\"en_GB\" \/>\n<meta property=\"og:type\" content=\"article\" \/>\n<meta property=\"og:title\" content=\"Maladum Dungeons of Enveron Dadi - VEA Editori\" \/>\n<meta property=\"og:description\" content=\"Maladum Dungeons of Enveron Dice sono dei dadi aggiuntivi per migliorare l&#039;esperienza di gioco quando si e&#039; in piu&#039; giocatori\" \/>\n<meta property=\"og:url\" content=\"https:\/\/veaeditori.it\/en\/product\/maladum-dungeons-of-enveron-dice\/\" \/>\n<meta property=\"og:site_name\" content=\"VEA Editori\" \/>\n<meta property=\"article:publisher\" content=\"https:\/\/www.facebook.com\/veaspaziominiature\" \/>\n<meta property=\"article:modified_time\" content=\"2026-03-20T09:10:24+00:00\" \/>\n<meta property=\"og:image\" content=\"https:\/\/veaeditori.it\/wp-content\/uploads\/2023\/05\/Maladum-Dice-Isometric-Box.jpg\" \/>\n\t<meta property=\"og:image:width\" content=\"1428\" \/>\n\t<meta property=\"og:image:height\" content=\"1100\" \/>\n\t<meta property=\"og:image:type\" content=\"image\/jpeg\" \/>\n<meta name=\"twitter:card\" content=\"summary_large_image\" \/>\n<meta name=\"twitter:label1\" content=\"Estimated reading time\" \/>\n\t<meta name=\"twitter:data1\" content=\"2 minutes\" \/>\n<script type=\"application\/ld+json\" class=\"yoast-schema-graph\">{\"@context\":\"https:\\\/\\\/schema.org\",\"@graph\":[{\"@type\":\"WebPage\",\"@id\":\"https:\\\/\\\/veaeditori.it\\\/product\\\/maladum-dungeons-of-enveron-dice\\\/\",\"url\":\"https:\\\/\\\/veaeditori.it\\\/product\\\/maladum-dungeons-of-enveron-dice\\\/\",\"name\":\"Maladum Dungeons of Enveron Dadi - VEA Editori\",\"isPartOf\":{\"@id\":\"https:\\\/\\\/veaeditori.it\\\/#website\"},\"primaryImageOfPage\":{\"@id\":\"https:\\\/\\\/veaeditori.it\\\/product\\\/maladum-dungeons-of-enveron-dice\\\/#primaryimage\"},\"image\":{\"@id\":\"https:\\\/\\\/veaeditori.it\\\/product\\\/maladum-dungeons-of-enveron-dice\\\/#primaryimage\"},\"thumbnailUrl\":\"https:\\\/\\\/veaeditori.it\\\/wp-content\\\/uploads\\\/2023\\\/05\\\/Maladum-Dice-Isometric-Box.jpg\",\"datePublished\":\"2023-05-10T08:50:32+00:00\",\"dateModified\":\"2026-03-20T09:10:24+00:00\",\"description\":\"Maladum Dungeons of Enveron Dice sono dei dadi aggiuntivi per migliorare l'esperienza di gioco quando si e' in piu' giocatori\",\"breadcrumb\":{\"@id\":\"https:\\\/\\\/veaeditori.it\\\/product\\\/maladum-dungeons-of-enveron-dice\\\/#breadcrumb\"},\"inLanguage\":\"en-GB\",\"potentialAction\":[{\"@type\":\"ReadAction\",\"target\":[\"https:\\\/\\\/veaeditori.it\\\/product\\\/maladum-dungeons-of-enveron-dice\\\/\"]}]},{\"@type\":\"ImageObject\",\"inLanguage\":\"en-GB\",\"@id\":\"https:\\\/\\\/veaeditori.it\\\/product\\\/maladum-dungeons-of-enveron-dice\\\/#primaryimage\",\"url\":\"https:\\\/\\\/veaeditori.it\\\/wp-content\\\/uploads\\\/2023\\\/05\\\/Maladum-Dice-Isometric-Box.jpg\",\"contentUrl\":\"https:\\\/\\\/veaeditori.it\\\/wp-content\\\/uploads\\\/2023\\\/05\\\/Maladum-Dice-Isometric-Box.jpg\",\"width\":1428,\"height\":1100},{\"@type\":\"BreadcrumbList\",\"@id\":\"https:\\\/\\\/veaeditori.it\\\/product\\\/maladum-dungeons-of-enveron-dice\\\/#breadcrumb\",\"itemListElement\":[{\"@type\":\"ListItem\",\"position\":1,\"name\":\"Home\",\"item\":\"https:\\\/\\\/veaeditori.it\\\/\"},{\"@type\":\"ListItem\",\"position\":2,\"name\":\"Shop\",\"item\":\"https:\\\/\\\/veaeditori.it\\\/shop\\\/\"},{\"@type\":\"ListItem\",\"position\":3,\"name\":\"Maladum Dungeons of Enveron Dadi\"}]},{\"@type\":\"WebSite\",\"@id\":\"https:\\\/\\\/veaeditori.it\\\/#website\",\"url\":\"https:\\\/\\\/veaeditori.it\\\/\",\"name\":\"VEA Editori\",\"description\":\"Italian Wargame Publisher\",\"potentialAction\":[{\"@type\":\"SearchAction\",\"target\":{\"@type\":\"EntryPoint\",\"urlTemplate\":\"https:\\\/\\\/veaeditori.it\\\/?s={search_term_string}\"},\"query-input\":{\"@type\":\"PropertyValueSpecification\",\"valueRequired\":true,\"valueName\":\"search_term_string\"}}],\"inLanguage\":\"en-GB\"}]}<\/script>\n<!-- \/ Yoast SEO plugin. -->","yoast_head_json":{"title":"Maladum Dungeons of Enveron Dadi - VEA Editori","description":"Maladum Dungeons of Enveron Dice sono dei dadi aggiuntivi per migliorare l'esperienza di gioco quando si e' in piu' giocatori","robots":{"index":"index","follow":"follow","max-snippet":"max-snippet:-1","max-image-preview":"max-image-preview:large","max-video-preview":"max-video-preview:-1"},"canonical":"https:\/\/veaeditori.it\/en\/product\/maladum-dungeons-of-enveron-dice\/","og_locale":"en_GB","og_type":"article","og_title":"Maladum Dungeons of Enveron Dadi - VEA Editori","og_description":"Maladum Dungeons of Enveron Dice sono dei dadi aggiuntivi per migliorare l'esperienza di gioco quando si e' in piu' giocatori","og_url":"https:\/\/veaeditori.it\/en\/product\/maladum-dungeons-of-enveron-dice\/","og_site_name":"VEA Editori","article_publisher":"https:\/\/www.facebook.com\/veaspaziominiature","article_modified_time":"2026-03-20T09:10:24+00:00","og_image":[{"width":1428,"height":1100,"url":"https:\/\/veaeditori.it\/wp-content\/uploads\/2023\/05\/Maladum-Dice-Isometric-Box.jpg","type":"image\/jpeg"}],"twitter_card":"summary_large_image","twitter_misc":{"Estimated reading time":"2 minutes"},"schema":{"@context":"https:\/\/schema.org","@graph":[{"@type":"WebPage","@id":"https:\/\/veaeditori.it\/product\/maladum-dungeons-of-enveron-dice\/","url":"https:\/\/veaeditori.it\/product\/maladum-dungeons-of-enveron-dice\/","name":"Maladum Dungeons of Enveron Dadi - VEA Editori","isPartOf":{"@id":"https:\/\/veaeditori.it\/#website"},"primaryImageOfPage":{"@id":"https:\/\/veaeditori.it\/product\/maladum-dungeons-of-enveron-dice\/#primaryimage"},"image":{"@id":"https:\/\/veaeditori.it\/product\/maladum-dungeons-of-enveron-dice\/#primaryimage"},"thumbnailUrl":"https:\/\/veaeditori.it\/wp-content\/uploads\/2023\/05\/Maladum-Dice-Isometric-Box.jpg","datePublished":"2023-05-10T08:50:32+00:00","dateModified":"2026-03-20T09:10:24+00:00","description":"Maladum Dungeons of Enveron Dice sono dei dadi aggiuntivi per migliorare l'esperienza di gioco quando si e' in piu' giocatori","breadcrumb":{"@id":"https:\/\/veaeditori.it\/product\/maladum-dungeons-of-enveron-dice\/#breadcrumb"},"inLanguage":"en-GB","potentialAction":[{"@type":"ReadAction","target":["https:\/\/veaeditori.it\/product\/maladum-dungeons-of-enveron-dice\/"]}]},{"@type":"ImageObject","inLanguage":"en-GB","@id":"https:\/\/veaeditori.it\/product\/maladum-dungeons-of-enveron-dice\/#primaryimage","url":"https:\/\/veaeditori.it\/wp-content\/uploads\/2023\/05\/Maladum-Dice-Isometric-Box.jpg","contentUrl":"https:\/\/veaeditori.it\/wp-content\/uploads\/2023\/05\/Maladum-Dice-Isometric-Box.jpg","width":1428,"height":1100},{"@type":"BreadcrumbList","@id":"https:\/\/veaeditori.it\/product\/maladum-dungeons-of-enveron-dice\/#breadcrumb","itemListElement":[{"@type":"ListItem","position":1,"name":"Home","item":"https:\/\/veaeditori.it\/"},{"@type":"ListItem","position":2,"name":"Shop","item":"https:\/\/veaeditori.it\/shop\/"},{"@type":"ListItem","position":3,"name":"Maladum Dungeons of Enveron Dadi"}]},{"@type":"WebSite","@id":"https:\/\/veaeditori.it\/#website","url":"https:\/\/veaeditori.it\/","name":"VEA Editori","description":"Italian Wargame Publisher","potentialAction":[{"@type":"SearchAction","target":{"@type":"EntryPoint","urlTemplate":"https:\/\/veaeditori.it\/?s={search_term_string}"},"query-input":{"@type":"PropertyValueSpecification","valueRequired":true,"valueName":"search_term_string"}}],"inLanguage":"en-GB"}]}},"_links":{"self":[{"href":"https:\/\/veaeditori.it\/en\/wp-json\/wp\/v2\/product\/1542","targetHints":{"allow":["GET"]}}],"collection":[{"href":"https:\/\/veaeditori.it\/en\/wp-json\/wp\/v2\/product"}],"about":[{"href":"https:\/\/veaeditori.it\/en\/wp-json\/wp\/v2\/types\/product"}],"replies":[{"embeddable":true,"href":"https:\/\/veaeditori.it\/en\/wp-json\/wp\/v2\/comments?post=1542"}],"wp:featuredmedia":[{"embeddable":true,"href":"https:\/\/veaeditori.it\/en\/wp-json\/wp\/v2\/media\/3255"}],"wp:attachment":[{"href":"https:\/\/veaeditori.it\/en\/wp-json\/wp\/v2\/media?parent=1542"}],"wp:term":[{"taxonomy":"product_brand","embeddable":true,"href":"https:\/\/veaeditori.it\/en\/wp-json\/wp\/v2\/product_brand?post=1542"},{"taxonomy":"product_cat","embeddable":true,"href":"https:\/\/veaeditori.it\/en\/wp-json\/wp\/v2\/product_cat?post=1542"},{"taxonomy":"product_tag","embeddable":true,"href":"https:\/\/veaeditori.it\/en\/wp-json\/wp\/v2\/product_tag?post=1542"}],"curies":[{"name":"wp","href":"https:\/\/api.w.org\/{rel}","templated":true}]}}