{"id":1543,"date":"2023-05-10T09:50:32","date_gmt":"2023-05-10T08:50:32","guid":{"rendered":"http:\/\/veaeditori.it\/?post_type=product&#038;p=1543"},"modified":"2026-03-20T16:03:03","modified_gmt":"2026-03-20T14:03:03","slug":"vaults-of-enveron-core-set","status":"publish","type":"product","link":"https:\/\/veaeditori.it\/en\/product\/vaults-of-enveron-core-set\/","title":{"rendered":"Vaults of Enveron Core Set"},"content":{"rendered":"<p>Vaults of Enveron Core Set<\/p>\n<div class=\"gfu-product-content _mt-3\"><em>L&#8217;oscurit\u00e0 e la claustrofobia sono i primi dei molti nemici che dovrete affrontare quando vi addentrerete nelle profondit\u00e0 sotterranee. Dovrete attraversare corridoi tortuosi e trappole pericolose per infiltrarvi nei sotterranei e reclamare il vostro premio&#8230;<\/em><br \/>\nQuesta scatola contiene tutto il terreno necessario per realizzare un dungeon a livello singolo o un interno di castello, adatto a molti giochi di miniature fantasy e RPG. Presenta un&#8217;ampia gamma di layout di pareti, arredi interattivi per dungeon e una selezione di trappole e obiettivi. Il set \u00e8 completamente modulare e pu\u00f2 essere assemblato in qualsiasi combinazione si scelga per ottenere ogni volta un allestimento diverso. I sotterranei possono essere ampliati con altri set della gamma di terreni Battle Systems.<br \/>\nIl terreno viene fornito piatto su cartoncino ad alta densit\u00e0 di alta qualit\u00e0, stampato a colori su entrambi i lati, quindi non \u00e8 necessario dipingerlo! Il terreno richiede l&#8217;assemblaggio e alcune parti pi\u00f9 piccole necessitano di colla. Per maggiori dettagli e istruzioni complete, consultare il sito www.battlesystems.co.uk.<br \/>\nI sotterranei di Enveron sono inclusi anche nello Star Star di Maladum: Dungeons of Enveron Starter Set.<\/div>\n<div>\n<p><strong><u>Contents<\/u><\/strong><\/p>\n<ul>\n<li>1 Printed Neoprene Gaming Mat 2&#8242; x 2&#8242; \/ 60cm x 60cm<\/li>\n<li>40 Assorted Walls\n<ul>\n<li>15 Standard Walls<\/li>\n<li>3 Walls with Doors<\/li>\n<li>3 Walls with Double Doors<\/li>\n<li>4 Entrance Walls<\/li>\n<li>2 Large Entrance Walls<\/li>\n<li>3 Half Walls<\/li>\n<li>2 Half Walls with Doors<\/li>\n<li>5 Quarter Walls<\/li>\n<li>1 Three-Quarter Wall<\/li>\n<li>2 Ruined Walls<\/li>\n<\/ul>\n<\/li>\n<li>2 Pillars<\/li>\n<li>16 Assorted Struts<\/li>\n<li>2 Chests<\/li>\n<li>4 Crates<\/li>\n<li>2 Tombs<\/li>\n<li>2 Weapon Racks<\/li>\n<li>2 Tables<\/li>\n<li>3 Chairs<\/li>\n<li>4 Levers<\/li>\n<li>4 Barricades<\/li>\n<li>1 Crucible of Resurrection<\/li>\n<li>1 Well<\/li>\n<li>1 Arcanist\u2019s Desk<\/li>\n<li>1 Swinging Blade Trap<\/li>\n<li>1 Net Trap<\/li>\n<li>2 Pits<\/li>\n<li>4 Grave Point Markers<\/li>\n<li>8 Sconces<\/li>\n<li>27 Assorted Scatter Components and Accessories<\/li>\n<li>44 Plastic Clips<\/li>\n<\/ul>\n<p><strong><u>Additional Information<\/u><\/strong><\/p>\n<ul>\n<li>171 Pieces<\/li>\n<li>Compatible with Maladum<\/li>\n<li>Product Code: BSTFDC002<\/li>\n<li>Barcode: 5060660091072<\/li>\n<li>Symbols: 14+<\/li>\n<li>Small Print:\n<ul>\n<li>Manufactured by Battle Systems Ltd, Suite B, Fairgate House, 205 Kings Road, Tyseley, Birmingham, B11 2AA, UK. This is not a toy. Contents may vary from those on the packaging. Not suitable for children under 36 months due to small parts. Retain packaging for future reference. Made in China. Maladum and all associated characters, names, places and things are \u2122 and \u00a9 Battle Systems Ltd 2023.<\/li>\n<li>Vertrieb in Deutschland durch Happyshops GmbH, Schokholtzstr. 6, D-06217 Merseburg. Dies ist kein Spielzeug.<\/li>\n<\/ul>\n<\/li>\n<\/ul>\n<\/div>","protected":false},"excerpt":{"rendered":"<p>Vaults of Enveron Core Set<\/p>","protected":false},"featured_media":3341,"comment_status":"open","ping_status":"closed","template":"","meta":[],"product_brand":[],"product_cat":[147],"product_tag":[],"class_list":{"0":"post-1543","1":"product","2":"type-product","3":"status-publish","4":"has-post-thumbnail","6":"product_cat-terreni","7":"product_shipping_class-standard","9":"first","10":"instock","11":"shipping-taxable","12":"purchasable","13":"product-type-simple"},"yoast_head":"<!-- This site is optimized with the Yoast SEO plugin v27.3 - https:\/\/yoast.com\/product\/yoast-seo-wordpress\/ -->\n<title>Vaults of Enveron Core Set - VEA Editori<\/title>\n<meta name=\"description\" content=\"Vaults of Enveron Core Set gli stessi scenici normalmente inclusi nel set base per coloro che vogliono ampliare la loro area di gioco\" \/>\n<meta name=\"robots\" content=\"index, follow, max-snippet:-1, max-image-preview:large, max-video-preview:-1\" \/>\n<link rel=\"canonical\" href=\"https:\/\/veaeditori.it\/en\/product\/vaults-of-enveron-core-set\/\" \/>\n<meta property=\"og:locale\" content=\"en_GB\" \/>\n<meta property=\"og:type\" content=\"article\" \/>\n<meta property=\"og:title\" content=\"Vaults of Enveron Core Set - VEA Editori\" \/>\n<meta property=\"og:description\" content=\"Vaults of Enveron Core Set gli stessi scenici normalmente inclusi nel set base per coloro che vogliono ampliare la loro area di gioco\" \/>\n<meta property=\"og:url\" content=\"https:\/\/veaeditori.it\/en\/product\/vaults-of-enveron-core-set\/\" \/>\n<meta property=\"og:site_name\" content=\"VEA Editori\" \/>\n<meta property=\"article:publisher\" content=\"https:\/\/www.facebook.com\/veaspaziominiature\" \/>\n<meta property=\"article:modified_time\" content=\"2026-03-20T14:03:03+00:00\" \/>\n<meta property=\"og:image\" content=\"https:\/\/veaeditori.it\/wp-content\/uploads\/2023\/05\/Vaults-of-Enveron-Isometric-Box.jpg\" \/>\n\t<meta property=\"og:image:width\" content=\"1210\" \/>\n\t<meta property=\"og:image:height\" content=\"756\" \/>\n\t<meta property=\"og:image:type\" content=\"image\/jpeg\" \/>\n<meta name=\"twitter:card\" content=\"summary_large_image\" \/>\n<meta name=\"twitter:label1\" content=\"Estimated reading time\" \/>\n\t<meta name=\"twitter:data1\" content=\"3 minutes\" \/>\n<script type=\"application\/ld+json\" class=\"yoast-schema-graph\">{\"@context\":\"https:\\\/\\\/schema.org\",\"@graph\":[{\"@type\":\"WebPage\",\"@id\":\"https:\\\/\\\/veaeditori.it\\\/product\\\/vaults-of-enveron-core-set\\\/\",\"url\":\"https:\\\/\\\/veaeditori.it\\\/product\\\/vaults-of-enveron-core-set\\\/\",\"name\":\"Vaults of Enveron Core Set - VEA Editori\",\"isPartOf\":{\"@id\":\"https:\\\/\\\/veaeditori.it\\\/#website\"},\"primaryImageOfPage\":{\"@id\":\"https:\\\/\\\/veaeditori.it\\\/product\\\/vaults-of-enveron-core-set\\\/#primaryimage\"},\"image\":{\"@id\":\"https:\\\/\\\/veaeditori.it\\\/product\\\/vaults-of-enveron-core-set\\\/#primaryimage\"},\"thumbnailUrl\":\"https:\\\/\\\/veaeditori.it\\\/wp-content\\\/uploads\\\/2023\\\/05\\\/Vaults-of-Enveron-Isometric-Box.jpg\",\"datePublished\":\"2023-05-10T08:50:32+00:00\",\"dateModified\":\"2026-03-20T14:03:03+00:00\",\"description\":\"Vaults of Enveron Core Set gli stessi scenici normalmente inclusi nel set base per coloro che vogliono ampliare la loro area di gioco\",\"breadcrumb\":{\"@id\":\"https:\\\/\\\/veaeditori.it\\\/product\\\/vaults-of-enveron-core-set\\\/#breadcrumb\"},\"inLanguage\":\"en-GB\",\"potentialAction\":[{\"@type\":\"ReadAction\",\"target\":[\"https:\\\/\\\/veaeditori.it\\\/product\\\/vaults-of-enveron-core-set\\\/\"]}]},{\"@type\":\"ImageObject\",\"inLanguage\":\"en-GB\",\"@id\":\"https:\\\/\\\/veaeditori.it\\\/product\\\/vaults-of-enveron-core-set\\\/#primaryimage\",\"url\":\"https:\\\/\\\/veaeditori.it\\\/wp-content\\\/uploads\\\/2023\\\/05\\\/Vaults-of-Enveron-Isometric-Box.jpg\",\"contentUrl\":\"https:\\\/\\\/veaeditori.it\\\/wp-content\\\/uploads\\\/2023\\\/05\\\/Vaults-of-Enveron-Isometric-Box.jpg\",\"width\":1210,\"height\":756,\"caption\":\"Vaults of Enveron Core Set\"},{\"@type\":\"BreadcrumbList\",\"@id\":\"https:\\\/\\\/veaeditori.it\\\/product\\\/vaults-of-enveron-core-set\\\/#breadcrumb\",\"itemListElement\":[{\"@type\":\"ListItem\",\"position\":1,\"name\":\"Home\",\"item\":\"https:\\\/\\\/veaeditori.it\\\/\"},{\"@type\":\"ListItem\",\"position\":2,\"name\":\"Shop\",\"item\":\"https:\\\/\\\/veaeditori.it\\\/shop\\\/\"},{\"@type\":\"ListItem\",\"position\":3,\"name\":\"Vaults of Enveron Core Set\"}]},{\"@type\":\"WebSite\",\"@id\":\"https:\\\/\\\/veaeditori.it\\\/#website\",\"url\":\"https:\\\/\\\/veaeditori.it\\\/\",\"name\":\"VEA Editori\",\"description\":\"Italian Wargame Publisher\",\"potentialAction\":[{\"@type\":\"SearchAction\",\"target\":{\"@type\":\"EntryPoint\",\"urlTemplate\":\"https:\\\/\\\/veaeditori.it\\\/?s={search_term_string}\"},\"query-input\":{\"@type\":\"PropertyValueSpecification\",\"valueRequired\":true,\"valueName\":\"search_term_string\"}}],\"inLanguage\":\"en-GB\"}]}<\/script>\n<!-- \/ Yoast SEO plugin. -->","yoast_head_json":{"title":"Vaults of Enveron Core Set - VEA Editori","description":"Vaults of Enveron Core Set gli stessi scenici normalmente inclusi nel set base per coloro che vogliono ampliare la loro area di gioco","robots":{"index":"index","follow":"follow","max-snippet":"max-snippet:-1","max-image-preview":"max-image-preview:large","max-video-preview":"max-video-preview:-1"},"canonical":"https:\/\/veaeditori.it\/en\/product\/vaults-of-enveron-core-set\/","og_locale":"en_GB","og_type":"article","og_title":"Vaults of Enveron Core Set - VEA Editori","og_description":"Vaults of Enveron Core Set gli stessi scenici normalmente inclusi nel set base per coloro che vogliono ampliare la loro area di gioco","og_url":"https:\/\/veaeditori.it\/en\/product\/vaults-of-enveron-core-set\/","og_site_name":"VEA Editori","article_publisher":"https:\/\/www.facebook.com\/veaspaziominiature","article_modified_time":"2026-03-20T14:03:03+00:00","og_image":[{"width":1210,"height":756,"url":"https:\/\/veaeditori.it\/wp-content\/uploads\/2023\/05\/Vaults-of-Enveron-Isometric-Box.jpg","type":"image\/jpeg"}],"twitter_card":"summary_large_image","twitter_misc":{"Estimated reading time":"3 minutes"},"schema":{"@context":"https:\/\/schema.org","@graph":[{"@type":"WebPage","@id":"https:\/\/veaeditori.it\/product\/vaults-of-enveron-core-set\/","url":"https:\/\/veaeditori.it\/product\/vaults-of-enveron-core-set\/","name":"Vaults of Enveron Core Set - VEA Editori","isPartOf":{"@id":"https:\/\/veaeditori.it\/#website"},"primaryImageOfPage":{"@id":"https:\/\/veaeditori.it\/product\/vaults-of-enveron-core-set\/#primaryimage"},"image":{"@id":"https:\/\/veaeditori.it\/product\/vaults-of-enveron-core-set\/#primaryimage"},"thumbnailUrl":"https:\/\/veaeditori.it\/wp-content\/uploads\/2023\/05\/Vaults-of-Enveron-Isometric-Box.jpg","datePublished":"2023-05-10T08:50:32+00:00","dateModified":"2026-03-20T14:03:03+00:00","description":"Vaults of Enveron Core Set gli stessi scenici normalmente inclusi nel set base per coloro che vogliono ampliare la loro area di gioco","breadcrumb":{"@id":"https:\/\/veaeditori.it\/product\/vaults-of-enveron-core-set\/#breadcrumb"},"inLanguage":"en-GB","potentialAction":[{"@type":"ReadAction","target":["https:\/\/veaeditori.it\/product\/vaults-of-enveron-core-set\/"]}]},{"@type":"ImageObject","inLanguage":"en-GB","@id":"https:\/\/veaeditori.it\/product\/vaults-of-enveron-core-set\/#primaryimage","url":"https:\/\/veaeditori.it\/wp-content\/uploads\/2023\/05\/Vaults-of-Enveron-Isometric-Box.jpg","contentUrl":"https:\/\/veaeditori.it\/wp-content\/uploads\/2023\/05\/Vaults-of-Enveron-Isometric-Box.jpg","width":1210,"height":756,"caption":"Vaults of Enveron Core Set"},{"@type":"BreadcrumbList","@id":"https:\/\/veaeditori.it\/product\/vaults-of-enveron-core-set\/#breadcrumb","itemListElement":[{"@type":"ListItem","position":1,"name":"Home","item":"https:\/\/veaeditori.it\/"},{"@type":"ListItem","position":2,"name":"Shop","item":"https:\/\/veaeditori.it\/shop\/"},{"@type":"ListItem","position":3,"name":"Vaults of Enveron Core Set"}]},{"@type":"WebSite","@id":"https:\/\/veaeditori.it\/#website","url":"https:\/\/veaeditori.it\/","name":"VEA Editori","description":"Italian Wargame Publisher","potentialAction":[{"@type":"SearchAction","target":{"@type":"EntryPoint","urlTemplate":"https:\/\/veaeditori.it\/?s={search_term_string}"},"query-input":{"@type":"PropertyValueSpecification","valueRequired":true,"valueName":"search_term_string"}}],"inLanguage":"en-GB"}]}},"_links":{"self":[{"href":"https:\/\/veaeditori.it\/en\/wp-json\/wp\/v2\/product\/1543","targetHints":{"allow":["GET"]}}],"collection":[{"href":"https:\/\/veaeditori.it\/en\/wp-json\/wp\/v2\/product"}],"about":[{"href":"https:\/\/veaeditori.it\/en\/wp-json\/wp\/v2\/types\/product"}],"replies":[{"embeddable":true,"href":"https:\/\/veaeditori.it\/en\/wp-json\/wp\/v2\/comments?post=1543"}],"wp:featuredmedia":[{"embeddable":true,"href":"https:\/\/veaeditori.it\/en\/wp-json\/wp\/v2\/media\/3341"}],"wp:attachment":[{"href":"https:\/\/veaeditori.it\/en\/wp-json\/wp\/v2\/media?parent=1543"}],"wp:term":[{"taxonomy":"product_brand","embeddable":true,"href":"https:\/\/veaeditori.it\/en\/wp-json\/wp\/v2\/product_brand?post=1543"},{"taxonomy":"product_cat","embeddable":true,"href":"https:\/\/veaeditori.it\/en\/wp-json\/wp\/v2\/product_cat?post=1543"},{"taxonomy":"product_tag","embeddable":true,"href":"https:\/\/veaeditori.it\/en\/wp-json\/wp\/v2\/product_tag?post=1543"}],"curies":[{"name":"wp","href":"https:\/\/api.w.org\/{rel}","templated":true}]}}