{"id":1545,"date":"2023-05-10T09:50:32","date_gmt":"2023-05-10T08:50:32","guid":{"rendered":"http:\/\/veaeditori.it\/?post_type=product&#038;p=1545"},"modified":"2026-03-31T11:36:42","modified_gmt":"2026-03-31T09:36:42","slug":"great-hall-of-khaarastad","status":"publish","type":"product","link":"https:\/\/veaeditori.it\/en\/product\/great-hall-of-khaarastad\/","title":{"rendered":"Great Hall of Khaarastad"},"content":{"rendered":"<p>Great Hall of Khaarastad<\/p>\n<p>La Grande Sala di Khaarastad completa il nostro Terreno Dungeon come fulcro per le vostre avventure, con una grande sala con una grande scalinata, alte colonne e un imponente portale. Questa stanza cavernosa potrebbe essere lo scenario perfetto per una resa dei conti, parte di una fiorente roccaforte sotterranea o una sala un tempo grandiosa che pu\u00f2 essere ripescata per trovare tesori perduti. Il set comprende anche un trono e una pedana, tavoli, stendardi, tappeti e persino un gong!<br \/>\nIl terreno viene fornito piatto su cartoncino ad alta densit\u00e0 di alta qualit\u00e0, stampato a colori su entrambi i lati, quindi non \u00e8 necessario dipingere! Il terreno richiede l&#8217;assemblaggio e alcune parti pi\u00f9 piccole necessitano di colla. Per maggiori dettagli e istruzioni complete, consultare il sito www.battlesystems.co.uk.<br \/>\nPer l&#8217;assemblaggio \u00e8 necessario il Battle Systems Fantasy Dungeon.<\/p>\n<p><strong><u>Contents<\/u><\/strong><\/p>\n<ul>\n<li>1 Great Door<\/li>\n<li>1 Great Staircase (can be assembled in left or right configurations)<\/li>\n<li>2 Great Columns<\/li>\n<li>1 Banquet Table<\/li>\n<li>2 Dais<\/li>\n<li>2 Round Tables<\/li>\n<li>1 Throne<\/li>\n<li>6 Chairs<\/li>\n<li>2 Benches<\/li>\n<li>1 Gong<\/li>\n<li>1 Large Rug<\/li>\n<li>1 Small Rug<\/li>\n<li>1 Firepit with Spit<\/li>\n<li>1 Weapon Rack<\/li>\n<li>2 Braziers<\/li>\n<li>2 Banners<\/li>\n<li>4 Sconces<\/li>\n<li>19 Assorted Scatter Components and Accessories<\/li>\n<\/ul>\n<p><strong><u>Additional Information<\/u><\/strong><\/p>\n<ul>\n<li>50 Pieces<\/li>\n<li>Compatible with Maladum<\/li>\n<li>Product Code: BSTFDE002<\/li>\n<li>Barcode: 5060660091096<\/li>\n<li>Symbols: 14+<\/li>\n<li>Small Print:\n<ul>\n<li>Manufactured by Battle Systems Ltd, Suite B, Fairgate House, 205 Kings Road, Tyseley, Birmingham, B11 2AA, UK. This is not a toy. Contents may vary from those on the packaging. Not suitable for children under 36 months due to small parts. Retain packaging for future reference. Made in China. Maladum and all associated characters, names, places and things are \u2122 and \u00a9 Battle Systems Ltd 2023.<\/li>\n<li>Vertrieb in Deutschland durch Happyshops GmbH, Schokholtzstr. 6, D-06217 Merseburg. Dies ist kein Spielzeug.<\/li>\n<\/ul>\n<\/li>\n<\/ul>\n<p>&nbsp;<\/p>","protected":false},"excerpt":{"rendered":"<p>Great Hall of Khaarastad<\/p>","protected":false},"featured_media":1607,"comment_status":"open","ping_status":"closed","template":"","meta":[],"product_brand":[],"product_cat":[147],"product_tag":[],"class_list":{"0":"post-1545","1":"product","2":"type-product","3":"status-publish","4":"has-post-thumbnail","6":"product_cat-terreni","7":"product_shipping_class-standard","9":"first","10":"instock","11":"shipping-taxable","12":"purchasable","13":"product-type-simple"},"yoast_head":"<!-- This site is optimized with the Yoast SEO plugin v27.3 - https:\/\/yoast.com\/product\/yoast-seo-wordpress\/ -->\n<title>Great Hall of Khaarastad - VEA Editori<\/title>\n<meta name=\"description\" content=\"Great Hall of Khaarastad La Sala Grande di Khaarastad \u00e8 progettata per integrare l&#039;impegno del Dungeon Terrain come fulcro delle tue avventure.\" \/>\n<meta name=\"robots\" content=\"index, follow, max-snippet:-1, max-image-preview:large, max-video-preview:-1\" \/>\n<link rel=\"canonical\" href=\"https:\/\/veaeditori.it\/en\/product\/great-hall-of-khaarastad\/\" \/>\n<meta property=\"og:locale\" content=\"en_GB\" \/>\n<meta property=\"og:type\" content=\"article\" \/>\n<meta property=\"og:title\" content=\"Great Hall of Khaarastad - VEA Editori\" \/>\n<meta property=\"og:description\" content=\"Great Hall of Khaarastad La Sala Grande di Khaarastad \u00e8 progettata per integrare l&#039;impegno del Dungeon Terrain come fulcro delle tue avventure.\" \/>\n<meta property=\"og:url\" content=\"https:\/\/veaeditori.it\/en\/product\/great-hall-of-khaarastad\/\" \/>\n<meta property=\"og:site_name\" content=\"VEA Editori\" \/>\n<meta property=\"article:publisher\" content=\"https:\/\/www.facebook.com\/veaspaziominiature\" \/>\n<meta property=\"article:modified_time\" content=\"2026-03-31T09:36:42+00:00\" \/>\n<meta property=\"og:image\" content=\"https:\/\/veaeditori.it\/wp-content\/uploads\/2023\/05\/Great-Hall-of-Khaarastad1.jpg\" \/>\n\t<meta property=\"og:image:width\" content=\"2048\" \/>\n\t<meta property=\"og:image:height\" content=\"2048\" \/>\n\t<meta property=\"og:image:type\" content=\"image\/jpeg\" \/>\n<meta name=\"twitter:card\" content=\"summary_large_image\" \/>\n<meta name=\"twitter:label1\" content=\"Estimated reading time\" \/>\n\t<meta name=\"twitter:data1\" content=\"2 minutes\" \/>\n<script type=\"application\/ld+json\" class=\"yoast-schema-graph\">{\"@context\":\"https:\\\/\\\/schema.org\",\"@graph\":[{\"@type\":\"WebPage\",\"@id\":\"https:\\\/\\\/veaeditori.it\\\/product\\\/great-hall-of-khaarastad\\\/\",\"url\":\"https:\\\/\\\/veaeditori.it\\\/product\\\/great-hall-of-khaarastad\\\/\",\"name\":\"Great Hall of Khaarastad - VEA Editori\",\"isPartOf\":{\"@id\":\"https:\\\/\\\/veaeditori.it\\\/#website\"},\"primaryImageOfPage\":{\"@id\":\"https:\\\/\\\/veaeditori.it\\\/product\\\/great-hall-of-khaarastad\\\/#primaryimage\"},\"image\":{\"@id\":\"https:\\\/\\\/veaeditori.it\\\/product\\\/great-hall-of-khaarastad\\\/#primaryimage\"},\"thumbnailUrl\":\"https:\\\/\\\/veaeditori.it\\\/wp-content\\\/uploads\\\/2023\\\/05\\\/Great-Hall-of-Khaarastad1.jpg\",\"datePublished\":\"2023-05-10T08:50:32+00:00\",\"dateModified\":\"2026-03-31T09:36:42+00:00\",\"description\":\"Great Hall of Khaarastad La Sala Grande di Khaarastad \u00e8 progettata per integrare l'impegno del Dungeon Terrain come fulcro delle tue avventure.\",\"breadcrumb\":{\"@id\":\"https:\\\/\\\/veaeditori.it\\\/product\\\/great-hall-of-khaarastad\\\/#breadcrumb\"},\"inLanguage\":\"en-GB\",\"potentialAction\":[{\"@type\":\"ReadAction\",\"target\":[\"https:\\\/\\\/veaeditori.it\\\/product\\\/great-hall-of-khaarastad\\\/\"]}]},{\"@type\":\"ImageObject\",\"inLanguage\":\"en-GB\",\"@id\":\"https:\\\/\\\/veaeditori.it\\\/product\\\/great-hall-of-khaarastad\\\/#primaryimage\",\"url\":\"https:\\\/\\\/veaeditori.it\\\/wp-content\\\/uploads\\\/2023\\\/05\\\/Great-Hall-of-Khaarastad1.jpg\",\"contentUrl\":\"https:\\\/\\\/veaeditori.it\\\/wp-content\\\/uploads\\\/2023\\\/05\\\/Great-Hall-of-Khaarastad1.jpg\",\"width\":2048,\"height\":2048},{\"@type\":\"BreadcrumbList\",\"@id\":\"https:\\\/\\\/veaeditori.it\\\/product\\\/great-hall-of-khaarastad\\\/#breadcrumb\",\"itemListElement\":[{\"@type\":\"ListItem\",\"position\":1,\"name\":\"Home\",\"item\":\"https:\\\/\\\/veaeditori.it\\\/\"},{\"@type\":\"ListItem\",\"position\":2,\"name\":\"Shop\",\"item\":\"https:\\\/\\\/veaeditori.it\\\/shop\\\/\"},{\"@type\":\"ListItem\",\"position\":3,\"name\":\"Great Hall of Khaarastad\"}]},{\"@type\":\"WebSite\",\"@id\":\"https:\\\/\\\/veaeditori.it\\\/#website\",\"url\":\"https:\\\/\\\/veaeditori.it\\\/\",\"name\":\"VEA Editori\",\"description\":\"Italian Wargame Publisher\",\"potentialAction\":[{\"@type\":\"SearchAction\",\"target\":{\"@type\":\"EntryPoint\",\"urlTemplate\":\"https:\\\/\\\/veaeditori.it\\\/?s={search_term_string}\"},\"query-input\":{\"@type\":\"PropertyValueSpecification\",\"valueRequired\":true,\"valueName\":\"search_term_string\"}}],\"inLanguage\":\"en-GB\"}]}<\/script>\n<!-- \/ Yoast SEO plugin. -->","yoast_head_json":{"title":"Great Hall of Khaarastad - VEA Editori","description":"Great Hall of Khaarastad La Sala Grande di Khaarastad \u00e8 progettata per integrare l'impegno del Dungeon Terrain come fulcro delle tue avventure.","robots":{"index":"index","follow":"follow","max-snippet":"max-snippet:-1","max-image-preview":"max-image-preview:large","max-video-preview":"max-video-preview:-1"},"canonical":"https:\/\/veaeditori.it\/en\/product\/great-hall-of-khaarastad\/","og_locale":"en_GB","og_type":"article","og_title":"Great Hall of Khaarastad - VEA Editori","og_description":"Great Hall of Khaarastad La Sala Grande di Khaarastad \u00e8 progettata per integrare l'impegno del Dungeon Terrain come fulcro delle tue avventure.","og_url":"https:\/\/veaeditori.it\/en\/product\/great-hall-of-khaarastad\/","og_site_name":"VEA Editori","article_publisher":"https:\/\/www.facebook.com\/veaspaziominiature","article_modified_time":"2026-03-31T09:36:42+00:00","og_image":[{"width":2048,"height":2048,"url":"https:\/\/veaeditori.it\/wp-content\/uploads\/2023\/05\/Great-Hall-of-Khaarastad1.jpg","type":"image\/jpeg"}],"twitter_card":"summary_large_image","twitter_misc":{"Estimated reading time":"2 minutes"},"schema":{"@context":"https:\/\/schema.org","@graph":[{"@type":"WebPage","@id":"https:\/\/veaeditori.it\/product\/great-hall-of-khaarastad\/","url":"https:\/\/veaeditori.it\/product\/great-hall-of-khaarastad\/","name":"Great Hall of Khaarastad - VEA Editori","isPartOf":{"@id":"https:\/\/veaeditori.it\/#website"},"primaryImageOfPage":{"@id":"https:\/\/veaeditori.it\/product\/great-hall-of-khaarastad\/#primaryimage"},"image":{"@id":"https:\/\/veaeditori.it\/product\/great-hall-of-khaarastad\/#primaryimage"},"thumbnailUrl":"https:\/\/veaeditori.it\/wp-content\/uploads\/2023\/05\/Great-Hall-of-Khaarastad1.jpg","datePublished":"2023-05-10T08:50:32+00:00","dateModified":"2026-03-31T09:36:42+00:00","description":"Great Hall of Khaarastad La Sala Grande di Khaarastad \u00e8 progettata per integrare l'impegno del Dungeon Terrain come fulcro delle tue avventure.","breadcrumb":{"@id":"https:\/\/veaeditori.it\/product\/great-hall-of-khaarastad\/#breadcrumb"},"inLanguage":"en-GB","potentialAction":[{"@type":"ReadAction","target":["https:\/\/veaeditori.it\/product\/great-hall-of-khaarastad\/"]}]},{"@type":"ImageObject","inLanguage":"en-GB","@id":"https:\/\/veaeditori.it\/product\/great-hall-of-khaarastad\/#primaryimage","url":"https:\/\/veaeditori.it\/wp-content\/uploads\/2023\/05\/Great-Hall-of-Khaarastad1.jpg","contentUrl":"https:\/\/veaeditori.it\/wp-content\/uploads\/2023\/05\/Great-Hall-of-Khaarastad1.jpg","width":2048,"height":2048},{"@type":"BreadcrumbList","@id":"https:\/\/veaeditori.it\/product\/great-hall-of-khaarastad\/#breadcrumb","itemListElement":[{"@type":"ListItem","position":1,"name":"Home","item":"https:\/\/veaeditori.it\/"},{"@type":"ListItem","position":2,"name":"Shop","item":"https:\/\/veaeditori.it\/shop\/"},{"@type":"ListItem","position":3,"name":"Great Hall of Khaarastad"}]},{"@type":"WebSite","@id":"https:\/\/veaeditori.it\/#website","url":"https:\/\/veaeditori.it\/","name":"VEA Editori","description":"Italian Wargame Publisher","potentialAction":[{"@type":"SearchAction","target":{"@type":"EntryPoint","urlTemplate":"https:\/\/veaeditori.it\/?s={search_term_string}"},"query-input":{"@type":"PropertyValueSpecification","valueRequired":true,"valueName":"search_term_string"}}],"inLanguage":"en-GB"}]}},"_links":{"self":[{"href":"https:\/\/veaeditori.it\/en\/wp-json\/wp\/v2\/product\/1545","targetHints":{"allow":["GET"]}}],"collection":[{"href":"https:\/\/veaeditori.it\/en\/wp-json\/wp\/v2\/product"}],"about":[{"href":"https:\/\/veaeditori.it\/en\/wp-json\/wp\/v2\/types\/product"}],"replies":[{"embeddable":true,"href":"https:\/\/veaeditori.it\/en\/wp-json\/wp\/v2\/comments?post=1545"}],"wp:featuredmedia":[{"embeddable":true,"href":"https:\/\/veaeditori.it\/en\/wp-json\/wp\/v2\/media\/1607"}],"wp:attachment":[{"href":"https:\/\/veaeditori.it\/en\/wp-json\/wp\/v2\/media?parent=1545"}],"wp:term":[{"taxonomy":"product_brand","embeddable":true,"href":"https:\/\/veaeditori.it\/en\/wp-json\/wp\/v2\/product_brand?post=1545"},{"taxonomy":"product_cat","embeddable":true,"href":"https:\/\/veaeditori.it\/en\/wp-json\/wp\/v2\/product_cat?post=1545"},{"taxonomy":"product_tag","embeddable":true,"href":"https:\/\/veaeditori.it\/en\/wp-json\/wp\/v2\/product_tag?post=1545"}],"curies":[{"name":"wp","href":"https:\/\/api.w.org\/{rel}","templated":true}]}}