{"id":1546,"date":"2023-05-10T09:50:33","date_gmt":"2023-05-10T08:50:33","guid":{"rendered":"http:\/\/veaeditori.it\/?post_type=product&#038;p=1546"},"modified":"2026-03-31T11:36:42","modified_gmt":"2026-03-31T09:36:42","slug":"mines-of-meruta","status":"publish","type":"product","link":"https:\/\/veaeditori.it\/en\/product\/mines-of-meruta\/","title":{"rendered":"Mines of Meruta"},"content":{"rendered":"<h1>Mines of Meruta<\/h1>\n<div>Le Miniere di Meruta possono essere combinate con il nostro Terreno Dungeon per trasformare la tua area di gioco in una miniera. Il set include una rete di binari e due carrelli per trasportare minerali, tesori o persino i tuoi avventurieri sul tabellone! Troverai anche muri con ingressi a tunnel e pareti rocciose con filoni di metallo prezioso, oltre a impalcature e una variet\u00e0 di accessori. I componenti di questo set riempiono circa met\u00e0 di un tabellone di 60&#215;60 cm, oppure possono essere distribuiti su un&#8217;area pi\u00f9 ampia.<\/div>\n<div><\/div>\n<div>Il terreno viene fornito smontato su cartoncino di alta qualit\u00e0 ad alta densit\u00e0, stampato a colori su entrambi i lati, quindi non \u00e8 necessario dipingerlo! Il terreno deve essere assemblato e alcune parti pi\u00f9 piccole richiedono l&#8217;uso di colla. Per maggiori dettagli e istruzioni complete, visita www.battlesystems.co.uk.<\/div>\n<div><\/div>\n<div>Richiede il Battle Systems Fantasy Dungeon per il montaggio.<\/div>\n<p>&nbsp;<\/p>\n<p><strong><u>Contents<\/u><\/strong><\/p>\n<ul>\n<li>1 Mine Entrance Wall<\/li>\n<li>2 Mine Tunnel Walls<\/li>\n<li>3 Rockface Walls<\/li>\n<li>6 Straight Tracks<\/li>\n<li>4 Short Straight Tracks<\/li>\n<li>2 Curved Tracks<\/li>\n<li>2 Small Curved Tracks<\/li>\n<li>2 Mine Track Points<\/li>\n<li>2 Mine Track Ends<\/li>\n<li>2 Mine Carts<\/li>\n<li>1 Ore Hopper<\/li>\n<li>2 Ladders<\/li>\n<li>1 Scaffold Tower<\/li>\n<li>1 Scaffold Steps<\/li>\n<li>76 Assorted Scatter Components and Accessories<\/li>\n<\/ul>\n<p><strong><u>\u00a0<\/u><\/strong><\/p>\n<p><strong><u>Additional Information<\/u><\/strong><\/p>\n<ul>\n<li>107 Pieces<\/li>\n<li>Compatible with Maladum<\/li>\n<li>Product Code: BSTFDE003<\/li>\n<li>Barcode: 5060660091102<\/li>\n<li>Symbols: 14+<\/li>\n<li>Small Print:\n<ul>\n<li>Manufactured by Battle Systems Ltd, Suite B, Fairgate House, 205 Kings Road, Tyseley, Birmingham, B11 2AA, UK. This is not a toy. Contents may vary from those on the packaging. Not suitable for children under 36 months due to small parts. Retain packaging for future reference. Made in China. Maladum and all associated characters, names, places and things are \u2122 and \u00a9 Battle Systems Ltd 2023.<\/li>\n<li>Vertrieb in Deutschland durch Happyshops GmbH, Schokholtzstr. 6, D-06217 Merseburg. Dies ist kein Spielzeug.<\/li>\n<\/ul>\n<\/li>\n<\/ul>","protected":false},"excerpt":{"rendered":"<p>Mines of Meruta<\/p>","protected":false},"featured_media":4268,"comment_status":"open","ping_status":"closed","template":"","meta":[],"product_brand":[],"product_cat":[147],"product_tag":[],"class_list":{"0":"post-1546","1":"product","2":"type-product","3":"status-publish","4":"has-post-thumbnail","6":"product_cat-terreni","7":"product_shipping_class-standard","9":"first","10":"instock","11":"shipping-taxable","12":"purchasable","13":"product-type-simple"},"yoast_head":"<!-- This site is optimized with the Yoast SEO plugin v27.2 - https:\/\/yoast.com\/product\/yoast-seo-wordpress\/ -->\n<title>Mines of Meruta - VEA Editori<\/title>\n<meta name=\"description\" content=\"Mines of Meruta aggiungi una intricata miniera al tuo tavolo da gioco che sia maladum o qualsiasi altro gioco fantasy di tuo piacimento\" \/>\n<meta name=\"robots\" content=\"index, follow, max-snippet:-1, max-image-preview:large, max-video-preview:-1\" \/>\n<link rel=\"canonical\" href=\"https:\/\/veaeditori.it\/en\/product\/mines-of-meruta\/\" \/>\n<meta property=\"og:locale\" content=\"en_GB\" \/>\n<meta property=\"og:type\" content=\"article\" \/>\n<meta property=\"og:title\" content=\"Mines of Meruta - VEA Editori\" \/>\n<meta property=\"og:description\" content=\"Mines of Meruta aggiungi una intricata miniera al tuo tavolo da gioco che sia maladum o qualsiasi altro gioco fantasy di tuo piacimento\" \/>\n<meta property=\"og:url\" content=\"https:\/\/veaeditori.it\/en\/product\/mines-of-meruta\/\" \/>\n<meta property=\"og:site_name\" content=\"VEA Editori\" \/>\n<meta property=\"article:publisher\" content=\"https:\/\/www.facebook.com\/veaspaziominiature\" \/>\n<meta property=\"article:modified_time\" content=\"2026-03-31T09:36:42+00:00\" \/>\n<meta property=\"og:image\" content=\"https:\/\/veaeditori.it\/wp-content\/uploads\/2023\/05\/Mines-of-Meruta-Box-Front.png\" \/>\n\t<meta property=\"og:image:width\" content=\"800\" \/>\n\t<meta property=\"og:image:height\" content=\"588\" \/>\n\t<meta property=\"og:image:type\" content=\"image\/png\" \/>\n<meta name=\"twitter:card\" content=\"summary_large_image\" \/>\n<meta name=\"twitter:label1\" content=\"Estimated reading time\" \/>\n\t<meta name=\"twitter:data1\" content=\"2 minutes\" \/>\n<script type=\"application\/ld+json\" class=\"yoast-schema-graph\">{\"@context\":\"https:\/\/schema.org\",\"@graph\":[{\"@type\":\"WebPage\",\"@id\":\"https:\/\/veaeditori.it\/product\/mines-of-meruta\/\",\"url\":\"https:\/\/veaeditori.it\/product\/mines-of-meruta\/\",\"name\":\"Mines of Meruta - VEA Editori\",\"isPartOf\":{\"@id\":\"https:\/\/veaeditori.it\/#website\"},\"primaryImageOfPage\":{\"@id\":\"https:\/\/veaeditori.it\/product\/mines-of-meruta\/#primaryimage\"},\"image\":{\"@id\":\"https:\/\/veaeditori.it\/product\/mines-of-meruta\/#primaryimage\"},\"thumbnailUrl\":\"https:\/\/veaeditori.it\/wp-content\/uploads\/2023\/05\/Mines-of-Meruta-Box-Front.png\",\"datePublished\":\"2023-05-10T08:50:33+00:00\",\"dateModified\":\"2026-03-31T09:36:42+00:00\",\"description\":\"Mines of Meruta aggiungi una intricata miniera al tuo tavolo da gioco che sia maladum o qualsiasi altro gioco fantasy di tuo piacimento\",\"breadcrumb\":{\"@id\":\"https:\/\/veaeditori.it\/product\/mines-of-meruta\/#breadcrumb\"},\"inLanguage\":\"en-GB\",\"potentialAction\":[{\"@type\":\"ReadAction\",\"target\":[\"https:\/\/veaeditori.it\/product\/mines-of-meruta\/\"]}]},{\"@type\":\"ImageObject\",\"inLanguage\":\"en-GB\",\"@id\":\"https:\/\/veaeditori.it\/product\/mines-of-meruta\/#primaryimage\",\"url\":\"https:\/\/veaeditori.it\/wp-content\/uploads\/2023\/05\/Mines-of-Meruta-Box-Front.png\",\"contentUrl\":\"https:\/\/veaeditori.it\/wp-content\/uploads\/2023\/05\/Mines-of-Meruta-Box-Front.png\",\"width\":800,\"height\":588},{\"@type\":\"BreadcrumbList\",\"@id\":\"https:\/\/veaeditori.it\/product\/mines-of-meruta\/#breadcrumb\",\"itemListElement\":[{\"@type\":\"ListItem\",\"position\":1,\"name\":\"Home\",\"item\":\"https:\/\/veaeditori.it\/\"},{\"@type\":\"ListItem\",\"position\":2,\"name\":\"Shop\",\"item\":\"https:\/\/veaeditori.it\/shop\/\"},{\"@type\":\"ListItem\",\"position\":3,\"name\":\"Mines of Meruta\"}]},{\"@type\":\"WebSite\",\"@id\":\"https:\/\/veaeditori.it\/#website\",\"url\":\"https:\/\/veaeditori.it\/\",\"name\":\"VEA Editori\",\"description\":\"Italian Wargame Publisher\",\"potentialAction\":[{\"@type\":\"SearchAction\",\"target\":{\"@type\":\"EntryPoint\",\"urlTemplate\":\"https:\/\/veaeditori.it\/?s={search_term_string}\"},\"query-input\":{\"@type\":\"PropertyValueSpecification\",\"valueRequired\":true,\"valueName\":\"search_term_string\"}}],\"inLanguage\":\"en-GB\"}]}<\/script>\n<!-- \/ Yoast SEO plugin. -->","yoast_head_json":{"title":"Mines of Meruta - VEA Editori","description":"Mines of Meruta aggiungi una intricata miniera al tuo tavolo da gioco che sia maladum o qualsiasi altro gioco fantasy di tuo piacimento","robots":{"index":"index","follow":"follow","max-snippet":"max-snippet:-1","max-image-preview":"max-image-preview:large","max-video-preview":"max-video-preview:-1"},"canonical":"https:\/\/veaeditori.it\/en\/product\/mines-of-meruta\/","og_locale":"en_GB","og_type":"article","og_title":"Mines of Meruta - VEA Editori","og_description":"Mines of Meruta aggiungi una intricata miniera al tuo tavolo da gioco che sia maladum o qualsiasi altro gioco fantasy di tuo piacimento","og_url":"https:\/\/veaeditori.it\/en\/product\/mines-of-meruta\/","og_site_name":"VEA Editori","article_publisher":"https:\/\/www.facebook.com\/veaspaziominiature","article_modified_time":"2026-03-31T09:36:42+00:00","og_image":[{"width":800,"height":588,"url":"https:\/\/veaeditori.it\/wp-content\/uploads\/2023\/05\/Mines-of-Meruta-Box-Front.png","type":"image\/png"}],"twitter_card":"summary_large_image","twitter_misc":{"Estimated reading time":"2 minutes"},"schema":{"@context":"https:\/\/schema.org","@graph":[{"@type":"WebPage","@id":"https:\/\/veaeditori.it\/product\/mines-of-meruta\/","url":"https:\/\/veaeditori.it\/product\/mines-of-meruta\/","name":"Mines of Meruta - VEA Editori","isPartOf":{"@id":"https:\/\/veaeditori.it\/#website"},"primaryImageOfPage":{"@id":"https:\/\/veaeditori.it\/product\/mines-of-meruta\/#primaryimage"},"image":{"@id":"https:\/\/veaeditori.it\/product\/mines-of-meruta\/#primaryimage"},"thumbnailUrl":"https:\/\/veaeditori.it\/wp-content\/uploads\/2023\/05\/Mines-of-Meruta-Box-Front.png","datePublished":"2023-05-10T08:50:33+00:00","dateModified":"2026-03-31T09:36:42+00:00","description":"Mines of Meruta aggiungi una intricata miniera al tuo tavolo da gioco che sia maladum o qualsiasi altro gioco fantasy di tuo piacimento","breadcrumb":{"@id":"https:\/\/veaeditori.it\/product\/mines-of-meruta\/#breadcrumb"},"inLanguage":"en-GB","potentialAction":[{"@type":"ReadAction","target":["https:\/\/veaeditori.it\/product\/mines-of-meruta\/"]}]},{"@type":"ImageObject","inLanguage":"en-GB","@id":"https:\/\/veaeditori.it\/product\/mines-of-meruta\/#primaryimage","url":"https:\/\/veaeditori.it\/wp-content\/uploads\/2023\/05\/Mines-of-Meruta-Box-Front.png","contentUrl":"https:\/\/veaeditori.it\/wp-content\/uploads\/2023\/05\/Mines-of-Meruta-Box-Front.png","width":800,"height":588},{"@type":"BreadcrumbList","@id":"https:\/\/veaeditori.it\/product\/mines-of-meruta\/#breadcrumb","itemListElement":[{"@type":"ListItem","position":1,"name":"Home","item":"https:\/\/veaeditori.it\/"},{"@type":"ListItem","position":2,"name":"Shop","item":"https:\/\/veaeditori.it\/shop\/"},{"@type":"ListItem","position":3,"name":"Mines of Meruta"}]},{"@type":"WebSite","@id":"https:\/\/veaeditori.it\/#website","url":"https:\/\/veaeditori.it\/","name":"VEA Editori","description":"Italian Wargame Publisher","potentialAction":[{"@type":"SearchAction","target":{"@type":"EntryPoint","urlTemplate":"https:\/\/veaeditori.it\/?s={search_term_string}"},"query-input":{"@type":"PropertyValueSpecification","valueRequired":true,"valueName":"search_term_string"}}],"inLanguage":"en-GB"}]}},"_links":{"self":[{"href":"https:\/\/veaeditori.it\/en\/wp-json\/wp\/v2\/product\/1546","targetHints":{"allow":["GET"]}}],"collection":[{"href":"https:\/\/veaeditori.it\/en\/wp-json\/wp\/v2\/product"}],"about":[{"href":"https:\/\/veaeditori.it\/en\/wp-json\/wp\/v2\/types\/product"}],"replies":[{"embeddable":true,"href":"https:\/\/veaeditori.it\/en\/wp-json\/wp\/v2\/comments?post=1546"}],"wp:featuredmedia":[{"embeddable":true,"href":"https:\/\/veaeditori.it\/en\/wp-json\/wp\/v2\/media\/4268"}],"wp:attachment":[{"href":"https:\/\/veaeditori.it\/en\/wp-json\/wp\/v2\/media?parent=1546"}],"wp:term":[{"taxonomy":"product_brand","embeddable":true,"href":"https:\/\/veaeditori.it\/en\/wp-json\/wp\/v2\/product_brand?post=1546"},{"taxonomy":"product_cat","embeddable":true,"href":"https:\/\/veaeditori.it\/en\/wp-json\/wp\/v2\/product_cat?post=1546"},{"taxonomy":"product_tag","embeddable":true,"href":"https:\/\/veaeditori.it\/en\/wp-json\/wp\/v2\/product_tag?post=1546"}],"curies":[{"name":"wp","href":"https:\/\/api.w.org\/{rel}","templated":true}]}}