{"id":1547,"date":"2023-05-10T09:50:33","date_gmt":"2023-05-10T08:50:33","guid":{"rendered":"http:\/\/veaeditori.it\/?post_type=product&#038;p=1547"},"modified":"2026-03-31T11:36:42","modified_gmt":"2026-03-31T09:36:42","slug":"ravenskeep-sewers","status":"publish","type":"product","link":"https:\/\/veaeditori.it\/en\/product\/ravenskeep-sewers\/","title":{"rendered":"Ravenskeep Sewers"},"content":{"rendered":"<p>Ravenskeep Sewers<\/p>\n<p>Le Fogne di Ravenskeep possono essere combinate con i nostri scenici Dungeon per trasformare la vostra area di gioco nelle viscere di una citt\u00e0 fiorente. Una confezione \u00e8 sufficiente per trasformare un&#8217;intera area di gioco di 2&#8217;x2&#8242; in una rete di canali fognari, tutti con bordi rialzati per un effetto 3D. Include anche pareti ad arco per il passaggio delle fogne e una variet\u00e0 di scarichi, griglie, tombini e scale.<br \/>\nLe tessere sono a doppia faccia: sul retro si trovano le mortali colate laviche per un tabellone a tema inferi.<br \/>\nIl terreno viene fornito piatto su cartoncino ad alta densit\u00e0 di alta qualit\u00e0, stampato a colori su entrambi i lati, quindi non \u00e8 necessario dipingerlo! Il terreno richiede l&#8217;assemblaggio e alcune parti pi\u00f9 piccole necessitano di colla. Per maggiori dettagli e istruzioni complete, consultare il sito www.battlesystems.co.uk.<br \/>\nPer l&#8217;assemblaggio \u00e8 necessario il Battle Systems Fantasy Dungeon.<\/p>\n<p><strong><u>Contents<\/u><\/strong><\/p>\n<ul>\n<li>8 Straight Sewer Tiles<\/li>\n<li>2 Short Straight Sewer Tiles<\/li>\n<li>2 Extra Short Straight Sewer Tiles<\/li>\n<li>4 Curved Sewer Tiles<\/li>\n<li>4 T-Junction Sewer Tiles<\/li>\n<li>2 Sewer End Tiles<\/li>\n<li>4 Tunnel Arches<\/li>\n<li>2 Walls with Drainage Chutes<\/li>\n<li>1 Large Drain<\/li>\n<li>1 Small Drain<\/li>\n<li>1 Sewer Grate<\/li>\n<li>2 Tunnel Grates<\/li>\n<li>2 Iron Ladders<\/li>\n<li>2 Levers<\/li>\n<li>4 Assorted Manhole Covers<\/li>\n<li>1 Driftwood Stack<\/li>\n<li>5 Assorted Crossing Pieces<\/li>\n<\/ul>\n<p><strong><u>Additional Information<\/u><\/strong><\/p>\n<ul>\n<li>47 Pieces<\/li>\n<li>Compatible with Maladum<\/li>\n<li>Product Code: BSTFDE004<\/li>\n<li>Barcode: 5060660091119<\/li>\n<li>Symbols: 14+<\/li>\n<li>Small Print:\n<ul>\n<li>Manufactured by Battle Systems Ltd, Suite B, Fairgate House, 205 Kings Road, Tyseley, Birmingham, B11 2AA, UK. This is not a toy. Contents may vary from those on the packaging. Not suitable for children under 36 months due to small parts. Retain packaging for future reference. Made in China. Maladum and all associated characters, names, places and things are \u2122 and \u00a9 Battle Systems Ltd 2023.<\/li>\n<li>Vertrieb in Deutschland durch Happyshops GmbH, Schokholtzstr. 6, D-06217 Merseburg. Dies ist kein Spielzeug.<\/li>\n<\/ul>\n<\/li>\n<\/ul>\n<p>&nbsp;<\/p>","protected":false},"excerpt":{"rendered":"<p>Ravenskeep Sewers<\/p>","protected":false},"featured_media":4197,"comment_status":"open","ping_status":"closed","template":"","meta":[],"product_brand":[],"product_cat":[147],"product_tag":[],"class_list":{"0":"post-1547","1":"product","2":"type-product","3":"status-publish","4":"has-post-thumbnail","6":"product_cat-terreni","7":"product_shipping_class-standard","9":"first","10":"instock","11":"shipping-taxable","12":"purchasable","13":"product-type-simple"},"yoast_head":"<!-- This site is optimized with the Yoast SEO plugin v27.2 - https:\/\/yoast.com\/product\/yoast-seo-wordpress\/ -->\n<title>Ravenskeep Sewers - VEA Editori<\/title>\n<meta name=\"description\" content=\"Ravenskeep Sewers, aggiungi delle elaborate fognature al tuo tavolo da gioco, che sia per maladum o altro gioco fantasy a tuo piacimento\" \/>\n<meta name=\"robots\" content=\"index, follow, max-snippet:-1, max-image-preview:large, max-video-preview:-1\" \/>\n<link rel=\"canonical\" href=\"https:\/\/veaeditori.it\/en\/product\/ravenskeep-sewers\/\" \/>\n<meta property=\"og:locale\" content=\"en_GB\" \/>\n<meta property=\"og:type\" content=\"article\" \/>\n<meta property=\"og:title\" content=\"Ravenskeep Sewers - VEA Editori\" \/>\n<meta property=\"og:description\" content=\"Ravenskeep Sewers, aggiungi delle elaborate fognature al tuo tavolo da gioco, che sia per maladum o altro gioco fantasy a tuo piacimento\" \/>\n<meta property=\"og:url\" content=\"https:\/\/veaeditori.it\/en\/product\/ravenskeep-sewers\/\" \/>\n<meta property=\"og:site_name\" content=\"VEA Editori\" \/>\n<meta property=\"article:publisher\" content=\"https:\/\/www.facebook.com\/veaspaziominiature\" \/>\n<meta property=\"article:modified_time\" content=\"2026-03-31T09:36:42+00:00\" \/>\n<meta property=\"og:image\" content=\"https:\/\/veaeditori.it\/wp-content\/uploads\/2023\/05\/Ravenskeep-Sewers-Isometric-Box.png\" \/>\n\t<meta property=\"og:image:width\" content=\"968\" \/>\n\t<meta property=\"og:image:height\" content=\"605\" \/>\n\t<meta property=\"og:image:type\" content=\"image\/png\" \/>\n<meta name=\"twitter:card\" content=\"summary_large_image\" \/>\n<meta name=\"twitter:label1\" content=\"Estimated reading time\" \/>\n\t<meta name=\"twitter:data1\" content=\"2 minutes\" \/>\n<script type=\"application\/ld+json\" class=\"yoast-schema-graph\">{\"@context\":\"https:\/\/schema.org\",\"@graph\":[{\"@type\":\"WebPage\",\"@id\":\"https:\/\/veaeditori.it\/product\/ravenskeep-sewers\/\",\"url\":\"https:\/\/veaeditori.it\/product\/ravenskeep-sewers\/\",\"name\":\"Ravenskeep Sewers - VEA Editori\",\"isPartOf\":{\"@id\":\"https:\/\/veaeditori.it\/#website\"},\"primaryImageOfPage\":{\"@id\":\"https:\/\/veaeditori.it\/product\/ravenskeep-sewers\/#primaryimage\"},\"image\":{\"@id\":\"https:\/\/veaeditori.it\/product\/ravenskeep-sewers\/#primaryimage\"},\"thumbnailUrl\":\"https:\/\/veaeditori.it\/wp-content\/uploads\/2023\/05\/Ravenskeep-Sewers-Isometric-Box.png\",\"datePublished\":\"2023-05-10T08:50:33+00:00\",\"dateModified\":\"2026-03-31T09:36:42+00:00\",\"description\":\"Ravenskeep Sewers, aggiungi delle elaborate fognature al tuo tavolo da gioco, che sia per maladum o altro gioco fantasy a tuo piacimento\",\"breadcrumb\":{\"@id\":\"https:\/\/veaeditori.it\/product\/ravenskeep-sewers\/#breadcrumb\"},\"inLanguage\":\"en-GB\",\"potentialAction\":[{\"@type\":\"ReadAction\",\"target\":[\"https:\/\/veaeditori.it\/product\/ravenskeep-sewers\/\"]}]},{\"@type\":\"ImageObject\",\"inLanguage\":\"en-GB\",\"@id\":\"https:\/\/veaeditori.it\/product\/ravenskeep-sewers\/#primaryimage\",\"url\":\"https:\/\/veaeditori.it\/wp-content\/uploads\/2023\/05\/Ravenskeep-Sewers-Isometric-Box.png\",\"contentUrl\":\"https:\/\/veaeditori.it\/wp-content\/uploads\/2023\/05\/Ravenskeep-Sewers-Isometric-Box.png\",\"width\":968,\"height\":605},{\"@type\":\"BreadcrumbList\",\"@id\":\"https:\/\/veaeditori.it\/product\/ravenskeep-sewers\/#breadcrumb\",\"itemListElement\":[{\"@type\":\"ListItem\",\"position\":1,\"name\":\"Home\",\"item\":\"https:\/\/veaeditori.it\/\"},{\"@type\":\"ListItem\",\"position\":2,\"name\":\"Shop\",\"item\":\"https:\/\/veaeditori.it\/shop\/\"},{\"@type\":\"ListItem\",\"position\":3,\"name\":\"Ravenskeep Sewers\"}]},{\"@type\":\"WebSite\",\"@id\":\"https:\/\/veaeditori.it\/#website\",\"url\":\"https:\/\/veaeditori.it\/\",\"name\":\"VEA Editori\",\"description\":\"Italian Wargame Publisher\",\"potentialAction\":[{\"@type\":\"SearchAction\",\"target\":{\"@type\":\"EntryPoint\",\"urlTemplate\":\"https:\/\/veaeditori.it\/?s={search_term_string}\"},\"query-input\":{\"@type\":\"PropertyValueSpecification\",\"valueRequired\":true,\"valueName\":\"search_term_string\"}}],\"inLanguage\":\"en-GB\"}]}<\/script>\n<!-- \/ Yoast SEO plugin. -->","yoast_head_json":{"title":"Ravenskeep Sewers - VEA Editori","description":"Ravenskeep Sewers, aggiungi delle elaborate fognature al tuo tavolo da gioco, che sia per maladum o altro gioco fantasy a tuo piacimento","robots":{"index":"index","follow":"follow","max-snippet":"max-snippet:-1","max-image-preview":"max-image-preview:large","max-video-preview":"max-video-preview:-1"},"canonical":"https:\/\/veaeditori.it\/en\/product\/ravenskeep-sewers\/","og_locale":"en_GB","og_type":"article","og_title":"Ravenskeep Sewers - VEA Editori","og_description":"Ravenskeep Sewers, aggiungi delle elaborate fognature al tuo tavolo da gioco, che sia per maladum o altro gioco fantasy a tuo piacimento","og_url":"https:\/\/veaeditori.it\/en\/product\/ravenskeep-sewers\/","og_site_name":"VEA Editori","article_publisher":"https:\/\/www.facebook.com\/veaspaziominiature","article_modified_time":"2026-03-31T09:36:42+00:00","og_image":[{"width":968,"height":605,"url":"https:\/\/veaeditori.it\/wp-content\/uploads\/2023\/05\/Ravenskeep-Sewers-Isometric-Box.png","type":"image\/png"}],"twitter_card":"summary_large_image","twitter_misc":{"Estimated reading time":"2 minutes"},"schema":{"@context":"https:\/\/schema.org","@graph":[{"@type":"WebPage","@id":"https:\/\/veaeditori.it\/product\/ravenskeep-sewers\/","url":"https:\/\/veaeditori.it\/product\/ravenskeep-sewers\/","name":"Ravenskeep Sewers - VEA Editori","isPartOf":{"@id":"https:\/\/veaeditori.it\/#website"},"primaryImageOfPage":{"@id":"https:\/\/veaeditori.it\/product\/ravenskeep-sewers\/#primaryimage"},"image":{"@id":"https:\/\/veaeditori.it\/product\/ravenskeep-sewers\/#primaryimage"},"thumbnailUrl":"https:\/\/veaeditori.it\/wp-content\/uploads\/2023\/05\/Ravenskeep-Sewers-Isometric-Box.png","datePublished":"2023-05-10T08:50:33+00:00","dateModified":"2026-03-31T09:36:42+00:00","description":"Ravenskeep Sewers, aggiungi delle elaborate fognature al tuo tavolo da gioco, che sia per maladum o altro gioco fantasy a tuo piacimento","breadcrumb":{"@id":"https:\/\/veaeditori.it\/product\/ravenskeep-sewers\/#breadcrumb"},"inLanguage":"en-GB","potentialAction":[{"@type":"ReadAction","target":["https:\/\/veaeditori.it\/product\/ravenskeep-sewers\/"]}]},{"@type":"ImageObject","inLanguage":"en-GB","@id":"https:\/\/veaeditori.it\/product\/ravenskeep-sewers\/#primaryimage","url":"https:\/\/veaeditori.it\/wp-content\/uploads\/2023\/05\/Ravenskeep-Sewers-Isometric-Box.png","contentUrl":"https:\/\/veaeditori.it\/wp-content\/uploads\/2023\/05\/Ravenskeep-Sewers-Isometric-Box.png","width":968,"height":605},{"@type":"BreadcrumbList","@id":"https:\/\/veaeditori.it\/product\/ravenskeep-sewers\/#breadcrumb","itemListElement":[{"@type":"ListItem","position":1,"name":"Home","item":"https:\/\/veaeditori.it\/"},{"@type":"ListItem","position":2,"name":"Shop","item":"https:\/\/veaeditori.it\/shop\/"},{"@type":"ListItem","position":3,"name":"Ravenskeep Sewers"}]},{"@type":"WebSite","@id":"https:\/\/veaeditori.it\/#website","url":"https:\/\/veaeditori.it\/","name":"VEA Editori","description":"Italian Wargame Publisher","potentialAction":[{"@type":"SearchAction","target":{"@type":"EntryPoint","urlTemplate":"https:\/\/veaeditori.it\/?s={search_term_string}"},"query-input":{"@type":"PropertyValueSpecification","valueRequired":true,"valueName":"search_term_string"}}],"inLanguage":"en-GB"}]}},"_links":{"self":[{"href":"https:\/\/veaeditori.it\/en\/wp-json\/wp\/v2\/product\/1547","targetHints":{"allow":["GET"]}}],"collection":[{"href":"https:\/\/veaeditori.it\/en\/wp-json\/wp\/v2\/product"}],"about":[{"href":"https:\/\/veaeditori.it\/en\/wp-json\/wp\/v2\/types\/product"}],"replies":[{"embeddable":true,"href":"https:\/\/veaeditori.it\/en\/wp-json\/wp\/v2\/comments?post=1547"}],"wp:featuredmedia":[{"embeddable":true,"href":"https:\/\/veaeditori.it\/en\/wp-json\/wp\/v2\/media\/4197"}],"wp:attachment":[{"href":"https:\/\/veaeditori.it\/en\/wp-json\/wp\/v2\/media?parent=1547"}],"wp:term":[{"taxonomy":"product_brand","embeddable":true,"href":"https:\/\/veaeditori.it\/en\/wp-json\/wp\/v2\/product_brand?post=1547"},{"taxonomy":"product_cat","embeddable":true,"href":"https:\/\/veaeditori.it\/en\/wp-json\/wp\/v2\/product_cat?post=1547"},{"taxonomy":"product_tag","embeddable":true,"href":"https:\/\/veaeditori.it\/en\/wp-json\/wp\/v2\/product_tag?post=1547"}],"curies":[{"name":"wp","href":"https:\/\/api.w.org\/{rel}","templated":true}]}}