{"id":1551,"date":"2023-05-10T09:50:33","date_gmt":"2023-05-10T08:50:33","guid":{"rendered":"http:\/\/veaeditori.it\/?post_type=product&#038;p=1551"},"modified":"2026-03-23T14:40:17","modified_gmt":"2026-03-23T12:40:17","slug":"wine-cellar","status":"publish","type":"product","link":"https:\/\/veaeditori.it\/en\/product\/wine-cellar\/","title":{"rendered":"Wine Cellar"},"content":{"rendered":"<h1>Wine Cellar<\/h1>\n<p>Questo pacchetto amplia il vostro dungeon con una cantina, l&#8217;obiettivo ideale per avventurieri assetati. Include un ingresso decorato, degno del suo prezioso contenuto, insieme a numerose botti e un tavolo dove sedersi e rilassarsi. \u00c8 compatibile con il resto della gamma Battle Systems Dungeon.<\/p>\n<p>Il terreno viene fornito in un pacchetto piatto su cartoncino di alta qualit\u00e0 e alta densit\u00e0, stampato a colori su entrambi i lati, quindi non \u00e8 necessaria alcuna pittura. Il terreno richiede assemblaggio e alcune parti pi\u00f9 piccole richiedono l&#8217;uso di colla. Per ulteriori dettagli e istruzioni complete, consultare il sito www.battlesystems.co.uk.<\/p>\n<p>Richiede il Battle Systems Fantasy Dungeon per l&#8217;assemblaggio.<\/p>\n<p>&nbsp;<\/p>\n<p><strong><u>Contents<\/u><\/strong><\/p>\n<ul>\n<li>1 Wall with Double Doors<\/li>\n<li>1 Large Barrel Rack<\/li>\n<li>1 Small Barrel Rack<\/li>\n<li>7 Barrels<\/li>\n<li>1 Wine Rack<\/li>\n<li>1 Table<\/li>\n<li>2 Chairs<\/li>\n<li>2 Crates<\/li>\n<\/ul>\n<p><strong><u>\u00a0<\/u><\/strong><\/p>\n<p><strong><u>Additional Information<\/u><\/strong><\/p>\n<ul>\n<li>16 Pieces<\/li>\n<li>Compatible with Maladum<\/li>\n<li>Product Code: BSTFDE008<\/li>\n<li>Barcode: 5060660091058<\/li>\n<li>Symbols: 14+<\/li>\n<li>Small Print:\n<ul>\n<li>Manufactured by Battle Systems Ltd, Suite B, Fairgate House, 205 Kings Road, Tyseley, Birmingham, B11 2AA, UK. This is not a toy. Contents may vary from those on the packaging. Not suitable for children under 36 months due to small parts. Retain packaging for future reference. Made in China. Maladum and all associated characters, names, places and things are \u2122 and \u00a9 Battle Systems Ltd 2023.<\/li>\n<li>Vertrieb in Deutschland durch Happyshops GmbH, Schokholtzstr. 6, D-06217 Merseburg. Dies ist kein Spielzeug.<\/li>\n<\/ul>\n<\/li>\n<\/ul>","protected":false},"excerpt":{"rendered":"<p>Wine Cellar<\/p>","protected":false},"featured_media":4737,"comment_status":"open","ping_status":"closed","template":"","meta":[],"product_brand":[],"product_cat":[147],"product_tag":[],"class_list":{"0":"post-1551","1":"product","2":"type-product","3":"status-publish","4":"has-post-thumbnail","6":"product_cat-terreni","7":"product_shipping_class-standard","9":"first","10":"outofstock","11":"shipping-taxable","12":"purchasable","13":"product-type-simple"},"yoast_head":"<!-- This site is optimized with the Yoast SEO plugin v27.2 - https:\/\/yoast.com\/product\/yoast-seo-wordpress\/ -->\n<title>Wine Cellar - VEA Editori<\/title>\n<meta name=\"description\" content=\"Wine Cellar Questo pacchetto raggruppa gli stretch goal a tema Wine Cellar degli stretch goal del Dungeon Terrain, per chiunque desideri copie aggiuntive.\" \/>\n<meta name=\"robots\" content=\"index, follow, max-snippet:-1, max-image-preview:large, max-video-preview:-1\" \/>\n<link rel=\"canonical\" href=\"https:\/\/veaeditori.it\/en\/product\/wine-cellar\/\" \/>\n<meta property=\"og:locale\" content=\"en_GB\" \/>\n<meta property=\"og:type\" content=\"article\" \/>\n<meta property=\"og:title\" content=\"Wine Cellar - VEA Editori\" \/>\n<meta property=\"og:description\" content=\"Wine Cellar Questo pacchetto raggruppa gli stretch goal a tema Wine Cellar degli stretch goal del Dungeon Terrain, per chiunque desideri copie aggiuntive.\" \/>\n<meta property=\"og:url\" content=\"https:\/\/veaeditori.it\/en\/product\/wine-cellar\/\" \/>\n<meta property=\"og:site_name\" content=\"VEA Editori\" \/>\n<meta property=\"article:publisher\" content=\"https:\/\/www.facebook.com\/veaspaziominiature\" \/>\n<meta property=\"article:modified_time\" content=\"2026-03-23T12:40:17+00:00\" \/>\n<meta property=\"og:image\" content=\"https:\/\/veaeditori.it\/wp-content\/uploads\/2023\/05\/Wine-Cellar-Packaging-scaled.jpg\" \/>\n\t<meta property=\"og:image:width\" content=\"2560\" \/>\n\t<meta property=\"og:image:height\" content=\"1815\" \/>\n\t<meta property=\"og:image:type\" content=\"image\/jpeg\" \/>\n<meta name=\"twitter:card\" content=\"summary_large_image\" \/>\n<meta name=\"twitter:label1\" content=\"Estimated reading time\" \/>\n\t<meta name=\"twitter:data1\" content=\"2 minutes\" \/>\n<script type=\"application\/ld+json\" class=\"yoast-schema-graph\">{\"@context\":\"https:\/\/schema.org\",\"@graph\":[{\"@type\":\"WebPage\",\"@id\":\"https:\/\/veaeditori.it\/product\/wine-cellar\/\",\"url\":\"https:\/\/veaeditori.it\/product\/wine-cellar\/\",\"name\":\"Wine Cellar - VEA Editori\",\"isPartOf\":{\"@id\":\"https:\/\/veaeditori.it\/#website\"},\"primaryImageOfPage\":{\"@id\":\"https:\/\/veaeditori.it\/product\/wine-cellar\/#primaryimage\"},\"image\":{\"@id\":\"https:\/\/veaeditori.it\/product\/wine-cellar\/#primaryimage\"},\"thumbnailUrl\":\"https:\/\/veaeditori.it\/wp-content\/uploads\/2023\/05\/Wine-Cellar-Packaging-scaled.jpg\",\"datePublished\":\"2023-05-10T08:50:33+00:00\",\"dateModified\":\"2026-03-23T12:40:17+00:00\",\"description\":\"Wine Cellar Questo pacchetto raggruppa gli stretch goal a tema Wine Cellar degli stretch goal del Dungeon Terrain, per chiunque desideri copie aggiuntive.\",\"breadcrumb\":{\"@id\":\"https:\/\/veaeditori.it\/product\/wine-cellar\/#breadcrumb\"},\"inLanguage\":\"en-GB\",\"potentialAction\":[{\"@type\":\"ReadAction\",\"target\":[\"https:\/\/veaeditori.it\/product\/wine-cellar\/\"]}]},{\"@type\":\"ImageObject\",\"inLanguage\":\"en-GB\",\"@id\":\"https:\/\/veaeditori.it\/product\/wine-cellar\/#primaryimage\",\"url\":\"https:\/\/veaeditori.it\/wp-content\/uploads\/2023\/05\/Wine-Cellar-Packaging-scaled.jpg\",\"contentUrl\":\"https:\/\/veaeditori.it\/wp-content\/uploads\/2023\/05\/Wine-Cellar-Packaging-scaled.jpg\",\"width\":2560,\"height\":1815},{\"@type\":\"BreadcrumbList\",\"@id\":\"https:\/\/veaeditori.it\/product\/wine-cellar\/#breadcrumb\",\"itemListElement\":[{\"@type\":\"ListItem\",\"position\":1,\"name\":\"Home\",\"item\":\"https:\/\/veaeditori.it\/\"},{\"@type\":\"ListItem\",\"position\":2,\"name\":\"Shop\",\"item\":\"https:\/\/veaeditori.it\/shop\/\"},{\"@type\":\"ListItem\",\"position\":3,\"name\":\"Wine Cellar\"}]},{\"@type\":\"WebSite\",\"@id\":\"https:\/\/veaeditori.it\/#website\",\"url\":\"https:\/\/veaeditori.it\/\",\"name\":\"VEA Editori\",\"description\":\"Italian Wargame Publisher\",\"potentialAction\":[{\"@type\":\"SearchAction\",\"target\":{\"@type\":\"EntryPoint\",\"urlTemplate\":\"https:\/\/veaeditori.it\/?s={search_term_string}\"},\"query-input\":{\"@type\":\"PropertyValueSpecification\",\"valueRequired\":true,\"valueName\":\"search_term_string\"}}],\"inLanguage\":\"en-GB\"}]}<\/script>\n<!-- \/ Yoast SEO plugin. -->","yoast_head_json":{"title":"Wine Cellar - VEA Editori","description":"Wine Cellar Questo pacchetto raggruppa gli stretch goal a tema Wine Cellar degli stretch goal del Dungeon Terrain, per chiunque desideri copie aggiuntive.","robots":{"index":"index","follow":"follow","max-snippet":"max-snippet:-1","max-image-preview":"max-image-preview:large","max-video-preview":"max-video-preview:-1"},"canonical":"https:\/\/veaeditori.it\/en\/product\/wine-cellar\/","og_locale":"en_GB","og_type":"article","og_title":"Wine Cellar - VEA Editori","og_description":"Wine Cellar Questo pacchetto raggruppa gli stretch goal a tema Wine Cellar degli stretch goal del Dungeon Terrain, per chiunque desideri copie aggiuntive.","og_url":"https:\/\/veaeditori.it\/en\/product\/wine-cellar\/","og_site_name":"VEA Editori","article_publisher":"https:\/\/www.facebook.com\/veaspaziominiature","article_modified_time":"2026-03-23T12:40:17+00:00","og_image":[{"width":2560,"height":1815,"url":"https:\/\/veaeditori.it\/wp-content\/uploads\/2023\/05\/Wine-Cellar-Packaging-scaled.jpg","type":"image\/jpeg"}],"twitter_card":"summary_large_image","twitter_misc":{"Estimated reading time":"2 minutes"},"schema":{"@context":"https:\/\/schema.org","@graph":[{"@type":"WebPage","@id":"https:\/\/veaeditori.it\/product\/wine-cellar\/","url":"https:\/\/veaeditori.it\/product\/wine-cellar\/","name":"Wine Cellar - VEA Editori","isPartOf":{"@id":"https:\/\/veaeditori.it\/#website"},"primaryImageOfPage":{"@id":"https:\/\/veaeditori.it\/product\/wine-cellar\/#primaryimage"},"image":{"@id":"https:\/\/veaeditori.it\/product\/wine-cellar\/#primaryimage"},"thumbnailUrl":"https:\/\/veaeditori.it\/wp-content\/uploads\/2023\/05\/Wine-Cellar-Packaging-scaled.jpg","datePublished":"2023-05-10T08:50:33+00:00","dateModified":"2026-03-23T12:40:17+00:00","description":"Wine Cellar Questo pacchetto raggruppa gli stretch goal a tema Wine Cellar degli stretch goal del Dungeon Terrain, per chiunque desideri copie aggiuntive.","breadcrumb":{"@id":"https:\/\/veaeditori.it\/product\/wine-cellar\/#breadcrumb"},"inLanguage":"en-GB","potentialAction":[{"@type":"ReadAction","target":["https:\/\/veaeditori.it\/product\/wine-cellar\/"]}]},{"@type":"ImageObject","inLanguage":"en-GB","@id":"https:\/\/veaeditori.it\/product\/wine-cellar\/#primaryimage","url":"https:\/\/veaeditori.it\/wp-content\/uploads\/2023\/05\/Wine-Cellar-Packaging-scaled.jpg","contentUrl":"https:\/\/veaeditori.it\/wp-content\/uploads\/2023\/05\/Wine-Cellar-Packaging-scaled.jpg","width":2560,"height":1815},{"@type":"BreadcrumbList","@id":"https:\/\/veaeditori.it\/product\/wine-cellar\/#breadcrumb","itemListElement":[{"@type":"ListItem","position":1,"name":"Home","item":"https:\/\/veaeditori.it\/"},{"@type":"ListItem","position":2,"name":"Shop","item":"https:\/\/veaeditori.it\/shop\/"},{"@type":"ListItem","position":3,"name":"Wine Cellar"}]},{"@type":"WebSite","@id":"https:\/\/veaeditori.it\/#website","url":"https:\/\/veaeditori.it\/","name":"VEA Editori","description":"Italian Wargame Publisher","potentialAction":[{"@type":"SearchAction","target":{"@type":"EntryPoint","urlTemplate":"https:\/\/veaeditori.it\/?s={search_term_string}"},"query-input":{"@type":"PropertyValueSpecification","valueRequired":true,"valueName":"search_term_string"}}],"inLanguage":"en-GB"}]}},"_links":{"self":[{"href":"https:\/\/veaeditori.it\/en\/wp-json\/wp\/v2\/product\/1551","targetHints":{"allow":["GET"]}}],"collection":[{"href":"https:\/\/veaeditori.it\/en\/wp-json\/wp\/v2\/product"}],"about":[{"href":"https:\/\/veaeditori.it\/en\/wp-json\/wp\/v2\/types\/product"}],"replies":[{"embeddable":true,"href":"https:\/\/veaeditori.it\/en\/wp-json\/wp\/v2\/comments?post=1551"}],"wp:featuredmedia":[{"embeddable":true,"href":"https:\/\/veaeditori.it\/en\/wp-json\/wp\/v2\/media\/4737"}],"wp:attachment":[{"href":"https:\/\/veaeditori.it\/en\/wp-json\/wp\/v2\/media?parent=1551"}],"wp:term":[{"taxonomy":"product_brand","embeddable":true,"href":"https:\/\/veaeditori.it\/en\/wp-json\/wp\/v2\/product_brand?post=1551"},{"taxonomy":"product_cat","embeddable":true,"href":"https:\/\/veaeditori.it\/en\/wp-json\/wp\/v2\/product_cat?post=1551"},{"taxonomy":"product_tag","embeddable":true,"href":"https:\/\/veaeditori.it\/en\/wp-json\/wp\/v2\/product_tag?post=1551"}],"curies":[{"name":"wp","href":"https:\/\/api.w.org\/{rel}","templated":true}]}}