{"id":1643,"date":"2023-05-12T15:01:02","date_gmt":"2023-05-12T14:01:02","guid":{"rendered":"http:\/\/veaeditori.it\/?post_type=product&#038;p=1643"},"modified":"2025-08-11T11:19:51","modified_gmt":"2025-08-11T09:19:51","slug":"grassy-fields-gaming-mat-3x3-grid","status":"publish","type":"product","link":"https:\/\/veaeditori.it\/en\/product\/grassy-fields-gaming-mat-3x3-grid\/","title":{"rendered":"Grassy Fields Gaming Mat 3&#215;3 &#8211; Grid"},"content":{"rendered":"<p><strong>PRE-ORDINE<\/strong><\/p>\n<p><strong>Si ricorda che questo articolo \u00e8 un pre-ordine e come tale non verr\u00e0 consegnato fino a data ancora non stabilit\u00e0 nella prima met\u00e0 del 2024. La data di consegna non dipende da VEA Editori ma dalle tempistiche tecniche imposte dalla produzione del gioco e da Battle System. Non ci riteniamo responsabili qualora si dovessero verificare ritardi di qualsiasi tipo.\u00a0<\/strong><\/p>\n<div class=\"gfu-product-content _mt-3\">\n<div>This pack contains a 3&#8242; x 3&#8242; \/ 90cm x 90cm gaming mat depicting an open green field. It has a subtle 1&#8243;\/25mm grid.<\/div>\n<\/div>\n<div class=\"gfu-product-content _mt-3\">\n<h2 class=\"gfu-hd gfu-hd--h2 _tc--base _mb-2\">More info<\/h2>\n<div>This product uses the same artwork as our existing\u00a0<a href=\"https:\/\/battlesystems.co.uk\/product\/grassy-fields-gaming-mat-3x3\/\" target=\"_blank\" rel=\"nofollow noopener noreferrer\">Grassy Fields<\/a>\u00a0mat, with the addition of a grid.<\/div>\n<\/div>","protected":false},"excerpt":{"rendered":"<p>Grassy Fields Gaming Mat 3&#215;3 &#8211; Grid<\/p>","protected":false},"featured_media":1644,"comment_status":"open","ping_status":"closed","template":"","meta":[],"product_brand":[],"product_cat":[150],"product_tag":[],"class_list":{"0":"post-1643","1":"product","2":"type-product","3":"status-publish","4":"has-post-thumbnail","6":"product_cat-accessori-maladum","7":"product_shipping_class-lungo","9":"first","10":"outofstock","11":"shipping-taxable","12":"purchasable","13":"product-type-simple"},"yoast_head":"<!-- This site is optimized with the Yoast SEO plugin v27.2 - https:\/\/yoast.com\/product\/yoast-seo-wordpress\/ -->\n<title>Grassy Fields Gaming Mat 3x3 - Grid - VEA Editori<\/title>\n<meta name=\"description\" content=\"Grassy Fields Gaming Mat 3x3 - Grid, tappetino in neoprene 3x3 piedi con texture erba e sassi della battle system per arricchire la vostra collezione\" \/>\n<meta name=\"robots\" content=\"index, follow, max-snippet:-1, max-image-preview:large, max-video-preview:-1\" \/>\n<link rel=\"canonical\" href=\"https:\/\/veaeditori.it\/en\/product\/grassy-fields-gaming-mat-3x3-grid\/\" \/>\n<meta property=\"og:locale\" content=\"en_GB\" \/>\n<meta property=\"og:type\" content=\"article\" \/>\n<meta property=\"og:title\" content=\"Grassy Fields Gaming Mat 3x3 - Grid - VEA Editori\" \/>\n<meta property=\"og:description\" content=\"Grassy Fields Gaming Mat 3x3 - Grid, tappetino in neoprene 3x3 piedi con texture erba e sassi della battle system per arricchire la vostra collezione\" \/>\n<meta property=\"og:url\" content=\"https:\/\/veaeditori.it\/en\/product\/grassy-fields-gaming-mat-3x3-grid\/\" \/>\n<meta property=\"og:site_name\" content=\"VEA Editori\" \/>\n<meta property=\"article:publisher\" content=\"https:\/\/www.facebook.com\/veaspaziominiature\" \/>\n<meta property=\"article:modified_time\" content=\"2025-08-11T09:19:51+00:00\" \/>\n<meta property=\"og:image\" content=\"https:\/\/veaeditori.it\/wp-content\/uploads\/2023\/05\/Grassy3x3.1.jpg\" \/>\n\t<meta property=\"og:image:width\" content=\"2048\" \/>\n\t<meta property=\"og:image:height\" content=\"2048\" \/>\n\t<meta property=\"og:image:type\" content=\"image\/jpeg\" \/>\n<meta name=\"twitter:card\" content=\"summary_large_image\" \/>\n<meta name=\"twitter:label1\" content=\"Estimated reading time\" \/>\n\t<meta name=\"twitter:data1\" content=\"1 minute\" \/>\n<script type=\"application\/ld+json\" class=\"yoast-schema-graph\">{\"@context\":\"https:\/\/schema.org\",\"@graph\":[{\"@type\":\"WebPage\",\"@id\":\"https:\/\/veaeditori.it\/product\/grassy-fields-gaming-mat-3x3-grid\/\",\"url\":\"https:\/\/veaeditori.it\/product\/grassy-fields-gaming-mat-3x3-grid\/\",\"name\":\"Grassy Fields Gaming Mat 3x3 - Grid - VEA Editori\",\"isPartOf\":{\"@id\":\"https:\/\/veaeditori.it\/#website\"},\"primaryImageOfPage\":{\"@id\":\"https:\/\/veaeditori.it\/product\/grassy-fields-gaming-mat-3x3-grid\/#primaryimage\"},\"image\":{\"@id\":\"https:\/\/veaeditori.it\/product\/grassy-fields-gaming-mat-3x3-grid\/#primaryimage\"},\"thumbnailUrl\":\"https:\/\/veaeditori.it\/wp-content\/uploads\/2023\/05\/Grassy3x3.1.jpg\",\"datePublished\":\"2023-05-12T14:01:02+00:00\",\"dateModified\":\"2025-08-11T09:19:51+00:00\",\"description\":\"Grassy Fields Gaming Mat 3x3 - Grid, tappetino in neoprene 3x3 piedi con texture erba e sassi della battle system per arricchire la vostra collezione\",\"breadcrumb\":{\"@id\":\"https:\/\/veaeditori.it\/product\/grassy-fields-gaming-mat-3x3-grid\/#breadcrumb\"},\"inLanguage\":\"en-GB\",\"potentialAction\":[{\"@type\":\"ReadAction\",\"target\":[\"https:\/\/veaeditori.it\/product\/grassy-fields-gaming-mat-3x3-grid\/\"]}]},{\"@type\":\"ImageObject\",\"inLanguage\":\"en-GB\",\"@id\":\"https:\/\/veaeditori.it\/product\/grassy-fields-gaming-mat-3x3-grid\/#primaryimage\",\"url\":\"https:\/\/veaeditori.it\/wp-content\/uploads\/2023\/05\/Grassy3x3.1.jpg\",\"contentUrl\":\"https:\/\/veaeditori.it\/wp-content\/uploads\/2023\/05\/Grassy3x3.1.jpg\",\"width\":2048,\"height\":2048},{\"@type\":\"BreadcrumbList\",\"@id\":\"https:\/\/veaeditori.it\/product\/grassy-fields-gaming-mat-3x3-grid\/#breadcrumb\",\"itemListElement\":[{\"@type\":\"ListItem\",\"position\":1,\"name\":\"Home\",\"item\":\"https:\/\/veaeditori.it\/\"},{\"@type\":\"ListItem\",\"position\":2,\"name\":\"Shop\",\"item\":\"https:\/\/veaeditori.it\/shop\/\"},{\"@type\":\"ListItem\",\"position\":3,\"name\":\"Grassy Fields Gaming Mat 3&#215;3 &#8211; Grid\"}]},{\"@type\":\"WebSite\",\"@id\":\"https:\/\/veaeditori.it\/#website\",\"url\":\"https:\/\/veaeditori.it\/\",\"name\":\"VEA Editori\",\"description\":\"Italian Wargame Publisher\",\"potentialAction\":[{\"@type\":\"SearchAction\",\"target\":{\"@type\":\"EntryPoint\",\"urlTemplate\":\"https:\/\/veaeditori.it\/?s={search_term_string}\"},\"query-input\":{\"@type\":\"PropertyValueSpecification\",\"valueRequired\":true,\"valueName\":\"search_term_string\"}}],\"inLanguage\":\"en-GB\"}]}<\/script>\n<!-- \/ Yoast SEO plugin. -->","yoast_head_json":{"title":"Grassy Fields Gaming Mat 3x3 - Grid - VEA Editori","description":"Grassy Fields Gaming Mat 3x3 - Grid, tappetino in neoprene 3x3 piedi con texture erba e sassi della battle system per arricchire la vostra collezione","robots":{"index":"index","follow":"follow","max-snippet":"max-snippet:-1","max-image-preview":"max-image-preview:large","max-video-preview":"max-video-preview:-1"},"canonical":"https:\/\/veaeditori.it\/en\/product\/grassy-fields-gaming-mat-3x3-grid\/","og_locale":"en_GB","og_type":"article","og_title":"Grassy Fields Gaming Mat 3x3 - Grid - VEA Editori","og_description":"Grassy Fields Gaming Mat 3x3 - Grid, tappetino in neoprene 3x3 piedi con texture erba e sassi della battle system per arricchire la vostra collezione","og_url":"https:\/\/veaeditori.it\/en\/product\/grassy-fields-gaming-mat-3x3-grid\/","og_site_name":"VEA Editori","article_publisher":"https:\/\/www.facebook.com\/veaspaziominiature","article_modified_time":"2025-08-11T09:19:51+00:00","og_image":[{"width":2048,"height":2048,"url":"https:\/\/veaeditori.it\/wp-content\/uploads\/2023\/05\/Grassy3x3.1.jpg","type":"image\/jpeg"}],"twitter_card":"summary_large_image","twitter_misc":{"Estimated reading time":"1 minute"},"schema":{"@context":"https:\/\/schema.org","@graph":[{"@type":"WebPage","@id":"https:\/\/veaeditori.it\/product\/grassy-fields-gaming-mat-3x3-grid\/","url":"https:\/\/veaeditori.it\/product\/grassy-fields-gaming-mat-3x3-grid\/","name":"Grassy Fields Gaming Mat 3x3 - Grid - VEA Editori","isPartOf":{"@id":"https:\/\/veaeditori.it\/#website"},"primaryImageOfPage":{"@id":"https:\/\/veaeditori.it\/product\/grassy-fields-gaming-mat-3x3-grid\/#primaryimage"},"image":{"@id":"https:\/\/veaeditori.it\/product\/grassy-fields-gaming-mat-3x3-grid\/#primaryimage"},"thumbnailUrl":"https:\/\/veaeditori.it\/wp-content\/uploads\/2023\/05\/Grassy3x3.1.jpg","datePublished":"2023-05-12T14:01:02+00:00","dateModified":"2025-08-11T09:19:51+00:00","description":"Grassy Fields Gaming Mat 3x3 - Grid, tappetino in neoprene 3x3 piedi con texture erba e sassi della battle system per arricchire la vostra collezione","breadcrumb":{"@id":"https:\/\/veaeditori.it\/product\/grassy-fields-gaming-mat-3x3-grid\/#breadcrumb"},"inLanguage":"en-GB","potentialAction":[{"@type":"ReadAction","target":["https:\/\/veaeditori.it\/product\/grassy-fields-gaming-mat-3x3-grid\/"]}]},{"@type":"ImageObject","inLanguage":"en-GB","@id":"https:\/\/veaeditori.it\/product\/grassy-fields-gaming-mat-3x3-grid\/#primaryimage","url":"https:\/\/veaeditori.it\/wp-content\/uploads\/2023\/05\/Grassy3x3.1.jpg","contentUrl":"https:\/\/veaeditori.it\/wp-content\/uploads\/2023\/05\/Grassy3x3.1.jpg","width":2048,"height":2048},{"@type":"BreadcrumbList","@id":"https:\/\/veaeditori.it\/product\/grassy-fields-gaming-mat-3x3-grid\/#breadcrumb","itemListElement":[{"@type":"ListItem","position":1,"name":"Home","item":"https:\/\/veaeditori.it\/"},{"@type":"ListItem","position":2,"name":"Shop","item":"https:\/\/veaeditori.it\/shop\/"},{"@type":"ListItem","position":3,"name":"Grassy Fields Gaming Mat 3&#215;3 &#8211; Grid"}]},{"@type":"WebSite","@id":"https:\/\/veaeditori.it\/#website","url":"https:\/\/veaeditori.it\/","name":"VEA Editori","description":"Italian Wargame Publisher","potentialAction":[{"@type":"SearchAction","target":{"@type":"EntryPoint","urlTemplate":"https:\/\/veaeditori.it\/?s={search_term_string}"},"query-input":{"@type":"PropertyValueSpecification","valueRequired":true,"valueName":"search_term_string"}}],"inLanguage":"en-GB"}]}},"_links":{"self":[{"href":"https:\/\/veaeditori.it\/en\/wp-json\/wp\/v2\/product\/1643","targetHints":{"allow":["GET"]}}],"collection":[{"href":"https:\/\/veaeditori.it\/en\/wp-json\/wp\/v2\/product"}],"about":[{"href":"https:\/\/veaeditori.it\/en\/wp-json\/wp\/v2\/types\/product"}],"replies":[{"embeddable":true,"href":"https:\/\/veaeditori.it\/en\/wp-json\/wp\/v2\/comments?post=1643"}],"wp:featuredmedia":[{"embeddable":true,"href":"https:\/\/veaeditori.it\/en\/wp-json\/wp\/v2\/media\/1644"}],"wp:attachment":[{"href":"https:\/\/veaeditori.it\/en\/wp-json\/wp\/v2\/media?parent=1643"}],"wp:term":[{"taxonomy":"product_brand","embeddable":true,"href":"https:\/\/veaeditori.it\/en\/wp-json\/wp\/v2\/product_brand?post=1643"},{"taxonomy":"product_cat","embeddable":true,"href":"https:\/\/veaeditori.it\/en\/wp-json\/wp\/v2\/product_cat?post=1643"},{"taxonomy":"product_tag","embeddable":true,"href":"https:\/\/veaeditori.it\/en\/wp-json\/wp\/v2\/product_tag?post=1643"}],"curies":[{"name":"wp","href":"https:\/\/api.w.org\/{rel}","templated":true}]}}