{"id":1661,"date":"2023-05-19T09:57:44","date_gmt":"2023-05-19T08:57:44","guid":{"rendered":"http:\/\/veaeditori.it\/?post_type=product&#038;p=1661"},"modified":"2025-11-13T17:30:53","modified_gmt":"2025-11-13T15:30:53","slug":"alien-catacombs","status":"publish","type":"product","link":"https:\/\/veaeditori.it\/en\/product\/alien-catacombs\/","title":{"rendered":"Alien Catacombs"},"content":{"rendered":"<p>Alien Catacombs: Nelle viscere di un remoto asteroide, la roccia \u00e8 stata scavata e unita con una potente tecnologia aliena. I tunnel tortuosi e gli spazi cavernosi formano ogni cosa, dalle cripte oscure alle biblioteche di antiche tradizioni, alle citt\u00e0 un tempo vibranti, apparentemente abbandonate da tempo fino ad ora&#8230;<br \/>\nQuesta confezione contiene tutto il necessario per costruire un tabellone da gioco a livello singolo che copre un&#8217;area fino a 2&#8242; x 2&#8242; \/ (600 mm x 600 mm) o superiore, adatto a tutti i giochi di fantascienza o fantasy da 28-35 mm in un misterioso alieno tempio. Tutti i pezzi sono modulari e possono essere assemblati in qualsiasi combinazione tu scelga per un allestimento ogni volta diverso. Il set pu\u00f2 essere ampliato con altri set della gamma di terreni Battle Systems.<br \/>\nIl terreno viene fornito in confezione piatta su cartoncino di alta qualit\u00e0 e ad alta densit\u00e0, stampato a colori su entrambi i lati, quindi non \u00e8 necessario dipingere! Il terreno richiede il montaggio e alcune parti pi\u00f9 piccole richiedono la colla. Si prega di consultare www.battlesystems.co.uk per maggiori dettagli e istruzioni complete.<br \/>\nQuesto terreno \u00e8 identico a quello del Core Space First Born Starter Set.<\/p>\n<p><strong><u>Contents<\/u><\/strong><\/p>\n<ul>\n<li>1 Printed Neoprene Gaming Mat 2&#8242; x 2&#8242; \/ 600mm x 600mm<\/li>\n<li>36 Assorted Walls\n<ul>\n<li>15 Standard Walls<\/li>\n<li>6 Hatchway Walls &amp; Doors<\/li>\n<li>2 Wide Entrance Walls<\/li>\n<li>4 Entrance Walls<\/li>\n<li>3 Half Walls<\/li>\n<li>2 Half Walls with Hidden Doors<\/li>\n<li>4 Quarter Walls<\/li>\n<\/ul>\n<\/li>\n<li>4 Arches<\/li>\n<li>4 Pillars<\/li>\n<li>19 Assorted Struts<\/li>\n<li>4 Stasis Pods<\/li>\n<li>2 Exhausts<\/li>\n<li>4 Arks<\/li>\n<li>1 Dyson Reactor<\/li>\n<li>1 Command Console<\/li>\n<li>1 True Born Stasis Pod<\/li>\n<li>41 Assorted Scatter Components &amp; Accessories<\/li>\n<li>60 Plastic Clips<\/li>\n<\/ul>\n<p><strong><u>Additional Information<\/u><\/strong><\/p>\n<p>178 Pieces<\/p>\n<p>Compatible with Core Space, the Sci-fi Miniatures Game<\/p>\n<p><strong>Product Code<\/strong>: BSTSFC006<\/p>\n<p><strong>Barcode<\/strong>: 5060660092123<\/p>\n<p><strong>Symbols<\/strong>: 0-3, 14+<\/p>\n<p><strong>Small Print<\/strong>: This is not a toy. Contents may vary from those on the packaging. Not suitable for children under 36 months due to small parts. Retain packaging for future reference. Made in China. Core Space and all associated characters, names, places and things are \u2122 and \u00a9 Battle Systems Ltd 2021.<\/p>\n<p>Alien Catacombs<\/p>","protected":false},"excerpt":{"rendered":"<p>Alien Catacombs<\/p>","protected":false},"featured_media":1662,"comment_status":"open","ping_status":"closed","template":"","meta":[],"product_brand":[],"product_cat":[85,157],"product_tag":[],"class_list":{"0":"post-1661","1":"product","2":"type-product","3":"status-publish","4":"has-post-thumbnail","6":"product_cat-corespace","7":"product_cat-terrenicorespace","8":"product_shipping_class-standard","10":"first","11":"instock","12":"shipping-taxable","13":"purchasable","14":"product-type-simple"},"yoast_head":"<!-- This site is optimized with the Yoast SEO plugin v27.2 - https:\/\/yoast.com\/product\/yoast-seo-wordpress\/ -->\n<title>Alien Catacombs - VEA Editori<\/title>\n<meta name=\"description\" content=\"Alien Catacombs set di scenici in cartoncino equivalenti a quelli contennuti nello starter set di Core Space First Born, gioca scenari pi\u00f9 grandi!\" \/>\n<meta name=\"robots\" content=\"index, follow, max-snippet:-1, max-image-preview:large, max-video-preview:-1\" \/>\n<link rel=\"canonical\" href=\"https:\/\/veaeditori.it\/en\/product\/alien-catacombs\/\" \/>\n<meta property=\"og:locale\" content=\"en_GB\" \/>\n<meta property=\"og:type\" content=\"article\" \/>\n<meta property=\"og:title\" content=\"Alien Catacombs - VEA Editori\" \/>\n<meta property=\"og:description\" content=\"Alien Catacombs set di scenici in cartoncino equivalenti a quelli contennuti nello starter set di Core Space First Born, gioca scenari pi\u00f9 grandi!\" \/>\n<meta property=\"og:url\" content=\"https:\/\/veaeditori.it\/en\/product\/alien-catacombs\/\" \/>\n<meta property=\"og:site_name\" content=\"VEA Editori\" \/>\n<meta property=\"article:publisher\" content=\"https:\/\/www.facebook.com\/veaspaziominiature\" \/>\n<meta property=\"article:modified_time\" content=\"2025-11-13T15:30:53+00:00\" \/>\n<meta property=\"og:image\" content=\"https:\/\/veaeditori.it\/wp-content\/uploads\/2023\/05\/First-Born-Terrain-Alien-Catacombs.png\" \/>\n\t<meta property=\"og:image:width\" content=\"1020\" \/>\n\t<meta property=\"og:image:height\" content=\"725\" \/>\n\t<meta property=\"og:image:type\" content=\"image\/png\" \/>\n<meta name=\"twitter:card\" content=\"summary_large_image\" \/>\n<meta name=\"twitter:label1\" content=\"Estimated reading time\" \/>\n\t<meta name=\"twitter:data1\" content=\"2 minutes\" \/>\n<script type=\"application\/ld+json\" class=\"yoast-schema-graph\">{\"@context\":\"https:\/\/schema.org\",\"@graph\":[{\"@type\":\"WebPage\",\"@id\":\"https:\/\/veaeditori.it\/product\/alien-catacombs\/\",\"url\":\"https:\/\/veaeditori.it\/product\/alien-catacombs\/\",\"name\":\"Alien Catacombs - VEA Editori\",\"isPartOf\":{\"@id\":\"https:\/\/veaeditori.it\/#website\"},\"primaryImageOfPage\":{\"@id\":\"https:\/\/veaeditori.it\/product\/alien-catacombs\/#primaryimage\"},\"image\":{\"@id\":\"https:\/\/veaeditori.it\/product\/alien-catacombs\/#primaryimage\"},\"thumbnailUrl\":\"https:\/\/veaeditori.it\/wp-content\/uploads\/2023\/05\/First-Born-Terrain-Alien-Catacombs.png\",\"datePublished\":\"2023-05-19T08:57:44+00:00\",\"dateModified\":\"2025-11-13T15:30:53+00:00\",\"description\":\"Alien Catacombs set di scenici in cartoncino equivalenti a quelli contennuti nello starter set di Core Space First Born, gioca scenari pi\u00f9 grandi!\",\"breadcrumb\":{\"@id\":\"https:\/\/veaeditori.it\/product\/alien-catacombs\/#breadcrumb\"},\"inLanguage\":\"en-GB\",\"potentialAction\":[{\"@type\":\"ReadAction\",\"target\":[\"https:\/\/veaeditori.it\/product\/alien-catacombs\/\"]}]},{\"@type\":\"ImageObject\",\"inLanguage\":\"en-GB\",\"@id\":\"https:\/\/veaeditori.it\/product\/alien-catacombs\/#primaryimage\",\"url\":\"https:\/\/veaeditori.it\/wp-content\/uploads\/2023\/05\/First-Born-Terrain-Alien-Catacombs.png\",\"contentUrl\":\"https:\/\/veaeditori.it\/wp-content\/uploads\/2023\/05\/First-Born-Terrain-Alien-Catacombs.png\",\"width\":1907,\"height\":1355,\"caption\":\"Alien Catacombs\"},{\"@type\":\"BreadcrumbList\",\"@id\":\"https:\/\/veaeditori.it\/product\/alien-catacombs\/#breadcrumb\",\"itemListElement\":[{\"@type\":\"ListItem\",\"position\":1,\"name\":\"Home\",\"item\":\"https:\/\/veaeditori.it\/\"},{\"@type\":\"ListItem\",\"position\":2,\"name\":\"Shop\",\"item\":\"https:\/\/veaeditori.it\/shop\/\"},{\"@type\":\"ListItem\",\"position\":3,\"name\":\"Alien Catacombs\"}]},{\"@type\":\"WebSite\",\"@id\":\"https:\/\/veaeditori.it\/#website\",\"url\":\"https:\/\/veaeditori.it\/\",\"name\":\"VEA Editori\",\"description\":\"Italian Wargame Publisher\",\"potentialAction\":[{\"@type\":\"SearchAction\",\"target\":{\"@type\":\"EntryPoint\",\"urlTemplate\":\"https:\/\/veaeditori.it\/?s={search_term_string}\"},\"query-input\":{\"@type\":\"PropertyValueSpecification\",\"valueRequired\":true,\"valueName\":\"search_term_string\"}}],\"inLanguage\":\"en-GB\"}]}<\/script>\n<!-- \/ Yoast SEO plugin. -->","yoast_head_json":{"title":"Alien Catacombs - VEA Editori","description":"Alien Catacombs set di scenici in cartoncino equivalenti a quelli contennuti nello starter set di Core Space First Born, gioca scenari pi\u00f9 grandi!","robots":{"index":"index","follow":"follow","max-snippet":"max-snippet:-1","max-image-preview":"max-image-preview:large","max-video-preview":"max-video-preview:-1"},"canonical":"https:\/\/veaeditori.it\/en\/product\/alien-catacombs\/","og_locale":"en_GB","og_type":"article","og_title":"Alien Catacombs - VEA Editori","og_description":"Alien Catacombs set di scenici in cartoncino equivalenti a quelli contennuti nello starter set di Core Space First Born, gioca scenari pi\u00f9 grandi!","og_url":"https:\/\/veaeditori.it\/en\/product\/alien-catacombs\/","og_site_name":"VEA Editori","article_publisher":"https:\/\/www.facebook.com\/veaspaziominiature","article_modified_time":"2025-11-13T15:30:53+00:00","og_image":[{"url":"https:\/\/veaeditori.it\/wp-content\/uploads\/2023\/05\/First-Born-Terrain-Alien-Catacombs.png","width":1020,"height":725,"type":"image\/png"}],"twitter_card":"summary_large_image","twitter_misc":{"Estimated reading time":"2 minutes"},"schema":{"@context":"https:\/\/schema.org","@graph":[{"@type":"WebPage","@id":"https:\/\/veaeditori.it\/product\/alien-catacombs\/","url":"https:\/\/veaeditori.it\/product\/alien-catacombs\/","name":"Alien Catacombs - VEA Editori","isPartOf":{"@id":"https:\/\/veaeditori.it\/#website"},"primaryImageOfPage":{"@id":"https:\/\/veaeditori.it\/product\/alien-catacombs\/#primaryimage"},"image":{"@id":"https:\/\/veaeditori.it\/product\/alien-catacombs\/#primaryimage"},"thumbnailUrl":"https:\/\/veaeditori.it\/wp-content\/uploads\/2023\/05\/First-Born-Terrain-Alien-Catacombs.png","datePublished":"2023-05-19T08:57:44+00:00","dateModified":"2025-11-13T15:30:53+00:00","description":"Alien Catacombs set di scenici in cartoncino equivalenti a quelli contennuti nello starter set di Core Space First Born, gioca scenari pi\u00f9 grandi!","breadcrumb":{"@id":"https:\/\/veaeditori.it\/product\/alien-catacombs\/#breadcrumb"},"inLanguage":"en-GB","potentialAction":[{"@type":"ReadAction","target":["https:\/\/veaeditori.it\/product\/alien-catacombs\/"]}]},{"@type":"ImageObject","inLanguage":"en-GB","@id":"https:\/\/veaeditori.it\/product\/alien-catacombs\/#primaryimage","url":"https:\/\/veaeditori.it\/wp-content\/uploads\/2023\/05\/First-Born-Terrain-Alien-Catacombs.png","contentUrl":"https:\/\/veaeditori.it\/wp-content\/uploads\/2023\/05\/First-Born-Terrain-Alien-Catacombs.png","width":1907,"height":1355,"caption":"Alien Catacombs"},{"@type":"BreadcrumbList","@id":"https:\/\/veaeditori.it\/product\/alien-catacombs\/#breadcrumb","itemListElement":[{"@type":"ListItem","position":1,"name":"Home","item":"https:\/\/veaeditori.it\/"},{"@type":"ListItem","position":2,"name":"Shop","item":"https:\/\/veaeditori.it\/shop\/"},{"@type":"ListItem","position":3,"name":"Alien Catacombs"}]},{"@type":"WebSite","@id":"https:\/\/veaeditori.it\/#website","url":"https:\/\/veaeditori.it\/","name":"VEA Editori","description":"Italian Wargame Publisher","potentialAction":[{"@type":"SearchAction","target":{"@type":"EntryPoint","urlTemplate":"https:\/\/veaeditori.it\/?s={search_term_string}"},"query-input":{"@type":"PropertyValueSpecification","valueRequired":true,"valueName":"search_term_string"}}],"inLanguage":"en-GB"}]}},"_links":{"self":[{"href":"https:\/\/veaeditori.it\/en\/wp-json\/wp\/v2\/product\/1661","targetHints":{"allow":["GET"]}}],"collection":[{"href":"https:\/\/veaeditori.it\/en\/wp-json\/wp\/v2\/product"}],"about":[{"href":"https:\/\/veaeditori.it\/en\/wp-json\/wp\/v2\/types\/product"}],"replies":[{"embeddable":true,"href":"https:\/\/veaeditori.it\/en\/wp-json\/wp\/v2\/comments?post=1661"}],"wp:featuredmedia":[{"embeddable":true,"href":"https:\/\/veaeditori.it\/en\/wp-json\/wp\/v2\/media\/1662"}],"wp:attachment":[{"href":"https:\/\/veaeditori.it\/en\/wp-json\/wp\/v2\/media?parent=1661"}],"wp:term":[{"taxonomy":"product_brand","embeddable":true,"href":"https:\/\/veaeditori.it\/en\/wp-json\/wp\/v2\/product_brand?post=1661"},{"taxonomy":"product_cat","embeddable":true,"href":"https:\/\/veaeditori.it\/en\/wp-json\/wp\/v2\/product_cat?post=1661"},{"taxonomy":"product_tag","embeddable":true,"href":"https:\/\/veaeditori.it\/en\/wp-json\/wp\/v2\/product_tag?post=1661"}],"curies":[{"name":"wp","href":"https:\/\/api.w.org\/{rel}","templated":true}]}}