{"id":1779,"date":"2023-08-28T22:17:53","date_gmt":"2023-08-28T21:17:53","guid":{"rendered":"http:\/\/veaeditori.it\/?post_type=product&#038;p=1779"},"modified":"2025-11-24T19:19:02","modified_gmt":"2025-11-24T17:19:02","slug":"maximillian-1934-regolamento-ita","status":"publish","type":"product","link":"https:\/\/veaeditori.it\/en\/product\/maximillian-1934-regolamento-ita\/","title":{"rendered":"Maximillian 1934 Regolamento ITA"},"content":{"rendered":"<p>Maximillian 1934 Regolamento ITA<\/p>\n<p><em>Emergendo dal luccichio del caldo arrivano, in un ruggito di suono e furia, briganti nomadi e piloti di strada. Cromature, polvere e ruggine nello specchietto retrovisore sono i primi presagi di un destino imminente. Poi il chiacchiericcio incessante dei gemelli Vickers ti riempie le orecchie e la tua auto inizia a disintegrarsi intorno a te.<\/em><br \/>\n<em>Sono gli \u201cSporchi anni Trenta\u201d e stai passando una brutta giornata&#8230;<\/em><br \/>\n<em>Prega che Maximillian sia l\u00e0 fuori da qualche parte!<\/em><\/p>\n<p>Maximillian \u00e8 un gioco da tavolo di combattimento con veicoli ambientato in un mondo distopico degli anni \u201830. I giocatori combattono con auto e moto pesantemente armate tra il rombo dei motori alimentati da alcol e carburante per aviazione!<br \/>\nFai una derapata e curva intorno al tavolo e\/o agli scenici, utilizzando una speciale sagoma per svoltare. L\u2019abilit\u00e0 di guida, le dimensioni e la manovrabilit\u00e0 di un veicolo e la sua velocit\u00e0 influenzeranno il successo o il fallimento di una svolta o di una manovra.<br \/>\nPrepara il tuo veicolo e ci vediamo l\u00e0 fuori sulle strade, Pilota! Forza!<\/p>\n<p>Gioco edito da Mana Press: <a href=\"https:\/\/manapress.com.au\/\">https:\/\/manapress.com.au\/<\/a><\/p>\n<p><strong>Sagoma di movimento non inclusa<\/strong><\/p>\n<p>Brossura con copertina morbida a colori, numero di pagine: 56<\/p>","protected":false},"excerpt":{"rendered":"<p>Maximillian 1934 Regolamento ITA<\/p>","protected":false},"featured_media":1780,"comment_status":"open","ping_status":"closed","template":"","meta":[],"product_brand":[],"product_cat":[152],"product_tag":[],"class_list":{"0":"post-1779","1":"product","2":"type-product","3":"status-publish","4":"has-post-thumbnail","6":"product_cat-auto","7":"product_shipping_class-spedizionefree","9":"first","10":"instock","11":"shipping-taxable","12":"purchasable","13":"product-type-simple"},"yoast_head":"<!-- This site is optimized with the Yoast SEO plugin v27.2 - https:\/\/yoast.com\/product\/yoast-seo-wordpress\/ -->\n<title>Maximillian 1934 Regolamento ITA - VEA Editori<\/title>\n<meta name=\"description\" content=\"Maximillian 1934 Regolamento ITA, Regole per Scontri Pulp su Strada. Gioco Dieselpunk anni 30 per scontri tra vetture in scala 28mm o Diecast 1\/43\" \/>\n<meta name=\"robots\" content=\"index, follow, max-snippet:-1, max-image-preview:large, max-video-preview:-1\" \/>\n<link rel=\"canonical\" href=\"https:\/\/veaeditori.it\/en\/product\/maximillian-1934-regolamento-ita\/\" \/>\n<meta property=\"og:locale\" content=\"en_GB\" \/>\n<meta property=\"og:type\" content=\"article\" \/>\n<meta property=\"og:title\" content=\"Maximillian 1934 Regolamento ITA - VEA Editori\" \/>\n<meta property=\"og:description\" content=\"Maximillian 1934 Regolamento ITA, Regole per Scontri Pulp su Strada. Gioco Dieselpunk anni 30 per scontri tra vetture in scala 28mm o Diecast 1\/43\" \/>\n<meta property=\"og:url\" content=\"https:\/\/veaeditori.it\/en\/product\/maximillian-1934-regolamento-ita\/\" \/>\n<meta property=\"og:site_name\" content=\"VEA Editori\" \/>\n<meta property=\"article:publisher\" content=\"https:\/\/www.facebook.com\/veaspaziominiature\" \/>\n<meta property=\"article:modified_time\" content=\"2025-11-24T17:19:02+00:00\" \/>\n<meta property=\"og:image\" content=\"https:\/\/veaeditori.it\/wp-content\/uploads\/2023\/08\/20230828_170720-e1693257409478-603x800.png\" \/>\n\t<meta property=\"og:image:width\" content=\"603\" \/>\n\t<meta property=\"og:image:height\" content=\"800\" \/>\n\t<meta property=\"og:image:type\" content=\"image\/png\" \/>\n<meta name=\"twitter:card\" content=\"summary_large_image\" \/>\n<meta name=\"twitter:label1\" content=\"Estimated reading time\" \/>\n\t<meta name=\"twitter:data1\" content=\"2 minutes\" \/>\n<script type=\"application\/ld+json\" class=\"yoast-schema-graph\">{\"@context\":\"https:\/\/schema.org\",\"@graph\":[{\"@type\":\"WebPage\",\"@id\":\"https:\/\/veaeditori.it\/product\/maximillian-1934-regolamento-ita\/\",\"url\":\"https:\/\/veaeditori.it\/product\/maximillian-1934-regolamento-ita\/\",\"name\":\"Maximillian 1934 Regolamento ITA - VEA Editori\",\"isPartOf\":{\"@id\":\"https:\/\/veaeditori.it\/#website\"},\"primaryImageOfPage\":{\"@id\":\"https:\/\/veaeditori.it\/product\/maximillian-1934-regolamento-ita\/#primaryimage\"},\"image\":{\"@id\":\"https:\/\/veaeditori.it\/product\/maximillian-1934-regolamento-ita\/#primaryimage\"},\"thumbnailUrl\":\"https:\/\/veaeditori.it\/wp-content\/uploads\/2023\/08\/20230828_170720-e1693257409478.png\",\"datePublished\":\"2023-08-28T21:17:53+00:00\",\"dateModified\":\"2025-11-24T17:19:02+00:00\",\"description\":\"Maximillian 1934 Regolamento ITA, Regole per Scontri Pulp su Strada. Gioco Dieselpunk anni 30 per scontri tra vetture in scala 28mm o Diecast 1\/43\",\"breadcrumb\":{\"@id\":\"https:\/\/veaeditori.it\/product\/maximillian-1934-regolamento-ita\/#breadcrumb\"},\"inLanguage\":\"en-GB\",\"potentialAction\":[{\"@type\":\"ReadAction\",\"target\":[\"https:\/\/veaeditori.it\/product\/maximillian-1934-regolamento-ita\/\"]}]},{\"@type\":\"ImageObject\",\"inLanguage\":\"en-GB\",\"@id\":\"https:\/\/veaeditori.it\/product\/maximillian-1934-regolamento-ita\/#primaryimage\",\"url\":\"https:\/\/veaeditori.it\/wp-content\/uploads\/2023\/08\/20230828_170720-e1693257409478.png\",\"contentUrl\":\"https:\/\/veaeditori.it\/wp-content\/uploads\/2023\/08\/20230828_170720-e1693257409478.png\",\"width\":1135,\"height\":1505,\"caption\":\"Maximillian 1934 Copertina\"},{\"@type\":\"BreadcrumbList\",\"@id\":\"https:\/\/veaeditori.it\/product\/maximillian-1934-regolamento-ita\/#breadcrumb\",\"itemListElement\":[{\"@type\":\"ListItem\",\"position\":1,\"name\":\"Home\",\"item\":\"https:\/\/veaeditori.it\/\"},{\"@type\":\"ListItem\",\"position\":2,\"name\":\"Shop\",\"item\":\"https:\/\/veaeditori.it\/shop\/\"},{\"@type\":\"ListItem\",\"position\":3,\"name\":\"Maximillian 1934 Regolamento ITA\"}]},{\"@type\":\"WebSite\",\"@id\":\"https:\/\/veaeditori.it\/#website\",\"url\":\"https:\/\/veaeditori.it\/\",\"name\":\"VEA Editori\",\"description\":\"Italian Wargame Publisher\",\"potentialAction\":[{\"@type\":\"SearchAction\",\"target\":{\"@type\":\"EntryPoint\",\"urlTemplate\":\"https:\/\/veaeditori.it\/?s={search_term_string}\"},\"query-input\":{\"@type\":\"PropertyValueSpecification\",\"valueRequired\":true,\"valueName\":\"search_term_string\"}}],\"inLanguage\":\"en-GB\"}]}<\/script>\n<!-- \/ Yoast SEO plugin. -->","yoast_head_json":{"title":"Maximillian 1934 Regolamento ITA - VEA Editori","description":"Maximillian 1934 Regolamento ITA, Regole per Scontri Pulp su Strada. Gioco Dieselpunk anni 30 per scontri tra vetture in scala 28mm o Diecast 1\/43","robots":{"index":"index","follow":"follow","max-snippet":"max-snippet:-1","max-image-preview":"max-image-preview:large","max-video-preview":"max-video-preview:-1"},"canonical":"https:\/\/veaeditori.it\/en\/product\/maximillian-1934-regolamento-ita\/","og_locale":"en_GB","og_type":"article","og_title":"Maximillian 1934 Regolamento ITA - VEA Editori","og_description":"Maximillian 1934 Regolamento ITA, Regole per Scontri Pulp su Strada. Gioco Dieselpunk anni 30 per scontri tra vetture in scala 28mm o Diecast 1\/43","og_url":"https:\/\/veaeditori.it\/en\/product\/maximillian-1934-regolamento-ita\/","og_site_name":"VEA Editori","article_publisher":"https:\/\/www.facebook.com\/veaspaziominiature","article_modified_time":"2025-11-24T17:19:02+00:00","og_image":[{"width":603,"height":800,"url":"https:\/\/veaeditori.it\/wp-content\/uploads\/2023\/08\/20230828_170720-e1693257409478-603x800.png","type":"image\/png"}],"twitter_card":"summary_large_image","twitter_misc":{"Estimated reading time":"2 minutes"},"schema":{"@context":"https:\/\/schema.org","@graph":[{"@type":"WebPage","@id":"https:\/\/veaeditori.it\/product\/maximillian-1934-regolamento-ita\/","url":"https:\/\/veaeditori.it\/product\/maximillian-1934-regolamento-ita\/","name":"Maximillian 1934 Regolamento ITA - VEA Editori","isPartOf":{"@id":"https:\/\/veaeditori.it\/#website"},"primaryImageOfPage":{"@id":"https:\/\/veaeditori.it\/product\/maximillian-1934-regolamento-ita\/#primaryimage"},"image":{"@id":"https:\/\/veaeditori.it\/product\/maximillian-1934-regolamento-ita\/#primaryimage"},"thumbnailUrl":"https:\/\/veaeditori.it\/wp-content\/uploads\/2023\/08\/20230828_170720-e1693257409478.png","datePublished":"2023-08-28T21:17:53+00:00","dateModified":"2025-11-24T17:19:02+00:00","description":"Maximillian 1934 Regolamento ITA, Regole per Scontri Pulp su Strada. Gioco Dieselpunk anni 30 per scontri tra vetture in scala 28mm o Diecast 1\/43","breadcrumb":{"@id":"https:\/\/veaeditori.it\/product\/maximillian-1934-regolamento-ita\/#breadcrumb"},"inLanguage":"en-GB","potentialAction":[{"@type":"ReadAction","target":["https:\/\/veaeditori.it\/product\/maximillian-1934-regolamento-ita\/"]}]},{"@type":"ImageObject","inLanguage":"en-GB","@id":"https:\/\/veaeditori.it\/product\/maximillian-1934-regolamento-ita\/#primaryimage","url":"https:\/\/veaeditori.it\/wp-content\/uploads\/2023\/08\/20230828_170720-e1693257409478.png","contentUrl":"https:\/\/veaeditori.it\/wp-content\/uploads\/2023\/08\/20230828_170720-e1693257409478.png","width":1135,"height":1505,"caption":"Maximillian 1934 Copertina"},{"@type":"BreadcrumbList","@id":"https:\/\/veaeditori.it\/product\/maximillian-1934-regolamento-ita\/#breadcrumb","itemListElement":[{"@type":"ListItem","position":1,"name":"Home","item":"https:\/\/veaeditori.it\/"},{"@type":"ListItem","position":2,"name":"Shop","item":"https:\/\/veaeditori.it\/shop\/"},{"@type":"ListItem","position":3,"name":"Maximillian 1934 Regolamento ITA"}]},{"@type":"WebSite","@id":"https:\/\/veaeditori.it\/#website","url":"https:\/\/veaeditori.it\/","name":"VEA Editori","description":"Italian Wargame Publisher","potentialAction":[{"@type":"SearchAction","target":{"@type":"EntryPoint","urlTemplate":"https:\/\/veaeditori.it\/?s={search_term_string}"},"query-input":{"@type":"PropertyValueSpecification","valueRequired":true,"valueName":"search_term_string"}}],"inLanguage":"en-GB"}]}},"_links":{"self":[{"href":"https:\/\/veaeditori.it\/en\/wp-json\/wp\/v2\/product\/1779","targetHints":{"allow":["GET"]}}],"collection":[{"href":"https:\/\/veaeditori.it\/en\/wp-json\/wp\/v2\/product"}],"about":[{"href":"https:\/\/veaeditori.it\/en\/wp-json\/wp\/v2\/types\/product"}],"replies":[{"embeddable":true,"href":"https:\/\/veaeditori.it\/en\/wp-json\/wp\/v2\/comments?post=1779"}],"wp:featuredmedia":[{"embeddable":true,"href":"https:\/\/veaeditori.it\/en\/wp-json\/wp\/v2\/media\/1780"}],"wp:attachment":[{"href":"https:\/\/veaeditori.it\/en\/wp-json\/wp\/v2\/media?parent=1779"}],"wp:term":[{"taxonomy":"product_brand","embeddable":true,"href":"https:\/\/veaeditori.it\/en\/wp-json\/wp\/v2\/product_brand?post=1779"},{"taxonomy":"product_cat","embeddable":true,"href":"https:\/\/veaeditori.it\/en\/wp-json\/wp\/v2\/product_cat?post=1779"},{"taxonomy":"product_tag","embeddable":true,"href":"https:\/\/veaeditori.it\/en\/wp-json\/wp\/v2\/product_tag?post=1779"}],"curies":[{"name":"wp","href":"https:\/\/api.w.org\/{rel}","templated":true}]}}