{"id":1782,"date":"2023-08-28T22:24:29","date_gmt":"2023-08-28T21:24:29","guid":{"rendered":"http:\/\/veaeditori.it\/?post_type=product&#038;p=1782"},"modified":"2025-11-26T10:21:51","modified_gmt":"2025-11-26T08:21:51","slug":"maximillian-1934-sagoma-di-manovra","status":"publish","type":"product","link":"https:\/\/veaeditori.it\/en\/product\/maximillian-1934-sagoma-di-manovra\/","title":{"rendered":"Maximillian 1934 Sagoma di Manovra"},"content":{"rendered":"<p>Maximillian 1934 Sagoma di Manovra<\/p>\n<p>La sagoma di Manovra per il gioco Maximillian 1934 di Mana Press.<\/p>\n<p>Questa speciale versione Italiana oltre a riportare con orgoglio il nostro fantastico logo \ud83d\ude42 \u00e8 composto da due parti fissate tramite magnete e non richiede nessun montaggio.<\/p>\n<p>Richiede solo di dipingere le bande di sterzata (Verde, Giallo, Rosso) anche tramite un semplice pennarello.<\/p>\n<p>Si tratta di una versione pi\u00f9 semplice ed efficace della versione originale, quando \u00e8 sul tavolo rimane perfettamente ferma perch\u00e8 non presenta nessun perno al di sotto.<\/p>\n<p>Strumento indispensabile per giocare a maximillian.<\/p>","protected":false},"excerpt":{"rendered":"<p>Maximillian 1934 Sagoma di Manovra<\/p>","protected":false},"featured_media":1783,"comment_status":"open","ping_status":"closed","template":"","meta":[],"product_brand":[],"product_cat":[122,152],"product_tag":[],"class_list":{"0":"post-1782","1":"product","2":"type-product","3":"status-publish","4":"has-post-thumbnail","6":"product_cat-accessori","7":"product_cat-auto","8":"product_shipping_class-standard","10":"first","11":"outofstock","12":"shipping-taxable","13":"purchasable","14":"product-type-simple"},"yoast_head":"<!-- This site is optimized with the Yoast SEO plugin v27.2 - https:\/\/yoast.com\/product\/yoast-seo-wordpress\/ -->\n<title>Maximillian 1934 Sagoma di Manovra - VEA Editori<\/title>\n<meta name=\"description\" content=\"Maximillian 1934 Sagoma di Manovra, sagome di manovra da utilizzare in maniera congiunta al regolamento italiano di nostra produzione\" \/>\n<meta name=\"robots\" content=\"index, follow, max-snippet:-1, max-image-preview:large, max-video-preview:-1\" \/>\n<link rel=\"canonical\" href=\"https:\/\/veaeditori.it\/en\/product\/maximillian-1934-sagoma-di-manovra\/\" \/>\n<meta property=\"og:locale\" content=\"en_GB\" \/>\n<meta property=\"og:type\" content=\"article\" \/>\n<meta property=\"og:title\" content=\"Maximillian 1934 Sagoma di Manovra - VEA Editori\" \/>\n<meta property=\"og:description\" content=\"Maximillian 1934 Sagoma di Manovra, sagome di manovra da utilizzare in maniera congiunta al regolamento italiano di nostra produzione\" \/>\n<meta property=\"og:url\" content=\"https:\/\/veaeditori.it\/en\/product\/maximillian-1934-sagoma-di-manovra\/\" \/>\n<meta property=\"og:site_name\" content=\"VEA Editori\" \/>\n<meta property=\"article:publisher\" content=\"https:\/\/www.facebook.com\/veaspaziominiature\" \/>\n<meta property=\"article:modified_time\" content=\"2025-11-26T08:21:51+00:00\" \/>\n<meta property=\"og:image\" content=\"https:\/\/veaeditori.it\/wp-content\/uploads\/2023\/08\/20230828_171518-e1693257558770-964x800.png\" \/>\n\t<meta property=\"og:image:width\" content=\"964\" \/>\n\t<meta property=\"og:image:height\" content=\"800\" \/>\n\t<meta property=\"og:image:type\" content=\"image\/png\" \/>\n<meta name=\"twitter:card\" content=\"summary_large_image\" \/>\n<meta name=\"twitter:label1\" content=\"Estimated reading time\" \/>\n\t<meta name=\"twitter:data1\" content=\"1 minute\" \/>\n<script type=\"application\/ld+json\" class=\"yoast-schema-graph\">{\"@context\":\"https:\/\/schema.org\",\"@graph\":[{\"@type\":\"WebPage\",\"@id\":\"https:\/\/veaeditori.it\/product\/maximillian-1934-sagoma-di-manovra\/\",\"url\":\"https:\/\/veaeditori.it\/product\/maximillian-1934-sagoma-di-manovra\/\",\"name\":\"Maximillian 1934 Sagoma di Manovra - VEA Editori\",\"isPartOf\":{\"@id\":\"https:\/\/veaeditori.it\/#website\"},\"primaryImageOfPage\":{\"@id\":\"https:\/\/veaeditori.it\/product\/maximillian-1934-sagoma-di-manovra\/#primaryimage\"},\"image\":{\"@id\":\"https:\/\/veaeditori.it\/product\/maximillian-1934-sagoma-di-manovra\/#primaryimage\"},\"thumbnailUrl\":\"https:\/\/veaeditori.it\/wp-content\/uploads\/2023\/08\/20230828_171518-e1693257558770.png\",\"datePublished\":\"2023-08-28T21:24:29+00:00\",\"dateModified\":\"2025-11-26T08:21:51+00:00\",\"description\":\"Maximillian 1934 Sagoma di Manovra, sagome di manovra da utilizzare in maniera congiunta al regolamento italiano di nostra produzione\",\"breadcrumb\":{\"@id\":\"https:\/\/veaeditori.it\/product\/maximillian-1934-sagoma-di-manovra\/#breadcrumb\"},\"inLanguage\":\"en-GB\",\"potentialAction\":[{\"@type\":\"ReadAction\",\"target\":[\"https:\/\/veaeditori.it\/product\/maximillian-1934-sagoma-di-manovra\/\"]}]},{\"@type\":\"ImageObject\",\"inLanguage\":\"en-GB\",\"@id\":\"https:\/\/veaeditori.it\/product\/maximillian-1934-sagoma-di-manovra\/#primaryimage\",\"url\":\"https:\/\/veaeditori.it\/wp-content\/uploads\/2023\/08\/20230828_171518-e1693257558770.png\",\"contentUrl\":\"https:\/\/veaeditori.it\/wp-content\/uploads\/2023\/08\/20230828_171518-e1693257558770.png\",\"width\":1367,\"height\":1135,\"caption\":\"Maximillian 1934 Sagoma di Manovra\"},{\"@type\":\"BreadcrumbList\",\"@id\":\"https:\/\/veaeditori.it\/product\/maximillian-1934-sagoma-di-manovra\/#breadcrumb\",\"itemListElement\":[{\"@type\":\"ListItem\",\"position\":1,\"name\":\"Home\",\"item\":\"https:\/\/veaeditori.it\/\"},{\"@type\":\"ListItem\",\"position\":2,\"name\":\"Shop\",\"item\":\"https:\/\/veaeditori.it\/shop\/\"},{\"@type\":\"ListItem\",\"position\":3,\"name\":\"Maximillian 1934 Sagoma di Manovra\"}]},{\"@type\":\"WebSite\",\"@id\":\"https:\/\/veaeditori.it\/#website\",\"url\":\"https:\/\/veaeditori.it\/\",\"name\":\"VEA Editori\",\"description\":\"Italian Wargame Publisher\",\"potentialAction\":[{\"@type\":\"SearchAction\",\"target\":{\"@type\":\"EntryPoint\",\"urlTemplate\":\"https:\/\/veaeditori.it\/?s={search_term_string}\"},\"query-input\":{\"@type\":\"PropertyValueSpecification\",\"valueRequired\":true,\"valueName\":\"search_term_string\"}}],\"inLanguage\":\"en-GB\"}]}<\/script>\n<!-- \/ Yoast SEO plugin. -->","yoast_head_json":{"title":"Maximillian 1934 Sagoma di Manovra - VEA Editori","description":"Maximillian 1934 Sagoma di Manovra, sagome di manovra da utilizzare in maniera congiunta al regolamento italiano di nostra produzione","robots":{"index":"index","follow":"follow","max-snippet":"max-snippet:-1","max-image-preview":"max-image-preview:large","max-video-preview":"max-video-preview:-1"},"canonical":"https:\/\/veaeditori.it\/en\/product\/maximillian-1934-sagoma-di-manovra\/","og_locale":"en_GB","og_type":"article","og_title":"Maximillian 1934 Sagoma di Manovra - VEA Editori","og_description":"Maximillian 1934 Sagoma di Manovra, sagome di manovra da utilizzare in maniera congiunta al regolamento italiano di nostra produzione","og_url":"https:\/\/veaeditori.it\/en\/product\/maximillian-1934-sagoma-di-manovra\/","og_site_name":"VEA Editori","article_publisher":"https:\/\/www.facebook.com\/veaspaziominiature","article_modified_time":"2025-11-26T08:21:51+00:00","og_image":[{"width":964,"height":800,"url":"https:\/\/veaeditori.it\/wp-content\/uploads\/2023\/08\/20230828_171518-e1693257558770-964x800.png","type":"image\/png"}],"twitter_card":"summary_large_image","twitter_misc":{"Estimated reading time":"1 minute"},"schema":{"@context":"https:\/\/schema.org","@graph":[{"@type":"WebPage","@id":"https:\/\/veaeditori.it\/product\/maximillian-1934-sagoma-di-manovra\/","url":"https:\/\/veaeditori.it\/product\/maximillian-1934-sagoma-di-manovra\/","name":"Maximillian 1934 Sagoma di Manovra - VEA Editori","isPartOf":{"@id":"https:\/\/veaeditori.it\/#website"},"primaryImageOfPage":{"@id":"https:\/\/veaeditori.it\/product\/maximillian-1934-sagoma-di-manovra\/#primaryimage"},"image":{"@id":"https:\/\/veaeditori.it\/product\/maximillian-1934-sagoma-di-manovra\/#primaryimage"},"thumbnailUrl":"https:\/\/veaeditori.it\/wp-content\/uploads\/2023\/08\/20230828_171518-e1693257558770.png","datePublished":"2023-08-28T21:24:29+00:00","dateModified":"2025-11-26T08:21:51+00:00","description":"Maximillian 1934 Sagoma di Manovra, sagome di manovra da utilizzare in maniera congiunta al regolamento italiano di nostra produzione","breadcrumb":{"@id":"https:\/\/veaeditori.it\/product\/maximillian-1934-sagoma-di-manovra\/#breadcrumb"},"inLanguage":"en-GB","potentialAction":[{"@type":"ReadAction","target":["https:\/\/veaeditori.it\/product\/maximillian-1934-sagoma-di-manovra\/"]}]},{"@type":"ImageObject","inLanguage":"en-GB","@id":"https:\/\/veaeditori.it\/product\/maximillian-1934-sagoma-di-manovra\/#primaryimage","url":"https:\/\/veaeditori.it\/wp-content\/uploads\/2023\/08\/20230828_171518-e1693257558770.png","contentUrl":"https:\/\/veaeditori.it\/wp-content\/uploads\/2023\/08\/20230828_171518-e1693257558770.png","width":1367,"height":1135,"caption":"Maximillian 1934 Sagoma di Manovra"},{"@type":"BreadcrumbList","@id":"https:\/\/veaeditori.it\/product\/maximillian-1934-sagoma-di-manovra\/#breadcrumb","itemListElement":[{"@type":"ListItem","position":1,"name":"Home","item":"https:\/\/veaeditori.it\/"},{"@type":"ListItem","position":2,"name":"Shop","item":"https:\/\/veaeditori.it\/shop\/"},{"@type":"ListItem","position":3,"name":"Maximillian 1934 Sagoma di Manovra"}]},{"@type":"WebSite","@id":"https:\/\/veaeditori.it\/#website","url":"https:\/\/veaeditori.it\/","name":"VEA Editori","description":"Italian Wargame Publisher","potentialAction":[{"@type":"SearchAction","target":{"@type":"EntryPoint","urlTemplate":"https:\/\/veaeditori.it\/?s={search_term_string}"},"query-input":{"@type":"PropertyValueSpecification","valueRequired":true,"valueName":"search_term_string"}}],"inLanguage":"en-GB"}]}},"_links":{"self":[{"href":"https:\/\/veaeditori.it\/en\/wp-json\/wp\/v2\/product\/1782","targetHints":{"allow":["GET"]}}],"collection":[{"href":"https:\/\/veaeditori.it\/en\/wp-json\/wp\/v2\/product"}],"about":[{"href":"https:\/\/veaeditori.it\/en\/wp-json\/wp\/v2\/types\/product"}],"replies":[{"embeddable":true,"href":"https:\/\/veaeditori.it\/en\/wp-json\/wp\/v2\/comments?post=1782"}],"wp:featuredmedia":[{"embeddable":true,"href":"https:\/\/veaeditori.it\/en\/wp-json\/wp\/v2\/media\/1783"}],"wp:attachment":[{"href":"https:\/\/veaeditori.it\/en\/wp-json\/wp\/v2\/media?parent=1782"}],"wp:term":[{"taxonomy":"product_brand","embeddable":true,"href":"https:\/\/veaeditori.it\/en\/wp-json\/wp\/v2\/product_brand?post=1782"},{"taxonomy":"product_cat","embeddable":true,"href":"https:\/\/veaeditori.it\/en\/wp-json\/wp\/v2\/product_cat?post=1782"},{"taxonomy":"product_tag","embeddable":true,"href":"https:\/\/veaeditori.it\/en\/wp-json\/wp\/v2\/product_tag?post=1782"}],"curies":[{"name":"wp","href":"https:\/\/api.w.org\/{rel}","templated":true}]}}