{"id":2043,"date":"2023-09-29T17:14:52","date_gmt":"2023-09-29T16:14:52","guid":{"rendered":"http:\/\/veaeditori.it\/?post_type=product&#038;p=2043"},"modified":"2025-11-24T10:32:07","modified_gmt":"2025-11-24T08:32:07","slug":"five-klicks-from-the-zone-regolamento-ita","status":"publish","type":"product","link":"https:\/\/veaeditori.it\/en\/product\/five-klicks-from-the-zone-regolamento-ita\/","title":{"rendered":"Five Klicks From The Zone Regolamento Ita"},"content":{"rendered":"<p>Five Klicks From The Zone Regolamento Ita<\/p>\n<p><em>Benvenuti nella Zona, benvenuti nella vita dopo il crollo. Dalle ceneri della caduta, lottiamo per rialzarci.<\/em><br \/>\n<em>Bande violente, predoni, piccoli signori della guerra e banchi di mutanti, brulicano per le terre desolate, Il mondo \u00e8 un posto pericoloso.<\/em><br \/>\n<em>Tuttavia, mentre osservi la polverosa terra desolata, sei sicuro che la fiamma dell\u2019umanit\u00e0 continuer\u00e0 ad ardere.. ancora per un p\u00f2.<\/em><br \/>\n<em>Benvenuti nel mondo di Five Klicks &#8211; Giochi di campagna schermaglia per giocatori singoli e cooperativi, che utilizzano le meccaniche collaudate di Five Parsecs From Home e Five Leagues From the Borderlands.<\/em><\/p>\n<p>In Five Klicks From the Zone, una squadra si addentrer\u00e0 nella terra desolata, combattendo per proteggere il proprio Rifugio dai saccheggiatori, dai mutanti e da chi cerca di distruggerla.<\/p>\n<ul>\n<li>Meccaniche di combattimento ben collaudate che sono state migliorate con l\u2019inclusione di effetti di immobilizzazione e di morale pi\u00f9 dettagliati, per adattarsi all\u2019atmosfera pi\u00f9 militare di questa campagna.<\/li>\n<li>Sistema di esperienza e bottino per la progressione della campagna. Osservate le nuove reclute diventare veterani temprati dalla battaglia&#8230; o morire da qualche parte nella terra desolata e bruciata.<\/li>\n<li>Tabelle di eventi casuali per costruire la narrazione.<\/li>\n<li>Regole semplici e dirette che rendono facile impostare e giocare una partita da soli.<\/li>\n<li>Tabella di generazione dei terreni.<\/li>\n<li>I giocatori scelgono le condizioni di vittoria della propria campagna da un elenco e guadagnano un bonus per il completamento.<\/li>\n<\/ul>\n<p>Giocabile con la maggior parte delle miniature moderne e di fantascienza gi\u00e0 in vostro possesso.<\/p>\n<p>Questo edizione italiana in veste grafica rinnovata include gi\u00e0 al suo interno ben 5 espansioni! Infinit\u00e0 rigiocabilit\u00e0 per le vostre avventure nella Zona!<\/p>\n<p>Brossura con copertina morbida, 148 pagine a colori.<\/p>","protected":false},"excerpt":{"rendered":"<p>Five Klicks From The Zone Regolamento Ita<\/p>","protected":false},"featured_media":2044,"comment_status":"open","ping_status":"closed","template":"","meta":[],"product_brand":[],"product_cat":[158],"product_tag":[],"class_list":{"0":"post-2043","1":"product","2":"type-product","3":"status-publish","4":"has-post-thumbnail","6":"product_cat-post-apocalittici","7":"product_shipping_class-spedizionefree","9":"first","10":"outofstock","11":"sale","12":"shipping-taxable","13":"purchasable","14":"product-type-simple"},"yoast_head":"<!-- This site is optimized with the Yoast SEO plugin v27.2 - https:\/\/yoast.com\/product\/yoast-seo-wordpress\/ -->\n<title>Five Klicks From The Zone Regolamento Ita - VEA Editori<\/title>\n<meta name=\"description\" content=\"Five Klicks From The Zone Regolamento Ita - metti insieme una squadra e avventurati nella zona. Un gioco in solitario o coperativo post apocalittico.\" \/>\n<meta name=\"robots\" content=\"index, follow, max-snippet:-1, max-image-preview:large, max-video-preview:-1\" \/>\n<link rel=\"canonical\" href=\"https:\/\/veaeditori.it\/en\/product\/five-klicks-from-the-zone-regolamento-ita\/\" \/>\n<meta property=\"og:locale\" content=\"en_GB\" \/>\n<meta property=\"og:type\" content=\"article\" \/>\n<meta property=\"og:title\" content=\"Five Klicks From The Zone Regolamento Ita - VEA Editori\" \/>\n<meta property=\"og:description\" content=\"Five Klicks From The Zone Regolamento Ita - metti insieme una squadra e avventurati nella zona. Un gioco in solitario o coperativo post apocalittico.\" \/>\n<meta property=\"og:url\" content=\"https:\/\/veaeditori.it\/en\/product\/five-klicks-from-the-zone-regolamento-ita\/\" \/>\n<meta property=\"og:site_name\" content=\"VEA Editori\" \/>\n<meta property=\"article:publisher\" content=\"https:\/\/www.facebook.com\/veaspaziominiature\" \/>\n<meta property=\"article:modified_time\" content=\"2025-11-24T08:32:07+00:00\" \/>\n<meta property=\"og:image\" content=\"https:\/\/veaeditori.it\/wp-content\/uploads\/2023\/09\/20230929_180243.jpg\" \/>\n\t<meta property=\"og:image:width\" content=\"590\" \/>\n\t<meta property=\"og:image:height\" content=\"795\" \/>\n\t<meta property=\"og:image:type\" content=\"image\/jpeg\" \/>\n<meta name=\"twitter:card\" content=\"summary_large_image\" \/>\n<meta name=\"twitter:label1\" content=\"Estimated reading time\" \/>\n\t<meta name=\"twitter:data1\" content=\"2 minutes\" \/>\n<script type=\"application\/ld+json\" class=\"yoast-schema-graph\">{\"@context\":\"https:\/\/schema.org\",\"@graph\":[{\"@type\":\"WebPage\",\"@id\":\"https:\/\/veaeditori.it\/product\/five-klicks-from-the-zone-regolamento-ita\/\",\"url\":\"https:\/\/veaeditori.it\/product\/five-klicks-from-the-zone-regolamento-ita\/\",\"name\":\"Five Klicks From The Zone Regolamento Ita - VEA Editori\",\"isPartOf\":{\"@id\":\"https:\/\/veaeditori.it\/#website\"},\"primaryImageOfPage\":{\"@id\":\"https:\/\/veaeditori.it\/product\/five-klicks-from-the-zone-regolamento-ita\/#primaryimage\"},\"image\":{\"@id\":\"https:\/\/veaeditori.it\/product\/five-klicks-from-the-zone-regolamento-ita\/#primaryimage\"},\"thumbnailUrl\":\"https:\/\/veaeditori.it\/wp-content\/uploads\/2023\/09\/20230929_180243.jpg\",\"datePublished\":\"2023-09-29T16:14:52+00:00\",\"dateModified\":\"2025-11-24T08:32:07+00:00\",\"description\":\"Five Klicks From The Zone Regolamento Ita - metti insieme una squadra e avventurati nella zona. Un gioco in solitario o coperativo post apocalittico.\",\"breadcrumb\":{\"@id\":\"https:\/\/veaeditori.it\/product\/five-klicks-from-the-zone-regolamento-ita\/#breadcrumb\"},\"inLanguage\":\"en-GB\",\"potentialAction\":[{\"@type\":\"ReadAction\",\"target\":[\"https:\/\/veaeditori.it\/product\/five-klicks-from-the-zone-regolamento-ita\/\"]}]},{\"@type\":\"ImageObject\",\"inLanguage\":\"en-GB\",\"@id\":\"https:\/\/veaeditori.it\/product\/five-klicks-from-the-zone-regolamento-ita\/#primaryimage\",\"url\":\"https:\/\/veaeditori.it\/wp-content\/uploads\/2023\/09\/20230929_180243.jpg\",\"contentUrl\":\"https:\/\/veaeditori.it\/wp-content\/uploads\/2023\/09\/20230929_180243.jpg\",\"width\":590,\"height\":795,\"caption\":\"Five Klicks From The Zone\"},{\"@type\":\"BreadcrumbList\",\"@id\":\"https:\/\/veaeditori.it\/product\/five-klicks-from-the-zone-regolamento-ita\/#breadcrumb\",\"itemListElement\":[{\"@type\":\"ListItem\",\"position\":1,\"name\":\"Home\",\"item\":\"https:\/\/veaeditori.it\/\"},{\"@type\":\"ListItem\",\"position\":2,\"name\":\"Shop\",\"item\":\"https:\/\/veaeditori.it\/shop\/\"},{\"@type\":\"ListItem\",\"position\":3,\"name\":\"Five Klicks From The Zone Regolamento Ita\"}]},{\"@type\":\"WebSite\",\"@id\":\"https:\/\/veaeditori.it\/#website\",\"url\":\"https:\/\/veaeditori.it\/\",\"name\":\"VEA Editori\",\"description\":\"Italian Wargame Publisher\",\"potentialAction\":[{\"@type\":\"SearchAction\",\"target\":{\"@type\":\"EntryPoint\",\"urlTemplate\":\"https:\/\/veaeditori.it\/?s={search_term_string}\"},\"query-input\":{\"@type\":\"PropertyValueSpecification\",\"valueRequired\":true,\"valueName\":\"search_term_string\"}}],\"inLanguage\":\"en-GB\"}]}<\/script>\n<!-- \/ Yoast SEO plugin. -->","yoast_head_json":{"title":"Five Klicks From The Zone Regolamento Ita - VEA Editori","description":"Five Klicks From The Zone Regolamento Ita - metti insieme una squadra e avventurati nella zona. Un gioco in solitario o coperativo post apocalittico.","robots":{"index":"index","follow":"follow","max-snippet":"max-snippet:-1","max-image-preview":"max-image-preview:large","max-video-preview":"max-video-preview:-1"},"canonical":"https:\/\/veaeditori.it\/en\/product\/five-klicks-from-the-zone-regolamento-ita\/","og_locale":"en_GB","og_type":"article","og_title":"Five Klicks From The Zone Regolamento Ita - VEA Editori","og_description":"Five Klicks From The Zone Regolamento Ita - metti insieme una squadra e avventurati nella zona. Un gioco in solitario o coperativo post apocalittico.","og_url":"https:\/\/veaeditori.it\/en\/product\/five-klicks-from-the-zone-regolamento-ita\/","og_site_name":"VEA Editori","article_publisher":"https:\/\/www.facebook.com\/veaspaziominiature","article_modified_time":"2025-11-24T08:32:07+00:00","og_image":[{"width":590,"height":795,"url":"https:\/\/veaeditori.it\/wp-content\/uploads\/2023\/09\/20230929_180243.jpg","type":"image\/jpeg"}],"twitter_card":"summary_large_image","twitter_misc":{"Estimated reading time":"2 minutes"},"schema":{"@context":"https:\/\/schema.org","@graph":[{"@type":"WebPage","@id":"https:\/\/veaeditori.it\/product\/five-klicks-from-the-zone-regolamento-ita\/","url":"https:\/\/veaeditori.it\/product\/five-klicks-from-the-zone-regolamento-ita\/","name":"Five Klicks From The Zone Regolamento Ita - VEA Editori","isPartOf":{"@id":"https:\/\/veaeditori.it\/#website"},"primaryImageOfPage":{"@id":"https:\/\/veaeditori.it\/product\/five-klicks-from-the-zone-regolamento-ita\/#primaryimage"},"image":{"@id":"https:\/\/veaeditori.it\/product\/five-klicks-from-the-zone-regolamento-ita\/#primaryimage"},"thumbnailUrl":"https:\/\/veaeditori.it\/wp-content\/uploads\/2023\/09\/20230929_180243.jpg","datePublished":"2023-09-29T16:14:52+00:00","dateModified":"2025-11-24T08:32:07+00:00","description":"Five Klicks From The Zone Regolamento Ita - metti insieme una squadra e avventurati nella zona. Un gioco in solitario o coperativo post apocalittico.","breadcrumb":{"@id":"https:\/\/veaeditori.it\/product\/five-klicks-from-the-zone-regolamento-ita\/#breadcrumb"},"inLanguage":"en-GB","potentialAction":[{"@type":"ReadAction","target":["https:\/\/veaeditori.it\/product\/five-klicks-from-the-zone-regolamento-ita\/"]}]},{"@type":"ImageObject","inLanguage":"en-GB","@id":"https:\/\/veaeditori.it\/product\/five-klicks-from-the-zone-regolamento-ita\/#primaryimage","url":"https:\/\/veaeditori.it\/wp-content\/uploads\/2023\/09\/20230929_180243.jpg","contentUrl":"https:\/\/veaeditori.it\/wp-content\/uploads\/2023\/09\/20230929_180243.jpg","width":590,"height":795,"caption":"Five Klicks From The Zone"},{"@type":"BreadcrumbList","@id":"https:\/\/veaeditori.it\/product\/five-klicks-from-the-zone-regolamento-ita\/#breadcrumb","itemListElement":[{"@type":"ListItem","position":1,"name":"Home","item":"https:\/\/veaeditori.it\/"},{"@type":"ListItem","position":2,"name":"Shop","item":"https:\/\/veaeditori.it\/shop\/"},{"@type":"ListItem","position":3,"name":"Five Klicks From The Zone Regolamento Ita"}]},{"@type":"WebSite","@id":"https:\/\/veaeditori.it\/#website","url":"https:\/\/veaeditori.it\/","name":"VEA Editori","description":"Italian Wargame Publisher","potentialAction":[{"@type":"SearchAction","target":{"@type":"EntryPoint","urlTemplate":"https:\/\/veaeditori.it\/?s={search_term_string}"},"query-input":{"@type":"PropertyValueSpecification","valueRequired":true,"valueName":"search_term_string"}}],"inLanguage":"en-GB"}]}},"_links":{"self":[{"href":"https:\/\/veaeditori.it\/en\/wp-json\/wp\/v2\/product\/2043","targetHints":{"allow":["GET"]}}],"collection":[{"href":"https:\/\/veaeditori.it\/en\/wp-json\/wp\/v2\/product"}],"about":[{"href":"https:\/\/veaeditori.it\/en\/wp-json\/wp\/v2\/types\/product"}],"replies":[{"embeddable":true,"href":"https:\/\/veaeditori.it\/en\/wp-json\/wp\/v2\/comments?post=2043"}],"wp:featuredmedia":[{"embeddable":true,"href":"https:\/\/veaeditori.it\/en\/wp-json\/wp\/v2\/media\/2044"}],"wp:attachment":[{"href":"https:\/\/veaeditori.it\/en\/wp-json\/wp\/v2\/media?parent=2043"}],"wp:term":[{"taxonomy":"product_brand","embeddable":true,"href":"https:\/\/veaeditori.it\/en\/wp-json\/wp\/v2\/product_brand?post=2043"},{"taxonomy":"product_cat","embeddable":true,"href":"https:\/\/veaeditori.it\/en\/wp-json\/wp\/v2\/product_cat?post=2043"},{"taxonomy":"product_tag","embeddable":true,"href":"https:\/\/veaeditori.it\/en\/wp-json\/wp\/v2\/product_tag?post=2043"}],"curies":[{"name":"wp","href":"https:\/\/api.w.org\/{rel}","templated":true}]}}