{"id":2071,"date":"2023-10-02T17:53:28","date_gmt":"2023-10-02T16:53:28","guid":{"rendered":"http:\/\/veaeditori.it\/?post_type=product&#038;p=2071"},"modified":"2025-11-24T10:32:25","modified_gmt":"2025-11-24T08:32:25","slug":"gasland-regolamento-italiano","status":"publish","type":"product","link":"https:\/\/veaeditori.it\/en\/product\/gasland-regolamento-italiano\/","title":{"rendered":"Gasland Regolamento Italiano"},"content":{"rendered":"<p>Gasland Regolamento Italiano<\/p>\n<p>Localizzato e distribuito da Labmasu.<\/p>\n<p>Copertina cartonata, 192 pagine a colori.<\/p>\n<p>La Terra \u00e8 devastata. Soggiogata al controlle delle \u00e9lite su Marte. Squadre di piloti competono di fronte alle folle entusiaste nelle arene di Gasland, il programma TV di corse mortali. Spara, sperona e sgomma, diventa una celebrit\u00e0 mentre saccheggi ci\u00f2 che resta delle risorse della civilt\u00e0 decaduta.<\/p>\n<p>Gasland: Refuelled \u00e8 il wargame che porta sul vostro tavolo caos post-apocalitticio motorizzato.<\/p>\n<p>I giocatori prendono il controllo di piccole flotte di veicoli armati e si danno battaglia per le risorse, per la fama, per la sopravvivenza. Primeggiare per essere visibili e ambire alla finale trasmessa in prima serata. Li la vittoria significa poter fuggire dai resti decrepiti della Terra ed ascnedere alle elite su Marte.<\/p>\n<p>Questo libro contiene tutte le regole dell&#8217;originale Gasland e la pubblicazione Tempo esteso! oltre a supplementi e materiale completamente nuovo, tra cui sponsor, nuovi tipi di veicoli e armi, nuove peculiarit\u00e0. Gasland: Refuelled contiene tutto quello che un novello pilota delle terre desolate ha bisogno per costruire e personalizzare la propria flotta di veicoli. Primeggia nel drammatico futuro post-apocalittico. Fatti ammirare!<\/p>","protected":false},"excerpt":{"rendered":"<p>Gasland Regolamento Italiano<\/p>","protected":false},"featured_media":2072,"comment_status":"open","ping_status":"closed","template":"","meta":[],"product_brand":[],"product_cat":[152],"product_tag":[],"class_list":{"0":"post-2071","1":"product","2":"type-product","3":"status-publish","4":"has-post-thumbnail","6":"product_cat-auto","7":"product_shipping_class-spedizionefree","9":"first","10":"instock","11":"shipping-taxable","12":"purchasable","13":"product-type-simple"},"yoast_head":"<!-- This site is optimized with the Yoast SEO plugin v27.2 - https:\/\/yoast.com\/product\/yoast-seo-wordpress\/ -->\n<title>Gasland Regolamento Italiano - VEA Editori<\/title>\n<meta name=\"description\" content=\"Gasland Regolamento Italiano - Caos Postapocalittico Motorizzato, gioco di macchine basato sull&#039;uso di dadi speciali e sagome di manovra.\" \/>\n<meta name=\"robots\" content=\"index, follow, max-snippet:-1, max-image-preview:large, max-video-preview:-1\" \/>\n<link rel=\"canonical\" href=\"https:\/\/veaeditori.it\/en\/product\/gasland-regolamento-italiano\/\" \/>\n<meta property=\"og:locale\" content=\"en_GB\" \/>\n<meta property=\"og:type\" content=\"article\" \/>\n<meta property=\"og:title\" content=\"Gasland Regolamento Italiano - VEA Editori\" \/>\n<meta property=\"og:description\" content=\"Gasland Regolamento Italiano - Caos Postapocalittico Motorizzato, gioco di macchine basato sull&#039;uso di dadi speciali e sagome di manovra.\" \/>\n<meta property=\"og:url\" content=\"https:\/\/veaeditori.it\/en\/product\/gasland-regolamento-italiano\/\" \/>\n<meta property=\"og:site_name\" content=\"VEA Editori\" \/>\n<meta property=\"article:publisher\" content=\"https:\/\/www.facebook.com\/veaspaziominiature\" \/>\n<meta property=\"article:modified_time\" content=\"2025-11-24T08:32:25+00:00\" \/>\n<meta property=\"og:image\" content=\"https:\/\/veaeditori.it\/wp-content\/uploads\/2023\/10\/20231002_183905.jpg\" \/>\n\t<meta property=\"og:image:width\" content=\"793\" \/>\n\t<meta property=\"og:image:height\" content=\"1077\" \/>\n\t<meta property=\"og:image:type\" content=\"image\/jpeg\" \/>\n<meta name=\"twitter:card\" content=\"summary_large_image\" \/>\n<meta name=\"twitter:label1\" content=\"Estimated reading time\" \/>\n\t<meta name=\"twitter:data1\" content=\"1 minute\" \/>\n<script type=\"application\/ld+json\" class=\"yoast-schema-graph\">{\"@context\":\"https:\/\/schema.org\",\"@graph\":[{\"@type\":\"WebPage\",\"@id\":\"https:\/\/veaeditori.it\/product\/gasland-regolamento-italiano\/\",\"url\":\"https:\/\/veaeditori.it\/product\/gasland-regolamento-italiano\/\",\"name\":\"Gasland Regolamento Italiano - VEA Editori\",\"isPartOf\":{\"@id\":\"https:\/\/veaeditori.it\/#website\"},\"primaryImageOfPage\":{\"@id\":\"https:\/\/veaeditori.it\/product\/gasland-regolamento-italiano\/#primaryimage\"},\"image\":{\"@id\":\"https:\/\/veaeditori.it\/product\/gasland-regolamento-italiano\/#primaryimage\"},\"thumbnailUrl\":\"https:\/\/veaeditori.it\/wp-content\/uploads\/2023\/10\/20231002_183905.jpg\",\"datePublished\":\"2023-10-02T16:53:28+00:00\",\"dateModified\":\"2025-11-24T08:32:25+00:00\",\"description\":\"Gasland Regolamento Italiano - Caos Postapocalittico Motorizzato, gioco di macchine basato sull'uso di dadi speciali e sagome di manovra.\",\"breadcrumb\":{\"@id\":\"https:\/\/veaeditori.it\/product\/gasland-regolamento-italiano\/#breadcrumb\"},\"inLanguage\":\"en-GB\",\"potentialAction\":[{\"@type\":\"ReadAction\",\"target\":[\"https:\/\/veaeditori.it\/product\/gasland-regolamento-italiano\/\"]}]},{\"@type\":\"ImageObject\",\"inLanguage\":\"en-GB\",\"@id\":\"https:\/\/veaeditori.it\/product\/gasland-regolamento-italiano\/#primaryimage\",\"url\":\"https:\/\/veaeditori.it\/wp-content\/uploads\/2023\/10\/20231002_183905.jpg\",\"contentUrl\":\"https:\/\/veaeditori.it\/wp-content\/uploads\/2023\/10\/20231002_183905.jpg\",\"width\":793,\"height\":1077,\"caption\":\"Gasland Italiano\"},{\"@type\":\"BreadcrumbList\",\"@id\":\"https:\/\/veaeditori.it\/product\/gasland-regolamento-italiano\/#breadcrumb\",\"itemListElement\":[{\"@type\":\"ListItem\",\"position\":1,\"name\":\"Home\",\"item\":\"https:\/\/veaeditori.it\/\"},{\"@type\":\"ListItem\",\"position\":2,\"name\":\"Shop\",\"item\":\"https:\/\/veaeditori.it\/shop\/\"},{\"@type\":\"ListItem\",\"position\":3,\"name\":\"Gasland Regolamento Italiano\"}]},{\"@type\":\"WebSite\",\"@id\":\"https:\/\/veaeditori.it\/#website\",\"url\":\"https:\/\/veaeditori.it\/\",\"name\":\"VEA Editori\",\"description\":\"Italian Wargame Publisher\",\"potentialAction\":[{\"@type\":\"SearchAction\",\"target\":{\"@type\":\"EntryPoint\",\"urlTemplate\":\"https:\/\/veaeditori.it\/?s={search_term_string}\"},\"query-input\":{\"@type\":\"PropertyValueSpecification\",\"valueRequired\":true,\"valueName\":\"search_term_string\"}}],\"inLanguage\":\"en-GB\"}]}<\/script>\n<!-- \/ Yoast SEO plugin. -->","yoast_head_json":{"title":"Gasland Regolamento Italiano - VEA Editori","description":"Gasland Regolamento Italiano - Caos Postapocalittico Motorizzato, gioco di macchine basato sull'uso di dadi speciali e sagome di manovra.","robots":{"index":"index","follow":"follow","max-snippet":"max-snippet:-1","max-image-preview":"max-image-preview:large","max-video-preview":"max-video-preview:-1"},"canonical":"https:\/\/veaeditori.it\/en\/product\/gasland-regolamento-italiano\/","og_locale":"en_GB","og_type":"article","og_title":"Gasland Regolamento Italiano - VEA Editori","og_description":"Gasland Regolamento Italiano - Caos Postapocalittico Motorizzato, gioco di macchine basato sull'uso di dadi speciali e sagome di manovra.","og_url":"https:\/\/veaeditori.it\/en\/product\/gasland-regolamento-italiano\/","og_site_name":"VEA Editori","article_publisher":"https:\/\/www.facebook.com\/veaspaziominiature","article_modified_time":"2025-11-24T08:32:25+00:00","og_image":[{"width":793,"height":1077,"url":"https:\/\/veaeditori.it\/wp-content\/uploads\/2023\/10\/20231002_183905.jpg","type":"image\/jpeg"}],"twitter_card":"summary_large_image","twitter_misc":{"Estimated reading time":"1 minute"},"schema":{"@context":"https:\/\/schema.org","@graph":[{"@type":"WebPage","@id":"https:\/\/veaeditori.it\/product\/gasland-regolamento-italiano\/","url":"https:\/\/veaeditori.it\/product\/gasland-regolamento-italiano\/","name":"Gasland Regolamento Italiano - VEA Editori","isPartOf":{"@id":"https:\/\/veaeditori.it\/#website"},"primaryImageOfPage":{"@id":"https:\/\/veaeditori.it\/product\/gasland-regolamento-italiano\/#primaryimage"},"image":{"@id":"https:\/\/veaeditori.it\/product\/gasland-regolamento-italiano\/#primaryimage"},"thumbnailUrl":"https:\/\/veaeditori.it\/wp-content\/uploads\/2023\/10\/20231002_183905.jpg","datePublished":"2023-10-02T16:53:28+00:00","dateModified":"2025-11-24T08:32:25+00:00","description":"Gasland Regolamento Italiano - Caos Postapocalittico Motorizzato, gioco di macchine basato sull'uso di dadi speciali e sagome di manovra.","breadcrumb":{"@id":"https:\/\/veaeditori.it\/product\/gasland-regolamento-italiano\/#breadcrumb"},"inLanguage":"en-GB","potentialAction":[{"@type":"ReadAction","target":["https:\/\/veaeditori.it\/product\/gasland-regolamento-italiano\/"]}]},{"@type":"ImageObject","inLanguage":"en-GB","@id":"https:\/\/veaeditori.it\/product\/gasland-regolamento-italiano\/#primaryimage","url":"https:\/\/veaeditori.it\/wp-content\/uploads\/2023\/10\/20231002_183905.jpg","contentUrl":"https:\/\/veaeditori.it\/wp-content\/uploads\/2023\/10\/20231002_183905.jpg","width":793,"height":1077,"caption":"Gasland Italiano"},{"@type":"BreadcrumbList","@id":"https:\/\/veaeditori.it\/product\/gasland-regolamento-italiano\/#breadcrumb","itemListElement":[{"@type":"ListItem","position":1,"name":"Home","item":"https:\/\/veaeditori.it\/"},{"@type":"ListItem","position":2,"name":"Shop","item":"https:\/\/veaeditori.it\/shop\/"},{"@type":"ListItem","position":3,"name":"Gasland Regolamento Italiano"}]},{"@type":"WebSite","@id":"https:\/\/veaeditori.it\/#website","url":"https:\/\/veaeditori.it\/","name":"VEA Editori","description":"Italian Wargame Publisher","potentialAction":[{"@type":"SearchAction","target":{"@type":"EntryPoint","urlTemplate":"https:\/\/veaeditori.it\/?s={search_term_string}"},"query-input":{"@type":"PropertyValueSpecification","valueRequired":true,"valueName":"search_term_string"}}],"inLanguage":"en-GB"}]}},"_links":{"self":[{"href":"https:\/\/veaeditori.it\/en\/wp-json\/wp\/v2\/product\/2071","targetHints":{"allow":["GET"]}}],"collection":[{"href":"https:\/\/veaeditori.it\/en\/wp-json\/wp\/v2\/product"}],"about":[{"href":"https:\/\/veaeditori.it\/en\/wp-json\/wp\/v2\/types\/product"}],"replies":[{"embeddable":true,"href":"https:\/\/veaeditori.it\/en\/wp-json\/wp\/v2\/comments?post=2071"}],"wp:featuredmedia":[{"embeddable":true,"href":"https:\/\/veaeditori.it\/en\/wp-json\/wp\/v2\/media\/2072"}],"wp:attachment":[{"href":"https:\/\/veaeditori.it\/en\/wp-json\/wp\/v2\/media?parent=2071"}],"wp:term":[{"taxonomy":"product_brand","embeddable":true,"href":"https:\/\/veaeditori.it\/en\/wp-json\/wp\/v2\/product_brand?post=2071"},{"taxonomy":"product_cat","embeddable":true,"href":"https:\/\/veaeditori.it\/en\/wp-json\/wp\/v2\/product_cat?post=2071"},{"taxonomy":"product_tag","embeddable":true,"href":"https:\/\/veaeditori.it\/en\/wp-json\/wp\/v2\/product_tag?post=2071"}],"curies":[{"name":"wp","href":"https:\/\/api.w.org\/{rel}","templated":true}]}}