{"id":2122,"date":"2023-10-05T10:54:47","date_gmt":"2023-10-05T09:54:47","guid":{"rendered":"http:\/\/veaeditori.it\/?post_type=product&#038;p=2122"},"modified":"2025-08-25T07:46:48","modified_gmt":"2025-08-25T05:46:48","slug":"graveyard","status":"publish","type":"product","link":"https:\/\/veaeditori.it\/en\/product\/graveyard\/","title":{"rendered":"Graveyard"},"content":{"rendered":"<h3><span lang=\"EN-GB\">Graveyard<\/span><\/h3>\n<p>Questo pack arricchisce il vostro tavolo da gioco con uno spettrale cimitero. Include un imponente mausoleo centrale, una recinzione in ferro battuto e una serie di lapidi, sarcofagi e utili terreni da spargere per rendere pi\u00f9 coinvolgente il vostro tavolo da gioco. I pezzi sono compatibili con il resto della gamma Battle Systems Fantasy.<br \/>\nIl terreno viene fornito piatto su cartoncino ad alta densit\u00e0 di alta qualit\u00e0, stampato a colori su entrambi i lati, quindi non \u00e8 necessario dipingerlo! Il terreno richiede l&#8217;assemblaggio e alcune parti pi\u00f9 piccole necessitano di colla. Per maggiori dettagli e istruzioni complete, consultare il sito www.battlesystems.co.uk.<\/p>\n<p><strong><u>Contents<\/u><\/strong><\/p>\n<ul>\n<li>1 Mausoleum\n<ul>\n<li>4 Wall Panels<\/li>\n<li>2 Roof Panels<\/li>\n<li>1 Roof Ridge<\/li>\n<li>2 Roof Clips<\/li>\n<li>1 Arch Strut<\/li>\n<li>6 Post Plinths<\/li>\n<\/ul>\n<\/li>\n<li>8 Iron Fence Sections<\/li>\n<li>2 Iron Gate Sections<\/li>\n<li>10 Post Plinths<\/li>\n<li>4 Sarcophagi<\/li>\n<li>14 Gravestones<\/li>\n<\/ul>\n<p><strong><u>Packaging Information<\/u><\/strong><\/p>\n<ul>\n<li>54 Pieces<\/li>\n<li>Modular 28-35mm terrain<\/li>\n<li>No painting required<\/li>\n<li>Product Code: BSTFWE014<\/li>\n<li>Barcode: 5060660091287<\/li>\n<li>Symbols: <span style=\"text-decoration: line-through;\">0-3<\/span>, 14+<\/li>\n<li>Small Print: This is not a toy. Figures, foliage and gaming mat not included. Contents may vary from those on the packaging. Not suitable for children under 36 months due to small parts. Retain packaging for future reference. Made in China. \u00a9 Battle Systems Ltd 2020.<\/li>\n<\/ul>\n<p>&nbsp;<\/p>","protected":false},"excerpt":{"rendered":"<p>Graveyard<\/p>","protected":false},"featured_media":2123,"comment_status":"open","ping_status":"closed","template":"","meta":[],"product_brand":[],"product_cat":[93],"product_tag":[],"class_list":{"0":"post-2122","1":"product","2":"type-product","3":"status-publish","4":"has-post-thumbnail","6":"product_cat-fantasy","7":"product_shipping_class-standard","9":"first","10":"outofstock","11":"shipping-taxable","12":"purchasable","13":"product-type-simple"},"yoast_head":"<!-- This site is optimized with the Yoast SEO plugin v27.4 - https:\/\/yoast.com\/product\/yoast-seo-wordpress\/ -->\n<title>Graveyard - VEA Editori<\/title>\n<meta name=\"description\" content=\"Graveyard - Include un imponente mausoleo centrale, una recinzione in ferro battuto e una serie di lapidi, sarcofagi e utili terreni da spargere\" \/>\n<meta name=\"robots\" content=\"index, follow, max-snippet:-1, max-image-preview:large, max-video-preview:-1\" \/>\n<link rel=\"canonical\" href=\"https:\/\/veaeditori.it\/en\/product\/graveyard\/\" \/>\n<meta property=\"og:locale\" content=\"en_GB\" \/>\n<meta property=\"og:type\" content=\"article\" \/>\n<meta property=\"og:title\" content=\"Graveyard - VEA Editori\" \/>\n<meta property=\"og:description\" content=\"Graveyard - Include un imponente mausoleo centrale, una recinzione in ferro battuto e una serie di lapidi, sarcofagi e utili terreni da spargere\" \/>\n<meta property=\"og:url\" content=\"https:\/\/veaeditori.it\/en\/product\/graveyard\/\" \/>\n<meta property=\"og:site_name\" content=\"VEA Editori\" \/>\n<meta property=\"article:publisher\" content=\"https:\/\/www.facebook.com\/veaspaziominiature\" \/>\n<meta property=\"article:modified_time\" content=\"2025-08-25T05:46:48+00:00\" \/>\n<meta property=\"og:image\" content=\"https:\/\/veaeditori.it\/wp-content\/uploads\/2023\/10\/Graveyard.jpg\" \/>\n\t<meta property=\"og:image:width\" content=\"1165\" \/>\n\t<meta property=\"og:image:height\" content=\"802\" \/>\n\t<meta property=\"og:image:type\" content=\"image\/jpeg\" \/>\n<meta name=\"twitter:card\" content=\"summary_large_image\" \/>\n<meta name=\"twitter:label1\" content=\"Estimated reading time\" \/>\n\t<meta name=\"twitter:data1\" content=\"2 minutes\" \/>\n<script type=\"application\/ld+json\" class=\"yoast-schema-graph\">{\"@context\":\"https:\\\/\\\/schema.org\",\"@graph\":[{\"@type\":\"WebPage\",\"@id\":\"https:\\\/\\\/veaeditori.it\\\/product\\\/graveyard\\\/\",\"url\":\"https:\\\/\\\/veaeditori.it\\\/product\\\/graveyard\\\/\",\"name\":\"Graveyard - VEA Editori\",\"isPartOf\":{\"@id\":\"https:\\\/\\\/veaeditori.it\\\/#website\"},\"primaryImageOfPage\":{\"@id\":\"https:\\\/\\\/veaeditori.it\\\/product\\\/graveyard\\\/#primaryimage\"},\"image\":{\"@id\":\"https:\\\/\\\/veaeditori.it\\\/product\\\/graveyard\\\/#primaryimage\"},\"thumbnailUrl\":\"https:\\\/\\\/veaeditori.it\\\/wp-content\\\/uploads\\\/2023\\\/10\\\/Graveyard.jpg\",\"datePublished\":\"2023-10-05T09:54:47+00:00\",\"dateModified\":\"2025-08-25T05:46:48+00:00\",\"description\":\"Graveyard - Include un imponente mausoleo centrale, una recinzione in ferro battuto e una serie di lapidi, sarcofagi e utili terreni da spargere\",\"breadcrumb\":{\"@id\":\"https:\\\/\\\/veaeditori.it\\\/product\\\/graveyard\\\/#breadcrumb\"},\"inLanguage\":\"en-GB\",\"potentialAction\":[{\"@type\":\"ReadAction\",\"target\":[\"https:\\\/\\\/veaeditori.it\\\/product\\\/graveyard\\\/\"]}]},{\"@type\":\"ImageObject\",\"inLanguage\":\"en-GB\",\"@id\":\"https:\\\/\\\/veaeditori.it\\\/product\\\/graveyard\\\/#primaryimage\",\"url\":\"https:\\\/\\\/veaeditori.it\\\/wp-content\\\/uploads\\\/2023\\\/10\\\/Graveyard.jpg\",\"contentUrl\":\"https:\\\/\\\/veaeditori.it\\\/wp-content\\\/uploads\\\/2023\\\/10\\\/Graveyard.jpg\",\"width\":1165,\"height\":802,\"caption\":\"Graveyeard\"},{\"@type\":\"BreadcrumbList\",\"@id\":\"https:\\\/\\\/veaeditori.it\\\/product\\\/graveyard\\\/#breadcrumb\",\"itemListElement\":[{\"@type\":\"ListItem\",\"position\":1,\"name\":\"Home\",\"item\":\"https:\\\/\\\/veaeditori.it\\\/\"},{\"@type\":\"ListItem\",\"position\":2,\"name\":\"Shop\",\"item\":\"https:\\\/\\\/veaeditori.it\\\/shop\\\/\"},{\"@type\":\"ListItem\",\"position\":3,\"name\":\"Graveyard\"}]},{\"@type\":\"WebSite\",\"@id\":\"https:\\\/\\\/veaeditori.it\\\/#website\",\"url\":\"https:\\\/\\\/veaeditori.it\\\/\",\"name\":\"VEA Editori\",\"description\":\"Italian Wargame Publisher\",\"potentialAction\":[{\"@type\":\"SearchAction\",\"target\":{\"@type\":\"EntryPoint\",\"urlTemplate\":\"https:\\\/\\\/veaeditori.it\\\/?s={search_term_string}\"},\"query-input\":{\"@type\":\"PropertyValueSpecification\",\"valueRequired\":true,\"valueName\":\"search_term_string\"}}],\"inLanguage\":\"en-GB\"}]}<\/script>\n<!-- \/ Yoast SEO plugin. -->","yoast_head_json":{"title":"Graveyard - VEA Editori","description":"Graveyard - Include un imponente mausoleo centrale, una recinzione in ferro battuto e una serie di lapidi, sarcofagi e utili terreni da spargere","robots":{"index":"index","follow":"follow","max-snippet":"max-snippet:-1","max-image-preview":"max-image-preview:large","max-video-preview":"max-video-preview:-1"},"canonical":"https:\/\/veaeditori.it\/en\/product\/graveyard\/","og_locale":"en_GB","og_type":"article","og_title":"Graveyard - VEA Editori","og_description":"Graveyard - Include un imponente mausoleo centrale, una recinzione in ferro battuto e una serie di lapidi, sarcofagi e utili terreni da spargere","og_url":"https:\/\/veaeditori.it\/en\/product\/graveyard\/","og_site_name":"VEA Editori","article_publisher":"https:\/\/www.facebook.com\/veaspaziominiature","article_modified_time":"2025-08-25T05:46:48+00:00","og_image":[{"width":1165,"height":802,"url":"https:\/\/veaeditori.it\/wp-content\/uploads\/2023\/10\/Graveyard.jpg","type":"image\/jpeg"}],"twitter_card":"summary_large_image","twitter_misc":{"Estimated reading time":"2 minutes"},"schema":{"@context":"https:\/\/schema.org","@graph":[{"@type":"WebPage","@id":"https:\/\/veaeditori.it\/product\/graveyard\/","url":"https:\/\/veaeditori.it\/product\/graveyard\/","name":"Graveyard - VEA Editori","isPartOf":{"@id":"https:\/\/veaeditori.it\/#website"},"primaryImageOfPage":{"@id":"https:\/\/veaeditori.it\/product\/graveyard\/#primaryimage"},"image":{"@id":"https:\/\/veaeditori.it\/product\/graveyard\/#primaryimage"},"thumbnailUrl":"https:\/\/veaeditori.it\/wp-content\/uploads\/2023\/10\/Graveyard.jpg","datePublished":"2023-10-05T09:54:47+00:00","dateModified":"2025-08-25T05:46:48+00:00","description":"Graveyard - Include un imponente mausoleo centrale, una recinzione in ferro battuto e una serie di lapidi, sarcofagi e utili terreni da spargere","breadcrumb":{"@id":"https:\/\/veaeditori.it\/product\/graveyard\/#breadcrumb"},"inLanguage":"en-GB","potentialAction":[{"@type":"ReadAction","target":["https:\/\/veaeditori.it\/product\/graveyard\/"]}]},{"@type":"ImageObject","inLanguage":"en-GB","@id":"https:\/\/veaeditori.it\/product\/graveyard\/#primaryimage","url":"https:\/\/veaeditori.it\/wp-content\/uploads\/2023\/10\/Graveyard.jpg","contentUrl":"https:\/\/veaeditori.it\/wp-content\/uploads\/2023\/10\/Graveyard.jpg","width":1165,"height":802,"caption":"Graveyeard"},{"@type":"BreadcrumbList","@id":"https:\/\/veaeditori.it\/product\/graveyard\/#breadcrumb","itemListElement":[{"@type":"ListItem","position":1,"name":"Home","item":"https:\/\/veaeditori.it\/"},{"@type":"ListItem","position":2,"name":"Shop","item":"https:\/\/veaeditori.it\/shop\/"},{"@type":"ListItem","position":3,"name":"Graveyard"}]},{"@type":"WebSite","@id":"https:\/\/veaeditori.it\/#website","url":"https:\/\/veaeditori.it\/","name":"VEA Editori","description":"Italian Wargame Publisher","potentialAction":[{"@type":"SearchAction","target":{"@type":"EntryPoint","urlTemplate":"https:\/\/veaeditori.it\/?s={search_term_string}"},"query-input":{"@type":"PropertyValueSpecification","valueRequired":true,"valueName":"search_term_string"}}],"inLanguage":"en-GB"}]}},"_links":{"self":[{"href":"https:\/\/veaeditori.it\/en\/wp-json\/wp\/v2\/product\/2122","targetHints":{"allow":["GET"]}}],"collection":[{"href":"https:\/\/veaeditori.it\/en\/wp-json\/wp\/v2\/product"}],"about":[{"href":"https:\/\/veaeditori.it\/en\/wp-json\/wp\/v2\/types\/product"}],"replies":[{"embeddable":true,"href":"https:\/\/veaeditori.it\/en\/wp-json\/wp\/v2\/comments?post=2122"}],"wp:featuredmedia":[{"embeddable":true,"href":"https:\/\/veaeditori.it\/en\/wp-json\/wp\/v2\/media\/2123"}],"wp:attachment":[{"href":"https:\/\/veaeditori.it\/en\/wp-json\/wp\/v2\/media?parent=2122"}],"wp:term":[{"taxonomy":"product_brand","embeddable":true,"href":"https:\/\/veaeditori.it\/en\/wp-json\/wp\/v2\/product_brand?post=2122"},{"taxonomy":"product_cat","embeddable":true,"href":"https:\/\/veaeditori.it\/en\/wp-json\/wp\/v2\/product_cat?post=2122"},{"taxonomy":"product_tag","embeddable":true,"href":"https:\/\/veaeditori.it\/en\/wp-json\/wp\/v2\/product_tag?post=2122"}],"curies":[{"name":"wp","href":"https:\/\/api.w.org\/{rel}","templated":true}]}}