{"id":2201,"date":"2023-10-24T23:12:28","date_gmt":"2023-10-24T22:12:28","guid":{"rendered":"http:\/\/veaeditori.it\/?post_type=product&#038;p=2201"},"modified":"2025-03-18T23:29:34","modified_gmt":"2025-03-18T21:29:34","slug":"warsurge-compendio-italiano","status":"publish","type":"product","link":"https:\/\/veaeditori.it\/en\/product\/warsurge-compendio-italiano\/","title":{"rendered":"Warsurge Compendio Italiano"},"content":{"rendered":"<p>Warsurge Compendio Italiano<\/p>\n<h3>WARSURGE \u00e8 un wargame universale di miniature che ti consente di personalizzare e mettere in campo le miniature della tua INTERA collezione!<\/h3>\n<p>Affila la tua lama, carica il tuo fucile al plasma. La guerra chiama e tu devi rispondere!<\/p>\n<p>Preparati alla guerra in un gioco da tavolo in cui puoi progettare e combattere con qualsiasi esercito tu voglia. \u00c8 un gioco basato sull\u2019uguaglianza, in cui la personalizzazione \u00e8 stata il nostro obiettivo principale. Usando l\u2019app\/software per listare il tuo esercito, puoi personalizzare ogni soldato come meglio credi, fino a ogni arma!<\/p>\n<p>Le meccaniche di gioco di WARSURGE consentono due modi di giocare, adatti a giocatori che preferiscono grandi battaglie o schermaglie epiche. Le regole sono state progettate per essere bilanciate e divertenti senza perdere l\u2019elemento della strategia. Le basi del gioco sono semplici da imparare, ma acquisiscono maggiore profondit\u00e0 quando i giocatori sviluppano le loro tattiche attraverso le loro unit\u00e0 personalizzate. Sebbene WARSURGE crei pari opportunit\u00e0 per i giocatori di impegnarsi in una guerra da tavolo, un giocatore esperto o opportunista pu\u00f2 sfruttare i punti deboli nella strategia del nemico.<\/p>\n<p>Libro Cartonato con 422 pagine a colori.<\/p>\n<p>L&#8217;equivalente di decine di libri di eserciti, pieno di spunti per creare le vostre liste ispirandovi alle pi\u00f9 note collezioni di miniature in commercio. Dal Fantasy alla fantascienza passando per lo storico e steampunk, moltissime liste che includono i punteggi per Unit\u00e0 ed Armi. Vi baster\u00e0 inquadrare i qr code in ogni fazione per caricare in un istante tutte le unit\u00e0 ed armi ed iniziare a modificare.<\/p>\n<p>In fondo al libro sono nuovamente presenti tutte le abilit\u00e0 in ordine alfabetico.<\/p>\n<p><iframe loading=\"lazy\" title=\"Warsurge Meccanica di gioco\" width=\"1020\" height=\"574\" src=\"https:\/\/www.youtube.com\/embed\/qqiroxobij4?feature=oembed\" frameborder=\"0\" allow=\"accelerometer; autoplay; clipboard-write; encrypted-media; gyroscope; picture-in-picture; web-share\" allowfullscreen><\/iframe><\/p>\n<p><iframe loading=\"lazy\" title=\"Il wargame MIGLIORE ! il gioco pi\u00f9 COMPLETO: WARSURGE\" width=\"1020\" height=\"574\" src=\"https:\/\/www.youtube.com\/embed\/YLQyRdJBO1o?feature=oembed\" frameborder=\"0\" allow=\"accelerometer; autoplay; clipboard-write; encrypted-media; gyroscope; picture-in-picture; web-share\" allowfullscreen><\/iframe><\/p>\n<p>Qualche informazione aggiuntiva qui:<\/p>\n<blockquote class=\"wp-embedded-content\" data-secret=\"W39ZLHsB3I\"><p><a href=\"https:\/\/veaeditori.it\/en\/warsurge\/\">Warsurge<\/a><\/p><\/blockquote>\n<p><iframe loading=\"lazy\" class=\"wp-embedded-content\" sandbox=\"allow-scripts\" security=\"restricted\" style=\"position: absolute; clip: rect(1px, 1px, 1px, 1px);\" title=\"&#8220;Warsurge&#8221; &#8212; VEA Editori\" src=\"https:\/\/veaeditori.it\/warsurge\/embed\/#?secret=YGJ3HU3lly#?secret=W39ZLHsB3I\" data-secret=\"W39ZLHsB3I\" width=\"600\" height=\"338\" frameborder=\"0\" marginwidth=\"0\" marginheight=\"0\" scrolling=\"no\"><\/iframe><\/p>\n<p>Il sito dell&#8217;editore qui:<\/p>\n<p><a href=\"https:\/\/www.warsurge.com\/\">https:\/\/www.warsurge.com\/<\/a><\/p>","protected":false},"excerpt":{"rendered":"<p>Warsurge Compendio Italiano<\/p>","protected":false},"featured_media":2221,"comment_status":"open","ping_status":"closed","template":"","meta":[],"product_brand":[],"product_cat":[114],"product_tag":[],"class_list":{"0":"post-2201","1":"product","2":"type-product","3":"status-publish","4":"has-post-thumbnail","6":"product_cat-universali","7":"product_shipping_class-standard","9":"first","10":"instock","11":"shipping-taxable","12":"purchasable","13":"product-type-simple"},"yoast_head":"<!-- This site is optimized with the Yoast SEO plugin v27.3 - https:\/\/yoast.com\/product\/yoast-seo-wordpress\/ -->\n<title>Warsurge Compendio Italiano - VEA Editori<\/title>\n<meta name=\"description\" content=\"Warsurge Compendio Italiano il primo gioco universale, prendi qualsiasi miniatura dalla tua collezione genera le statische e portala in battaglia\" \/>\n<meta name=\"robots\" content=\"index, follow, max-snippet:-1, max-image-preview:large, max-video-preview:-1\" \/>\n<link rel=\"canonical\" href=\"https:\/\/veaeditori.it\/en\/product\/warsurge-compendio-italiano\/\" \/>\n<meta property=\"og:locale\" content=\"en_GB\" \/>\n<meta property=\"og:type\" content=\"article\" \/>\n<meta property=\"og:title\" content=\"Warsurge Compendio Italiano - VEA Editori\" \/>\n<meta property=\"og:description\" content=\"Warsurge Compendio Italiano il primo gioco universale, prendi qualsiasi miniatura dalla tua collezione genera le statische e portala in battaglia\" \/>\n<meta property=\"og:url\" content=\"https:\/\/veaeditori.it\/en\/product\/warsurge-compendio-italiano\/\" \/>\n<meta property=\"og:site_name\" content=\"VEA Editori\" \/>\n<meta property=\"article:publisher\" content=\"https:\/\/www.facebook.com\/veaspaziominiature\" \/>\n<meta property=\"article:modified_time\" content=\"2025-03-18T21:29:34+00:00\" \/>\n<meta property=\"og:image\" content=\"https:\/\/veaeditori.it\/wp-content\/uploads\/2023\/10\/20231025_092609.jpg\" \/>\n\t<meta property=\"og:image:width\" content=\"829\" \/>\n\t<meta property=\"og:image:height\" content=\"1154\" \/>\n\t<meta property=\"og:image:type\" content=\"image\/jpeg\" \/>\n<meta name=\"twitter:card\" content=\"summary_large_image\" \/>\n<meta name=\"twitter:label1\" content=\"Estimated reading time\" \/>\n\t<meta name=\"twitter:data1\" content=\"2 minutes\" \/>\n<script type=\"application\/ld+json\" class=\"yoast-schema-graph\">{\"@context\":\"https:\\\/\\\/schema.org\",\"@graph\":[{\"@type\":\"WebPage\",\"@id\":\"https:\\\/\\\/veaeditori.it\\\/product\\\/warsurge-compendio-italiano\\\/\",\"url\":\"https:\\\/\\\/veaeditori.it\\\/product\\\/warsurge-compendio-italiano\\\/\",\"name\":\"Warsurge Compendio Italiano - VEA Editori\",\"isPartOf\":{\"@id\":\"https:\\\/\\\/veaeditori.it\\\/#website\"},\"primaryImageOfPage\":{\"@id\":\"https:\\\/\\\/veaeditori.it\\\/product\\\/warsurge-compendio-italiano\\\/#primaryimage\"},\"image\":{\"@id\":\"https:\\\/\\\/veaeditori.it\\\/product\\\/warsurge-compendio-italiano\\\/#primaryimage\"},\"thumbnailUrl\":\"https:\\\/\\\/veaeditori.it\\\/wp-content\\\/uploads\\\/2023\\\/10\\\/20231025_092609.jpg\",\"datePublished\":\"2023-10-24T22:12:28+00:00\",\"dateModified\":\"2025-03-18T21:29:34+00:00\",\"description\":\"Warsurge Compendio Italiano il primo gioco universale, prendi qualsiasi miniatura dalla tua collezione genera le statische e portala in battaglia\",\"breadcrumb\":{\"@id\":\"https:\\\/\\\/veaeditori.it\\\/product\\\/warsurge-compendio-italiano\\\/#breadcrumb\"},\"inLanguage\":\"en-GB\",\"potentialAction\":[{\"@type\":\"ReadAction\",\"target\":[\"https:\\\/\\\/veaeditori.it\\\/product\\\/warsurge-compendio-italiano\\\/\"]}]},{\"@type\":\"ImageObject\",\"inLanguage\":\"en-GB\",\"@id\":\"https:\\\/\\\/veaeditori.it\\\/product\\\/warsurge-compendio-italiano\\\/#primaryimage\",\"url\":\"https:\\\/\\\/veaeditori.it\\\/wp-content\\\/uploads\\\/2023\\\/10\\\/20231025_092609.jpg\",\"contentUrl\":\"https:\\\/\\\/veaeditori.it\\\/wp-content\\\/uploads\\\/2023\\\/10\\\/20231025_092609.jpg\",\"width\":829,\"height\":1154,\"caption\":\"Warsurge Compendio\"},{\"@type\":\"BreadcrumbList\",\"@id\":\"https:\\\/\\\/veaeditori.it\\\/product\\\/warsurge-compendio-italiano\\\/#breadcrumb\",\"itemListElement\":[{\"@type\":\"ListItem\",\"position\":1,\"name\":\"Home\",\"item\":\"https:\\\/\\\/veaeditori.it\\\/\"},{\"@type\":\"ListItem\",\"position\":2,\"name\":\"Shop\",\"item\":\"https:\\\/\\\/veaeditori.it\\\/shop\\\/\"},{\"@type\":\"ListItem\",\"position\":3,\"name\":\"Warsurge Compendio Italiano\"}]},{\"@type\":\"WebSite\",\"@id\":\"https:\\\/\\\/veaeditori.it\\\/#website\",\"url\":\"https:\\\/\\\/veaeditori.it\\\/\",\"name\":\"VEA Editori\",\"description\":\"Italian Wargame Publisher\",\"potentialAction\":[{\"@type\":\"SearchAction\",\"target\":{\"@type\":\"EntryPoint\",\"urlTemplate\":\"https:\\\/\\\/veaeditori.it\\\/?s={search_term_string}\"},\"query-input\":{\"@type\":\"PropertyValueSpecification\",\"valueRequired\":true,\"valueName\":\"search_term_string\"}}],\"inLanguage\":\"en-GB\"}]}<\/script>\n<!-- \/ Yoast SEO plugin. -->","yoast_head_json":{"title":"Warsurge Compendio Italiano - VEA Editori","description":"Warsurge Compendio Italiano il primo gioco universale, prendi qualsiasi miniatura dalla tua collezione genera le statische e portala in battaglia","robots":{"index":"index","follow":"follow","max-snippet":"max-snippet:-1","max-image-preview":"max-image-preview:large","max-video-preview":"max-video-preview:-1"},"canonical":"https:\/\/veaeditori.it\/en\/product\/warsurge-compendio-italiano\/","og_locale":"en_GB","og_type":"article","og_title":"Warsurge Compendio Italiano - VEA Editori","og_description":"Warsurge Compendio Italiano il primo gioco universale, prendi qualsiasi miniatura dalla tua collezione genera le statische e portala in battaglia","og_url":"https:\/\/veaeditori.it\/en\/product\/warsurge-compendio-italiano\/","og_site_name":"VEA Editori","article_publisher":"https:\/\/www.facebook.com\/veaspaziominiature","article_modified_time":"2025-03-18T21:29:34+00:00","og_image":[{"width":829,"height":1154,"url":"https:\/\/veaeditori.it\/wp-content\/uploads\/2023\/10\/20231025_092609.jpg","type":"image\/jpeg"}],"twitter_card":"summary_large_image","twitter_misc":{"Estimated reading time":"2 minutes"},"schema":{"@context":"https:\/\/schema.org","@graph":[{"@type":"WebPage","@id":"https:\/\/veaeditori.it\/product\/warsurge-compendio-italiano\/","url":"https:\/\/veaeditori.it\/product\/warsurge-compendio-italiano\/","name":"Warsurge Compendio Italiano - VEA Editori","isPartOf":{"@id":"https:\/\/veaeditori.it\/#website"},"primaryImageOfPage":{"@id":"https:\/\/veaeditori.it\/product\/warsurge-compendio-italiano\/#primaryimage"},"image":{"@id":"https:\/\/veaeditori.it\/product\/warsurge-compendio-italiano\/#primaryimage"},"thumbnailUrl":"https:\/\/veaeditori.it\/wp-content\/uploads\/2023\/10\/20231025_092609.jpg","datePublished":"2023-10-24T22:12:28+00:00","dateModified":"2025-03-18T21:29:34+00:00","description":"Warsurge Compendio Italiano il primo gioco universale, prendi qualsiasi miniatura dalla tua collezione genera le statische e portala in battaglia","breadcrumb":{"@id":"https:\/\/veaeditori.it\/product\/warsurge-compendio-italiano\/#breadcrumb"},"inLanguage":"en-GB","potentialAction":[{"@type":"ReadAction","target":["https:\/\/veaeditori.it\/product\/warsurge-compendio-italiano\/"]}]},{"@type":"ImageObject","inLanguage":"en-GB","@id":"https:\/\/veaeditori.it\/product\/warsurge-compendio-italiano\/#primaryimage","url":"https:\/\/veaeditori.it\/wp-content\/uploads\/2023\/10\/20231025_092609.jpg","contentUrl":"https:\/\/veaeditori.it\/wp-content\/uploads\/2023\/10\/20231025_092609.jpg","width":829,"height":1154,"caption":"Warsurge Compendio"},{"@type":"BreadcrumbList","@id":"https:\/\/veaeditori.it\/product\/warsurge-compendio-italiano\/#breadcrumb","itemListElement":[{"@type":"ListItem","position":1,"name":"Home","item":"https:\/\/veaeditori.it\/"},{"@type":"ListItem","position":2,"name":"Shop","item":"https:\/\/veaeditori.it\/shop\/"},{"@type":"ListItem","position":3,"name":"Warsurge Compendio Italiano"}]},{"@type":"WebSite","@id":"https:\/\/veaeditori.it\/#website","url":"https:\/\/veaeditori.it\/","name":"VEA Editori","description":"Italian Wargame Publisher","potentialAction":[{"@type":"SearchAction","target":{"@type":"EntryPoint","urlTemplate":"https:\/\/veaeditori.it\/?s={search_term_string}"},"query-input":{"@type":"PropertyValueSpecification","valueRequired":true,"valueName":"search_term_string"}}],"inLanguage":"en-GB"}]}},"_links":{"self":[{"href":"https:\/\/veaeditori.it\/en\/wp-json\/wp\/v2\/product\/2201","targetHints":{"allow":["GET"]}}],"collection":[{"href":"https:\/\/veaeditori.it\/en\/wp-json\/wp\/v2\/product"}],"about":[{"href":"https:\/\/veaeditori.it\/en\/wp-json\/wp\/v2\/types\/product"}],"replies":[{"embeddable":true,"href":"https:\/\/veaeditori.it\/en\/wp-json\/wp\/v2\/comments?post=2201"}],"wp:featuredmedia":[{"embeddable":true,"href":"https:\/\/veaeditori.it\/en\/wp-json\/wp\/v2\/media\/2221"}],"wp:attachment":[{"href":"https:\/\/veaeditori.it\/en\/wp-json\/wp\/v2\/media?parent=2201"}],"wp:term":[{"taxonomy":"product_brand","embeddable":true,"href":"https:\/\/veaeditori.it\/en\/wp-json\/wp\/v2\/product_brand?post=2201"},{"taxonomy":"product_cat","embeddable":true,"href":"https:\/\/veaeditori.it\/en\/wp-json\/wp\/v2\/product_cat?post=2201"},{"taxonomy":"product_tag","embeddable":true,"href":"https:\/\/veaeditori.it\/en\/wp-json\/wp\/v2\/product_tag?post=2201"}],"curies":[{"name":"wp","href":"https:\/\/api.w.org\/{rel}","templated":true}]}}