{"id":2204,"date":"2023-10-24T23:17:04","date_gmt":"2023-10-24T22:17:04","guid":{"rendered":"http:\/\/veaeditori.it\/?post_type=product&#038;p=2204"},"modified":"2025-11-28T00:26:28","modified_gmt":"2025-11-27T22:26:28","slug":"warsurge-precipizio-dellinfinito","status":"publish","type":"product","link":"https:\/\/veaeditori.it\/en\/product\/warsurge-precipizio-dellinfinito\/","title":{"rendered":"Warsurge Precipizio dell&#8217;Infinito"},"content":{"rendered":"<p>Warsurge Precipizio dell&#8217;Infinito<\/p>\n<h3>WARSURGE \u00e8 un wargame universale di miniature che ti consente di personalizzare e mettere in campo le miniature della tua INTERA collezione!<\/h3>\n<p>Affila la tua lama, carica il tuo fucile al plasma. La guerra chiama e tu devi rispondere!<\/p>\n<p>Preparati alla guerra in un gioco da tavolo in cui puoi progettare e combattere con qualsiasi esercito tu voglia. \u00c8 un gioco basato sull\u2019uguaglianza, in cui la personalizzazione \u00e8 stata il nostro obiettivo principale. Usando l\u2019app\/software per listare il tuo esercito, puoi personalizzare ogni soldato come meglio credi, fino a ogni arma!<\/p>\n<p>Le meccaniche di gioco di WARSURGE consentono due modi di giocare, adatti a giocatori che preferiscono grandi battaglie o schermaglie epiche. Le regole sono state progettate per essere bilanciate e divertenti senza perdere l\u2019elemento della strategia. Le basi del gioco sono semplici da imparare, ma acquisiscono maggiore profondit\u00e0 quando i giocatori sviluppano le loro tattiche attraverso le loro unit\u00e0 personalizzate. Sebbene WARSURGE crei pari opportunit\u00e0 per i giocatori di impegnarsi in una guerra da tavolo, un giocatore esperto o opportunista pu\u00f2 sfruttare i punti deboli nella strategia del nemico.<\/p>\n<p>Libretto spillato con copertina morbida di 56 pagine a colori.<\/p>\n<p>Questo libro illustra una serie di partite narrative giocate con il sistema WARSURGE; sono disponibili regole gratuite da scaricare o il Regolamento completo tramite il sito web di WARSURGE (www.warsurge.com). Sebbene le narrazioni di WARSURGE siano in qualche modo autoesplicative, \u00e8 bene leggere la Sezione 21 del Regolamento di WARSURGE per avere familiarit\u00e0 con i dettagli e i termini usati nelle partite narrative.<br \/>\nQuesto libro contiene tre racconti. A seconda del numero di giocatori presenti e di ci\u00f2 che si desidera giocare, ci sono opzioni adatte a 1-5 giocatori.<br \/>\nIl Santuario delle Sfere \u00e8 destinato a un solo giocatore (Solo). L&#8217;Anello dei Regni \u00e8 pensato per 1-4 giocatori in cooperativa (Party). Lo Scontro di Novus \u00e8 una partita competitiva destinata a 2-5 giocatori (Scontro).<\/p>\n<p><iframe loading=\"lazy\" title=\"Warsurge Meccanica di gioco\" width=\"1020\" height=\"574\" src=\"https:\/\/www.youtube.com\/embed\/qqiroxobij4?feature=oembed\" frameborder=\"0\" allow=\"accelerometer; autoplay; clipboard-write; encrypted-media; gyroscope; picture-in-picture; web-share\" allowfullscreen><\/iframe><\/p>\n<p><iframe loading=\"lazy\" title=\"Il wargame MIGLIORE ! il gioco pi\u00f9 COMPLETO: WARSURGE\" width=\"1020\" height=\"574\" src=\"https:\/\/www.youtube.com\/embed\/YLQyRdJBO1o?feature=oembed\" frameborder=\"0\" allow=\"accelerometer; autoplay; clipboard-write; encrypted-media; gyroscope; picture-in-picture; web-share\" allowfullscreen><\/iframe><\/p>\n<p>Qualche informazione aggiuntiva qui:<\/p>\n<blockquote class=\"wp-embedded-content\" data-secret=\"Ei9IRW4xJ9\"><p><a href=\"https:\/\/veaeditori.it\/en\/warsurge\/\">Warsurge<\/a><\/p><\/blockquote>\n<p><iframe loading=\"lazy\" class=\"wp-embedded-content\" sandbox=\"allow-scripts\" security=\"restricted\" style=\"position: absolute; clip: rect(1px, 1px, 1px, 1px);\" title=\"&#8220;Warsurge&#8221; &#8212; VEA Editori\" src=\"https:\/\/veaeditori.it\/warsurge\/embed\/#?secret=moYK1AhXoE#?secret=Ei9IRW4xJ9\" data-secret=\"Ei9IRW4xJ9\" width=\"600\" height=\"338\" frameborder=\"0\" marginwidth=\"0\" marginheight=\"0\" scrolling=\"no\"><\/iframe><\/p>\n<p>Il sito dell&#8217;editore qui:<\/p>\n<p><a href=\"https:\/\/www.warsurge.com\/\">https:\/\/www.warsurge.com\/<\/a><\/p>","protected":false},"excerpt":{"rendered":"<p>Warsurge Precipizio dell&#8217;Infinito<\/p>","protected":false},"featured_media":2223,"comment_status":"open","ping_status":"closed","template":"","meta":[],"product_brand":[],"product_cat":[114,200],"product_tag":[],"class_list":{"0":"post-2204","1":"product","2":"type-product","3":"status-publish","4":"has-post-thumbnail","6":"product_cat-universali","7":"product_cat-warsurge","8":"product_shipping_class-spedizionefree","10":"first","11":"instock","12":"shipping-taxable","13":"purchasable","14":"product-type-simple"},"yoast_head":"<!-- This site is optimized with the Yoast SEO plugin v27.3 - https:\/\/yoast.com\/product\/yoast-seo-wordpress\/ -->\n<title>Warsurge Precipizio dell&#039;Infinito - VEA Editori<\/title>\n<meta name=\"description\" content=\"Warsurge Precipizio dell&#039;Infinito il primo gioco universale, prendi qualsiasi miniatura dalla tua collezione genera le statische e portala in battaglia\" \/>\n<meta name=\"robots\" content=\"index, follow, max-snippet:-1, max-image-preview:large, max-video-preview:-1\" \/>\n<link rel=\"canonical\" href=\"https:\/\/veaeditori.it\/en\/product\/warsurge-precipizio-dellinfinito\/\" \/>\n<meta property=\"og:locale\" content=\"en_GB\" \/>\n<meta property=\"og:type\" content=\"article\" \/>\n<meta property=\"og:title\" content=\"Warsurge Precipizio dell&#039;Infinito - VEA Editori\" \/>\n<meta property=\"og:description\" content=\"Warsurge Precipizio dell&#039;Infinito il primo gioco universale, prendi qualsiasi miniatura dalla tua collezione genera le statische e portala in battaglia\" \/>\n<meta property=\"og:url\" content=\"https:\/\/veaeditori.it\/en\/product\/warsurge-precipizio-dellinfinito\/\" \/>\n<meta property=\"og:site_name\" content=\"VEA Editori\" \/>\n<meta property=\"article:publisher\" content=\"https:\/\/www.facebook.com\/veaspaziominiature\" \/>\n<meta property=\"article:modified_time\" content=\"2025-11-27T22:26:28+00:00\" \/>\n<meta property=\"og:image\" content=\"https:\/\/veaeditori.it\/wp-content\/uploads\/2023\/10\/20231025_092655.jpg\" \/>\n\t<meta property=\"og:image:width\" content=\"879\" \/>\n\t<meta property=\"og:image:height\" content=\"1248\" \/>\n\t<meta property=\"og:image:type\" content=\"image\/jpeg\" \/>\n<meta name=\"twitter:card\" content=\"summary_large_image\" \/>\n<meta name=\"twitter:label1\" content=\"Estimated reading time\" \/>\n\t<meta name=\"twitter:data1\" content=\"2 minutes\" \/>\n<script type=\"application\/ld+json\" class=\"yoast-schema-graph\">{\"@context\":\"https:\\\/\\\/schema.org\",\"@graph\":[{\"@type\":\"WebPage\",\"@id\":\"https:\\\/\\\/veaeditori.it\\\/product\\\/warsurge-precipizio-dellinfinito\\\/\",\"url\":\"https:\\\/\\\/veaeditori.it\\\/product\\\/warsurge-precipizio-dellinfinito\\\/\",\"name\":\"Warsurge Precipizio dell'Infinito - VEA Editori\",\"isPartOf\":{\"@id\":\"https:\\\/\\\/veaeditori.it\\\/#website\"},\"primaryImageOfPage\":{\"@id\":\"https:\\\/\\\/veaeditori.it\\\/product\\\/warsurge-precipizio-dellinfinito\\\/#primaryimage\"},\"image\":{\"@id\":\"https:\\\/\\\/veaeditori.it\\\/product\\\/warsurge-precipizio-dellinfinito\\\/#primaryimage\"},\"thumbnailUrl\":\"https:\\\/\\\/veaeditori.it\\\/wp-content\\\/uploads\\\/2023\\\/10\\\/20231025_092655.jpg\",\"datePublished\":\"2023-10-24T22:17:04+00:00\",\"dateModified\":\"2025-11-27T22:26:28+00:00\",\"description\":\"Warsurge Precipizio dell'Infinito il primo gioco universale, prendi qualsiasi miniatura dalla tua collezione genera le statische e portala in battaglia\",\"breadcrumb\":{\"@id\":\"https:\\\/\\\/veaeditori.it\\\/product\\\/warsurge-precipizio-dellinfinito\\\/#breadcrumb\"},\"inLanguage\":\"en-GB\",\"potentialAction\":[{\"@type\":\"ReadAction\",\"target\":[\"https:\\\/\\\/veaeditori.it\\\/product\\\/warsurge-precipizio-dellinfinito\\\/\"]}]},{\"@type\":\"ImageObject\",\"inLanguage\":\"en-GB\",\"@id\":\"https:\\\/\\\/veaeditori.it\\\/product\\\/warsurge-precipizio-dellinfinito\\\/#primaryimage\",\"url\":\"https:\\\/\\\/veaeditori.it\\\/wp-content\\\/uploads\\\/2023\\\/10\\\/20231025_092655.jpg\",\"contentUrl\":\"https:\\\/\\\/veaeditori.it\\\/wp-content\\\/uploads\\\/2023\\\/10\\\/20231025_092655.jpg\",\"width\":879,\"height\":1248,\"caption\":\"Warsurge POI\"},{\"@type\":\"BreadcrumbList\",\"@id\":\"https:\\\/\\\/veaeditori.it\\\/product\\\/warsurge-precipizio-dellinfinito\\\/#breadcrumb\",\"itemListElement\":[{\"@type\":\"ListItem\",\"position\":1,\"name\":\"Home\",\"item\":\"https:\\\/\\\/veaeditori.it\\\/\"},{\"@type\":\"ListItem\",\"position\":2,\"name\":\"Shop\",\"item\":\"https:\\\/\\\/veaeditori.it\\\/shop\\\/\"},{\"@type\":\"ListItem\",\"position\":3,\"name\":\"Warsurge Precipizio dell&#8217;Infinito\"}]},{\"@type\":\"WebSite\",\"@id\":\"https:\\\/\\\/veaeditori.it\\\/#website\",\"url\":\"https:\\\/\\\/veaeditori.it\\\/\",\"name\":\"VEA Editori\",\"description\":\"Italian Wargame Publisher\",\"potentialAction\":[{\"@type\":\"SearchAction\",\"target\":{\"@type\":\"EntryPoint\",\"urlTemplate\":\"https:\\\/\\\/veaeditori.it\\\/?s={search_term_string}\"},\"query-input\":{\"@type\":\"PropertyValueSpecification\",\"valueRequired\":true,\"valueName\":\"search_term_string\"}}],\"inLanguage\":\"en-GB\"}]}<\/script>\n<!-- \/ Yoast SEO plugin. -->","yoast_head_json":{"title":"Warsurge Precipizio dell'Infinito - VEA Editori","description":"Warsurge Precipizio dell'Infinito il primo gioco universale, prendi qualsiasi miniatura dalla tua collezione genera le statische e portala in battaglia","robots":{"index":"index","follow":"follow","max-snippet":"max-snippet:-1","max-image-preview":"max-image-preview:large","max-video-preview":"max-video-preview:-1"},"canonical":"https:\/\/veaeditori.it\/en\/product\/warsurge-precipizio-dellinfinito\/","og_locale":"en_GB","og_type":"article","og_title":"Warsurge Precipizio dell'Infinito - VEA Editori","og_description":"Warsurge Precipizio dell'Infinito il primo gioco universale, prendi qualsiasi miniatura dalla tua collezione genera le statische e portala in battaglia","og_url":"https:\/\/veaeditori.it\/en\/product\/warsurge-precipizio-dellinfinito\/","og_site_name":"VEA Editori","article_publisher":"https:\/\/www.facebook.com\/veaspaziominiature","article_modified_time":"2025-11-27T22:26:28+00:00","og_image":[{"width":879,"height":1248,"url":"https:\/\/veaeditori.it\/wp-content\/uploads\/2023\/10\/20231025_092655.jpg","type":"image\/jpeg"}],"twitter_card":"summary_large_image","twitter_misc":{"Estimated reading time":"2 minutes"},"schema":{"@context":"https:\/\/schema.org","@graph":[{"@type":"WebPage","@id":"https:\/\/veaeditori.it\/product\/warsurge-precipizio-dellinfinito\/","url":"https:\/\/veaeditori.it\/product\/warsurge-precipizio-dellinfinito\/","name":"Warsurge Precipizio dell'Infinito - VEA Editori","isPartOf":{"@id":"https:\/\/veaeditori.it\/#website"},"primaryImageOfPage":{"@id":"https:\/\/veaeditori.it\/product\/warsurge-precipizio-dellinfinito\/#primaryimage"},"image":{"@id":"https:\/\/veaeditori.it\/product\/warsurge-precipizio-dellinfinito\/#primaryimage"},"thumbnailUrl":"https:\/\/veaeditori.it\/wp-content\/uploads\/2023\/10\/20231025_092655.jpg","datePublished":"2023-10-24T22:17:04+00:00","dateModified":"2025-11-27T22:26:28+00:00","description":"Warsurge Precipizio dell'Infinito il primo gioco universale, prendi qualsiasi miniatura dalla tua collezione genera le statische e portala in battaglia","breadcrumb":{"@id":"https:\/\/veaeditori.it\/product\/warsurge-precipizio-dellinfinito\/#breadcrumb"},"inLanguage":"en-GB","potentialAction":[{"@type":"ReadAction","target":["https:\/\/veaeditori.it\/product\/warsurge-precipizio-dellinfinito\/"]}]},{"@type":"ImageObject","inLanguage":"en-GB","@id":"https:\/\/veaeditori.it\/product\/warsurge-precipizio-dellinfinito\/#primaryimage","url":"https:\/\/veaeditori.it\/wp-content\/uploads\/2023\/10\/20231025_092655.jpg","contentUrl":"https:\/\/veaeditori.it\/wp-content\/uploads\/2023\/10\/20231025_092655.jpg","width":879,"height":1248,"caption":"Warsurge POI"},{"@type":"BreadcrumbList","@id":"https:\/\/veaeditori.it\/product\/warsurge-precipizio-dellinfinito\/#breadcrumb","itemListElement":[{"@type":"ListItem","position":1,"name":"Home","item":"https:\/\/veaeditori.it\/"},{"@type":"ListItem","position":2,"name":"Shop","item":"https:\/\/veaeditori.it\/shop\/"},{"@type":"ListItem","position":3,"name":"Warsurge Precipizio dell&#8217;Infinito"}]},{"@type":"WebSite","@id":"https:\/\/veaeditori.it\/#website","url":"https:\/\/veaeditori.it\/","name":"VEA Editori","description":"Italian Wargame Publisher","potentialAction":[{"@type":"SearchAction","target":{"@type":"EntryPoint","urlTemplate":"https:\/\/veaeditori.it\/?s={search_term_string}"},"query-input":{"@type":"PropertyValueSpecification","valueRequired":true,"valueName":"search_term_string"}}],"inLanguage":"en-GB"}]}},"_links":{"self":[{"href":"https:\/\/veaeditori.it\/en\/wp-json\/wp\/v2\/product\/2204","targetHints":{"allow":["GET"]}}],"collection":[{"href":"https:\/\/veaeditori.it\/en\/wp-json\/wp\/v2\/product"}],"about":[{"href":"https:\/\/veaeditori.it\/en\/wp-json\/wp\/v2\/types\/product"}],"replies":[{"embeddable":true,"href":"https:\/\/veaeditori.it\/en\/wp-json\/wp\/v2\/comments?post=2204"}],"wp:featuredmedia":[{"embeddable":true,"href":"https:\/\/veaeditori.it\/en\/wp-json\/wp\/v2\/media\/2223"}],"wp:attachment":[{"href":"https:\/\/veaeditori.it\/en\/wp-json\/wp\/v2\/media?parent=2204"}],"wp:term":[{"taxonomy":"product_brand","embeddable":true,"href":"https:\/\/veaeditori.it\/en\/wp-json\/wp\/v2\/product_brand?post=2204"},{"taxonomy":"product_cat","embeddable":true,"href":"https:\/\/veaeditori.it\/en\/wp-json\/wp\/v2\/product_cat?post=2204"},{"taxonomy":"product_tag","embeddable":true,"href":"https:\/\/veaeditori.it\/en\/wp-json\/wp\/v2\/product_tag?post=2204"}],"curies":[{"name":"wp","href":"https:\/\/api.w.org\/{rel}","templated":true}]}}