{"id":2347,"date":"2024-02-13T13:13:19","date_gmt":"2024-02-13T11:13:19","guid":{"rendered":"https:\/\/veaeditori.it\/?post_type=product&#038;p=2347"},"modified":"2026-04-13T13:18:26","modified_gmt":"2026-04-13T11:18:26","slug":"saga-libro-delle-regole-e-delle-battaglie","status":"publish","type":"product","link":"https:\/\/veaeditori.it\/en\/product\/saga-libro-delle-regole-e-delle-battaglie\/","title":{"rendered":"Saga Libro delle Regole e delle Battaglie"},"content":{"rendered":"<p>Saga Libro delle Regole e delle Battaglie<\/p>\n<p><em>Ogni epoca ha i suoi eroi. Uomini unici le cui caratteristiche e virt\u00f9 li hanno elevati al di sopra dei comuni mortali e che, grazie alla loro determinazione, al coraggio e alla forza, hanno realizzato il loro destino. I loro nomi hanno superato la prova del tempo: <\/em><br \/>\n<em>Re Art\u00f9, Guglielmo il Conquistatore, Achille e Conan.<\/em><br \/>\n<em>Che siano nati dalla leggenda popolare, dalla fertile immaginazione degli scrittori o che abbiano lasciato un segno nella storia, rimangono per sempre nella memoria collettiva come illustre figure di epoche passate.<\/em><br \/>\n<em>Ma per ogni leggenda esistente, ce ne sono innumerevoli altre ancora da scrivere. Migliaia di eroi aspettano di brillare sul campo di battaglia, di far parlare il fuoco e l\u2019acciaio e di segnare a loro volta la loro epoca. Con questo libro tra le mani, avete l\u2019opportunit\u00e0 unica di partecipare alla creazione di queste leggende e di vederle compiere il loro destino&#8230; <\/em><br \/>\n<em>La vostra Saga inizia qui&#8230;<\/em><\/p>\n<p>Saga \u00e8 un gioco di schermaglie ambientato nelle epoche eroiche della storia, della mitologia e dell\u2019immaginazione umana. Presenta battaglie combattute da uomini eccezionali, i Signori, che guidano il loro gruppo per sfidare i nemici sul campo di battaglia.<br \/>\nQuesto gioco vi permette di prendere il comando di una armata di questo tipo, composta da una trentina di miniature e guidata dal vostro alter ego eroico. Ogni armata sar\u00e0 scelta tra le fazioni di Saga disponibili e avr\u00e0 una propria scheda di battaglia e dadi Saga specifici che le conferiranno abilit\u00e0 speciali e contribuiranno alla sua identit\u00e0.<br \/>\nQuesto libro contiene tutte le regole di base di Saga, semplici e innovative, spiegate in modo didattico e illustrate con numerosi esempi che si applicheranno a tutti gli universi che vorrete esplorare. Queste regole sono il frutto di anni di sviluppo e dei suggerimenti di una vasta comunit\u00e0 di giocatori che hanno giocato a Saga in tutto il mondo.<br \/>\nDopo aver letto questo libro, non vi resta che scegliere un universo Saga tra quelli disponibili, raccogliere le vostre miniature e scrivere la vostra leggenda!<\/p>\n<p>Inoltre in questa edizione Italiana corretta e rivista abbiamo aggiunto e integrato il supplemento altrimenti venduto separatamente: \u201cIl libro delle battaglie\u201d. Strumento a nostro avviso indispensabile per aggiungere variet\u00e0 alle vostre partite e che nello specifico offre al suo interno:<br \/>\n\u2022 Scontri: un sistema di generazione di scenari con un numero quasi infinito di combinazioni possibili.<br \/>\n\u2022 Battaglie: 10 scenari competitivi che permettono ai giocatori di affrontare nuove sfide tattiche per le loro bande.<br \/>\n\u2022 Le Leggende: 4 scenari narrativi pieni di avventure e sorprese che rimarranno impresse nella memoria dei giocatori che vi partecipano.<br \/>\n\u2022 Le Mischie: scenari multi-giocatore, che permettono a 3 o 4 giocatori di competere e di sfidarsi contemporaneamente, sia come squadra sia difendendo i propri interessi.<br \/>\n\u2022 Infine, le Saghe: un sistema di esperienza per i vostri Signori che permette di vederli evolvere di partita in partita.<br \/>\nLe nuove regole presentate in questo libro sono una sorta di cassetta degli attrezzi che consente ai giocatori di progettare i propri scenari e le proprie campagne.<\/p>\n<p><em>Filo refe a colori A4 di 104 Pagine.<\/em><\/p>\n<p>Saga Libro delle Regole e delle Battaglie<\/p>","protected":false},"excerpt":{"rendered":"<p>Saga Libro delle Regole e delle Battaglie<\/p>","protected":false},"featured_media":2348,"comment_status":"open","ping_status":"closed","template":"","meta":[],"product_brand":[],"product_cat":[184,143],"product_tag":[],"class_list":{"0":"post-2347","1":"product","2":"type-product","3":"status-publish","4":"has-post-thumbnail","6":"product_cat-manuali","7":"product_cat-storico","8":"product_shipping_class-spedizionefree","10":"first","11":"instock","12":"shipping-taxable","13":"purchasable","14":"product-type-simple"},"yoast_head":"<!-- This site is optimized with the Yoast SEO plugin v27.3 - https:\/\/yoast.com\/product\/yoast-seo-wordpress\/ -->\n<title>Saga Libro delle Regole e delle Battaglie - VEA Editori<\/title>\n<meta name=\"description\" content=\"Saga Libro delle Regole e delle Battaglie - gioco di miniature a tema storico con una meccanica di gioco semplice ma accattivante\" \/>\n<meta name=\"robots\" content=\"index, follow, max-snippet:-1, max-image-preview:large, max-video-preview:-1\" \/>\n<link rel=\"canonical\" href=\"https:\/\/veaeditori.it\/en\/product\/saga-libro-delle-regole-e-delle-battaglie\/\" \/>\n<meta property=\"og:locale\" content=\"en_GB\" \/>\n<meta property=\"og:type\" content=\"article\" \/>\n<meta property=\"og:title\" content=\"Saga Libro delle Regole e delle Battaglie - VEA Editori\" \/>\n<meta property=\"og:description\" content=\"Saga Libro delle Regole e delle Battaglie - gioco di miniature a tema storico con una meccanica di gioco semplice ma accattivante\" \/>\n<meta property=\"og:url\" content=\"https:\/\/veaeditori.it\/en\/product\/saga-libro-delle-regole-e-delle-battaglie\/\" \/>\n<meta property=\"og:site_name\" content=\"VEA Editori\" \/>\n<meta property=\"article:publisher\" content=\"https:\/\/www.facebook.com\/veaspaziominiature\" \/>\n<meta property=\"article:modified_time\" content=\"2026-04-13T11:18:26+00:00\" \/>\n<meta property=\"og:image\" content=\"https:\/\/veaeditori.it\/wp-content\/uploads\/2024\/02\/Copertina2.jpg\" \/>\n\t<meta property=\"og:image:width\" content=\"694\" \/>\n\t<meta property=\"og:image:height\" content=\"981\" \/>\n\t<meta property=\"og:image:type\" content=\"image\/jpeg\" \/>\n<meta name=\"twitter:card\" content=\"summary_large_image\" \/>\n<meta name=\"twitter:label1\" content=\"Estimated reading time\" \/>\n\t<meta name=\"twitter:data1\" content=\"3 minutes\" \/>\n<script type=\"application\/ld+json\" class=\"yoast-schema-graph\">{\"@context\":\"https:\\\/\\\/schema.org\",\"@graph\":[{\"@type\":\"WebPage\",\"@id\":\"https:\\\/\\\/veaeditori.it\\\/product\\\/saga-libro-delle-regole-e-delle-battaglie\\\/\",\"url\":\"https:\\\/\\\/veaeditori.it\\\/product\\\/saga-libro-delle-regole-e-delle-battaglie\\\/\",\"name\":\"Saga Libro delle Regole e delle Battaglie - VEA Editori\",\"isPartOf\":{\"@id\":\"https:\\\/\\\/veaeditori.it\\\/#website\"},\"primaryImageOfPage\":{\"@id\":\"https:\\\/\\\/veaeditori.it\\\/product\\\/saga-libro-delle-regole-e-delle-battaglie\\\/#primaryimage\"},\"image\":{\"@id\":\"https:\\\/\\\/veaeditori.it\\\/product\\\/saga-libro-delle-regole-e-delle-battaglie\\\/#primaryimage\"},\"thumbnailUrl\":\"https:\\\/\\\/veaeditori.it\\\/wp-content\\\/uploads\\\/2024\\\/02\\\/Copertina2.jpg\",\"datePublished\":\"2024-02-13T11:13:19+00:00\",\"dateModified\":\"2026-04-13T11:18:26+00:00\",\"description\":\"Saga Libro delle Regole e delle Battaglie - gioco di miniature a tema storico con una meccanica di gioco semplice ma accattivante\",\"breadcrumb\":{\"@id\":\"https:\\\/\\\/veaeditori.it\\\/product\\\/saga-libro-delle-regole-e-delle-battaglie\\\/#breadcrumb\"},\"inLanguage\":\"en-GB\",\"potentialAction\":[{\"@type\":\"ReadAction\",\"target\":[\"https:\\\/\\\/veaeditori.it\\\/product\\\/saga-libro-delle-regole-e-delle-battaglie\\\/\"]}]},{\"@type\":\"ImageObject\",\"inLanguage\":\"en-GB\",\"@id\":\"https:\\\/\\\/veaeditori.it\\\/product\\\/saga-libro-delle-regole-e-delle-battaglie\\\/#primaryimage\",\"url\":\"https:\\\/\\\/veaeditori.it\\\/wp-content\\\/uploads\\\/2024\\\/02\\\/Copertina2.jpg\",\"contentUrl\":\"https:\\\/\\\/veaeditori.it\\\/wp-content\\\/uploads\\\/2024\\\/02\\\/Copertina2.jpg\",\"width\":694,\"height\":981},{\"@type\":\"BreadcrumbList\",\"@id\":\"https:\\\/\\\/veaeditori.it\\\/product\\\/saga-libro-delle-regole-e-delle-battaglie\\\/#breadcrumb\",\"itemListElement\":[{\"@type\":\"ListItem\",\"position\":1,\"name\":\"Home\",\"item\":\"https:\\\/\\\/veaeditori.it\\\/\"},{\"@type\":\"ListItem\",\"position\":2,\"name\":\"Shop\",\"item\":\"https:\\\/\\\/veaeditori.it\\\/shop\\\/\"},{\"@type\":\"ListItem\",\"position\":3,\"name\":\"Saga Libro delle Regole e delle Battaglie\"}]},{\"@type\":\"WebSite\",\"@id\":\"https:\\\/\\\/veaeditori.it\\\/#website\",\"url\":\"https:\\\/\\\/veaeditori.it\\\/\",\"name\":\"VEA Editori\",\"description\":\"Italian Wargame Publisher\",\"potentialAction\":[{\"@type\":\"SearchAction\",\"target\":{\"@type\":\"EntryPoint\",\"urlTemplate\":\"https:\\\/\\\/veaeditori.it\\\/?s={search_term_string}\"},\"query-input\":{\"@type\":\"PropertyValueSpecification\",\"valueRequired\":true,\"valueName\":\"search_term_string\"}}],\"inLanguage\":\"en-GB\"}]}<\/script>\n<!-- \/ Yoast SEO plugin. -->","yoast_head_json":{"title":"Saga Libro delle Regole e delle Battaglie - VEA Editori","description":"Saga Libro delle Regole e delle Battaglie - gioco di miniature a tema storico con una meccanica di gioco semplice ma accattivante","robots":{"index":"index","follow":"follow","max-snippet":"max-snippet:-1","max-image-preview":"max-image-preview:large","max-video-preview":"max-video-preview:-1"},"canonical":"https:\/\/veaeditori.it\/en\/product\/saga-libro-delle-regole-e-delle-battaglie\/","og_locale":"en_GB","og_type":"article","og_title":"Saga Libro delle Regole e delle Battaglie - VEA Editori","og_description":"Saga Libro delle Regole e delle Battaglie - gioco di miniature a tema storico con una meccanica di gioco semplice ma accattivante","og_url":"https:\/\/veaeditori.it\/en\/product\/saga-libro-delle-regole-e-delle-battaglie\/","og_site_name":"VEA Editori","article_publisher":"https:\/\/www.facebook.com\/veaspaziominiature","article_modified_time":"2026-04-13T11:18:26+00:00","og_image":[{"width":694,"height":981,"url":"https:\/\/veaeditori.it\/wp-content\/uploads\/2024\/02\/Copertina2.jpg","type":"image\/jpeg"}],"twitter_card":"summary_large_image","twitter_misc":{"Estimated reading time":"3 minutes"},"schema":{"@context":"https:\/\/schema.org","@graph":[{"@type":"WebPage","@id":"https:\/\/veaeditori.it\/product\/saga-libro-delle-regole-e-delle-battaglie\/","url":"https:\/\/veaeditori.it\/product\/saga-libro-delle-regole-e-delle-battaglie\/","name":"Saga Libro delle Regole e delle Battaglie - VEA Editori","isPartOf":{"@id":"https:\/\/veaeditori.it\/#website"},"primaryImageOfPage":{"@id":"https:\/\/veaeditori.it\/product\/saga-libro-delle-regole-e-delle-battaglie\/#primaryimage"},"image":{"@id":"https:\/\/veaeditori.it\/product\/saga-libro-delle-regole-e-delle-battaglie\/#primaryimage"},"thumbnailUrl":"https:\/\/veaeditori.it\/wp-content\/uploads\/2024\/02\/Copertina2.jpg","datePublished":"2024-02-13T11:13:19+00:00","dateModified":"2026-04-13T11:18:26+00:00","description":"Saga Libro delle Regole e delle Battaglie - gioco di miniature a tema storico con una meccanica di gioco semplice ma accattivante","breadcrumb":{"@id":"https:\/\/veaeditori.it\/product\/saga-libro-delle-regole-e-delle-battaglie\/#breadcrumb"},"inLanguage":"en-GB","potentialAction":[{"@type":"ReadAction","target":["https:\/\/veaeditori.it\/product\/saga-libro-delle-regole-e-delle-battaglie\/"]}]},{"@type":"ImageObject","inLanguage":"en-GB","@id":"https:\/\/veaeditori.it\/product\/saga-libro-delle-regole-e-delle-battaglie\/#primaryimage","url":"https:\/\/veaeditori.it\/wp-content\/uploads\/2024\/02\/Copertina2.jpg","contentUrl":"https:\/\/veaeditori.it\/wp-content\/uploads\/2024\/02\/Copertina2.jpg","width":694,"height":981},{"@type":"BreadcrumbList","@id":"https:\/\/veaeditori.it\/product\/saga-libro-delle-regole-e-delle-battaglie\/#breadcrumb","itemListElement":[{"@type":"ListItem","position":1,"name":"Home","item":"https:\/\/veaeditori.it\/"},{"@type":"ListItem","position":2,"name":"Shop","item":"https:\/\/veaeditori.it\/shop\/"},{"@type":"ListItem","position":3,"name":"Saga Libro delle Regole e delle Battaglie"}]},{"@type":"WebSite","@id":"https:\/\/veaeditori.it\/#website","url":"https:\/\/veaeditori.it\/","name":"VEA Editori","description":"Italian Wargame Publisher","potentialAction":[{"@type":"SearchAction","target":{"@type":"EntryPoint","urlTemplate":"https:\/\/veaeditori.it\/?s={search_term_string}"},"query-input":{"@type":"PropertyValueSpecification","valueRequired":true,"valueName":"search_term_string"}}],"inLanguage":"en-GB"}]}},"_links":{"self":[{"href":"https:\/\/veaeditori.it\/en\/wp-json\/wp\/v2\/product\/2347","targetHints":{"allow":["GET"]}}],"collection":[{"href":"https:\/\/veaeditori.it\/en\/wp-json\/wp\/v2\/product"}],"about":[{"href":"https:\/\/veaeditori.it\/en\/wp-json\/wp\/v2\/types\/product"}],"replies":[{"embeddable":true,"href":"https:\/\/veaeditori.it\/en\/wp-json\/wp\/v2\/comments?post=2347"}],"wp:featuredmedia":[{"embeddable":true,"href":"https:\/\/veaeditori.it\/en\/wp-json\/wp\/v2\/media\/2348"}],"wp:attachment":[{"href":"https:\/\/veaeditori.it\/en\/wp-json\/wp\/v2\/media?parent=2347"}],"wp:term":[{"taxonomy":"product_brand","embeddable":true,"href":"https:\/\/veaeditori.it\/en\/wp-json\/wp\/v2\/product_brand?post=2347"},{"taxonomy":"product_cat","embeddable":true,"href":"https:\/\/veaeditori.it\/en\/wp-json\/wp\/v2\/product_cat?post=2347"},{"taxonomy":"product_tag","embeddable":true,"href":"https:\/\/veaeditori.it\/en\/wp-json\/wp\/v2\/product_tag?post=2347"}],"curies":[{"name":"wp","href":"https:\/\/api.w.org\/{rel}","templated":true}]}}