{"id":2911,"date":"2024-03-01T11:14:58","date_gmt":"2024-03-01T09:14:58","guid":{"rendered":"https:\/\/veaeditori.it\/?post_type=product&#038;p=2911"},"modified":"2025-12-02T00:57:31","modified_gmt":"2025-12-01T22:57:31","slug":"punkapocalyptic-regolamento-ita","status":"publish","type":"product","link":"https:\/\/veaeditori.it\/en\/product\/punkapocalyptic-regolamento-ita\/","title":{"rendered":"Punkapocalyptic Regolamento ITA"},"content":{"rendered":"<p>Punkapocalyptic Regolamento ITA<\/p>\n<p><em>In un mondo in cui il petrolio e l\u2019acqua scarseggiavano e le crisi economiche si susseguivano, le guerre devastavano la terra. Ci furono rivolte, bombardamenti, sommosse e massacri.<\/em><br \/>\n<em>Fu allora che i governi e le grandi aziende si resero conto che il problema non era il sistema in s\u00e9, ma che c\u2019erano troppe persone all\u2019interno del sistema. Inizi\u00f2 cos\u00ec il progetto Babilonia, enormi citt\u00e0 fortificate in cui si sarebbe rifugiato circa il 5% della popolazione mondiale, sufficiente a sostenere l\u2019economia e il tenore di vita. All\u2019interno delle mura, la societ\u00e0 dei consumi continu\u00f2 a godere del cibo migliore, dei vestiti, dei divertimenti e della tecnologia pi\u00f9 avanzata.<\/em><br \/>\n<em>Al di fuori della Megalopoli, tuttavia, tutto andava a rotoli, malattie, carestie, inquinamento e lotte per le scarse risorse decimarono la maggior parte della popolazione mondiale. Le antiche citt\u00e0 furono completamente distrutte e la natura devastata.<\/em><br \/>\n<em>Oggi, la maggior parte dell\u2019umanit\u00e0 vive in un mondo in frantumi, dove i proiettili, la benzina, il bottino delle Megalopoli e la forza bruta sono l\u2019unica moneta. La scarsit\u00e0 di fonti energetiche e di mezzi per creare qualsiasi cosa ha ridotto la tecnologia agli strumenti pi\u00f9 elementari, riciclando qualsiasi scarto di tempi migliori o ci\u00f2 che scarta l\u2019\u00e9lite dietro le mura. Le rovine di antiche citt\u00e0 e piccoli insediamenti fortificati concentrano piccole comunit\u00e0 che cercano di sopravvivere, mentre innumerevoli bande di malviventi vagano per le Terre Desolate alla ricerca di risorse da sottrarre con la forza. I ghoul mutati popolano aree in cui nessuna persona sana di mente vorrebbe trovarsi, individui stravaganti si specializzano nel riciclaggio di tecnologia avanzata e proliferano i culti delle divinit\u00e0 pi\u00f9 strampalate.<\/em><br \/>\n<em>Siamo nella Zona di Ponterottame.<\/em><\/p>\n<p>Benvenuti alla seconda edizione di Punkapocalyptic, un gioco di schermaglie divertente e macabro. Combattete contro altre bande in scontri veloci e mortali, sia per le risorse che per il semplice piacere della rissa. Questo libro contiene tutte le regole necessarie per giocare a Punkapocalyptic, 9 diverse fazioni e alcuni mercenari per creare la vostra banda, l&#8217;equipaggiamento che le vostre miniature possono portare con s\u00e9, 18 scenari completamente diversi per ambientare gli scontri, regole opzionali per rendere le partite ancora pi\u00f9 imprevedibili, nonch\u00e9 luoghi e storia dal mondo di Punkapocalyptic tra cui scegliere.<\/p>\n<p>Ideato per 2 giocatori si gioca in meno di 1h per partita e pu\u00f2 essere giocato con qualsiasi miniatura anche se sono disponibili bellissimi modelli in resina dedicati.<br \/>\nFa uso del dado a dieci facce (d10) per tutti tipi di test. L&#8217;attivazione dei modelli \u00e8 in ordine di agilit\u00e0 decrescente e alternata tra i giocatori in caso di stessa agilit\u00e0.<br \/>\nIn un violento futuro post apocalittico le munizioni scarseggiano e in questo gioco sono pi\u00f9 preziose dei modelli stessi, dovrete decidere quante portarne in campo pagandole profumatamente tenendo segreta l&#8217;informazione al vostro avversario fino alla fine della partita. Le armi da tiro sono forti ma la violenza bruta molto pi\u00f9 efficace ed illimitata!<\/p>\n<p>Edito da Badrollgames e localizzato in Italiano da VEA Editori.<\/p>\n<p>Consigliato a partire dai 16 anni. Contiene linguaggio scurrile.<\/p>\n<p>Libro a colori con copertina rigida in formato 16.5&#215;23.5cm di 204 pagine<\/p>","protected":false},"excerpt":{"rendered":"<p>Punkapocalyptic Regolamento ITA<\/p>","protected":false},"featured_media":2912,"comment_status":"open","ping_status":"closed","template":"","meta":[],"product_brand":[],"product_cat":[158,176],"product_tag":[],"class_list":{"0":"post-2911","1":"product","2":"type-product","3":"status-publish","4":"has-post-thumbnail","6":"product_cat-post-apocalittici","7":"product_cat-regolamento","8":"product_shipping_class-spedizionefree","10":"first","11":"instock","12":"shipping-taxable","13":"purchasable","14":"product-type-simple"},"yoast_head":"<!-- This site is optimized with the Yoast SEO plugin v27.4 - https:\/\/yoast.com\/product\/yoast-seo-wordpress\/ -->\n<title>Punkapocalyptic Regolamento ITA - VEA Editori<\/title>\n<meta name=\"description\" content=\"Punkapocalyptic Regolamento ITA - tutto il necessario per armare i tuoi condottieri in un mondo devastato e portarli sul campo di battaglia\" \/>\n<meta name=\"robots\" content=\"index, follow, max-snippet:-1, max-image-preview:large, max-video-preview:-1\" \/>\n<link rel=\"canonical\" href=\"https:\/\/veaeditori.it\/en\/product\/punkapocalyptic-regolamento-ita\/\" \/>\n<meta property=\"og:locale\" content=\"en_GB\" \/>\n<meta property=\"og:type\" content=\"article\" \/>\n<meta property=\"og:title\" content=\"Punkapocalyptic Regolamento ITA - VEA Editori\" \/>\n<meta property=\"og:description\" content=\"Punkapocalyptic Regolamento ITA - tutto il necessario per armare i tuoi condottieri in un mondo devastato e portarli sul campo di battaglia\" \/>\n<meta property=\"og:url\" content=\"https:\/\/veaeditori.it\/en\/product\/punkapocalyptic-regolamento-ita\/\" \/>\n<meta property=\"og:site_name\" content=\"VEA Editori\" \/>\n<meta property=\"article:publisher\" content=\"https:\/\/www.facebook.com\/veaspaziominiature\" \/>\n<meta property=\"article:modified_time\" content=\"2025-12-01T22:57:31+00:00\" \/>\n<meta property=\"og:image\" content=\"https:\/\/veaeditori.it\/wp-content\/uploads\/2024\/03\/Portada.jpg\" \/>\n\t<meta property=\"og:image:width\" content=\"819\" \/>\n\t<meta property=\"og:image:height\" content=\"1109\" \/>\n\t<meta property=\"og:image:type\" content=\"image\/jpeg\" \/>\n<meta name=\"twitter:card\" content=\"summary_large_image\" \/>\n<meta name=\"twitter:label1\" content=\"Estimated reading time\" \/>\n\t<meta name=\"twitter:data1\" content=\"3 minutes\" \/>\n<script type=\"application\/ld+json\" class=\"yoast-schema-graph\">{\"@context\":\"https:\\\/\\\/schema.org\",\"@graph\":[{\"@type\":\"WebPage\",\"@id\":\"https:\\\/\\\/veaeditori.it\\\/product\\\/punkapocalyptic-regolamento-ita\\\/\",\"url\":\"https:\\\/\\\/veaeditori.it\\\/product\\\/punkapocalyptic-regolamento-ita\\\/\",\"name\":\"Punkapocalyptic Regolamento ITA - VEA Editori\",\"isPartOf\":{\"@id\":\"https:\\\/\\\/veaeditori.it\\\/#website\"},\"primaryImageOfPage\":{\"@id\":\"https:\\\/\\\/veaeditori.it\\\/product\\\/punkapocalyptic-regolamento-ita\\\/#primaryimage\"},\"image\":{\"@id\":\"https:\\\/\\\/veaeditori.it\\\/product\\\/punkapocalyptic-regolamento-ita\\\/#primaryimage\"},\"thumbnailUrl\":\"https:\\\/\\\/veaeditori.it\\\/wp-content\\\/uploads\\\/2024\\\/03\\\/Portada.jpg\",\"datePublished\":\"2024-03-01T09:14:58+00:00\",\"dateModified\":\"2025-12-01T22:57:31+00:00\",\"description\":\"Punkapocalyptic Regolamento ITA - tutto il necessario per armare i tuoi condottieri in un mondo devastato e portarli sul campo di battaglia\",\"breadcrumb\":{\"@id\":\"https:\\\/\\\/veaeditori.it\\\/product\\\/punkapocalyptic-regolamento-ita\\\/#breadcrumb\"},\"inLanguage\":\"en-GB\",\"potentialAction\":[{\"@type\":\"ReadAction\",\"target\":[\"https:\\\/\\\/veaeditori.it\\\/product\\\/punkapocalyptic-regolamento-ita\\\/\"]}]},{\"@type\":\"ImageObject\",\"inLanguage\":\"en-GB\",\"@id\":\"https:\\\/\\\/veaeditori.it\\\/product\\\/punkapocalyptic-regolamento-ita\\\/#primaryimage\",\"url\":\"https:\\\/\\\/veaeditori.it\\\/wp-content\\\/uploads\\\/2024\\\/03\\\/Portada.jpg\",\"contentUrl\":\"https:\\\/\\\/veaeditori.it\\\/wp-content\\\/uploads\\\/2024\\\/03\\\/Portada.jpg\",\"width\":819,\"height\":1109},{\"@type\":\"BreadcrumbList\",\"@id\":\"https:\\\/\\\/veaeditori.it\\\/product\\\/punkapocalyptic-regolamento-ita\\\/#breadcrumb\",\"itemListElement\":[{\"@type\":\"ListItem\",\"position\":1,\"name\":\"Home\",\"item\":\"https:\\\/\\\/veaeditori.it\\\/\"},{\"@type\":\"ListItem\",\"position\":2,\"name\":\"Shop\",\"item\":\"https:\\\/\\\/veaeditori.it\\\/shop\\\/\"},{\"@type\":\"ListItem\",\"position\":3,\"name\":\"Punkapocalyptic Regolamento ITA\"}]},{\"@type\":\"WebSite\",\"@id\":\"https:\\\/\\\/veaeditori.it\\\/#website\",\"url\":\"https:\\\/\\\/veaeditori.it\\\/\",\"name\":\"VEA Editori\",\"description\":\"Italian Wargame Publisher\",\"potentialAction\":[{\"@type\":\"SearchAction\",\"target\":{\"@type\":\"EntryPoint\",\"urlTemplate\":\"https:\\\/\\\/veaeditori.it\\\/?s={search_term_string}\"},\"query-input\":{\"@type\":\"PropertyValueSpecification\",\"valueRequired\":true,\"valueName\":\"search_term_string\"}}],\"inLanguage\":\"en-GB\"}]}<\/script>\n<!-- \/ Yoast SEO plugin. -->","yoast_head_json":{"title":"Punkapocalyptic Regolamento ITA - VEA Editori","description":"Punkapocalyptic Regolamento ITA - tutto il necessario per armare i tuoi condottieri in un mondo devastato e portarli sul campo di battaglia","robots":{"index":"index","follow":"follow","max-snippet":"max-snippet:-1","max-image-preview":"max-image-preview:large","max-video-preview":"max-video-preview:-1"},"canonical":"https:\/\/veaeditori.it\/en\/product\/punkapocalyptic-regolamento-ita\/","og_locale":"en_GB","og_type":"article","og_title":"Punkapocalyptic Regolamento ITA - VEA Editori","og_description":"Punkapocalyptic Regolamento ITA - tutto il necessario per armare i tuoi condottieri in un mondo devastato e portarli sul campo di battaglia","og_url":"https:\/\/veaeditori.it\/en\/product\/punkapocalyptic-regolamento-ita\/","og_site_name":"VEA Editori","article_publisher":"https:\/\/www.facebook.com\/veaspaziominiature","article_modified_time":"2025-12-01T22:57:31+00:00","og_image":[{"width":819,"height":1109,"url":"https:\/\/veaeditori.it\/wp-content\/uploads\/2024\/03\/Portada.jpg","type":"image\/jpeg"}],"twitter_card":"summary_large_image","twitter_misc":{"Estimated reading time":"3 minutes"},"schema":{"@context":"https:\/\/schema.org","@graph":[{"@type":"WebPage","@id":"https:\/\/veaeditori.it\/product\/punkapocalyptic-regolamento-ita\/","url":"https:\/\/veaeditori.it\/product\/punkapocalyptic-regolamento-ita\/","name":"Punkapocalyptic Regolamento ITA - VEA Editori","isPartOf":{"@id":"https:\/\/veaeditori.it\/#website"},"primaryImageOfPage":{"@id":"https:\/\/veaeditori.it\/product\/punkapocalyptic-regolamento-ita\/#primaryimage"},"image":{"@id":"https:\/\/veaeditori.it\/product\/punkapocalyptic-regolamento-ita\/#primaryimage"},"thumbnailUrl":"https:\/\/veaeditori.it\/wp-content\/uploads\/2024\/03\/Portada.jpg","datePublished":"2024-03-01T09:14:58+00:00","dateModified":"2025-12-01T22:57:31+00:00","description":"Punkapocalyptic Regolamento ITA - tutto il necessario per armare i tuoi condottieri in un mondo devastato e portarli sul campo di battaglia","breadcrumb":{"@id":"https:\/\/veaeditori.it\/product\/punkapocalyptic-regolamento-ita\/#breadcrumb"},"inLanguage":"en-GB","potentialAction":[{"@type":"ReadAction","target":["https:\/\/veaeditori.it\/product\/punkapocalyptic-regolamento-ita\/"]}]},{"@type":"ImageObject","inLanguage":"en-GB","@id":"https:\/\/veaeditori.it\/product\/punkapocalyptic-regolamento-ita\/#primaryimage","url":"https:\/\/veaeditori.it\/wp-content\/uploads\/2024\/03\/Portada.jpg","contentUrl":"https:\/\/veaeditori.it\/wp-content\/uploads\/2024\/03\/Portada.jpg","width":819,"height":1109},{"@type":"BreadcrumbList","@id":"https:\/\/veaeditori.it\/product\/punkapocalyptic-regolamento-ita\/#breadcrumb","itemListElement":[{"@type":"ListItem","position":1,"name":"Home","item":"https:\/\/veaeditori.it\/"},{"@type":"ListItem","position":2,"name":"Shop","item":"https:\/\/veaeditori.it\/shop\/"},{"@type":"ListItem","position":3,"name":"Punkapocalyptic Regolamento ITA"}]},{"@type":"WebSite","@id":"https:\/\/veaeditori.it\/#website","url":"https:\/\/veaeditori.it\/","name":"VEA Editori","description":"Italian Wargame Publisher","potentialAction":[{"@type":"SearchAction","target":{"@type":"EntryPoint","urlTemplate":"https:\/\/veaeditori.it\/?s={search_term_string}"},"query-input":{"@type":"PropertyValueSpecification","valueRequired":true,"valueName":"search_term_string"}}],"inLanguage":"en-GB"}]}},"_links":{"self":[{"href":"https:\/\/veaeditori.it\/en\/wp-json\/wp\/v2\/product\/2911","targetHints":{"allow":["GET"]}}],"collection":[{"href":"https:\/\/veaeditori.it\/en\/wp-json\/wp\/v2\/product"}],"about":[{"href":"https:\/\/veaeditori.it\/en\/wp-json\/wp\/v2\/types\/product"}],"replies":[{"embeddable":true,"href":"https:\/\/veaeditori.it\/en\/wp-json\/wp\/v2\/comments?post=2911"}],"wp:featuredmedia":[{"embeddable":true,"href":"https:\/\/veaeditori.it\/en\/wp-json\/wp\/v2\/media\/2912"}],"wp:attachment":[{"href":"https:\/\/veaeditori.it\/en\/wp-json\/wp\/v2\/media?parent=2911"}],"wp:term":[{"taxonomy":"product_brand","embeddable":true,"href":"https:\/\/veaeditori.it\/en\/wp-json\/wp\/v2\/product_brand?post=2911"},{"taxonomy":"product_cat","embeddable":true,"href":"https:\/\/veaeditori.it\/en\/wp-json\/wp\/v2\/product_cat?post=2911"},{"taxonomy":"product_tag","embeddable":true,"href":"https:\/\/veaeditori.it\/en\/wp-json\/wp\/v2\/product_tag?post=2911"}],"curies":[{"name":"wp","href":"https:\/\/api.w.org\/{rel}","templated":true}]}}