{"id":3088,"date":"2024-03-22T15:32:58","date_gmt":"2024-03-22T13:32:58","guid":{"rendered":"https:\/\/veaeditori.it\/?post_type=product&#038;p=3088"},"modified":"2025-11-24T10:31:25","modified_gmt":"2025-11-24T08:31:25","slug":"regolamento-altar-of-the-dead-gods","status":"publish","type":"product","link":"https:\/\/veaeditori.it\/en\/product\/regolamento-altar-of-the-dead-gods\/","title":{"rendered":"Regolamento &#8211; Altar of the Dead Gods"},"content":{"rendered":"<p><img loading=\"lazy\" decoding=\"async\" class=\"alignnone size-full wp-image-3089\" src=\"https:\/\/veaeditori.it\/wp-content\/uploads\/2024\/03\/altar_of_the_dead_gods_pwork_wargames.png\" alt=\"\" width=\"1248\" height=\"657\" \/><\/p>\n<p>Altar of the Dead Gods \u00e8 un gioco skirmish d&#8217;ambientazione grimdark di taglio lovecraftiano.<br \/>\nEsplora il Tempio Sepolto, impadronisciti delle sacre reliquie degli Antichi e affronta gli orrori che si celano nell&#8217;abisso&#8230;<br \/>\nMa ricorda, non sei il solo a volere il potere del Tempio!<\/p>\n<p>Il manuale include le informazioni, il background, tutte le regole di gioco e delle sei fazioni, e 5 differenti missioni.<\/p>\n<p>NB: Tutte le miniature presenti nelle foto sono degli aventi diritto.<\/p>\n<h3>Tipologie di gioco<\/h3>\n<ul>\n<li>Durata della partita: 45-60 minuti. Veloce e brutale, ma molto tattico!<\/li>\n<li>Numero giocatori: 2<\/li>\n<li>Warbands: Vampiri, Cacciatori, Streghe del Sangue, Cultisti, Pellegrini della Chiesa e Valzer Decadente.<\/li>\n<li>Ogni warbands \u00e8 costituita da 7 unit\u00e0. Puoi utilizzare miniature che gi\u00e0 possiedi o convertirle a tuo gusto.<\/li>\n<li>Campo di battaglia: contenuto, puoi giocare anche su un tavolo normale. Ogni Missione modifica l&#8217;arena di gioco, ma l&#8217;area non cambia.<\/li>\n<li>Sistema di gioco veloce e tattico, facile per i novizi, ma con un alto livello d&#8217;apprendimento per tutti i giocatori pro.<\/li>\n<li>Army list e schieramento veloce per iniziare a giocare subito.<\/li>\n<li>104 pagine, tutto colore.<\/li>\n<li>Autore: Paolo Boracchi, Michele Finelli<\/li>\n<li>Grafica e Direzione creativa: Paolo Bertoncini<\/li>\n<li>Lingua: Italiano<\/li>\n<\/ul>\n<p>Altar of the Dead Gods \u00a9 Pwork Wargames<\/p>","protected":false},"excerpt":{"rendered":"<p>Regolamento &#8211; Altar of the Dead Gods<\/p>","protected":false},"featured_media":3090,"comment_status":"open","ping_status":"closed","template":"","meta":[],"product_brand":[],"product_cat":[130],"product_tag":[],"class_list":{"0":"post-3088","1":"product","2":"type-product","3":"status-publish","4":"has-post-thumbnail","6":"product_cat-horror","7":"product_shipping_class-spedizionefree","9":"first","10":"outofstock","11":"sale","12":"shipping-taxable","13":"purchasable","14":"product-type-simple"},"yoast_head":"<!-- This site is optimized with the Yoast SEO plugin v27.3 - https:\/\/yoast.com\/product\/yoast-seo-wordpress\/ -->\n<title>Regolamento - Altar of the Dead Gods - VEA Editori<\/title>\n<meta name=\"description\" content=\"Regolamento - Altar of the Dead Gods - Altar of the Dead Gods \u00e8 un gioco skirmish d&#039;ambientazione grimdark di taglio lovecraftiano.\" \/>\n<meta name=\"robots\" content=\"index, follow, max-snippet:-1, max-image-preview:large, max-video-preview:-1\" \/>\n<link rel=\"canonical\" href=\"https:\/\/veaeditori.it\/en\/product\/regolamento-altar-of-the-dead-gods\/\" \/>\n<meta property=\"og:locale\" content=\"en_GB\" \/>\n<meta property=\"og:type\" content=\"article\" \/>\n<meta property=\"og:title\" content=\"Regolamento - Altar of the Dead Gods - VEA Editori\" \/>\n<meta property=\"og:description\" content=\"Regolamento - Altar of the Dead Gods - Altar of the Dead Gods \u00e8 un gioco skirmish d&#039;ambientazione grimdark di taglio lovecraftiano.\" \/>\n<meta property=\"og:url\" content=\"https:\/\/veaeditori.it\/en\/product\/regolamento-altar-of-the-dead-gods\/\" \/>\n<meta property=\"og:site_name\" content=\"VEA Editori\" \/>\n<meta property=\"article:publisher\" content=\"https:\/\/www.facebook.com\/veaspaziominiature\" \/>\n<meta property=\"article:modified_time\" content=\"2025-11-24T08:31:25+00:00\" \/>\n<meta property=\"og:image\" content=\"https:\/\/veaeditori.it\/wp-content\/uploads\/2024\/03\/altar-of-the-dead-gods-regolamento.jpg\" \/>\n\t<meta property=\"og:image:width\" content=\"600\" \/>\n\t<meta property=\"og:image:height\" content=\"600\" \/>\n\t<meta property=\"og:image:type\" content=\"image\/jpeg\" \/>\n<meta name=\"twitter:card\" content=\"summary_large_image\" \/>\n<meta name=\"twitter:label1\" content=\"Estimated reading time\" \/>\n\t<meta name=\"twitter:data1\" content=\"2 minutes\" \/>\n<script type=\"application\/ld+json\" class=\"yoast-schema-graph\">{\"@context\":\"https:\\\/\\\/schema.org\",\"@graph\":[{\"@type\":\"WebPage\",\"@id\":\"https:\\\/\\\/veaeditori.it\\\/product\\\/regolamento-altar-of-the-dead-gods\\\/\",\"url\":\"https:\\\/\\\/veaeditori.it\\\/product\\\/regolamento-altar-of-the-dead-gods\\\/\",\"name\":\"Regolamento - Altar of the Dead Gods - VEA Editori\",\"isPartOf\":{\"@id\":\"https:\\\/\\\/veaeditori.it\\\/#website\"},\"primaryImageOfPage\":{\"@id\":\"https:\\\/\\\/veaeditori.it\\\/product\\\/regolamento-altar-of-the-dead-gods\\\/#primaryimage\"},\"image\":{\"@id\":\"https:\\\/\\\/veaeditori.it\\\/product\\\/regolamento-altar-of-the-dead-gods\\\/#primaryimage\"},\"thumbnailUrl\":\"https:\\\/\\\/veaeditori.it\\\/wp-content\\\/uploads\\\/2024\\\/03\\\/altar-of-the-dead-gods-regolamento.jpg\",\"datePublished\":\"2024-03-22T13:32:58+00:00\",\"dateModified\":\"2025-11-24T08:31:25+00:00\",\"description\":\"Regolamento - Altar of the Dead Gods - Altar of the Dead Gods \u00e8 un gioco skirmish d'ambientazione grimdark di taglio lovecraftiano.\",\"breadcrumb\":{\"@id\":\"https:\\\/\\\/veaeditori.it\\\/product\\\/regolamento-altar-of-the-dead-gods\\\/#breadcrumb\"},\"inLanguage\":\"en-GB\",\"potentialAction\":[{\"@type\":\"ReadAction\",\"target\":[\"https:\\\/\\\/veaeditori.it\\\/product\\\/regolamento-altar-of-the-dead-gods\\\/\"]}]},{\"@type\":\"ImageObject\",\"inLanguage\":\"en-GB\",\"@id\":\"https:\\\/\\\/veaeditori.it\\\/product\\\/regolamento-altar-of-the-dead-gods\\\/#primaryimage\",\"url\":\"https:\\\/\\\/veaeditori.it\\\/wp-content\\\/uploads\\\/2024\\\/03\\\/altar-of-the-dead-gods-regolamento.jpg\",\"contentUrl\":\"https:\\\/\\\/veaeditori.it\\\/wp-content\\\/uploads\\\/2024\\\/03\\\/altar-of-the-dead-gods-regolamento.jpg\",\"width\":600,\"height\":600},{\"@type\":\"BreadcrumbList\",\"@id\":\"https:\\\/\\\/veaeditori.it\\\/product\\\/regolamento-altar-of-the-dead-gods\\\/#breadcrumb\",\"itemListElement\":[{\"@type\":\"ListItem\",\"position\":1,\"name\":\"Home\",\"item\":\"https:\\\/\\\/veaeditori.it\\\/\"},{\"@type\":\"ListItem\",\"position\":2,\"name\":\"Shop\",\"item\":\"https:\\\/\\\/veaeditori.it\\\/shop\\\/\"},{\"@type\":\"ListItem\",\"position\":3,\"name\":\"Regolamento &#8211; Altar of the Dead Gods\"}]},{\"@type\":\"WebSite\",\"@id\":\"https:\\\/\\\/veaeditori.it\\\/#website\",\"url\":\"https:\\\/\\\/veaeditori.it\\\/\",\"name\":\"VEA Editori\",\"description\":\"Italian Wargame Publisher\",\"potentialAction\":[{\"@type\":\"SearchAction\",\"target\":{\"@type\":\"EntryPoint\",\"urlTemplate\":\"https:\\\/\\\/veaeditori.it\\\/?s={search_term_string}\"},\"query-input\":{\"@type\":\"PropertyValueSpecification\",\"valueRequired\":true,\"valueName\":\"search_term_string\"}}],\"inLanguage\":\"en-GB\"}]}<\/script>\n<!-- \/ Yoast SEO plugin. -->","yoast_head_json":{"title":"Regolamento - Altar of the Dead Gods - VEA Editori","description":"Regolamento - Altar of the Dead Gods - Altar of the Dead Gods \u00e8 un gioco skirmish d'ambientazione grimdark di taglio lovecraftiano.","robots":{"index":"index","follow":"follow","max-snippet":"max-snippet:-1","max-image-preview":"max-image-preview:large","max-video-preview":"max-video-preview:-1"},"canonical":"https:\/\/veaeditori.it\/en\/product\/regolamento-altar-of-the-dead-gods\/","og_locale":"en_GB","og_type":"article","og_title":"Regolamento - Altar of the Dead Gods - VEA Editori","og_description":"Regolamento - Altar of the Dead Gods - Altar of the Dead Gods \u00e8 un gioco skirmish d'ambientazione grimdark di taglio lovecraftiano.","og_url":"https:\/\/veaeditori.it\/en\/product\/regolamento-altar-of-the-dead-gods\/","og_site_name":"VEA Editori","article_publisher":"https:\/\/www.facebook.com\/veaspaziominiature","article_modified_time":"2025-11-24T08:31:25+00:00","og_image":[{"width":600,"height":600,"url":"https:\/\/veaeditori.it\/wp-content\/uploads\/2024\/03\/altar-of-the-dead-gods-regolamento.jpg","type":"image\/jpeg"}],"twitter_card":"summary_large_image","twitter_misc":{"Estimated reading time":"2 minutes"},"schema":{"@context":"https:\/\/schema.org","@graph":[{"@type":"WebPage","@id":"https:\/\/veaeditori.it\/product\/regolamento-altar-of-the-dead-gods\/","url":"https:\/\/veaeditori.it\/product\/regolamento-altar-of-the-dead-gods\/","name":"Regolamento - Altar of the Dead Gods - VEA Editori","isPartOf":{"@id":"https:\/\/veaeditori.it\/#website"},"primaryImageOfPage":{"@id":"https:\/\/veaeditori.it\/product\/regolamento-altar-of-the-dead-gods\/#primaryimage"},"image":{"@id":"https:\/\/veaeditori.it\/product\/regolamento-altar-of-the-dead-gods\/#primaryimage"},"thumbnailUrl":"https:\/\/veaeditori.it\/wp-content\/uploads\/2024\/03\/altar-of-the-dead-gods-regolamento.jpg","datePublished":"2024-03-22T13:32:58+00:00","dateModified":"2025-11-24T08:31:25+00:00","description":"Regolamento - Altar of the Dead Gods - Altar of the Dead Gods \u00e8 un gioco skirmish d'ambientazione grimdark di taglio lovecraftiano.","breadcrumb":{"@id":"https:\/\/veaeditori.it\/product\/regolamento-altar-of-the-dead-gods\/#breadcrumb"},"inLanguage":"en-GB","potentialAction":[{"@type":"ReadAction","target":["https:\/\/veaeditori.it\/product\/regolamento-altar-of-the-dead-gods\/"]}]},{"@type":"ImageObject","inLanguage":"en-GB","@id":"https:\/\/veaeditori.it\/product\/regolamento-altar-of-the-dead-gods\/#primaryimage","url":"https:\/\/veaeditori.it\/wp-content\/uploads\/2024\/03\/altar-of-the-dead-gods-regolamento.jpg","contentUrl":"https:\/\/veaeditori.it\/wp-content\/uploads\/2024\/03\/altar-of-the-dead-gods-regolamento.jpg","width":600,"height":600},{"@type":"BreadcrumbList","@id":"https:\/\/veaeditori.it\/product\/regolamento-altar-of-the-dead-gods\/#breadcrumb","itemListElement":[{"@type":"ListItem","position":1,"name":"Home","item":"https:\/\/veaeditori.it\/"},{"@type":"ListItem","position":2,"name":"Shop","item":"https:\/\/veaeditori.it\/shop\/"},{"@type":"ListItem","position":3,"name":"Regolamento &#8211; Altar of the Dead Gods"}]},{"@type":"WebSite","@id":"https:\/\/veaeditori.it\/#website","url":"https:\/\/veaeditori.it\/","name":"VEA Editori","description":"Italian Wargame Publisher","potentialAction":[{"@type":"SearchAction","target":{"@type":"EntryPoint","urlTemplate":"https:\/\/veaeditori.it\/?s={search_term_string}"},"query-input":{"@type":"PropertyValueSpecification","valueRequired":true,"valueName":"search_term_string"}}],"inLanguage":"en-GB"}]}},"_links":{"self":[{"href":"https:\/\/veaeditori.it\/en\/wp-json\/wp\/v2\/product\/3088","targetHints":{"allow":["GET"]}}],"collection":[{"href":"https:\/\/veaeditori.it\/en\/wp-json\/wp\/v2\/product"}],"about":[{"href":"https:\/\/veaeditori.it\/en\/wp-json\/wp\/v2\/types\/product"}],"replies":[{"embeddable":true,"href":"https:\/\/veaeditori.it\/en\/wp-json\/wp\/v2\/comments?post=3088"}],"wp:featuredmedia":[{"embeddable":true,"href":"https:\/\/veaeditori.it\/en\/wp-json\/wp\/v2\/media\/3090"}],"wp:attachment":[{"href":"https:\/\/veaeditori.it\/en\/wp-json\/wp\/v2\/media?parent=3088"}],"wp:term":[{"taxonomy":"product_brand","embeddable":true,"href":"https:\/\/veaeditori.it\/en\/wp-json\/wp\/v2\/product_brand?post=3088"},{"taxonomy":"product_cat","embeddable":true,"href":"https:\/\/veaeditori.it\/en\/wp-json\/wp\/v2\/product_cat?post=3088"},{"taxonomy":"product_tag","embeddable":true,"href":"https:\/\/veaeditori.it\/en\/wp-json\/wp\/v2\/product_tag?post=3088"}],"curies":[{"name":"wp","href":"https:\/\/api.w.org\/{rel}","templated":true}]}}