{"id":3396,"date":"2024-08-01T13:10:51","date_gmt":"2024-08-01T11:10:51","guid":{"rendered":"https:\/\/veaeditori.it\/?post_type=product&#038;p=3396"},"modified":"2026-03-20T11:10:49","modified_gmt":"2026-03-20T09:10:49","slug":"fantasy-dungeon-core-set","status":"publish","type":"product","link":"https:\/\/veaeditori.it\/en\/product\/fantasy-dungeon-core-set\/","title":{"rendered":"Fantasy Dungeon Core Set"},"content":{"rendered":"<p>Fantasy Dungeon Core Set<\/p>\n<div>Le mura antiche, tetre e fatiscenti, fanno da sfondo alla ricerca di molti eroi. Le sale oscure ospitano stretti corridoi, infidi ponti di corda, scintillanti tesori e il vostro destino&#8230;<br \/>\nQuesta scatola contiene tutto il terreno necessario per creare un dungeon a pi\u00f9 livelli o un castello in rovina, adatto a molti giochi di miniature fantasy e RPG. Presenta pareti intatte e in rovina, numerosi terreni sparsi per aiutare l&#8217;immersivit\u00e0 e un&#8217;ampia gamma di arredi interattivi per dungeon. Il set \u00e8 completamente modulare e pu\u00f2 essere assemblato in qualsiasi combinazione si scelga per ottenere un set-up diverso ogni volta. Il dungeon pu\u00f2 essere ampliato con altri set della gamma di terreni Battle Systems.<br \/>\nIl terreno viene fornito piatto su cartoncino ad alta densit\u00e0 di alta qualit\u00e0, stampato a colori su entrambi i lati, quindi non \u00e8 necessario dipingerlo! Il terreno richiede l&#8217;assemblaggio e alcune parti pi\u00f9 piccole necessitano di colla. Per maggiori dettagli e istruzioni complete, consultare il sito www.battlesystems.co.uk.<\/div>\n<div><\/div>\n<div>\n<p><strong><u>Contents<\/u><\/strong><\/p>\n<ul>\n<li>1 Printed Neoprene Gaming Mat 2&#8242; x 2&#8242; \/ 60cm x 60cm<\/li>\n<li>51 Assorted Walls\n<ul>\n<li>14 Standard Walls<\/li>\n<li>4 Walls with Round Door<\/li>\n<li>2 Walls with Double Door<\/li>\n<li>8 Three-Quarter Walls<\/li>\n<li>4 Three-Quarter Arch Walls<\/li>\n<li>2 Three-Quarter Walls with Door<\/li>\n<li>2 Half Walls<\/li>\n<li>4 Quarter Walls<\/li>\n<li>1 Grand Entrance Wall<\/li>\n<li>4 Large Archways<\/li>\n<li>2 Brazier Arches<\/li>\n<li>4 Tall Walls<\/li>\n<\/ul>\n<\/li>\n<li>18 Assorted Ruined Wall Sections<\/li>\n<li>8 Assorted Ruined Wall Toppers<\/li>\n<li>4 Ruined Archway Sections<\/li>\n<li>4 Ruined Fascia Panels<\/li>\n<li>1 Stone Platform<\/li>\n<li>1 Rope Bridge<\/li>\n<li>1 Broken Rope Bridge End<\/li>\n<li>2 Pillars<\/li>\n<li>1 Stone Staircase<\/li>\n<li>1 Large Staircase<\/li>\n<li>2 Small Staircases<\/li>\n<li>8 Assorted Scaffold Panels<\/li>\n<li>2 Scaffold Platforms<\/li>\n<li>9 Assorted Walkways<\/li>\n<li>2 Ledges<\/li>\n<li>22 Assorted Struts<\/li>\n<li>3 Ladders<\/li>\n<li>2 Crates<\/li>\n<li>2 Chests<\/li>\n<li>2 Tombs<\/li>\n<li>2 Bookcases<\/li>\n<li>2 Weapon Racks<\/li>\n<li>2 Tables<\/li>\n<li>4 Assorted Chairs<\/li>\n<li>2 Fireplaces<\/li>\n<li>2 Fonts<\/li>\n<li>1 Throne<\/li>\n<li>1 Well<\/li>\n<li>1 Machinery<\/li>\n<li>2 Levers<\/li>\n<li>4 Assorted Braziers<\/li>\n<li>9 Sconces<\/li>\n<li>82 Assorted Scatter Components and Accessories<\/li>\n<li>146 Plastic Clips<\/li>\n<\/ul>\n<p><strong><u>Additional Information<\/u><\/strong><\/p>\n<ul>\n<li>406 Pieces<\/li>\n<li>Compatible with Maladum<\/li>\n<li>Product Code: BSTFDC001<\/li>\n<li>Barcode: 5060660091065<\/li>\n<li>Symbols: 14+<\/li>\n<li>Small Print:\n<ul>\n<li>Manufactured by Battle Systems Ltd, Suite B, Fairgate House, 205 Kings Road, Tyseley, Birmingham, B11 2AA, UK. This is not a toy. Contents may vary from those on the packaging. Not suitable for children under 36 months due to small parts. Retain packaging for future reference. Made in China. Maladum and all associated characters, names, places and things are \u2122 and \u00a9 Battle Systems Ltd 2023.<\/li>\n<li>Vertrieb in Deutschland durch Happyshops GmbH, Schokholtzstr. 6, D-06217 Merseburg. Dies ist kein Spielzeug.<\/li>\n<\/ul>\n<\/li>\n<\/ul>\n<p>Fantasy Dungeon Core Set<\/p>\n<\/div>","protected":false},"excerpt":{"rendered":"<p>Fantasy Dungeon Core Set<\/p>","protected":false},"featured_media":3359,"comment_status":"open","ping_status":"closed","template":"","meta":[],"product_brand":[],"product_cat":[147],"product_tag":[],"class_list":{"0":"post-3396","1":"product","2":"type-product","3":"status-publish","4":"has-post-thumbnail","6":"product_cat-terreni","7":"product_shipping_class-standard","9":"first","10":"instock","11":"shipping-taxable","12":"purchasable","13":"product-type-simple"},"yoast_head":"<!-- This site is optimized with the Yoast SEO plugin v27.3 - https:\/\/yoast.com\/product\/yoast-seo-wordpress\/ -->\n<title>Fantasy Dungeon Core Set - VEA Editori<\/title>\n<meta name=\"description\" content=\"Fantasy Dungeon Core Set, gli scenici 3d in cartoncino che permettono di creare un fantastico dungeon fantasy pieno di insidie\" \/>\n<meta name=\"robots\" content=\"index, follow, max-snippet:-1, max-image-preview:large, max-video-preview:-1\" \/>\n<link rel=\"canonical\" href=\"https:\/\/veaeditori.it\/en\/product\/fantasy-dungeon-core-set\/\" \/>\n<meta property=\"og:locale\" content=\"en_GB\" \/>\n<meta property=\"og:type\" content=\"article\" \/>\n<meta property=\"og:title\" content=\"Fantasy Dungeon Core Set - VEA Editori\" \/>\n<meta property=\"og:description\" content=\"Fantasy Dungeon Core Set, gli scenici 3d in cartoncino che permettono di creare un fantastico dungeon fantasy pieno di insidie\" \/>\n<meta property=\"og:url\" content=\"https:\/\/veaeditori.it\/en\/product\/fantasy-dungeon-core-set\/\" \/>\n<meta property=\"og:site_name\" content=\"VEA Editori\" \/>\n<meta property=\"article:publisher\" content=\"https:\/\/www.facebook.com\/veaspaziominiature\" \/>\n<meta property=\"article:modified_time\" content=\"2026-03-20T09:10:49+00:00\" \/>\n<meta property=\"og:image\" content=\"https:\/\/veaeditori.it\/wp-content\/uploads\/2023\/05\/Fantasy-Dungeon-Isometric-Box.jpg\" \/>\n\t<meta property=\"og:image:width\" content=\"968\" \/>\n\t<meta property=\"og:image:height\" content=\"605\" \/>\n\t<meta property=\"og:image:type\" content=\"image\/jpeg\" \/>\n<meta name=\"twitter:card\" content=\"summary_large_image\" \/>\n<meta name=\"twitter:label1\" content=\"Estimated reading time\" \/>\n\t<meta name=\"twitter:data1\" content=\"3 minutes\" \/>\n<script type=\"application\/ld+json\" class=\"yoast-schema-graph\">{\"@context\":\"https:\\\/\\\/schema.org\",\"@graph\":[{\"@type\":\"WebPage\",\"@id\":\"https:\\\/\\\/veaeditori.it\\\/product\\\/fantasy-dungeon-core-set\\\/\",\"url\":\"https:\\\/\\\/veaeditori.it\\\/product\\\/fantasy-dungeon-core-set\\\/\",\"name\":\"Fantasy Dungeon Core Set - VEA Editori\",\"isPartOf\":{\"@id\":\"https:\\\/\\\/veaeditori.it\\\/#website\"},\"primaryImageOfPage\":{\"@id\":\"https:\\\/\\\/veaeditori.it\\\/product\\\/fantasy-dungeon-core-set\\\/#primaryimage\"},\"image\":{\"@id\":\"https:\\\/\\\/veaeditori.it\\\/product\\\/fantasy-dungeon-core-set\\\/#primaryimage\"},\"thumbnailUrl\":\"https:\\\/\\\/veaeditori.it\\\/wp-content\\\/uploads\\\/2023\\\/05\\\/Fantasy-Dungeon-Isometric-Box.jpg\",\"datePublished\":\"2024-08-01T11:10:51+00:00\",\"dateModified\":\"2026-03-20T09:10:49+00:00\",\"description\":\"Fantasy Dungeon Core Set, gli scenici 3d in cartoncino che permettono di creare un fantastico dungeon fantasy pieno di insidie\",\"breadcrumb\":{\"@id\":\"https:\\\/\\\/veaeditori.it\\\/product\\\/fantasy-dungeon-core-set\\\/#breadcrumb\"},\"inLanguage\":\"en-GB\",\"potentialAction\":[{\"@type\":\"ReadAction\",\"target\":[\"https:\\\/\\\/veaeditori.it\\\/product\\\/fantasy-dungeon-core-set\\\/\"]}]},{\"@type\":\"ImageObject\",\"inLanguage\":\"en-GB\",\"@id\":\"https:\\\/\\\/veaeditori.it\\\/product\\\/fantasy-dungeon-core-set\\\/#primaryimage\",\"url\":\"https:\\\/\\\/veaeditori.it\\\/wp-content\\\/uploads\\\/2023\\\/05\\\/Fantasy-Dungeon-Isometric-Box.jpg\",\"contentUrl\":\"https:\\\/\\\/veaeditori.it\\\/wp-content\\\/uploads\\\/2023\\\/05\\\/Fantasy-Dungeon-Isometric-Box.jpg\",\"width\":968,\"height\":605},{\"@type\":\"BreadcrumbList\",\"@id\":\"https:\\\/\\\/veaeditori.it\\\/product\\\/fantasy-dungeon-core-set\\\/#breadcrumb\",\"itemListElement\":[{\"@type\":\"ListItem\",\"position\":1,\"name\":\"Home\",\"item\":\"https:\\\/\\\/veaeditori.it\\\/\"},{\"@type\":\"ListItem\",\"position\":2,\"name\":\"Shop\",\"item\":\"https:\\\/\\\/veaeditori.it\\\/shop\\\/\"},{\"@type\":\"ListItem\",\"position\":3,\"name\":\"Fantasy Dungeon Core Set\"}]},{\"@type\":\"WebSite\",\"@id\":\"https:\\\/\\\/veaeditori.it\\\/#website\",\"url\":\"https:\\\/\\\/veaeditori.it\\\/\",\"name\":\"VEA Editori\",\"description\":\"Italian Wargame Publisher\",\"potentialAction\":[{\"@type\":\"SearchAction\",\"target\":{\"@type\":\"EntryPoint\",\"urlTemplate\":\"https:\\\/\\\/veaeditori.it\\\/?s={search_term_string}\"},\"query-input\":{\"@type\":\"PropertyValueSpecification\",\"valueRequired\":true,\"valueName\":\"search_term_string\"}}],\"inLanguage\":\"en-GB\"}]}<\/script>\n<!-- \/ Yoast SEO plugin. -->","yoast_head_json":{"title":"Fantasy Dungeon Core Set - VEA Editori","description":"Fantasy Dungeon Core Set, gli scenici 3d in cartoncino che permettono di creare un fantastico dungeon fantasy pieno di insidie","robots":{"index":"index","follow":"follow","max-snippet":"max-snippet:-1","max-image-preview":"max-image-preview:large","max-video-preview":"max-video-preview:-1"},"canonical":"https:\/\/veaeditori.it\/en\/product\/fantasy-dungeon-core-set\/","og_locale":"en_GB","og_type":"article","og_title":"Fantasy Dungeon Core Set - VEA Editori","og_description":"Fantasy Dungeon Core Set, gli scenici 3d in cartoncino che permettono di creare un fantastico dungeon fantasy pieno di insidie","og_url":"https:\/\/veaeditori.it\/en\/product\/fantasy-dungeon-core-set\/","og_site_name":"VEA Editori","article_publisher":"https:\/\/www.facebook.com\/veaspaziominiature","article_modified_time":"2026-03-20T09:10:49+00:00","og_image":[{"width":968,"height":605,"url":"https:\/\/veaeditori.it\/wp-content\/uploads\/2023\/05\/Fantasy-Dungeon-Isometric-Box.jpg","type":"image\/jpeg"}],"twitter_card":"summary_large_image","twitter_misc":{"Estimated reading time":"3 minutes"},"schema":{"@context":"https:\/\/schema.org","@graph":[{"@type":"WebPage","@id":"https:\/\/veaeditori.it\/product\/fantasy-dungeon-core-set\/","url":"https:\/\/veaeditori.it\/product\/fantasy-dungeon-core-set\/","name":"Fantasy Dungeon Core Set - VEA Editori","isPartOf":{"@id":"https:\/\/veaeditori.it\/#website"},"primaryImageOfPage":{"@id":"https:\/\/veaeditori.it\/product\/fantasy-dungeon-core-set\/#primaryimage"},"image":{"@id":"https:\/\/veaeditori.it\/product\/fantasy-dungeon-core-set\/#primaryimage"},"thumbnailUrl":"https:\/\/veaeditori.it\/wp-content\/uploads\/2023\/05\/Fantasy-Dungeon-Isometric-Box.jpg","datePublished":"2024-08-01T11:10:51+00:00","dateModified":"2026-03-20T09:10:49+00:00","description":"Fantasy Dungeon Core Set, gli scenici 3d in cartoncino che permettono di creare un fantastico dungeon fantasy pieno di insidie","breadcrumb":{"@id":"https:\/\/veaeditori.it\/product\/fantasy-dungeon-core-set\/#breadcrumb"},"inLanguage":"en-GB","potentialAction":[{"@type":"ReadAction","target":["https:\/\/veaeditori.it\/product\/fantasy-dungeon-core-set\/"]}]},{"@type":"ImageObject","inLanguage":"en-GB","@id":"https:\/\/veaeditori.it\/product\/fantasy-dungeon-core-set\/#primaryimage","url":"https:\/\/veaeditori.it\/wp-content\/uploads\/2023\/05\/Fantasy-Dungeon-Isometric-Box.jpg","contentUrl":"https:\/\/veaeditori.it\/wp-content\/uploads\/2023\/05\/Fantasy-Dungeon-Isometric-Box.jpg","width":968,"height":605},{"@type":"BreadcrumbList","@id":"https:\/\/veaeditori.it\/product\/fantasy-dungeon-core-set\/#breadcrumb","itemListElement":[{"@type":"ListItem","position":1,"name":"Home","item":"https:\/\/veaeditori.it\/"},{"@type":"ListItem","position":2,"name":"Shop","item":"https:\/\/veaeditori.it\/shop\/"},{"@type":"ListItem","position":3,"name":"Fantasy Dungeon Core Set"}]},{"@type":"WebSite","@id":"https:\/\/veaeditori.it\/#website","url":"https:\/\/veaeditori.it\/","name":"VEA Editori","description":"Italian Wargame Publisher","potentialAction":[{"@type":"SearchAction","target":{"@type":"EntryPoint","urlTemplate":"https:\/\/veaeditori.it\/?s={search_term_string}"},"query-input":{"@type":"PropertyValueSpecification","valueRequired":true,"valueName":"search_term_string"}}],"inLanguage":"en-GB"}]}},"_links":{"self":[{"href":"https:\/\/veaeditori.it\/en\/wp-json\/wp\/v2\/product\/3396","targetHints":{"allow":["GET"]}}],"collection":[{"href":"https:\/\/veaeditori.it\/en\/wp-json\/wp\/v2\/product"}],"about":[{"href":"https:\/\/veaeditori.it\/en\/wp-json\/wp\/v2\/types\/product"}],"replies":[{"embeddable":true,"href":"https:\/\/veaeditori.it\/en\/wp-json\/wp\/v2\/comments?post=3396"}],"wp:featuredmedia":[{"embeddable":true,"href":"https:\/\/veaeditori.it\/en\/wp-json\/wp\/v2\/media\/3359"}],"wp:attachment":[{"href":"https:\/\/veaeditori.it\/en\/wp-json\/wp\/v2\/media?parent=3396"}],"wp:term":[{"taxonomy":"product_brand","embeddable":true,"href":"https:\/\/veaeditori.it\/en\/wp-json\/wp\/v2\/product_brand?post=3396"},{"taxonomy":"product_cat","embeddable":true,"href":"https:\/\/veaeditori.it\/en\/wp-json\/wp\/v2\/product_cat?post=3396"},{"taxonomy":"product_tag","embeddable":true,"href":"https:\/\/veaeditori.it\/en\/wp-json\/wp\/v2\/product_tag?post=3396"}],"curies":[{"name":"wp","href":"https:\/\/api.w.org\/{rel}","templated":true}]}}