{"id":3513,"date":"2024-08-23T10:39:20","date_gmt":"2024-08-23T08:39:20","guid":{"rendered":"https:\/\/veaeditori.it\/?post_type=product&#038;p=3513"},"modified":"2026-03-19T19:32:23","modified_gmt":"2026-03-19T17:32:23","slug":"saga-lera-della-magia","status":"publish","type":"product","link":"https:\/\/veaeditori.it\/en\/product\/saga-lera-della-magia\/","title":{"rendered":"Saga &#8211; L&#8217;Era della Magia"},"content":{"rendered":"<p>Saga &#8211; L&#8217;Era della Magia<\/p>\n<p>I mondi fantasy sono il crogiolo in cui si plasmano le storie pi\u00f9 eroiche. In questi mondi, un semplice barbaro pu\u00f2 diventare re, un vecchio Mago pu\u00f2 radunare i popoli per sollevarsi contro l\u2019oscurit\u00e0 e un esercito dei morti&#8230;<br \/>\nCon l\u2019Era della Magia, draghi, maghi e paladini si riverseranno sui tavoli da gioco.<br \/>\nArmate un gruppo di una delle sei fazioni disponibili, reclutate nuove unit\u00e0 come Mostri, Creature o Macchine da Guerra e combattete i vostri avversari con l\u2019aiuto di potenti incantesimi.<br \/>\nL\u2019Era della Magia \u00e8 un universo completo per Saga che include :<br \/>\n\u2022 6 fazioni archetipe provenienti dai mondi del fantasy, in modo da poter giocare con le vostre collezioni di miniature fantastiche in Saga.<br \/>\n\u2022 Unit\u00e0 leggendarie e Armate per ogni fazione per personalizzare le vostre unit\u00e0.<br \/>\n\u2022 Nuove regole ed equipaggiamenti per rappresentare le truppe emblematiche di questi universi.<br \/>\n\u2022 Regole complete per la Magia.<br \/>\n\u2022 Un grimorio di oltre 30 incantesimi suddivisi in 6 aree magiche.<br \/>\n\u2022 Un\u2019impressionante galleria fotografica di eserciti e scene di battaglia per ispirare i giocatori mentre assemblano le loro Armate.<br \/>\nL\u2019Era della Magia \u00e8 stata progettata per dare ai giocatori tutti gli strumenti necessari per utilizzare le loro collezioni di miniature fantasy esistenti e creare il proprio mondo di gioco.<br \/>\nPer utilizzare questo supplemento \u00e8 necessaria una copia di Saga &#8211; Il Libro delle regole e delle Battaglie. Questo libro viene fornito con 6 schede di battaglia, che non possono essere vendute separatamente.<br \/>\nPortate la vostra Saga nell\u2019Era della Magia!<\/p>\n<p>Libro Cartonato di 108 Pagine a colori<br \/>\nInclude 6 Schede di Battaglia delle varie fazioni<\/p>","protected":false},"excerpt":{"rendered":"<p>Saga &#8211; L&#8217;Era della Magia<\/p>","protected":false},"featured_media":3514,"comment_status":"open","ping_status":"closed","template":"","meta":[],"product_brand":[],"product_cat":[198,184],"product_tag":[],"class_list":{"0":"post-3513","1":"product","2":"type-product","3":"status-publish","4":"has-post-thumbnail","6":"product_cat-fantasy-regolamenti","7":"product_cat-manuali","8":"product_shipping_class-spedizionefree","10":"first","11":"instock","12":"shipping-taxable","13":"purchasable","14":"product-type-simple"},"yoast_head":"<!-- This site is optimized with the Yoast SEO plugin v27.2 - https:\/\/yoast.com\/product\/yoast-seo-wordpress\/ -->\n<title>Saga - L&#039;Era della Magia - VEA Editori<\/title>\n<meta name=\"description\" content=\"Saga - L&#039;Era della Magia - Una espansione che permette di giocare qualsiasi esercito fantasy nella vostra collezione una copia del regolamento \u00e8 necessaria\" \/>\n<meta name=\"robots\" content=\"index, follow, max-snippet:-1, max-image-preview:large, max-video-preview:-1\" \/>\n<link rel=\"canonical\" href=\"https:\/\/veaeditori.it\/en\/product\/saga-lera-della-magia\/\" \/>\n<meta property=\"og:locale\" content=\"en_GB\" \/>\n<meta property=\"og:type\" content=\"article\" \/>\n<meta property=\"og:title\" content=\"Saga - L&#039;Era della Magia - VEA Editori\" \/>\n<meta property=\"og:description\" content=\"Saga - L&#039;Era della Magia - Una espansione che permette di giocare qualsiasi esercito fantasy nella vostra collezione una copia del regolamento \u00e8 necessaria\" \/>\n<meta property=\"og:url\" content=\"https:\/\/veaeditori.it\/en\/product\/saga-lera-della-magia\/\" \/>\n<meta property=\"og:site_name\" content=\"VEA Editori\" \/>\n<meta property=\"article:publisher\" content=\"https:\/\/www.facebook.com\/veaspaziominiature\" \/>\n<meta property=\"article:modified_time\" content=\"2026-03-19T17:32:23+00:00\" \/>\n<meta property=\"og:image\" content=\"https:\/\/veaeditori.it\/wp-content\/uploads\/2024\/08\/IT-age-de-la-magie-couv.jpg\" \/>\n\t<meta property=\"og:image:width\" content=\"635\" \/>\n\t<meta property=\"og:image:height\" content=\"892\" \/>\n\t<meta property=\"og:image:type\" content=\"image\/jpeg\" \/>\n<meta name=\"twitter:card\" content=\"summary_large_image\" \/>\n<meta name=\"twitter:label1\" content=\"Estimated reading time\" \/>\n\t<meta name=\"twitter:data1\" content=\"2 minutes\" \/>\n<script type=\"application\/ld+json\" class=\"yoast-schema-graph\">{\"@context\":\"https:\/\/schema.org\",\"@graph\":[{\"@type\":\"WebPage\",\"@id\":\"https:\/\/veaeditori.it\/product\/saga-lera-della-magia\/\",\"url\":\"https:\/\/veaeditori.it\/product\/saga-lera-della-magia\/\",\"name\":\"Saga - L'Era della Magia - VEA Editori\",\"isPartOf\":{\"@id\":\"https:\/\/veaeditori.it\/#website\"},\"primaryImageOfPage\":{\"@id\":\"https:\/\/veaeditori.it\/product\/saga-lera-della-magia\/#primaryimage\"},\"image\":{\"@id\":\"https:\/\/veaeditori.it\/product\/saga-lera-della-magia\/#primaryimage\"},\"thumbnailUrl\":\"https:\/\/veaeditori.it\/wp-content\/uploads\/2024\/08\/IT-age-de-la-magie-couv.jpg\",\"datePublished\":\"2024-08-23T08:39:20+00:00\",\"dateModified\":\"2026-03-19T17:32:23+00:00\",\"description\":\"Saga - L'Era della Magia - Una espansione che permette di giocare qualsiasi esercito fantasy nella vostra collezione una copia del regolamento \u00e8 necessaria\",\"breadcrumb\":{\"@id\":\"https:\/\/veaeditori.it\/product\/saga-lera-della-magia\/#breadcrumb\"},\"inLanguage\":\"en-GB\",\"potentialAction\":[{\"@type\":\"ReadAction\",\"target\":[\"https:\/\/veaeditori.it\/product\/saga-lera-della-magia\/\"]}]},{\"@type\":\"ImageObject\",\"inLanguage\":\"en-GB\",\"@id\":\"https:\/\/veaeditori.it\/product\/saga-lera-della-magia\/#primaryimage\",\"url\":\"https:\/\/veaeditori.it\/wp-content\/uploads\/2024\/08\/IT-age-de-la-magie-couv.jpg\",\"contentUrl\":\"https:\/\/veaeditori.it\/wp-content\/uploads\/2024\/08\/IT-age-de-la-magie-couv.jpg\",\"width\":635,\"height\":892},{\"@type\":\"BreadcrumbList\",\"@id\":\"https:\/\/veaeditori.it\/product\/saga-lera-della-magia\/#breadcrumb\",\"itemListElement\":[{\"@type\":\"ListItem\",\"position\":1,\"name\":\"Home\",\"item\":\"https:\/\/veaeditori.it\/\"},{\"@type\":\"ListItem\",\"position\":2,\"name\":\"Shop\",\"item\":\"https:\/\/veaeditori.it\/shop\/\"},{\"@type\":\"ListItem\",\"position\":3,\"name\":\"Saga &#8211; L&#8217;Era della Magia\"}]},{\"@type\":\"WebSite\",\"@id\":\"https:\/\/veaeditori.it\/#website\",\"url\":\"https:\/\/veaeditori.it\/\",\"name\":\"VEA Editori\",\"description\":\"Italian Wargame Publisher\",\"potentialAction\":[{\"@type\":\"SearchAction\",\"target\":{\"@type\":\"EntryPoint\",\"urlTemplate\":\"https:\/\/veaeditori.it\/?s={search_term_string}\"},\"query-input\":{\"@type\":\"PropertyValueSpecification\",\"valueRequired\":true,\"valueName\":\"search_term_string\"}}],\"inLanguage\":\"en-GB\"}]}<\/script>\n<!-- \/ Yoast SEO plugin. -->","yoast_head_json":{"title":"Saga - L'Era della Magia - VEA Editori","description":"Saga - L'Era della Magia - Una espansione che permette di giocare qualsiasi esercito fantasy nella vostra collezione una copia del regolamento \u00e8 necessaria","robots":{"index":"index","follow":"follow","max-snippet":"max-snippet:-1","max-image-preview":"max-image-preview:large","max-video-preview":"max-video-preview:-1"},"canonical":"https:\/\/veaeditori.it\/en\/product\/saga-lera-della-magia\/","og_locale":"en_GB","og_type":"article","og_title":"Saga - L'Era della Magia - VEA Editori","og_description":"Saga - L'Era della Magia - Una espansione che permette di giocare qualsiasi esercito fantasy nella vostra collezione una copia del regolamento \u00e8 necessaria","og_url":"https:\/\/veaeditori.it\/en\/product\/saga-lera-della-magia\/","og_site_name":"VEA Editori","article_publisher":"https:\/\/www.facebook.com\/veaspaziominiature","article_modified_time":"2026-03-19T17:32:23+00:00","og_image":[{"width":635,"height":892,"url":"https:\/\/veaeditori.it\/wp-content\/uploads\/2024\/08\/IT-age-de-la-magie-couv.jpg","type":"image\/jpeg"}],"twitter_card":"summary_large_image","twitter_misc":{"Estimated reading time":"2 minutes"},"schema":{"@context":"https:\/\/schema.org","@graph":[{"@type":"WebPage","@id":"https:\/\/veaeditori.it\/product\/saga-lera-della-magia\/","url":"https:\/\/veaeditori.it\/product\/saga-lera-della-magia\/","name":"Saga - L'Era della Magia - VEA Editori","isPartOf":{"@id":"https:\/\/veaeditori.it\/#website"},"primaryImageOfPage":{"@id":"https:\/\/veaeditori.it\/product\/saga-lera-della-magia\/#primaryimage"},"image":{"@id":"https:\/\/veaeditori.it\/product\/saga-lera-della-magia\/#primaryimage"},"thumbnailUrl":"https:\/\/veaeditori.it\/wp-content\/uploads\/2024\/08\/IT-age-de-la-magie-couv.jpg","datePublished":"2024-08-23T08:39:20+00:00","dateModified":"2026-03-19T17:32:23+00:00","description":"Saga - L'Era della Magia - Una espansione che permette di giocare qualsiasi esercito fantasy nella vostra collezione una copia del regolamento \u00e8 necessaria","breadcrumb":{"@id":"https:\/\/veaeditori.it\/product\/saga-lera-della-magia\/#breadcrumb"},"inLanguage":"en-GB","potentialAction":[{"@type":"ReadAction","target":["https:\/\/veaeditori.it\/product\/saga-lera-della-magia\/"]}]},{"@type":"ImageObject","inLanguage":"en-GB","@id":"https:\/\/veaeditori.it\/product\/saga-lera-della-magia\/#primaryimage","url":"https:\/\/veaeditori.it\/wp-content\/uploads\/2024\/08\/IT-age-de-la-magie-couv.jpg","contentUrl":"https:\/\/veaeditori.it\/wp-content\/uploads\/2024\/08\/IT-age-de-la-magie-couv.jpg","width":635,"height":892},{"@type":"BreadcrumbList","@id":"https:\/\/veaeditori.it\/product\/saga-lera-della-magia\/#breadcrumb","itemListElement":[{"@type":"ListItem","position":1,"name":"Home","item":"https:\/\/veaeditori.it\/"},{"@type":"ListItem","position":2,"name":"Shop","item":"https:\/\/veaeditori.it\/shop\/"},{"@type":"ListItem","position":3,"name":"Saga &#8211; L&#8217;Era della Magia"}]},{"@type":"WebSite","@id":"https:\/\/veaeditori.it\/#website","url":"https:\/\/veaeditori.it\/","name":"VEA Editori","description":"Italian Wargame Publisher","potentialAction":[{"@type":"SearchAction","target":{"@type":"EntryPoint","urlTemplate":"https:\/\/veaeditori.it\/?s={search_term_string}"},"query-input":{"@type":"PropertyValueSpecification","valueRequired":true,"valueName":"search_term_string"}}],"inLanguage":"en-GB"}]}},"_links":{"self":[{"href":"https:\/\/veaeditori.it\/en\/wp-json\/wp\/v2\/product\/3513","targetHints":{"allow":["GET"]}}],"collection":[{"href":"https:\/\/veaeditori.it\/en\/wp-json\/wp\/v2\/product"}],"about":[{"href":"https:\/\/veaeditori.it\/en\/wp-json\/wp\/v2\/types\/product"}],"replies":[{"embeddable":true,"href":"https:\/\/veaeditori.it\/en\/wp-json\/wp\/v2\/comments?post=3513"}],"wp:featuredmedia":[{"embeddable":true,"href":"https:\/\/veaeditori.it\/en\/wp-json\/wp\/v2\/media\/3514"}],"wp:attachment":[{"href":"https:\/\/veaeditori.it\/en\/wp-json\/wp\/v2\/media?parent=3513"}],"wp:term":[{"taxonomy":"product_brand","embeddable":true,"href":"https:\/\/veaeditori.it\/en\/wp-json\/wp\/v2\/product_brand?post=3513"},{"taxonomy":"product_cat","embeddable":true,"href":"https:\/\/veaeditori.it\/en\/wp-json\/wp\/v2\/product_cat?post=3513"},{"taxonomy":"product_tag","embeddable":true,"href":"https:\/\/veaeditori.it\/en\/wp-json\/wp\/v2\/product_tag?post=3513"}],"curies":[{"name":"wp","href":"https:\/\/api.w.org\/{rel}","templated":true}]}}