{"id":3515,"date":"2024-08-23T10:49:52","date_gmt":"2024-08-23T08:49:52","guid":{"rendered":"https:\/\/veaeditori.it\/?post_type=product&#038;p=3515"},"modified":"2025-11-24T19:20:04","modified_gmt":"2025-11-24T17:20:04","slug":"saga-carte-magia-italiano","status":"publish","type":"product","link":"https:\/\/veaeditori.it\/en\/product\/saga-carte-magia-italiano\/","title":{"rendered":"Saga Carte Magia Italiano"},"content":{"rendered":"<p>Saga Carte Magia<\/p>\n<p>Le carte degli incantesimi sono uno strumento supplementare per i giocatori pi\u00f9 pigri come noi, per consultare rapidamente l&#8217;ampia variet\u00e0 di abilit\u00e0 stregonesche disponibili in SAGA L&#8217;era della magia. Le regole di queste carte si trovano anche nel libro e le carte saranno disponibili anche come download gratuito.<\/p>\n<p>36 Carte Magia in Italiano<\/p>\n<p>L&#8217;immagine mostra le carte in Inglese solo per riferimento, ma in realt\u00e0 sono prodotte in Italiano<\/p>","protected":false},"excerpt":{"rendered":"<p>Saga Carte Magia<\/p>","protected":false},"featured_media":3516,"comment_status":"open","ping_status":"closed","template":"","meta":[],"product_brand":[],"product_cat":[183],"product_tag":[],"class_list":{"0":"post-3515","1":"product","2":"type-product","3":"status-publish","4":"has-post-thumbnail","6":"product_cat-dadi-saga","7":"product_shipping_class-standard","9":"first","10":"instock","11":"shipping-taxable","12":"purchasable","13":"product-type-simple"},"yoast_head":"<!-- This site is optimized with the Yoast SEO plugin v27.2 - https:\/\/yoast.com\/product\/yoast-seo-wordpress\/ -->\n<title>Saga Carte Magia Italiano - VEA Editori<\/title>\n<meta name=\"description\" content=\"Saga Carte Magia - 36 Carte magia come rappresentate sul libro un ausilio a qualsiasi giocatore per l&#039;espansione L&#039;ERa della Magia\" \/>\n<meta name=\"robots\" content=\"index, follow, max-snippet:-1, max-image-preview:large, max-video-preview:-1\" \/>\n<link rel=\"canonical\" href=\"https:\/\/veaeditori.it\/en\/product\/saga-carte-magia-italiano\/\" \/>\n<meta property=\"og:locale\" content=\"en_GB\" \/>\n<meta property=\"og:type\" content=\"article\" \/>\n<meta property=\"og:title\" content=\"Saga Carte Magia Italiano - VEA Editori\" \/>\n<meta property=\"og:description\" content=\"Saga Carte Magia - 36 Carte magia come rappresentate sul libro un ausilio a qualsiasi giocatore per l&#039;espansione L&#039;ERa della Magia\" \/>\n<meta property=\"og:url\" content=\"https:\/\/veaeditori.it\/en\/product\/saga-carte-magia-italiano\/\" \/>\n<meta property=\"og:site_name\" content=\"VEA Editori\" \/>\n<meta property=\"article:publisher\" content=\"https:\/\/www.facebook.com\/veaspaziominiature\" \/>\n<meta property=\"article:modified_time\" content=\"2025-11-24T17:20:04+00:00\" \/>\n<meta property=\"og:image\" content=\"https:\/\/veaeditori.it\/wp-content\/uploads\/2024\/08\/SPELL01_Spell_Cards_96707jpeg.jpg\" \/>\n\t<meta property=\"og:image:width\" content=\"500\" \/>\n\t<meta property=\"og:image:height\" content=\"500\" \/>\n\t<meta property=\"og:image:type\" content=\"image\/jpeg\" \/>\n<meta name=\"twitter:card\" content=\"summary_large_image\" \/>\n<meta name=\"twitter:label1\" content=\"Estimated reading time\" \/>\n\t<meta name=\"twitter:data1\" content=\"1 minute\" \/>\n<script type=\"application\/ld+json\" class=\"yoast-schema-graph\">{\"@context\":\"https:\/\/schema.org\",\"@graph\":[{\"@type\":\"WebPage\",\"@id\":\"https:\/\/veaeditori.it\/product\/saga-carte-magia-italiano\/\",\"url\":\"https:\/\/veaeditori.it\/product\/saga-carte-magia-italiano\/\",\"name\":\"Saga Carte Magia Italiano - VEA Editori\",\"isPartOf\":{\"@id\":\"https:\/\/veaeditori.it\/#website\"},\"primaryImageOfPage\":{\"@id\":\"https:\/\/veaeditori.it\/product\/saga-carte-magia-italiano\/#primaryimage\"},\"image\":{\"@id\":\"https:\/\/veaeditori.it\/product\/saga-carte-magia-italiano\/#primaryimage\"},\"thumbnailUrl\":\"https:\/\/veaeditori.it\/wp-content\/uploads\/2024\/08\/SPELL01_Spell_Cards_96707jpeg.jpg\",\"datePublished\":\"2024-08-23T08:49:52+00:00\",\"dateModified\":\"2025-11-24T17:20:04+00:00\",\"description\":\"Saga Carte Magia - 36 Carte magia come rappresentate sul libro un ausilio a qualsiasi giocatore per l'espansione L'ERa della Magia\",\"breadcrumb\":{\"@id\":\"https:\/\/veaeditori.it\/product\/saga-carte-magia-italiano\/#breadcrumb\"},\"inLanguage\":\"en-GB\",\"potentialAction\":[{\"@type\":\"ReadAction\",\"target\":[\"https:\/\/veaeditori.it\/product\/saga-carte-magia-italiano\/\"]}]},{\"@type\":\"ImageObject\",\"inLanguage\":\"en-GB\",\"@id\":\"https:\/\/veaeditori.it\/product\/saga-carte-magia-italiano\/#primaryimage\",\"url\":\"https:\/\/veaeditori.it\/wp-content\/uploads\/2024\/08\/SPELL01_Spell_Cards_96707jpeg.jpg\",\"contentUrl\":\"https:\/\/veaeditori.it\/wp-content\/uploads\/2024\/08\/SPELL01_Spell_Cards_96707jpeg.jpg\",\"width\":500,\"height\":500},{\"@type\":\"BreadcrumbList\",\"@id\":\"https:\/\/veaeditori.it\/product\/saga-carte-magia-italiano\/#breadcrumb\",\"itemListElement\":[{\"@type\":\"ListItem\",\"position\":1,\"name\":\"Home\",\"item\":\"https:\/\/veaeditori.it\/\"},{\"@type\":\"ListItem\",\"position\":2,\"name\":\"Shop\",\"item\":\"https:\/\/veaeditori.it\/shop\/\"},{\"@type\":\"ListItem\",\"position\":3,\"name\":\"Saga Carte Magia Italiano\"}]},{\"@type\":\"WebSite\",\"@id\":\"https:\/\/veaeditori.it\/#website\",\"url\":\"https:\/\/veaeditori.it\/\",\"name\":\"VEA Editori\",\"description\":\"Italian Wargame Publisher\",\"potentialAction\":[{\"@type\":\"SearchAction\",\"target\":{\"@type\":\"EntryPoint\",\"urlTemplate\":\"https:\/\/veaeditori.it\/?s={search_term_string}\"},\"query-input\":{\"@type\":\"PropertyValueSpecification\",\"valueRequired\":true,\"valueName\":\"search_term_string\"}}],\"inLanguage\":\"en-GB\"}]}<\/script>\n<!-- \/ Yoast SEO plugin. -->","yoast_head_json":{"title":"Saga Carte Magia Italiano - VEA Editori","description":"Saga Carte Magia - 36 Carte magia come rappresentate sul libro un ausilio a qualsiasi giocatore per l'espansione L'ERa della Magia","robots":{"index":"index","follow":"follow","max-snippet":"max-snippet:-1","max-image-preview":"max-image-preview:large","max-video-preview":"max-video-preview:-1"},"canonical":"https:\/\/veaeditori.it\/en\/product\/saga-carte-magia-italiano\/","og_locale":"en_GB","og_type":"article","og_title":"Saga Carte Magia Italiano - VEA Editori","og_description":"Saga Carte Magia - 36 Carte magia come rappresentate sul libro un ausilio a qualsiasi giocatore per l'espansione L'ERa della Magia","og_url":"https:\/\/veaeditori.it\/en\/product\/saga-carte-magia-italiano\/","og_site_name":"VEA Editori","article_publisher":"https:\/\/www.facebook.com\/veaspaziominiature","article_modified_time":"2025-11-24T17:20:04+00:00","og_image":[{"width":500,"height":500,"url":"https:\/\/veaeditori.it\/wp-content\/uploads\/2024\/08\/SPELL01_Spell_Cards_96707jpeg.jpg","type":"image\/jpeg"}],"twitter_card":"summary_large_image","twitter_misc":{"Estimated reading time":"1 minute"},"schema":{"@context":"https:\/\/schema.org","@graph":[{"@type":"WebPage","@id":"https:\/\/veaeditori.it\/product\/saga-carte-magia-italiano\/","url":"https:\/\/veaeditori.it\/product\/saga-carte-magia-italiano\/","name":"Saga Carte Magia Italiano - VEA Editori","isPartOf":{"@id":"https:\/\/veaeditori.it\/#website"},"primaryImageOfPage":{"@id":"https:\/\/veaeditori.it\/product\/saga-carte-magia-italiano\/#primaryimage"},"image":{"@id":"https:\/\/veaeditori.it\/product\/saga-carte-magia-italiano\/#primaryimage"},"thumbnailUrl":"https:\/\/veaeditori.it\/wp-content\/uploads\/2024\/08\/SPELL01_Spell_Cards_96707jpeg.jpg","datePublished":"2024-08-23T08:49:52+00:00","dateModified":"2025-11-24T17:20:04+00:00","description":"Saga Carte Magia - 36 Carte magia come rappresentate sul libro un ausilio a qualsiasi giocatore per l'espansione L'ERa della Magia","breadcrumb":{"@id":"https:\/\/veaeditori.it\/product\/saga-carte-magia-italiano\/#breadcrumb"},"inLanguage":"en-GB","potentialAction":[{"@type":"ReadAction","target":["https:\/\/veaeditori.it\/product\/saga-carte-magia-italiano\/"]}]},{"@type":"ImageObject","inLanguage":"en-GB","@id":"https:\/\/veaeditori.it\/product\/saga-carte-magia-italiano\/#primaryimage","url":"https:\/\/veaeditori.it\/wp-content\/uploads\/2024\/08\/SPELL01_Spell_Cards_96707jpeg.jpg","contentUrl":"https:\/\/veaeditori.it\/wp-content\/uploads\/2024\/08\/SPELL01_Spell_Cards_96707jpeg.jpg","width":500,"height":500},{"@type":"BreadcrumbList","@id":"https:\/\/veaeditori.it\/product\/saga-carte-magia-italiano\/#breadcrumb","itemListElement":[{"@type":"ListItem","position":1,"name":"Home","item":"https:\/\/veaeditori.it\/"},{"@type":"ListItem","position":2,"name":"Shop","item":"https:\/\/veaeditori.it\/shop\/"},{"@type":"ListItem","position":3,"name":"Saga Carte Magia Italiano"}]},{"@type":"WebSite","@id":"https:\/\/veaeditori.it\/#website","url":"https:\/\/veaeditori.it\/","name":"VEA Editori","description":"Italian Wargame Publisher","potentialAction":[{"@type":"SearchAction","target":{"@type":"EntryPoint","urlTemplate":"https:\/\/veaeditori.it\/?s={search_term_string}"},"query-input":{"@type":"PropertyValueSpecification","valueRequired":true,"valueName":"search_term_string"}}],"inLanguage":"en-GB"}]}},"_links":{"self":[{"href":"https:\/\/veaeditori.it\/en\/wp-json\/wp\/v2\/product\/3515","targetHints":{"allow":["GET"]}}],"collection":[{"href":"https:\/\/veaeditori.it\/en\/wp-json\/wp\/v2\/product"}],"about":[{"href":"https:\/\/veaeditori.it\/en\/wp-json\/wp\/v2\/types\/product"}],"replies":[{"embeddable":true,"href":"https:\/\/veaeditori.it\/en\/wp-json\/wp\/v2\/comments?post=3515"}],"wp:featuredmedia":[{"embeddable":true,"href":"https:\/\/veaeditori.it\/en\/wp-json\/wp\/v2\/media\/3516"}],"wp:attachment":[{"href":"https:\/\/veaeditori.it\/en\/wp-json\/wp\/v2\/media?parent=3515"}],"wp:term":[{"taxonomy":"product_brand","embeddable":true,"href":"https:\/\/veaeditori.it\/en\/wp-json\/wp\/v2\/product_brand?post=3515"},{"taxonomy":"product_cat","embeddable":true,"href":"https:\/\/veaeditori.it\/en\/wp-json\/wp\/v2\/product_cat?post=3515"},{"taxonomy":"product_tag","embeddable":true,"href":"https:\/\/veaeditori.it\/en\/wp-json\/wp\/v2\/product_tag?post=3515"}],"curies":[{"name":"wp","href":"https:\/\/api.w.org\/{rel}","templated":true}]}}