{"id":3986,"date":"2025-02-04T23:25:21","date_gmt":"2025-02-04T21:25:21","guid":{"rendered":"https:\/\/veaeditori.it\/?post_type=product&#038;p=3986"},"modified":"2025-03-18T23:29:49","modified_gmt":"2025-03-18T21:29:49","slug":"maladum-regolamento-retail-ita","status":"publish","type":"product","link":"https:\/\/veaeditori.it\/en\/product\/maladum-regolamento-retail-ita\/","title":{"rendered":"Maladum Regolamento Retail ITA"},"content":{"rendered":"<p>Maladum Regolamento ITA<\/p>\n<p>Si tratta dello stesso regolamento contenuto nella scatola dello starter set ma totalemtne in Italiano.<\/p>\n<p><em>Brossura di 92 pagine a colori<\/em><\/p>\n<p><em>Il mondo non \u00e8 pi\u00f9 come prima. Le antiche magie si agitano nella terra e il loro ritorno annuncia una nuova era di opportunit\u00e0 per coloro che hanno il coraggio di cogliere questi tempi gloriosi.<\/em><br \/>\n<em>Nelle tombe e nelle antiche cripte si celano le leggende: un\u2019indicibile prosperit\u00e0, un indicibile pericolo e la prospettiva sempre presente della gloria.<\/em><br \/>\n<em>I racconti delle vostre avventure riecheggeranno nei secoli e se nel corso delle avventure la vostra banda riuscir\u00e0 a salvare il mondo, tanto meglio&#8230;<\/em><\/p>\n<p>Maladum \u00e8 un gioco da tavolo di miniature fantasy ambientato nei regni di Enveron, un continente prospero su un mondo lontano. Quella che un tempo era un\u2019antica tecnologia \u00e8 emersa da una lunga et\u00e0 oscura per permeare ogni parte della societ\u00e0, ed \u00e8 ora conosciuta come Maladum, o semplicemente magia&#8230;<br \/>\nI giocatori controllano piccole bande di avventurieri in cerca di fortuna in una serie di missioni narrative ambientate in una dettagliata area di gioco 3D. Devono avventurarsi dal loro accampamento, completare gli obiettivi e tornare al sicuro. Quest\u2019ultima parte \u00e8 fondamentale!<br \/>\nQuando gli avventurieri compiono le loro azioni, il gioco reagisce! Malvagi Revenant avanzano verso di voi, bestie erranti escono dalle loro tane e i compagni di avventura si perdono nel caos, con questi PNG tutti controllati dalle meccaniche del gioco.<br \/>\nPi\u00f9 che una singola partita, il sistema di campagna di Maladum accompagna gli Avventurieri in una narrazione continua, che li porta a conoscere, a sviluppare le loro abilit\u00e0, a potenziare il loro equipaggiamento, a costruire il loro accampamento e la loro storia.<\/p>\n<p>&nbsp;<\/p>","protected":false},"excerpt":{"rendered":"<p>Maladum Regolamento Retail ITA<\/p>","protected":false},"featured_media":3987,"comment_status":"open","ping_status":"closed","template":"","meta":[],"product_brand":[],"product_cat":[179],"product_tag":[],"class_list":{"0":"post-3986","1":"product","2":"type-product","3":"status-publish","4":"has-post-thumbnail","6":"product_cat-manualistica","7":"product_shipping_class-standard","9":"first","10":"instock","11":"shipping-taxable","12":"purchasable","13":"product-type-simple"},"yoast_head":"<!-- This site is optimized with the Yoast SEO plugin v27.2 - https:\/\/yoast.com\/product\/yoast-seo-wordpress\/ -->\n<title>Maladum Regolamento Retail ITA - VEA Editori<\/title>\n<meta name=\"description\" content=\"Maladum Regolamento Deluxe ITA, il regolamento completo con copertina morbida interamente tradotto in italiano. Comprende tutto il necessario per giocare.\" \/>\n<meta name=\"robots\" content=\"index, follow, max-snippet:-1, max-image-preview:large, max-video-preview:-1\" \/>\n<link rel=\"canonical\" href=\"https:\/\/veaeditori.it\/en\/product\/maladum-regolamento-retail-ita\/\" \/>\n<meta property=\"og:locale\" content=\"en_GB\" \/>\n<meta property=\"og:type\" content=\"article\" \/>\n<meta property=\"og:title\" content=\"Maladum Regolamento Retail ITA - VEA Editori\" \/>\n<meta property=\"og:description\" content=\"Maladum Regolamento Deluxe ITA, il regolamento completo con copertina morbida interamente tradotto in italiano. Comprende tutto il necessario per giocare.\" \/>\n<meta property=\"og:url\" content=\"https:\/\/veaeditori.it\/en\/product\/maladum-regolamento-retail-ita\/\" \/>\n<meta property=\"og:site_name\" content=\"VEA Editori\" \/>\n<meta property=\"article:publisher\" content=\"https:\/\/www.facebook.com\/veaspaziominiature\" \/>\n<meta property=\"article:modified_time\" content=\"2025-03-18T21:29:49+00:00\" \/>\n<meta property=\"og:image\" content=\"https:\/\/veaeditori.it\/wp-content\/uploads\/2025\/02\/Senza-titolo.jpg\" \/>\n\t<meta property=\"og:image:width\" content=\"888\" \/>\n\t<meta property=\"og:image:height\" content=\"1262\" \/>\n\t<meta property=\"og:image:type\" content=\"image\/jpeg\" \/>\n<meta name=\"twitter:card\" content=\"summary_large_image\" \/>\n<meta name=\"twitter:label1\" content=\"Estimated reading time\" \/>\n\t<meta name=\"twitter:data1\" content=\"3 minutes\" \/>\n<script type=\"application\/ld+json\" class=\"yoast-schema-graph\">{\"@context\":\"https:\/\/schema.org\",\"@graph\":[{\"@type\":\"WebPage\",\"@id\":\"https:\/\/veaeditori.it\/product\/maladum-regolamento-retail-ita\/\",\"url\":\"https:\/\/veaeditori.it\/product\/maladum-regolamento-retail-ita\/\",\"name\":\"Maladum Regolamento Retail ITA - VEA Editori\",\"isPartOf\":{\"@id\":\"https:\/\/veaeditori.it\/#website\"},\"primaryImageOfPage\":{\"@id\":\"https:\/\/veaeditori.it\/product\/maladum-regolamento-retail-ita\/#primaryimage\"},\"image\":{\"@id\":\"https:\/\/veaeditori.it\/product\/maladum-regolamento-retail-ita\/#primaryimage\"},\"thumbnailUrl\":\"https:\/\/veaeditori.it\/wp-content\/uploads\/2025\/02\/Senza-titolo.jpg\",\"datePublished\":\"2025-02-04T21:25:21+00:00\",\"dateModified\":\"2025-03-18T21:29:49+00:00\",\"description\":\"Maladum Regolamento Deluxe ITA, il regolamento completo con copertina morbida interamente tradotto in italiano. Comprende tutto il necessario per giocare.\",\"breadcrumb\":{\"@id\":\"https:\/\/veaeditori.it\/product\/maladum-regolamento-retail-ita\/#breadcrumb\"},\"inLanguage\":\"en-GB\",\"potentialAction\":[{\"@type\":\"ReadAction\",\"target\":[\"https:\/\/veaeditori.it\/product\/maladum-regolamento-retail-ita\/\"]}]},{\"@type\":\"ImageObject\",\"inLanguage\":\"en-GB\",\"@id\":\"https:\/\/veaeditori.it\/product\/maladum-regolamento-retail-ita\/#primaryimage\",\"url\":\"https:\/\/veaeditori.it\/wp-content\/uploads\/2025\/02\/Senza-titolo.jpg\",\"contentUrl\":\"https:\/\/veaeditori.it\/wp-content\/uploads\/2025\/02\/Senza-titolo.jpg\",\"width\":888,\"height\":1262},{\"@type\":\"BreadcrumbList\",\"@id\":\"https:\/\/veaeditori.it\/product\/maladum-regolamento-retail-ita\/#breadcrumb\",\"itemListElement\":[{\"@type\":\"ListItem\",\"position\":1,\"name\":\"Home\",\"item\":\"https:\/\/veaeditori.it\/\"},{\"@type\":\"ListItem\",\"position\":2,\"name\":\"Shop\",\"item\":\"https:\/\/veaeditori.it\/shop\/\"},{\"@type\":\"ListItem\",\"position\":3,\"name\":\"Maladum Regolamento Retail ITA\"}]},{\"@type\":\"WebSite\",\"@id\":\"https:\/\/veaeditori.it\/#website\",\"url\":\"https:\/\/veaeditori.it\/\",\"name\":\"VEA Editori\",\"description\":\"Italian Wargame Publisher\",\"potentialAction\":[{\"@type\":\"SearchAction\",\"target\":{\"@type\":\"EntryPoint\",\"urlTemplate\":\"https:\/\/veaeditori.it\/?s={search_term_string}\"},\"query-input\":{\"@type\":\"PropertyValueSpecification\",\"valueRequired\":true,\"valueName\":\"search_term_string\"}}],\"inLanguage\":\"en-GB\"}]}<\/script>\n<!-- \/ Yoast SEO plugin. -->","yoast_head_json":{"title":"Maladum Regolamento Retail ITA - VEA Editori","description":"Maladum Regolamento Deluxe ITA, il regolamento completo con copertina morbida interamente tradotto in italiano. Comprende tutto il necessario per giocare.","robots":{"index":"index","follow":"follow","max-snippet":"max-snippet:-1","max-image-preview":"max-image-preview:large","max-video-preview":"max-video-preview:-1"},"canonical":"https:\/\/veaeditori.it\/en\/product\/maladum-regolamento-retail-ita\/","og_locale":"en_GB","og_type":"article","og_title":"Maladum Regolamento Retail ITA - VEA Editori","og_description":"Maladum Regolamento Deluxe ITA, il regolamento completo con copertina morbida interamente tradotto in italiano. Comprende tutto il necessario per giocare.","og_url":"https:\/\/veaeditori.it\/en\/product\/maladum-regolamento-retail-ita\/","og_site_name":"VEA Editori","article_publisher":"https:\/\/www.facebook.com\/veaspaziominiature","article_modified_time":"2025-03-18T21:29:49+00:00","og_image":[{"width":888,"height":1262,"url":"https:\/\/veaeditori.it\/wp-content\/uploads\/2025\/02\/Senza-titolo.jpg","type":"image\/jpeg"}],"twitter_card":"summary_large_image","twitter_misc":{"Estimated reading time":"3 minutes"},"schema":{"@context":"https:\/\/schema.org","@graph":[{"@type":"WebPage","@id":"https:\/\/veaeditori.it\/product\/maladum-regolamento-retail-ita\/","url":"https:\/\/veaeditori.it\/product\/maladum-regolamento-retail-ita\/","name":"Maladum Regolamento Retail ITA - VEA Editori","isPartOf":{"@id":"https:\/\/veaeditori.it\/#website"},"primaryImageOfPage":{"@id":"https:\/\/veaeditori.it\/product\/maladum-regolamento-retail-ita\/#primaryimage"},"image":{"@id":"https:\/\/veaeditori.it\/product\/maladum-regolamento-retail-ita\/#primaryimage"},"thumbnailUrl":"https:\/\/veaeditori.it\/wp-content\/uploads\/2025\/02\/Senza-titolo.jpg","datePublished":"2025-02-04T21:25:21+00:00","dateModified":"2025-03-18T21:29:49+00:00","description":"Maladum Regolamento Deluxe ITA, il regolamento completo con copertina morbida interamente tradotto in italiano. Comprende tutto il necessario per giocare.","breadcrumb":{"@id":"https:\/\/veaeditori.it\/product\/maladum-regolamento-retail-ita\/#breadcrumb"},"inLanguage":"en-GB","potentialAction":[{"@type":"ReadAction","target":["https:\/\/veaeditori.it\/product\/maladum-regolamento-retail-ita\/"]}]},{"@type":"ImageObject","inLanguage":"en-GB","@id":"https:\/\/veaeditori.it\/product\/maladum-regolamento-retail-ita\/#primaryimage","url":"https:\/\/veaeditori.it\/wp-content\/uploads\/2025\/02\/Senza-titolo.jpg","contentUrl":"https:\/\/veaeditori.it\/wp-content\/uploads\/2025\/02\/Senza-titolo.jpg","width":888,"height":1262},{"@type":"BreadcrumbList","@id":"https:\/\/veaeditori.it\/product\/maladum-regolamento-retail-ita\/#breadcrumb","itemListElement":[{"@type":"ListItem","position":1,"name":"Home","item":"https:\/\/veaeditori.it\/"},{"@type":"ListItem","position":2,"name":"Shop","item":"https:\/\/veaeditori.it\/shop\/"},{"@type":"ListItem","position":3,"name":"Maladum Regolamento Retail ITA"}]},{"@type":"WebSite","@id":"https:\/\/veaeditori.it\/#website","url":"https:\/\/veaeditori.it\/","name":"VEA Editori","description":"Italian Wargame Publisher","potentialAction":[{"@type":"SearchAction","target":{"@type":"EntryPoint","urlTemplate":"https:\/\/veaeditori.it\/?s={search_term_string}"},"query-input":{"@type":"PropertyValueSpecification","valueRequired":true,"valueName":"search_term_string"}}],"inLanguage":"en-GB"}]}},"_links":{"self":[{"href":"https:\/\/veaeditori.it\/en\/wp-json\/wp\/v2\/product\/3986","targetHints":{"allow":["GET"]}}],"collection":[{"href":"https:\/\/veaeditori.it\/en\/wp-json\/wp\/v2\/product"}],"about":[{"href":"https:\/\/veaeditori.it\/en\/wp-json\/wp\/v2\/types\/product"}],"replies":[{"embeddable":true,"href":"https:\/\/veaeditori.it\/en\/wp-json\/wp\/v2\/comments?post=3986"}],"wp:featuredmedia":[{"embeddable":true,"href":"https:\/\/veaeditori.it\/en\/wp-json\/wp\/v2\/media\/3987"}],"wp:attachment":[{"href":"https:\/\/veaeditori.it\/en\/wp-json\/wp\/v2\/media?parent=3986"}],"wp:term":[{"taxonomy":"product_brand","embeddable":true,"href":"https:\/\/veaeditori.it\/en\/wp-json\/wp\/v2\/product_brand?post=3986"},{"taxonomy":"product_cat","embeddable":true,"href":"https:\/\/veaeditori.it\/en\/wp-json\/wp\/v2\/product_cat?post=3986"},{"taxonomy":"product_tag","embeddable":true,"href":"https:\/\/veaeditori.it\/en\/wp-json\/wp\/v2\/product_tag?post=3986"}],"curies":[{"name":"wp","href":"https:\/\/api.w.org\/{rel}","templated":true}]}}