{"id":4059,"date":"2025-02-21T16:34:38","date_gmt":"2025-02-21T14:34:38","guid":{"rendered":"https:\/\/veaeditori.it\/?post_type=product&#038;p=4059"},"modified":"2025-11-26T10:24:16","modified_gmt":"2025-11-26T08:24:16","slug":"fantasy-battlefield","status":"publish","type":"product","link":"https:\/\/veaeditori.it\/en\/product\/fantasy-battlefield\/","title":{"rendered":"Fantasy Battlefield"},"content":{"rendered":"<p>FantasyBattlefield<\/p>\n<p>I campi di battaglia sono in prima linea nelle guerre tra il bene e il male, dove le truppe si scontrano su campi aperti e attraverso rovine devastate, e le difese e le postazioni di vedetta sono costruite frettolosamente per trattenere la marea.<br \/>\nQuesta scatola contiene tutto il terreno necessario per un tavolo da gioco completo che rappresenta un campo di battaglia devastato dalla guerra, adatto a molti giochi fantasy e storici da 28-35 mm. Il terreno pu\u00f2 essere racchiuso in un piccolo tavolo da schermaglia o distribuito su un tavolo pi\u00f9 grande. Molti dei pezzi sono modulari e possono essere assemblati in qualsiasi combinazione si scelga per ottenere un set-up diverso ogni volta. I tetti sono rimovibili e gli edifici hanno interni completamente dettagliati.<br \/>\nIl terreno viene fornito piatto su cartoncino ad alta densit\u00e0 di alta qualit\u00e0, stampato a colori su entrambi i lati, quindi non \u00e8 necessario dipingere! Il terreno richiede l&#8217;assemblaggio e alcune parti pi\u00f9 piccole necessitano di colla. Per maggiori dettagli e istruzioni complete, consultare il sito www.battlesystems.co.uk.<\/p>\n<p><strong><u>Contents<\/u><\/strong><\/p>\n<ul>\n<li>1 Fully Modular Ruined Monastery\n<ul>\n<li>54 Assorted Wall Panels<\/li>\n<li>3 Assorted Floor Tiles<\/li>\n<li>3 Ruined Turrets<\/li>\n<li>1 Grand Entrance<\/li>\n<li>1 Ruined Grand Entrance<\/li>\n<li>3 Balustrades<\/li>\n<li>3 Sets of Steps<\/li>\n<li>1 Ruined Strut<\/li>\n<\/ul>\n<\/li>\n<li>1 Watchtower\n<ul>\n<li>3 Tower Wall Panels<\/li>\n<li>2 Lookout Wall Panels<\/li>\n<li>2 Tower Floor Tiles<\/li>\n<li>1 Lookout Floor Tile<\/li>\n<li>1 Roof<\/li>\n<li>1 Roof Clip<\/li>\n<li>4 Lookout Struts<\/li>\n<li>1 Balcony<\/li>\n<li>5 Balcony Supports<\/li>\n<li>2 Railings<\/li>\n<\/ul>\n<\/li>\n<li>1 Beacon\n<ul>\n<li>4 Beacon Supports<\/li>\n<li>1 Beacon Roof<\/li>\n<\/ul>\n<\/li>\n<li>2 Guard Posts\n<ul>\n<li>8 Wall Panels<\/li>\n<li>4 Floor Tiles<\/li>\n<li>2 Lookout Platform Surrounds<\/li>\n<li>2 Roofs<\/li>\n<li>2 Roof Clips<\/li>\n<\/ul>\n<\/li>\n<li>11 Assorted Road\/River Sections<\/li>\n<li>1 Wooden Jetty<\/li>\n<li>11 Assorted Stone Walls<\/li>\n<li>3 6&#8243;\/15cm Palisade Walls<\/li>\n<li>5 Assorted Stake Barricades<\/li>\n<li>3 Staircases<\/li>\n<li>5 Ladders<\/li>\n<li>4 Assorted Signposts<\/li>\n<li>1 Broken Cart<\/li>\n<li>13 Assorted Furniture Pieces<\/li>\n<li>120 Assorted Scatter Components and Accessories<\/li>\n<li>88 Plastic Clips<\/li>\n<\/ul>\n<p><strong><u>Packaging Information<\/u><\/strong><\/p>\n<p><u>Front<\/u><\/p>\n<ul>\n<li>379 Pieces<\/li>\n<li>Modular 28-35mm terrain<\/li>\n<li>No painting required<\/li>\n<\/ul>\n<p><u>Back<\/u><\/p>\n<ul>\n<li>Product Code: BSTFWC002<\/li>\n<li>Barcode: 5060660090884<\/li>\n<li>Symbols: <span style=\"text-decoration: line-through;\">0-3<\/span>, 14+<\/li>\n<li>Small Print: This is not a toy. Figures, foliage and gaming mat not included. Contents may vary from those on the packaging. Not suitable for children under 36 months due to small parts. Retain packaging for future reference. Made in China. \u00a9 Battle Systems Ltd 2020.<\/li>\n<\/ul>","protected":false},"excerpt":{"rendered":"<p>FantasyBattlefield<\/p>","protected":false},"featured_media":4060,"comment_status":"open","ping_status":"closed","template":"","meta":[],"product_brand":[],"product_cat":[93],"product_tag":[],"class_list":{"0":"post-4059","1":"product","2":"type-product","3":"status-publish","4":"has-post-thumbnail","6":"product_cat-fantasy","7":"product_shipping_class-standard","9":"first","10":"instock","11":"shipping-taxable","12":"purchasable","13":"product-type-simple"},"yoast_head":"<!-- This site is optimized with the Yoast SEO plugin v27.2 - https:\/\/yoast.com\/product\/yoast-seo-wordpress\/ -->\n<title>Fantasy Battlefield - VEA Editori<\/title>\n<meta name=\"robots\" content=\"index, follow, max-snippet:-1, max-image-preview:large, max-video-preview:-1\" \/>\n<link rel=\"canonical\" href=\"https:\/\/veaeditori.it\/en\/product\/fantasy-battlefield\/\" \/>\n<meta property=\"og:locale\" content=\"en_GB\" \/>\n<meta property=\"og:type\" content=\"article\" \/>\n<meta property=\"og:title\" content=\"Fantasy Battlefield - VEA Editori\" \/>\n<meta property=\"og:description\" content=\"FantasyBattlefield\" \/>\n<meta property=\"og:url\" content=\"https:\/\/veaeditori.it\/en\/product\/fantasy-battlefield\/\" \/>\n<meta property=\"og:site_name\" content=\"VEA Editori\" \/>\n<meta property=\"article:publisher\" content=\"https:\/\/www.facebook.com\/veaspaziominiature\" \/>\n<meta property=\"article:modified_time\" content=\"2025-11-26T08:24:16+00:00\" \/>\n<meta property=\"og:image\" content=\"https:\/\/veaeditori.it\/wp-content\/uploads\/2025\/02\/Fantasy-Wargames-Terrain-Fantasy-Battlefield-box-2024.png\" \/>\n\t<meta property=\"og:image:width\" content=\"1938\" \/>\n\t<meta property=\"og:image:height\" content=\"1373\" \/>\n\t<meta property=\"og:image:type\" content=\"image\/png\" \/>\n<meta name=\"twitter:card\" content=\"summary_large_image\" \/>\n<meta name=\"twitter:label1\" content=\"Estimated reading time\" \/>\n\t<meta name=\"twitter:data1\" content=\"3 minutes\" \/>\n<script type=\"application\/ld+json\" class=\"yoast-schema-graph\">{\"@context\":\"https:\/\/schema.org\",\"@graph\":[{\"@type\":\"WebPage\",\"@id\":\"https:\/\/veaeditori.it\/product\/fantasy-battlefield\/\",\"url\":\"https:\/\/veaeditori.it\/product\/fantasy-battlefield\/\",\"name\":\"Fantasy Battlefield - VEA Editori\",\"isPartOf\":{\"@id\":\"https:\/\/veaeditori.it\/#website\"},\"primaryImageOfPage\":{\"@id\":\"https:\/\/veaeditori.it\/product\/fantasy-battlefield\/#primaryimage\"},\"image\":{\"@id\":\"https:\/\/veaeditori.it\/product\/fantasy-battlefield\/#primaryimage\"},\"thumbnailUrl\":\"https:\/\/veaeditori.it\/wp-content\/uploads\/2025\/02\/Fantasy-Wargames-Terrain-Fantasy-Battlefield-box-2024.png\",\"datePublished\":\"2025-02-21T14:34:38+00:00\",\"dateModified\":\"2025-11-26T08:24:16+00:00\",\"breadcrumb\":{\"@id\":\"https:\/\/veaeditori.it\/product\/fantasy-battlefield\/#breadcrumb\"},\"inLanguage\":\"en-GB\",\"potentialAction\":[{\"@type\":\"ReadAction\",\"target\":[\"https:\/\/veaeditori.it\/product\/fantasy-battlefield\/\"]}]},{\"@type\":\"ImageObject\",\"inLanguage\":\"en-GB\",\"@id\":\"https:\/\/veaeditori.it\/product\/fantasy-battlefield\/#primaryimage\",\"url\":\"https:\/\/veaeditori.it\/wp-content\/uploads\/2025\/02\/Fantasy-Wargames-Terrain-Fantasy-Battlefield-box-2024.png\",\"contentUrl\":\"https:\/\/veaeditori.it\/wp-content\/uploads\/2025\/02\/Fantasy-Wargames-Terrain-Fantasy-Battlefield-box-2024.png\",\"width\":1938,\"height\":1373},{\"@type\":\"BreadcrumbList\",\"@id\":\"https:\/\/veaeditori.it\/product\/fantasy-battlefield\/#breadcrumb\",\"itemListElement\":[{\"@type\":\"ListItem\",\"position\":1,\"name\":\"Home\",\"item\":\"https:\/\/veaeditori.it\/\"},{\"@type\":\"ListItem\",\"position\":2,\"name\":\"Shop\",\"item\":\"https:\/\/veaeditori.it\/shop\/\"},{\"@type\":\"ListItem\",\"position\":3,\"name\":\"Fantasy Battlefield\"}]},{\"@type\":\"WebSite\",\"@id\":\"https:\/\/veaeditori.it\/#website\",\"url\":\"https:\/\/veaeditori.it\/\",\"name\":\"VEA Editori\",\"description\":\"Italian Wargame Publisher\",\"potentialAction\":[{\"@type\":\"SearchAction\",\"target\":{\"@type\":\"EntryPoint\",\"urlTemplate\":\"https:\/\/veaeditori.it\/?s={search_term_string}\"},\"query-input\":{\"@type\":\"PropertyValueSpecification\",\"valueRequired\":true,\"valueName\":\"search_term_string\"}}],\"inLanguage\":\"en-GB\"}]}<\/script>\n<!-- \/ Yoast SEO plugin. -->","yoast_head_json":{"title":"Fantasy Battlefield - VEA Editori","robots":{"index":"index","follow":"follow","max-snippet":"max-snippet:-1","max-image-preview":"max-image-preview:large","max-video-preview":"max-video-preview:-1"},"canonical":"https:\/\/veaeditori.it\/en\/product\/fantasy-battlefield\/","og_locale":"en_GB","og_type":"article","og_title":"Fantasy Battlefield - VEA Editori","og_description":"FantasyBattlefield","og_url":"https:\/\/veaeditori.it\/en\/product\/fantasy-battlefield\/","og_site_name":"VEA Editori","article_publisher":"https:\/\/www.facebook.com\/veaspaziominiature","article_modified_time":"2025-11-26T08:24:16+00:00","og_image":[{"width":1938,"height":1373,"url":"https:\/\/veaeditori.it\/wp-content\/uploads\/2025\/02\/Fantasy-Wargames-Terrain-Fantasy-Battlefield-box-2024.png","type":"image\/png"}],"twitter_card":"summary_large_image","twitter_misc":{"Estimated reading time":"3 minutes"},"schema":{"@context":"https:\/\/schema.org","@graph":[{"@type":"WebPage","@id":"https:\/\/veaeditori.it\/product\/fantasy-battlefield\/","url":"https:\/\/veaeditori.it\/product\/fantasy-battlefield\/","name":"Fantasy Battlefield - VEA Editori","isPartOf":{"@id":"https:\/\/veaeditori.it\/#website"},"primaryImageOfPage":{"@id":"https:\/\/veaeditori.it\/product\/fantasy-battlefield\/#primaryimage"},"image":{"@id":"https:\/\/veaeditori.it\/product\/fantasy-battlefield\/#primaryimage"},"thumbnailUrl":"https:\/\/veaeditori.it\/wp-content\/uploads\/2025\/02\/Fantasy-Wargames-Terrain-Fantasy-Battlefield-box-2024.png","datePublished":"2025-02-21T14:34:38+00:00","dateModified":"2025-11-26T08:24:16+00:00","breadcrumb":{"@id":"https:\/\/veaeditori.it\/product\/fantasy-battlefield\/#breadcrumb"},"inLanguage":"en-GB","potentialAction":[{"@type":"ReadAction","target":["https:\/\/veaeditori.it\/product\/fantasy-battlefield\/"]}]},{"@type":"ImageObject","inLanguage":"en-GB","@id":"https:\/\/veaeditori.it\/product\/fantasy-battlefield\/#primaryimage","url":"https:\/\/veaeditori.it\/wp-content\/uploads\/2025\/02\/Fantasy-Wargames-Terrain-Fantasy-Battlefield-box-2024.png","contentUrl":"https:\/\/veaeditori.it\/wp-content\/uploads\/2025\/02\/Fantasy-Wargames-Terrain-Fantasy-Battlefield-box-2024.png","width":1938,"height":1373},{"@type":"BreadcrumbList","@id":"https:\/\/veaeditori.it\/product\/fantasy-battlefield\/#breadcrumb","itemListElement":[{"@type":"ListItem","position":1,"name":"Home","item":"https:\/\/veaeditori.it\/"},{"@type":"ListItem","position":2,"name":"Shop","item":"https:\/\/veaeditori.it\/shop\/"},{"@type":"ListItem","position":3,"name":"Fantasy Battlefield"}]},{"@type":"WebSite","@id":"https:\/\/veaeditori.it\/#website","url":"https:\/\/veaeditori.it\/","name":"VEA Editori","description":"Italian Wargame Publisher","potentialAction":[{"@type":"SearchAction","target":{"@type":"EntryPoint","urlTemplate":"https:\/\/veaeditori.it\/?s={search_term_string}"},"query-input":{"@type":"PropertyValueSpecification","valueRequired":true,"valueName":"search_term_string"}}],"inLanguage":"en-GB"}]}},"_links":{"self":[{"href":"https:\/\/veaeditori.it\/en\/wp-json\/wp\/v2\/product\/4059","targetHints":{"allow":["GET"]}}],"collection":[{"href":"https:\/\/veaeditori.it\/en\/wp-json\/wp\/v2\/product"}],"about":[{"href":"https:\/\/veaeditori.it\/en\/wp-json\/wp\/v2\/types\/product"}],"replies":[{"embeddable":true,"href":"https:\/\/veaeditori.it\/en\/wp-json\/wp\/v2\/comments?post=4059"}],"wp:featuredmedia":[{"embeddable":true,"href":"https:\/\/veaeditori.it\/en\/wp-json\/wp\/v2\/media\/4060"}],"wp:attachment":[{"href":"https:\/\/veaeditori.it\/en\/wp-json\/wp\/v2\/media?parent=4059"}],"wp:term":[{"taxonomy":"product_brand","embeddable":true,"href":"https:\/\/veaeditori.it\/en\/wp-json\/wp\/v2\/product_brand?post=4059"},{"taxonomy":"product_cat","embeddable":true,"href":"https:\/\/veaeditori.it\/en\/wp-json\/wp\/v2\/product_cat?post=4059"},{"taxonomy":"product_tag","embeddable":true,"href":"https:\/\/veaeditori.it\/en\/wp-json\/wp\/v2\/product_tag?post=4059"}],"curies":[{"name":"wp","href":"https:\/\/api.w.org\/{rel}","templated":true}]}}