{"id":4065,"date":"2025-02-21T16:40:16","date_gmt":"2025-02-21T14:40:16","guid":{"rendered":"https:\/\/veaeditori.it\/?post_type=product&#038;p=4065"},"modified":"2025-11-13T17:29:49","modified_gmt":"2025-11-13T15:29:49","slug":"northern-settlement","status":"publish","type":"product","link":"https:\/\/veaeditori.it\/en\/product\/northern-settlement\/","title":{"rendered":"Northern Settlement"},"content":{"rendered":"<p>Northern Settlement<\/p>\n<p>Semplici tronchi d&#8217;albero appuntiti sono le difese principali di molti insediamenti lontani e citt\u00e0 remote. Trasformati in case, stalle, sale e mura, questi materiali primitivi hanno un certo fascino e possono essere sorprendentemente resistenti.<br \/>\nQuesta scatola contiene tutto il terreno necessario per un tavolo da gioco completo ambientato in un insediamento di legno nelle pianure, adatto a molti giochi fantasy e storici da 28-35 mm. \u00c8 possibile costruire un insediamento compatto su una piccola tavola da schermaglia o distribuire i pezzi su un tavolo pi\u00f9 grande. Molti dei pezzi sono modulari e possono essere assemblati in qualsiasi combinazione si scelga per ottenere ogni volta una configurazione diversa. I tetti sono rimovibili e gli edifici hanno interni completamente dettagliati.<br \/>\nIl terreno viene fornito piatto su cartoncino ad alta densit\u00e0 di alta qualit\u00e0, stampato a colori su entrambi i lati, quindi non \u00e8 necessario dipingere! Il terreno richiede l&#8217;assemblaggio e alcune parti pi\u00f9 piccole necessitano di colla. Per maggiori dettagli e istruzioni complete, consultare il sito www.battlesystems.co.uk.<\/p>\n<p><strong><u>Contents<\/u><\/strong><\/p>\n<ul>\n<li>6 Buildings\n<ul>\n<li>1 Mead Hall<\/li>\n<li>2 Homesteads<\/li>\n<li>1 Stable Block<\/li>\n<li>2 Lookout Towers<\/li>\n<\/ul>\n<\/li>\n<li>Components include:\n<ul>\n<li>43 Wall Panels<\/li>\n<li>14 Floor Tiles<\/li>\n<li>12 Roof Panels<\/li>\n<li>2 Roof Clips<\/li>\n<li>16 Gable Panels<\/li>\n<li>9 Interior Beams<\/li>\n<li>2 Exterior Beams<\/li>\n<li>12 Canopies<\/li>\n<li>35 Assorted Struts<\/li>\n<li>40 Stone Surround Sections<\/li>\n<li>4 Railings<\/li>\n<li>8 Tower Sides<\/li>\n<li>2 Tower Platforms<\/li>\n<\/ul>\n<\/li>\n<li>11 Palisade Wall Sections<\/li>\n<li>1 Palisade Wall Gate<\/li>\n<li>3 Palisade Platforms<\/li>\n<li>29 Palisade Struts and Supports<\/li>\n<li>8 Fence Sections<\/li>\n<li>8 Ladders<\/li>\n<li>2 Barricades<\/li>\n<li>1 Cart<\/li>\n<li>1 Well<\/li>\n<li>40 Assorted Furniture Pieces<\/li>\n<li>133 Assorted Scatter Components and Accessories<\/li>\n<li>120 Brown Plastic Clips<\/li>\n<\/ul>\n<p><strong><u>\u00a0<\/u><\/strong><\/p>\n<p><strong><u>Packaging Information<\/u><\/strong><\/p>\n<p><u>Front<\/u><\/p>\n<ul>\n<li>556 Pieces<\/li>\n<li>Modular 28-35mm terrain<\/li>\n<li>No painting required<\/li>\n<\/ul>\n<p><u>Back<\/u><\/p>\n<ul>\n<li>Product Code: BSTFWC004<\/li>\n<li>Barcode: 5060660090921<\/li>\n<li>Symbols: <span style=\"text-decoration: line-through;\">0-3<\/span>, 14+<\/li>\n<li>Small Print: This is not a toy. Figures, foliage and gaming mat not included. Contents may vary from those on the packaging. Not suitable for children under 36 months due to small parts. Retain packaging for future reference. Made in China. \u00a9 Battle Systems Ltd 2020.<\/li>\n<\/ul>","protected":false},"excerpt":{"rendered":"<p>Northern Settlement<\/p>","protected":false},"featured_media":4066,"comment_status":"open","ping_status":"closed","template":"","meta":[],"product_brand":[],"product_cat":[93],"product_tag":[],"class_list":{"0":"post-4065","1":"product","2":"type-product","3":"status-publish","4":"has-post-thumbnail","6":"product_cat-fantasy","7":"product_shipping_class-standard","9":"first","10":"instock","11":"shipping-taxable","12":"purchasable","13":"product-type-simple"},"yoast_head":"<!-- This site is optimized with the Yoast SEO plugin v27.2 - https:\/\/yoast.com\/product\/yoast-seo-wordpress\/ -->\n<title>Northern Settlement - VEA Editori<\/title>\n<meta name=\"robots\" content=\"index, follow, max-snippet:-1, max-image-preview:large, max-video-preview:-1\" \/>\n<link rel=\"canonical\" href=\"https:\/\/veaeditori.it\/en\/product\/northern-settlement\/\" \/>\n<meta property=\"og:locale\" content=\"en_GB\" \/>\n<meta property=\"og:type\" content=\"article\" \/>\n<meta property=\"og:title\" content=\"Northern Settlement - VEA Editori\" \/>\n<meta property=\"og:description\" content=\"Northern Settlement\" \/>\n<meta property=\"og:url\" content=\"https:\/\/veaeditori.it\/en\/product\/northern-settlement\/\" \/>\n<meta property=\"og:site_name\" content=\"VEA Editori\" \/>\n<meta property=\"article:publisher\" content=\"https:\/\/www.facebook.com\/veaspaziominiature\" \/>\n<meta property=\"article:modified_time\" content=\"2025-11-13T15:29:49+00:00\" \/>\n<meta property=\"og:image\" content=\"https:\/\/veaeditori.it\/wp-content\/uploads\/2025\/02\/Northern-Settlement-Isometric-Box-2025.png\" \/>\n\t<meta property=\"og:image:width\" content=\"1020\" \/>\n\t<meta property=\"og:image:height\" content=\"638\" \/>\n\t<meta property=\"og:image:type\" content=\"image\/png\" \/>\n<meta name=\"twitter:card\" content=\"summary_large_image\" \/>\n<meta name=\"twitter:label1\" content=\"Estimated reading time\" \/>\n\t<meta name=\"twitter:data1\" content=\"2 minutes\" \/>\n<script type=\"application\/ld+json\" class=\"yoast-schema-graph\">{\"@context\":\"https:\/\/schema.org\",\"@graph\":[{\"@type\":\"WebPage\",\"@id\":\"https:\/\/veaeditori.it\/product\/northern-settlement\/\",\"url\":\"https:\/\/veaeditori.it\/product\/northern-settlement\/\",\"name\":\"Northern Settlement - VEA Editori\",\"isPartOf\":{\"@id\":\"https:\/\/veaeditori.it\/#website\"},\"primaryImageOfPage\":{\"@id\":\"https:\/\/veaeditori.it\/product\/northern-settlement\/#primaryimage\"},\"image\":{\"@id\":\"https:\/\/veaeditori.it\/product\/northern-settlement\/#primaryimage\"},\"thumbnailUrl\":\"https:\/\/veaeditori.it\/wp-content\/uploads\/2025\/02\/Northern-Settlement-Isometric-Box-2025.png\",\"datePublished\":\"2025-02-21T14:40:16+00:00\",\"dateModified\":\"2025-11-13T15:29:49+00:00\",\"breadcrumb\":{\"@id\":\"https:\/\/veaeditori.it\/product\/northern-settlement\/#breadcrumb\"},\"inLanguage\":\"en-GB\",\"potentialAction\":[{\"@type\":\"ReadAction\",\"target\":[\"https:\/\/veaeditori.it\/product\/northern-settlement\/\"]}]},{\"@type\":\"ImageObject\",\"inLanguage\":\"en-GB\",\"@id\":\"https:\/\/veaeditori.it\/product\/northern-settlement\/#primaryimage\",\"url\":\"https:\/\/veaeditori.it\/wp-content\/uploads\/2025\/02\/Northern-Settlement-Isometric-Box-2025.png\",\"contentUrl\":\"https:\/\/veaeditori.it\/wp-content\/uploads\/2025\/02\/Northern-Settlement-Isometric-Box-2025.png\",\"width\":2419,\"height\":1512},{\"@type\":\"BreadcrumbList\",\"@id\":\"https:\/\/veaeditori.it\/product\/northern-settlement\/#breadcrumb\",\"itemListElement\":[{\"@type\":\"ListItem\",\"position\":1,\"name\":\"Home\",\"item\":\"https:\/\/veaeditori.it\/\"},{\"@type\":\"ListItem\",\"position\":2,\"name\":\"Shop\",\"item\":\"https:\/\/veaeditori.it\/shop\/\"},{\"@type\":\"ListItem\",\"position\":3,\"name\":\"Northern Settlement\"}]},{\"@type\":\"WebSite\",\"@id\":\"https:\/\/veaeditori.it\/#website\",\"url\":\"https:\/\/veaeditori.it\/\",\"name\":\"VEA Editori\",\"description\":\"Italian Wargame Publisher\",\"potentialAction\":[{\"@type\":\"SearchAction\",\"target\":{\"@type\":\"EntryPoint\",\"urlTemplate\":\"https:\/\/veaeditori.it\/?s={search_term_string}\"},\"query-input\":{\"@type\":\"PropertyValueSpecification\",\"valueRequired\":true,\"valueName\":\"search_term_string\"}}],\"inLanguage\":\"en-GB\"}]}<\/script>\n<!-- \/ Yoast SEO plugin. -->","yoast_head_json":{"title":"Northern Settlement - VEA Editori","robots":{"index":"index","follow":"follow","max-snippet":"max-snippet:-1","max-image-preview":"max-image-preview:large","max-video-preview":"max-video-preview:-1"},"canonical":"https:\/\/veaeditori.it\/en\/product\/northern-settlement\/","og_locale":"en_GB","og_type":"article","og_title":"Northern Settlement - VEA Editori","og_description":"Northern Settlement","og_url":"https:\/\/veaeditori.it\/en\/product\/northern-settlement\/","og_site_name":"VEA Editori","article_publisher":"https:\/\/www.facebook.com\/veaspaziominiature","article_modified_time":"2025-11-13T15:29:49+00:00","og_image":[{"url":"https:\/\/veaeditori.it\/wp-content\/uploads\/2025\/02\/Northern-Settlement-Isometric-Box-2025.png","width":1020,"height":638,"type":"image\/png"}],"twitter_card":"summary_large_image","twitter_misc":{"Estimated reading time":"2 minutes"},"schema":{"@context":"https:\/\/schema.org","@graph":[{"@type":"WebPage","@id":"https:\/\/veaeditori.it\/product\/northern-settlement\/","url":"https:\/\/veaeditori.it\/product\/northern-settlement\/","name":"Northern Settlement - VEA Editori","isPartOf":{"@id":"https:\/\/veaeditori.it\/#website"},"primaryImageOfPage":{"@id":"https:\/\/veaeditori.it\/product\/northern-settlement\/#primaryimage"},"image":{"@id":"https:\/\/veaeditori.it\/product\/northern-settlement\/#primaryimage"},"thumbnailUrl":"https:\/\/veaeditori.it\/wp-content\/uploads\/2025\/02\/Northern-Settlement-Isometric-Box-2025.png","datePublished":"2025-02-21T14:40:16+00:00","dateModified":"2025-11-13T15:29:49+00:00","breadcrumb":{"@id":"https:\/\/veaeditori.it\/product\/northern-settlement\/#breadcrumb"},"inLanguage":"en-GB","potentialAction":[{"@type":"ReadAction","target":["https:\/\/veaeditori.it\/product\/northern-settlement\/"]}]},{"@type":"ImageObject","inLanguage":"en-GB","@id":"https:\/\/veaeditori.it\/product\/northern-settlement\/#primaryimage","url":"https:\/\/veaeditori.it\/wp-content\/uploads\/2025\/02\/Northern-Settlement-Isometric-Box-2025.png","contentUrl":"https:\/\/veaeditori.it\/wp-content\/uploads\/2025\/02\/Northern-Settlement-Isometric-Box-2025.png","width":2419,"height":1512},{"@type":"BreadcrumbList","@id":"https:\/\/veaeditori.it\/product\/northern-settlement\/#breadcrumb","itemListElement":[{"@type":"ListItem","position":1,"name":"Home","item":"https:\/\/veaeditori.it\/"},{"@type":"ListItem","position":2,"name":"Shop","item":"https:\/\/veaeditori.it\/shop\/"},{"@type":"ListItem","position":3,"name":"Northern Settlement"}]},{"@type":"WebSite","@id":"https:\/\/veaeditori.it\/#website","url":"https:\/\/veaeditori.it\/","name":"VEA Editori","description":"Italian Wargame Publisher","potentialAction":[{"@type":"SearchAction","target":{"@type":"EntryPoint","urlTemplate":"https:\/\/veaeditori.it\/?s={search_term_string}"},"query-input":{"@type":"PropertyValueSpecification","valueRequired":true,"valueName":"search_term_string"}}],"inLanguage":"en-GB"}]}},"_links":{"self":[{"href":"https:\/\/veaeditori.it\/en\/wp-json\/wp\/v2\/product\/4065","targetHints":{"allow":["GET"]}}],"collection":[{"href":"https:\/\/veaeditori.it\/en\/wp-json\/wp\/v2\/product"}],"about":[{"href":"https:\/\/veaeditori.it\/en\/wp-json\/wp\/v2\/types\/product"}],"replies":[{"embeddable":true,"href":"https:\/\/veaeditori.it\/en\/wp-json\/wp\/v2\/comments?post=4065"}],"wp:featuredmedia":[{"embeddable":true,"href":"https:\/\/veaeditori.it\/en\/wp-json\/wp\/v2\/media\/4066"}],"wp:attachment":[{"href":"https:\/\/veaeditori.it\/en\/wp-json\/wp\/v2\/media?parent=4065"}],"wp:term":[{"taxonomy":"product_brand","embeddable":true,"href":"https:\/\/veaeditori.it\/en\/wp-json\/wp\/v2\/product_brand?post=4065"},{"taxonomy":"product_cat","embeddable":true,"href":"https:\/\/veaeditori.it\/en\/wp-json\/wp\/v2\/product_cat?post=4065"},{"taxonomy":"product_tag","embeddable":true,"href":"https:\/\/veaeditori.it\/en\/wp-json\/wp\/v2\/product_tag?post=4065"}],"curies":[{"name":"wp","href":"https:\/\/api.w.org\/{rel}","templated":true}]}}