{"id":4072,"date":"2025-02-21T16:46:46","date_gmt":"2025-02-21T14:46:46","guid":{"rendered":"https:\/\/veaeditori.it\/?post_type=product&#038;p=4072"},"modified":"2025-06-17T18:04:08","modified_gmt":"2025-06-17T16:04:08","slug":"frontier-core-set","status":"publish","type":"product","link":"https:\/\/veaeditori.it\/en\/product\/frontier-core-set\/","title":{"rendered":"Frontier Core Set"},"content":{"rendered":"<h3><span lang=\"EN-GB\">Frontier Core Set<\/span><\/h3>\n<p>All&#8217;estremit\u00e0 della galassia ci sono i mondi marginali, dove gli abitanti si arrangiano con tecnologie arcaiche e a malapena funzionanti in stazioni spaziali fatiscenti e imponenti citt\u00e0 alveare. Questa \u00e8 la Frontiera.<br \/>\nQuesta scatola contiene tutto il necessario per costruire un tavolo da gioco multilivello che copre un&#8217;area di 2&#8242; x 2&#8242; (600 mm x 600 mm), adatto a tutti i giochi di fantascienza da 28-35 mm con un&#8217;atmosfera pi\u00f9 grintosa. Tutti i pezzi sono modulari e possono essere assemblati in qualsiasi combinazione si scelga per ottenere un set-up diverso ogni volta. Il set pu\u00f2 essere ampliato con altri set della gamma di terreni Battle Systems.<br \/>\nIl terreno viene fornito piatto su cartoncino ad alta densit\u00e0 di alta qualit\u00e0, stampato a colori su entrambi i lati, quindi non \u00e8 necessario dipingerlo! Il terreno richiede l&#8217;assemblaggio e alcune parti pi\u00f9 piccole necessitano di colla. Per maggiori dettagli e istruzioni complete, consultare il sito www.battlesystems.co.uk\/tutorials.html.<\/p>\n<p><strong><u>Contents<\/u><\/strong><\/p>\n<ul>\n<li>1 Printed Neoprene Gaming Mat 2&#8242; x 2&#8242; \/ 600mm x 600mm<\/li>\n<li>54 Assorted Walls\n<ul>\n<li>30 Standard Walls<\/li>\n<li>12 Hatchway Walls &amp; Doors<\/li>\n<li>9 Half Walls<\/li>\n<li>3 Half Wall Hatchways &amp; Doors<\/li>\n<\/ul>\n<\/li>\n<li>1 Large Roof\/Floor Tile<\/li>\n<li>6 Small Roof\/Floor Tiles<\/li>\n<li>12 Struts<\/li>\n<li>3 Ladders<\/li>\n<li>6 Arc Struts<\/li>\n<li>7 Assorted Gantries<\/li>\n<li>27 Assorted Railings<\/li>\n<li>3 Grav-Elevators<\/li>\n<li>3 Staircases<\/li>\n<li>2 CO<sub>2<\/sub> Scrubbers<\/li>\n<li>2 Conduits<\/li>\n<li>3 Storage Lockers<\/li>\n<li>1 Wide Arc Doorway<\/li>\n<li>1 Wide Airlock Door<\/li>\n<li>2 Arc Doorways<\/li>\n<li>1 Airlock Door<\/li>\n<li>1 Force Field Door<\/li>\n<li>2 Large Wall Displays<\/li>\n<li>4 Large Cargo Crates<\/li>\n<li>4 Small Cargo Crates<\/li>\n<li>3 Consoles<\/li>\n<li>1 Command Table<\/li>\n<li>2 Control Panels<\/li>\n<li>5 Assorted Chairs<\/li>\n<li>3 Wall Lockers<\/li>\n<li>3 Work Stations<\/li>\n<li>1 Reactor Chamber<\/li>\n<li>2 Bunks<\/li>\n<li>43 Assorted Scatter Components<\/li>\n<li>120 Plastic Clips<\/li>\n<\/ul>\n<p><strong><u>Additional Information<\/u><\/strong><\/p>\n<ul>\n<li>329 Pieces<\/li>\n<li>Compatible with Core Space, the Sci-fi Miniatures Game<\/li>\n<li>Product Code: BSTSFC001<\/li>\n<li>Barcode: 5060660090136<\/li>\n<li>Symbols: <span style=\"text-decoration: line-through;\">0-3<\/span>, 14+<\/li>\n<li>Small Print: This is not a toy. Figures not included. Contents may vary from those on the packaging. Not suitable for children under 36 months due to small parts. Retain packaging for future reference. Made in China. Core Space and all associated characters, names, places and things are \u2122 and \u00a9 Battle Systems Ltd 2019.<\/li>\n<\/ul>\n<p>&nbsp;<\/p>","protected":false},"excerpt":{"rendered":"<h3><span lang=\"EN-GB\">Frontier Core Set<\/span><\/h3>","protected":false},"featured_media":4073,"comment_status":"open","ping_status":"closed","template":"","meta":[],"product_brand":[],"product_cat":[157],"product_tag":[],"class_list":{"0":"post-4072","1":"product","2":"type-product","3":"status-publish","4":"has-post-thumbnail","6":"product_cat-terrenicorespace","7":"product_shipping_class-standard","9":"first","10":"instock","11":"shipping-taxable","12":"purchasable","13":"product-type-simple"},"yoast_head":"<!-- This site is optimized with the Yoast SEO plugin v27.2 - https:\/\/yoast.com\/product\/yoast-seo-wordpress\/ -->\n<title>Frontier Core Set - VEA Editori<\/title>\n<meta name=\"robots\" content=\"index, follow, max-snippet:-1, max-image-preview:large, max-video-preview:-1\" \/>\n<link rel=\"canonical\" href=\"https:\/\/veaeditori.it\/en\/product\/frontier-core-set\/\" \/>\n<meta property=\"og:locale\" content=\"en_GB\" \/>\n<meta property=\"og:type\" content=\"article\" \/>\n<meta property=\"og:title\" content=\"Frontier Core Set - VEA Editori\" \/>\n<meta property=\"og:description\" content=\"Frontier Core Set\" \/>\n<meta property=\"og:url\" content=\"https:\/\/veaeditori.it\/en\/product\/frontier-core-set\/\" \/>\n<meta property=\"og:site_name\" content=\"VEA Editori\" \/>\n<meta property=\"article:publisher\" content=\"https:\/\/www.facebook.com\/veaspaziominiature\" \/>\n<meta property=\"article:modified_time\" content=\"2025-06-17T16:04:08+00:00\" \/>\n<meta property=\"og:image\" content=\"https:\/\/veaeditori.it\/wp-content\/uploads\/2025\/02\/Frontier-Core-Isometric-Box-2024.png\" \/>\n\t<meta property=\"og:image:width\" content=\"2419\" \/>\n\t<meta property=\"og:image:height\" content=\"1512\" \/>\n\t<meta property=\"og:image:type\" content=\"image\/png\" \/>\n<meta name=\"twitter:card\" content=\"summary_large_image\" \/>\n<meta name=\"twitter:label1\" content=\"Estimated reading time\" \/>\n\t<meta name=\"twitter:data1\" content=\"3 minutes\" \/>\n<script type=\"application\/ld+json\" class=\"yoast-schema-graph\">{\"@context\":\"https:\/\/schema.org\",\"@graph\":[{\"@type\":\"WebPage\",\"@id\":\"https:\/\/veaeditori.it\/product\/frontier-core-set\/\",\"url\":\"https:\/\/veaeditori.it\/product\/frontier-core-set\/\",\"name\":\"Frontier Core Set - VEA Editori\",\"isPartOf\":{\"@id\":\"https:\/\/veaeditori.it\/#website\"},\"primaryImageOfPage\":{\"@id\":\"https:\/\/veaeditori.it\/product\/frontier-core-set\/#primaryimage\"},\"image\":{\"@id\":\"https:\/\/veaeditori.it\/product\/frontier-core-set\/#primaryimage\"},\"thumbnailUrl\":\"https:\/\/veaeditori.it\/wp-content\/uploads\/2025\/02\/Frontier-Core-Isometric-Box-2024.png\",\"datePublished\":\"2025-02-21T14:46:46+00:00\",\"dateModified\":\"2025-06-17T16:04:08+00:00\",\"breadcrumb\":{\"@id\":\"https:\/\/veaeditori.it\/product\/frontier-core-set\/#breadcrumb\"},\"inLanguage\":\"en-GB\",\"potentialAction\":[{\"@type\":\"ReadAction\",\"target\":[\"https:\/\/veaeditori.it\/product\/frontier-core-set\/\"]}]},{\"@type\":\"ImageObject\",\"inLanguage\":\"en-GB\",\"@id\":\"https:\/\/veaeditori.it\/product\/frontier-core-set\/#primaryimage\",\"url\":\"https:\/\/veaeditori.it\/wp-content\/uploads\/2025\/02\/Frontier-Core-Isometric-Box-2024.png\",\"contentUrl\":\"https:\/\/veaeditori.it\/wp-content\/uploads\/2025\/02\/Frontier-Core-Isometric-Box-2024.png\",\"width\":2419,\"height\":1512},{\"@type\":\"BreadcrumbList\",\"@id\":\"https:\/\/veaeditori.it\/product\/frontier-core-set\/#breadcrumb\",\"itemListElement\":[{\"@type\":\"ListItem\",\"position\":1,\"name\":\"Home\",\"item\":\"https:\/\/veaeditori.it\/\"},{\"@type\":\"ListItem\",\"position\":2,\"name\":\"Shop\",\"item\":\"https:\/\/veaeditori.it\/shop\/\"},{\"@type\":\"ListItem\",\"position\":3,\"name\":\"Frontier Core Set\"}]},{\"@type\":\"WebSite\",\"@id\":\"https:\/\/veaeditori.it\/#website\",\"url\":\"https:\/\/veaeditori.it\/\",\"name\":\"VEA Editori\",\"description\":\"Italian Wargame Publisher\",\"potentialAction\":[{\"@type\":\"SearchAction\",\"target\":{\"@type\":\"EntryPoint\",\"urlTemplate\":\"https:\/\/veaeditori.it\/?s={search_term_string}\"},\"query-input\":{\"@type\":\"PropertyValueSpecification\",\"valueRequired\":true,\"valueName\":\"search_term_string\"}}],\"inLanguage\":\"en-GB\"}]}<\/script>\n<!-- \/ Yoast SEO plugin. -->","yoast_head_json":{"title":"Frontier Core Set - VEA Editori","robots":{"index":"index","follow":"follow","max-snippet":"max-snippet:-1","max-image-preview":"max-image-preview:large","max-video-preview":"max-video-preview:-1"},"canonical":"https:\/\/veaeditori.it\/en\/product\/frontier-core-set\/","og_locale":"en_GB","og_type":"article","og_title":"Frontier Core Set - VEA Editori","og_description":"Frontier Core Set","og_url":"https:\/\/veaeditori.it\/en\/product\/frontier-core-set\/","og_site_name":"VEA Editori","article_publisher":"https:\/\/www.facebook.com\/veaspaziominiature","article_modified_time":"2025-06-17T16:04:08+00:00","og_image":[{"width":2419,"height":1512,"url":"https:\/\/veaeditori.it\/wp-content\/uploads\/2025\/02\/Frontier-Core-Isometric-Box-2024.png","type":"image\/png"}],"twitter_card":"summary_large_image","twitter_misc":{"Estimated reading time":"3 minutes"},"schema":{"@context":"https:\/\/schema.org","@graph":[{"@type":"WebPage","@id":"https:\/\/veaeditori.it\/product\/frontier-core-set\/","url":"https:\/\/veaeditori.it\/product\/frontier-core-set\/","name":"Frontier Core Set - VEA Editori","isPartOf":{"@id":"https:\/\/veaeditori.it\/#website"},"primaryImageOfPage":{"@id":"https:\/\/veaeditori.it\/product\/frontier-core-set\/#primaryimage"},"image":{"@id":"https:\/\/veaeditori.it\/product\/frontier-core-set\/#primaryimage"},"thumbnailUrl":"https:\/\/veaeditori.it\/wp-content\/uploads\/2025\/02\/Frontier-Core-Isometric-Box-2024.png","datePublished":"2025-02-21T14:46:46+00:00","dateModified":"2025-06-17T16:04:08+00:00","breadcrumb":{"@id":"https:\/\/veaeditori.it\/product\/frontier-core-set\/#breadcrumb"},"inLanguage":"en-GB","potentialAction":[{"@type":"ReadAction","target":["https:\/\/veaeditori.it\/product\/frontier-core-set\/"]}]},{"@type":"ImageObject","inLanguage":"en-GB","@id":"https:\/\/veaeditori.it\/product\/frontier-core-set\/#primaryimage","url":"https:\/\/veaeditori.it\/wp-content\/uploads\/2025\/02\/Frontier-Core-Isometric-Box-2024.png","contentUrl":"https:\/\/veaeditori.it\/wp-content\/uploads\/2025\/02\/Frontier-Core-Isometric-Box-2024.png","width":2419,"height":1512},{"@type":"BreadcrumbList","@id":"https:\/\/veaeditori.it\/product\/frontier-core-set\/#breadcrumb","itemListElement":[{"@type":"ListItem","position":1,"name":"Home","item":"https:\/\/veaeditori.it\/"},{"@type":"ListItem","position":2,"name":"Shop","item":"https:\/\/veaeditori.it\/shop\/"},{"@type":"ListItem","position":3,"name":"Frontier Core Set"}]},{"@type":"WebSite","@id":"https:\/\/veaeditori.it\/#website","url":"https:\/\/veaeditori.it\/","name":"VEA Editori","description":"Italian Wargame Publisher","potentialAction":[{"@type":"SearchAction","target":{"@type":"EntryPoint","urlTemplate":"https:\/\/veaeditori.it\/?s={search_term_string}"},"query-input":{"@type":"PropertyValueSpecification","valueRequired":true,"valueName":"search_term_string"}}],"inLanguage":"en-GB"}]}},"_links":{"self":[{"href":"https:\/\/veaeditori.it\/en\/wp-json\/wp\/v2\/product\/4072","targetHints":{"allow":["GET"]}}],"collection":[{"href":"https:\/\/veaeditori.it\/en\/wp-json\/wp\/v2\/product"}],"about":[{"href":"https:\/\/veaeditori.it\/en\/wp-json\/wp\/v2\/types\/product"}],"replies":[{"embeddable":true,"href":"https:\/\/veaeditori.it\/en\/wp-json\/wp\/v2\/comments?post=4072"}],"wp:featuredmedia":[{"embeddable":true,"href":"https:\/\/veaeditori.it\/en\/wp-json\/wp\/v2\/media\/4073"}],"wp:attachment":[{"href":"https:\/\/veaeditori.it\/en\/wp-json\/wp\/v2\/media?parent=4072"}],"wp:term":[{"taxonomy":"product_brand","embeddable":true,"href":"https:\/\/veaeditori.it\/en\/wp-json\/wp\/v2\/product_brand?post=4072"},{"taxonomy":"product_cat","embeddable":true,"href":"https:\/\/veaeditori.it\/en\/wp-json\/wp\/v2\/product_cat?post=4072"},{"taxonomy":"product_tag","embeddable":true,"href":"https:\/\/veaeditori.it\/en\/wp-json\/wp\/v2\/product_tag?post=4072"}],"curies":[{"name":"wp","href":"https:\/\/api.w.org\/{rel}","templated":true}]}}