{"id":4180,"date":"2025-03-25T13:06:08","date_gmt":"2025-03-25T11:06:08","guid":{"rendered":"https:\/\/veaeditori.it\/?post_type=product&#038;p=4180"},"modified":"2025-11-24T10:30:21","modified_gmt":"2025-11-24T08:30:21","slug":"risen-sun-starter-set-2-giocatori","status":"publish","type":"product","link":"https:\/\/veaeditori.it\/en\/product\/risen-sun-starter-set-2-giocatori\/","title":{"rendered":"Risen Sun &#8211; Starter Set 2 Giocatori"},"content":{"rendered":"<h1 id=\"page-title\">Risen Sun &#8211; Starter Set 2 Giocatori<\/h1>\n<p>Bushido \u00e8 un gioco di battaglie selvagge, di astuti stratagemmi e di difese all&#8217;ultimo respiro, dove i debiti d&#8217;onore si pagano con il sangue. Nel Bushido, il destino del mondo non \u00e8 affidato agli eserciti ma ai singoli eroi, persone dalle capacit\u00e0 straordinarie, in sintonia con la forza vitale onnipermeante nota come Ki. Questa forza \u00e8 il tessuto dell&#8217;universo del Bushido e coloro che hanno un addestramento adeguato o un talento naturale possono attingere a questa fonte di energia e acquisire poteri apparentemente sovrumani. Nel mondo del Bushido, il delicato arazzo del Ki &#8211; e quindi l&#8217;universo stesso &#8211; \u00e8 minacciato dalle forze dello squilibrio, e spetta a voi proteggerlo &#8211; o contribuire a farlo a pezzi. In un gioco di Bushido \u00e8 in gioco niente di meno che il destino dell&#8217;universo. Siete pronti per la sfida della Via del Guerriero?<\/p>\n<div>La scatola contiene:<\/div>\n<div><\/div>\n<div>10 miniature e basette<\/div>\n<div>30 carte a colori in Inglese<\/div>\n<div>30 carte a colori in Italiano<\/div>\n<div>1 set di segnalini<\/div>\n<div>1 libretto di regole In Italiano<\/div>\n<div>(a colori, in formato A5)<\/div>\n<div><\/div>\n<div>Nota: questo prodotto \u00e8 realizzato in resina.<\/div>\n<div>Miniature fornite non dipinte<\/div>","protected":false},"excerpt":{"rendered":"<p>Risen Sun &#8211; Starter Set 2 Giocatori<\/p>","protected":false},"featured_media":4181,"comment_status":"open","ping_status":"closed","template":"","meta":[],"product_brand":[],"product_cat":[196],"product_tag":[],"class_list":{"0":"post-4180","1":"product","2":"type-product","3":"status-publish","4":"has-post-thumbnail","6":"product_cat-bushido","7":"product_shipping_class-standard","9":"first","10":"outofstock","11":"shipping-taxable","12":"purchasable","13":"product-type-simple"},"yoast_head":"<!-- This site is optimized with the Yoast SEO plugin v27.3 - https:\/\/yoast.com\/product\/yoast-seo-wordpress\/ -->\n<title>Risen Sun - Starter Set 2 Giocatori - VEA Editori<\/title>\n<meta name=\"description\" content=\"Risen Sun - Starter Set 2 Giocatori il perfetto modo di iniziare Bushido RIsen Sun, te ed un tuo amico fiondatevi nel magico mondo di Bushido\" \/>\n<meta name=\"robots\" content=\"index, follow, max-snippet:-1, max-image-preview:large, max-video-preview:-1\" \/>\n<link rel=\"canonical\" href=\"https:\/\/veaeditori.it\/en\/product\/risen-sun-starter-set-2-giocatori\/\" \/>\n<meta property=\"og:locale\" content=\"en_GB\" \/>\n<meta property=\"og:type\" content=\"article\" \/>\n<meta property=\"og:title\" content=\"Risen Sun - Starter Set 2 Giocatori - VEA Editori\" \/>\n<meta property=\"og:description\" content=\"Risen Sun - Starter Set 2 Giocatori il perfetto modo di iniziare Bushido RIsen Sun, te ed un tuo amico fiondatevi nel magico mondo di Bushido\" \/>\n<meta property=\"og:url\" content=\"https:\/\/veaeditori.it\/en\/product\/risen-sun-starter-set-2-giocatori\/\" \/>\n<meta property=\"og:site_name\" content=\"VEA Editori\" \/>\n<meta property=\"article:publisher\" content=\"https:\/\/www.facebook.com\/veaspaziominiature\" \/>\n<meta property=\"article:modified_time\" content=\"2025-11-24T08:30:21+00:00\" \/>\n<meta property=\"og:image\" content=\"https:\/\/veaeditori.it\/wp-content\/uploads\/2025\/03\/BushidoStarterSet-1.jpg\" \/>\n\t<meta property=\"og:image:width\" content=\"2480\" \/>\n\t<meta property=\"og:image:height\" content=\"1254\" \/>\n\t<meta property=\"og:image:type\" content=\"image\/jpeg\" \/>\n<meta name=\"twitter:card\" content=\"summary_large_image\" \/>\n<meta name=\"twitter:label1\" content=\"Estimated reading time\" \/>\n\t<meta name=\"twitter:data1\" content=\"2 minutes\" \/>\n<script type=\"application\/ld+json\" class=\"yoast-schema-graph\">{\"@context\":\"https:\\\/\\\/schema.org\",\"@graph\":[{\"@type\":\"WebPage\",\"@id\":\"https:\\\/\\\/veaeditori.it\\\/product\\\/risen-sun-starter-set-2-giocatori\\\/\",\"url\":\"https:\\\/\\\/veaeditori.it\\\/product\\\/risen-sun-starter-set-2-giocatori\\\/\",\"name\":\"Risen Sun - Starter Set 2 Giocatori - VEA Editori\",\"isPartOf\":{\"@id\":\"https:\\\/\\\/veaeditori.it\\\/#website\"},\"primaryImageOfPage\":{\"@id\":\"https:\\\/\\\/veaeditori.it\\\/product\\\/risen-sun-starter-set-2-giocatori\\\/#primaryimage\"},\"image\":{\"@id\":\"https:\\\/\\\/veaeditori.it\\\/product\\\/risen-sun-starter-set-2-giocatori\\\/#primaryimage\"},\"thumbnailUrl\":\"https:\\\/\\\/veaeditori.it\\\/wp-content\\\/uploads\\\/2025\\\/03\\\/BushidoStarterSet-1.jpg\",\"datePublished\":\"2025-03-25T11:06:08+00:00\",\"dateModified\":\"2025-11-24T08:30:21+00:00\",\"description\":\"Risen Sun - Starter Set 2 Giocatori il perfetto modo di iniziare Bushido RIsen Sun, te ed un tuo amico fiondatevi nel magico mondo di Bushido\",\"breadcrumb\":{\"@id\":\"https:\\\/\\\/veaeditori.it\\\/product\\\/risen-sun-starter-set-2-giocatori\\\/#breadcrumb\"},\"inLanguage\":\"en-GB\",\"potentialAction\":[{\"@type\":\"ReadAction\",\"target\":[\"https:\\\/\\\/veaeditori.it\\\/product\\\/risen-sun-starter-set-2-giocatori\\\/\"]}]},{\"@type\":\"ImageObject\",\"inLanguage\":\"en-GB\",\"@id\":\"https:\\\/\\\/veaeditori.it\\\/product\\\/risen-sun-starter-set-2-giocatori\\\/#primaryimage\",\"url\":\"https:\\\/\\\/veaeditori.it\\\/wp-content\\\/uploads\\\/2025\\\/03\\\/BushidoStarterSet-1.jpg\",\"contentUrl\":\"https:\\\/\\\/veaeditori.it\\\/wp-content\\\/uploads\\\/2025\\\/03\\\/BushidoStarterSet-1.jpg\",\"width\":2480,\"height\":1254},{\"@type\":\"BreadcrumbList\",\"@id\":\"https:\\\/\\\/veaeditori.it\\\/product\\\/risen-sun-starter-set-2-giocatori\\\/#breadcrumb\",\"itemListElement\":[{\"@type\":\"ListItem\",\"position\":1,\"name\":\"Home\",\"item\":\"https:\\\/\\\/veaeditori.it\\\/\"},{\"@type\":\"ListItem\",\"position\":2,\"name\":\"Shop\",\"item\":\"https:\\\/\\\/veaeditori.it\\\/shop\\\/\"},{\"@type\":\"ListItem\",\"position\":3,\"name\":\"Risen Sun &#8211; Starter Set 2 Giocatori\"}]},{\"@type\":\"WebSite\",\"@id\":\"https:\\\/\\\/veaeditori.it\\\/#website\",\"url\":\"https:\\\/\\\/veaeditori.it\\\/\",\"name\":\"VEA Editori\",\"description\":\"Italian Wargame Publisher\",\"potentialAction\":[{\"@type\":\"SearchAction\",\"target\":{\"@type\":\"EntryPoint\",\"urlTemplate\":\"https:\\\/\\\/veaeditori.it\\\/?s={search_term_string}\"},\"query-input\":{\"@type\":\"PropertyValueSpecification\",\"valueRequired\":true,\"valueName\":\"search_term_string\"}}],\"inLanguage\":\"en-GB\"}]}<\/script>\n<!-- \/ Yoast SEO plugin. -->","yoast_head_json":{"title":"Risen Sun - Starter Set 2 Giocatori - VEA Editori","description":"Risen Sun - Starter Set 2 Giocatori il perfetto modo di iniziare Bushido RIsen Sun, te ed un tuo amico fiondatevi nel magico mondo di Bushido","robots":{"index":"index","follow":"follow","max-snippet":"max-snippet:-1","max-image-preview":"max-image-preview:large","max-video-preview":"max-video-preview:-1"},"canonical":"https:\/\/veaeditori.it\/en\/product\/risen-sun-starter-set-2-giocatori\/","og_locale":"en_GB","og_type":"article","og_title":"Risen Sun - Starter Set 2 Giocatori - VEA Editori","og_description":"Risen Sun - Starter Set 2 Giocatori il perfetto modo di iniziare Bushido RIsen Sun, te ed un tuo amico fiondatevi nel magico mondo di Bushido","og_url":"https:\/\/veaeditori.it\/en\/product\/risen-sun-starter-set-2-giocatori\/","og_site_name":"VEA Editori","article_publisher":"https:\/\/www.facebook.com\/veaspaziominiature","article_modified_time":"2025-11-24T08:30:21+00:00","og_image":[{"width":2480,"height":1254,"url":"https:\/\/veaeditori.it\/wp-content\/uploads\/2025\/03\/BushidoStarterSet-1.jpg","type":"image\/jpeg"}],"twitter_card":"summary_large_image","twitter_misc":{"Estimated reading time":"2 minutes"},"schema":{"@context":"https:\/\/schema.org","@graph":[{"@type":"WebPage","@id":"https:\/\/veaeditori.it\/product\/risen-sun-starter-set-2-giocatori\/","url":"https:\/\/veaeditori.it\/product\/risen-sun-starter-set-2-giocatori\/","name":"Risen Sun - Starter Set 2 Giocatori - VEA Editori","isPartOf":{"@id":"https:\/\/veaeditori.it\/#website"},"primaryImageOfPage":{"@id":"https:\/\/veaeditori.it\/product\/risen-sun-starter-set-2-giocatori\/#primaryimage"},"image":{"@id":"https:\/\/veaeditori.it\/product\/risen-sun-starter-set-2-giocatori\/#primaryimage"},"thumbnailUrl":"https:\/\/veaeditori.it\/wp-content\/uploads\/2025\/03\/BushidoStarterSet-1.jpg","datePublished":"2025-03-25T11:06:08+00:00","dateModified":"2025-11-24T08:30:21+00:00","description":"Risen Sun - Starter Set 2 Giocatori il perfetto modo di iniziare Bushido RIsen Sun, te ed un tuo amico fiondatevi nel magico mondo di Bushido","breadcrumb":{"@id":"https:\/\/veaeditori.it\/product\/risen-sun-starter-set-2-giocatori\/#breadcrumb"},"inLanguage":"en-GB","potentialAction":[{"@type":"ReadAction","target":["https:\/\/veaeditori.it\/product\/risen-sun-starter-set-2-giocatori\/"]}]},{"@type":"ImageObject","inLanguage":"en-GB","@id":"https:\/\/veaeditori.it\/product\/risen-sun-starter-set-2-giocatori\/#primaryimage","url":"https:\/\/veaeditori.it\/wp-content\/uploads\/2025\/03\/BushidoStarterSet-1.jpg","contentUrl":"https:\/\/veaeditori.it\/wp-content\/uploads\/2025\/03\/BushidoStarterSet-1.jpg","width":2480,"height":1254},{"@type":"BreadcrumbList","@id":"https:\/\/veaeditori.it\/product\/risen-sun-starter-set-2-giocatori\/#breadcrumb","itemListElement":[{"@type":"ListItem","position":1,"name":"Home","item":"https:\/\/veaeditori.it\/"},{"@type":"ListItem","position":2,"name":"Shop","item":"https:\/\/veaeditori.it\/shop\/"},{"@type":"ListItem","position":3,"name":"Risen Sun &#8211; Starter Set 2 Giocatori"}]},{"@type":"WebSite","@id":"https:\/\/veaeditori.it\/#website","url":"https:\/\/veaeditori.it\/","name":"VEA Editori","description":"Italian Wargame Publisher","potentialAction":[{"@type":"SearchAction","target":{"@type":"EntryPoint","urlTemplate":"https:\/\/veaeditori.it\/?s={search_term_string}"},"query-input":{"@type":"PropertyValueSpecification","valueRequired":true,"valueName":"search_term_string"}}],"inLanguage":"en-GB"}]}},"_links":{"self":[{"href":"https:\/\/veaeditori.it\/en\/wp-json\/wp\/v2\/product\/4180","targetHints":{"allow":["GET"]}}],"collection":[{"href":"https:\/\/veaeditori.it\/en\/wp-json\/wp\/v2\/product"}],"about":[{"href":"https:\/\/veaeditori.it\/en\/wp-json\/wp\/v2\/types\/product"}],"replies":[{"embeddable":true,"href":"https:\/\/veaeditori.it\/en\/wp-json\/wp\/v2\/comments?post=4180"}],"wp:featuredmedia":[{"embeddable":true,"href":"https:\/\/veaeditori.it\/en\/wp-json\/wp\/v2\/media\/4181"}],"wp:attachment":[{"href":"https:\/\/veaeditori.it\/en\/wp-json\/wp\/v2\/media?parent=4180"}],"wp:term":[{"taxonomy":"product_brand","embeddable":true,"href":"https:\/\/veaeditori.it\/en\/wp-json\/wp\/v2\/product_brand?post=4180"},{"taxonomy":"product_cat","embeddable":true,"href":"https:\/\/veaeditori.it\/en\/wp-json\/wp\/v2\/product_cat?post=4180"},{"taxonomy":"product_tag","embeddable":true,"href":"https:\/\/veaeditori.it\/en\/wp-json\/wp\/v2\/product_tag?post=4180"}],"curies":[{"name":"wp","href":"https:\/\/api.w.org\/{rel}","templated":true}]}}