{"id":420,"date":"2022-04-29T19:50:23","date_gmt":"2022-04-29T19:50:23","guid":{"rendered":"http:\/\/veaeditori.it\/?post_type=product&#038;p=420"},"modified":"2025-03-18T23:29:18","modified_gmt":"2025-03-18T21:29:18","slug":"plastic-terrain-clip","status":"publish","type":"product","link":"https:\/\/veaeditori.it\/en\/product\/plastic-terrain-clip\/","title":{"rendered":"Plastic Terrain Clip"},"content":{"rendered":"<p>Questo pacchetto \u00e8 compatibile con tutti i set di terreni di Battle Systems e pu\u00f2 essere utilizzato per aggiungere pi\u00f9 flessibilit\u00e0 alle tue creazioni.<br \/>\nSi prega di consultare www.battlesystems.co.uk per maggiori dettagli e istruzioni complete<\/p>\n<p><text class=\"_textbox_1mqhw_13\" direction=\"ltr\" height=\"9.84771728515625\" lengthadjust=\"spacingAndGlyphs\" textlength=\"40.340160369873\" x=\"36.4305610656738\" y=\"-737.97998046875\" data-test=\"textbox\">Contents <\/text><text class=\"_textbox_1mqhw_13\" direction=\"ltr\" height=\"9.836669921875\" lengthadjust=\"spacingAndGlyphs\" textlength=\"9.85726165771484\" x=\"72.9623947143555\" y=\"-714.820007324219\" data-test=\"textbox\">16<\/text><text class=\"_textbox_1mqhw_13\" direction=\"ltr\" height=\"10.2672119140625\" lengthadjust=\"spacingAndGlyphs\" textlength=\"57.6067123413086\" x=\"86.2103958129883\" y=\"-714.820007324219\" data-test=\"textbox\">Straight Clips, <\/text><text class=\"_textbox_1mqhw_13\" direction=\"ltr\" height=\"9.836669921875\" lengthadjust=\"spacingAndGlyphs\" textlength=\"23.9457550048828\" x=\"72.5759963989258\" y=\"-699.700012207031\" data-test=\"textbox\">32 90<\/text><text class=\"_textbox_1mqhw_13\" direction=\"ltr\" height=\"10.1016235351562\" lengthadjust=\"spacingAndGlyphs\" textlength=\"3.19055938720703\" x=\"96.984001159668\" y=\"-699.700012207031\" data-test=\"textbox\">\u00b0<\/text><text class=\"_textbox_1mqhw_13\" direction=\"ltr\" height=\"10.2672119140625\" lengthadjust=\"spacingAndGlyphs\" textlength=\"53.1355133056641\" x=\"103.618881225586\" y=\"-699.700012207031\" data-test=\"textbox\">Corner Clips, <\/text><text class=\"_textbox_1mqhw_13\" direction=\"ltr\" height=\"9.836669921875\" lengthadjust=\"spacingAndGlyphs\" textlength=\"18.3374404907227\" x=\"72.6422348022461\" y=\"-684.700012207031\" data-test=\"textbox\">20 T<\/text><text class=\"_textbox_1mqhw_13\" direction=\"ltr\" height=\"5.8511962890625\" lengthadjust=\"spacingAndGlyphs\" textlength=\"2.62751770019531\" x=\"91.4793548583984\" y=\"-684.700012207031\" data-test=\"textbox\">&#8211;<\/text><text class=\"_textbox_1mqhw_13\" direction=\"ltr\" height=\"10.2672119140625\" lengthadjust=\"spacingAndGlyphs\" textlength=\"60.5985565185547\" x=\"94.4971160888672\" y=\"-684.700012207031\" data-test=\"textbox\">Junction Clips, <\/text><text class=\"_textbox_1mqhw_13\" direction=\"ltr\" height=\"10.2672119140625\" lengthadjust=\"spacingAndGlyphs\" textlength=\"84.6988906860352\" x=\"72.2779159545898\" y=\"-669.579956054688\" data-test=\"textbox\">4 Intersection Clips, <\/text><text class=\"_textbox_1mqhw_13\" direction=\"ltr\" height=\"9.836669921875\" lengthadjust=\"spacingAndGlyphs\" textlength=\"23.9899215698242\" x=\"72.2779159545898\" y=\"-654.460021972656\" data-test=\"textbox\">4 135<\/text><text class=\"_textbox_1mqhw_13\" direction=\"ltr\" height=\"10.1016235351562\" lengthadjust=\"spacingAndGlyphs\" textlength=\"3.19055938720703\" x=\"96.984001159668\" y=\"-654.460021972656\" data-test=\"textbox\">\u00b0<\/text><text class=\"_textbox_1mqhw_13\" direction=\"ltr\" height=\"10.2672119140625\" lengthadjust=\"spacingAndGlyphs\" textlength=\"53.1355133056641\" x=\"103.618881225586\" y=\"-654.460021972656\" data-test=\"textbox\">Corner Clips, <\/text><text class=\"_textbox_1mqhw_13\" direction=\"ltr\" height=\"10.2672119140625\" lengthadjust=\"spacingAndGlyphs\" textlength=\"67.8960037231445\" x=\"72.2779159545898\" y=\"-639.579956054688\" data-test=\"textbox\">4 Elevator Clips<\/text><\/p>\n<p><text class=\"_textbox_1mqhw_13\" direction=\"ltr\" height=\"10.2672119140625\" lengthadjust=\"spacingAndGlyphs\" textlength=\"46.9089660644531\" x=\"315.551422119141\" y=\"-737.97998046875\" data-test=\"textbox\">Additional <\/text><text class=\"_textbox_1mqhw_13\" direction=\"ltr\" height=\"10.3113403320312\" lengthadjust=\"spacingAndGlyphs\" textlength=\"53.4556884765625\" x=\"366.351745605469\" y=\"-737.97998046875\" data-test=\"textbox\">Information <\/text><text class=\"_textbox_1mqhw_13\" direction=\"ltr\" height=\"9.9139404296875\" lengthadjust=\"spacingAndGlyphs\" textlength=\"40.92529296875\" x=\"351.87158203125\" y=\"-714.820007324219\" data-test=\"textbox\">80 Pieces <\/text><text class=\"_textbox_1mqhw_13\" direction=\"ltr\" height=\"10.2451171875\" lengthadjust=\"spacingAndGlyphs\" textlength=\"65.135986328125\" x=\"352.357360839844\" y=\"-699.700012207031\" data-test=\"textbox\">Product<br \/>\n<\/text><text class=\"_textbox_1mqhw_13\" direction=\"ltr\" height=\"10.2672119140625\" lengthadjust=\"spacingAndGlyphs\" textlength=\"42.3825378417969\" x=\"351.81640625\" y=\"-669.579956054688\" data-test=\"textbox\">Symbols:<\/text><text class=\"_textbox_1mqhw_13\" direction=\"ltr\" height=\"9.836669921875\" lengthadjust=\"spacingAndGlyphs\" textlength=\"4.824462890625\" x=\"394.536407470703\" y=\"-669.579956054688\" data-test=\"textbox\">0<\/text><text class=\"_textbox_1mqhw_13\" direction=\"ltr\" height=\"5.8511962890625\" lengthadjust=\"spacingAndGlyphs\" textlength=\"2.62750244140625\" x=\"400.165374755859\" y=\"-669.579956054688\" data-test=\"textbox\">&#8211;<\/text><text class=\"_textbox_1mqhw_13\" direction=\"ltr\" height=\"9.836669921875\" lengthadjust=\"spacingAndGlyphs\" textlength=\"4.371826171875\" x=\"403.582000732422\" y=\"-669.579956054688\" data-test=\"textbox\">3<\/text><text class=\"_textbox_1mqhw_13\" direction=\"ltr\" height=\"9.78143310546875\" lengthadjust=\"spacingAndGlyphs\" textlength=\"21.3182373046875\" x=\"408.90185546875\" y=\"-669.579956054688\" data-test=\"textbox\">, 14+<br \/>\n<\/text><text class=\"_textbox_1mqhw_13\" direction=\"ltr\" height=\"10.2672119140625\" lengthadjust=\"spacingAndGlyphs\" textlength=\"53.334228515625\" x=\"351.81640625\" y=\"-654.460021972656\" data-test=\"textbox\">Small Print:<\/text><text class=\"_textbox_1mqhw_13\" direction=\"ltr\" height=\"10.2672119140625\" lengthadjust=\"spacingAndGlyphs\" textlength=\"10.3238220214844\" x=\"405.147277832031\" y=\"-654.460021972656\" data-test=\"textbox\">Th<\/text><text class=\"_textbox_1mqhw_13\" direction=\"ltr\" height=\"9.9139404296875\" lengthadjust=\"spacingAndGlyphs\" textlength=\"63.1156921386719\" x=\"416.947601318359\" y=\"-654.460021972656\" data-test=\"textbox\">is is not a toy.<br \/>\n<\/text><text class=\"_textbox_1mqhw_13\" direction=\"ltr\" height=\"9.9139404296875\" lengthadjust=\"spacingAndGlyphs\" textlength=\"51.4463806152344\" x=\"481.027374267578\" y=\"-654.460021972656\" data-test=\"textbox\">Figures not <\/text><text class=\"_textbox_1mqhw_13\" direction=\"ltr\" height=\"10.2672119140625\" lengthadjust=\"spacingAndGlyphs\" textlength=\"42.8241577148438\" x=\"352.147583007812\" y=\"-640.059997558594\" data-test=\"textbox\">included.<br \/>\n<\/text><text class=\"_textbox_1mqhw_13\" direction=\"ltr\" height=\"10.3113403320312\" lengthadjust=\"spacingAndGlyphs\" textlength=\"151.292144775391\" x=\"395.508880615234\" y=\"-640.059997558594\" data-test=\"textbox\">Contents may vary from those on <\/text><text class=\"_textbox_1mqhw_13\" direction=\"ltr\" height=\"10.3113403320312\" lengthadjust=\"spacingAndGlyphs\" textlength=\"207.485778808594\" x=\"351.606628417969\" y=\"-625.539978027344\" data-test=\"textbox\">the packaging. Not suitable for children under <\/text><text class=\"_textbox_1mqhw_13\" direction=\"ltr\" height=\"10.2672119140625\" lengthadjust=\"spacingAndGlyphs\" textlength=\"166.405944824219\" x=\"351.981994628906\" y=\"-611.02001953125\" data-test=\"textbox\">36 months due to small parts. Retain <\/text><text class=\"_textbox_1mqhw_13\" direction=\"ltr\" height=\"10.3113403320312\" lengthadjust=\"spacingAndGlyphs\" textlength=\"180.051391601562\" x=\"352.257995605469\" y=\"-596.619995117188\" data-test=\"textbox\">packaging for future reference. Made in<\/text><text class=\"_textbox_1mqhw_13\" direction=\"ltr\" height=\"10.3113403320312\" lengthadjust=\"spacingAndGlyphs\" textlength=\"150.762237548828\" x=\"351.948883056641\" y=\"-582.220031738281\" data-test=\"textbox\">China. \u00a9 Battle Systems Ltd 2019<\/text><\/p>","protected":false},"excerpt":{"rendered":"<p>Clip in plastica per unire gli scenici, di colore grigio<\/p>","protected":false},"featured_media":414,"comment_status":"open","ping_status":"closed","template":"","meta":[],"product_brand":[],"product_cat":[85,91],"product_tag":[87,63,64],"class_list":{"0":"post-420","1":"product","2":"type-product","3":"status-publish","4":"has-post-thumbnail","6":"product_cat-corespace","7":"product_cat-urban","8":"product_tag-battle-system","9":"product_tag-core-space","10":"product_tag-first-born","11":"product_shipping_class-standard","13":"first","14":"outofstock","15":"shipping-taxable","16":"purchasable","17":"product-type-simple"},"yoast_head":"<!-- This site is optimized with the Yoast SEO plugin v27.3 - https:\/\/yoast.com\/product\/yoast-seo-wordpress\/ -->\n<title>Plastic Terrain Clip - VEA Editori<\/title>\n<meta name=\"robots\" content=\"index, follow, max-snippet:-1, max-image-preview:large, max-video-preview:-1\" \/>\n<link rel=\"canonical\" href=\"https:\/\/veaeditori.it\/en\/prodotto\/plastic-terrain-clip\/\" \/>\n<meta property=\"og:locale\" content=\"en_GB\" \/>\n<meta property=\"og:type\" content=\"article\" \/>\n<meta property=\"og:title\" content=\"Plastic Terrain Clip - VEA Editori\" \/>\n<meta property=\"og:description\" content=\"Clip in plastica per unire gli scenici, di colore grigio\" \/>\n<meta property=\"og:url\" content=\"https:\/\/veaeditori.it\/en\/prodotto\/plastic-terrain-clip\/\" \/>\n<meta property=\"og:site_name\" content=\"VEA Editori\" \/>\n<meta property=\"article:publisher\" content=\"https:\/\/www.facebook.com\/veaspaziominiature\" \/>\n<meta property=\"article:modified_time\" content=\"2025-03-18T21:29:18+00:00\" \/>\n<meta property=\"og:image\" content=\"https:\/\/veaeditori.it\/wp-content\/uploads\/2022\/04\/Terrain-Clips-Contents.png\" \/>\n\t<meta property=\"og:image:width\" content=\"1477\" \/>\n\t<meta property=\"og:image:height\" content=\"1476\" \/>\n\t<meta property=\"og:image:type\" content=\"image\/png\" \/>\n<meta name=\"twitter:card\" content=\"summary_large_image\" \/>\n<script type=\"application\/ld+json\" class=\"yoast-schema-graph\">{\"@context\":\"https:\\\/\\\/schema.org\",\"@graph\":[{\"@type\":\"WebPage\",\"@id\":\"https:\\\/\\\/veaeditori.it\\\/prodotto\\\/plastic-terrain-clip\\\/\",\"url\":\"https:\\\/\\\/veaeditori.it\\\/prodotto\\\/plastic-terrain-clip\\\/\",\"name\":\"Plastic Terrain Clip - VEA Editori\",\"isPartOf\":{\"@id\":\"https:\\\/\\\/veaeditori.it\\\/#website\"},\"primaryImageOfPage\":{\"@id\":\"https:\\\/\\\/veaeditori.it\\\/prodotto\\\/plastic-terrain-clip\\\/#primaryimage\"},\"image\":{\"@id\":\"https:\\\/\\\/veaeditori.it\\\/prodotto\\\/plastic-terrain-clip\\\/#primaryimage\"},\"thumbnailUrl\":\"https:\\\/\\\/veaeditori.it\\\/wp-content\\\/uploads\\\/2022\\\/04\\\/Terrain-Clips-Contents.png\",\"datePublished\":\"2022-04-29T19:50:23+00:00\",\"dateModified\":\"2025-03-18T21:29:18+00:00\",\"breadcrumb\":{\"@id\":\"https:\\\/\\\/veaeditori.it\\\/prodotto\\\/plastic-terrain-clip\\\/#breadcrumb\"},\"inLanguage\":\"en-GB\",\"potentialAction\":[{\"@type\":\"ReadAction\",\"target\":[\"https:\\\/\\\/veaeditori.it\\\/prodotto\\\/plastic-terrain-clip\\\/\"]}]},{\"@type\":\"ImageObject\",\"inLanguage\":\"en-GB\",\"@id\":\"https:\\\/\\\/veaeditori.it\\\/prodotto\\\/plastic-terrain-clip\\\/#primaryimage\",\"url\":\"https:\\\/\\\/veaeditori.it\\\/wp-content\\\/uploads\\\/2022\\\/04\\\/Terrain-Clips-Contents.png\",\"contentUrl\":\"https:\\\/\\\/veaeditori.it\\\/wp-content\\\/uploads\\\/2022\\\/04\\\/Terrain-Clips-Contents.png\",\"width\":1477,\"height\":1476},{\"@type\":\"BreadcrumbList\",\"@id\":\"https:\\\/\\\/veaeditori.it\\\/prodotto\\\/plastic-terrain-clip\\\/#breadcrumb\",\"itemListElement\":[{\"@type\":\"ListItem\",\"position\":1,\"name\":\"Home\",\"item\":\"https:\\\/\\\/veaeditori.it\\\/\"},{\"@type\":\"ListItem\",\"position\":2,\"name\":\"Shop\",\"item\":\"https:\\\/\\\/veaeditori.it\\\/shop\\\/\"},{\"@type\":\"ListItem\",\"position\":3,\"name\":\"Plastic Terrain Clip\"}]},{\"@type\":\"WebSite\",\"@id\":\"https:\\\/\\\/veaeditori.it\\\/#website\",\"url\":\"https:\\\/\\\/veaeditori.it\\\/\",\"name\":\"VEA Editori\",\"description\":\"Italian Wargame Publisher\",\"potentialAction\":[{\"@type\":\"SearchAction\",\"target\":{\"@type\":\"EntryPoint\",\"urlTemplate\":\"https:\\\/\\\/veaeditori.it\\\/?s={search_term_string}\"},\"query-input\":{\"@type\":\"PropertyValueSpecification\",\"valueRequired\":true,\"valueName\":\"search_term_string\"}}],\"inLanguage\":\"en-GB\"}]}<\/script>\n<!-- \/ Yoast SEO plugin. -->","yoast_head_json":{"title":"Plastic Terrain Clip - VEA Editori","robots":{"index":"index","follow":"follow","max-snippet":"max-snippet:-1","max-image-preview":"max-image-preview:large","max-video-preview":"max-video-preview:-1"},"canonical":"https:\/\/veaeditori.it\/en\/prodotto\/plastic-terrain-clip\/","og_locale":"en_GB","og_type":"article","og_title":"Plastic Terrain Clip - VEA Editori","og_description":"Clip in plastica per unire gli scenici, di colore grigio","og_url":"https:\/\/veaeditori.it\/en\/prodotto\/plastic-terrain-clip\/","og_site_name":"VEA Editori","article_publisher":"https:\/\/www.facebook.com\/veaspaziominiature","article_modified_time":"2025-03-18T21:29:18+00:00","og_image":[{"width":1477,"height":1476,"url":"https:\/\/veaeditori.it\/wp-content\/uploads\/2022\/04\/Terrain-Clips-Contents.png","type":"image\/png"}],"twitter_card":"summary_large_image","schema":{"@context":"https:\/\/schema.org","@graph":[{"@type":"WebPage","@id":"https:\/\/veaeditori.it\/prodotto\/plastic-terrain-clip\/","url":"https:\/\/veaeditori.it\/prodotto\/plastic-terrain-clip\/","name":"Plastic Terrain Clip - VEA Editori","isPartOf":{"@id":"https:\/\/veaeditori.it\/#website"},"primaryImageOfPage":{"@id":"https:\/\/veaeditori.it\/prodotto\/plastic-terrain-clip\/#primaryimage"},"image":{"@id":"https:\/\/veaeditori.it\/prodotto\/plastic-terrain-clip\/#primaryimage"},"thumbnailUrl":"https:\/\/veaeditori.it\/wp-content\/uploads\/2022\/04\/Terrain-Clips-Contents.png","datePublished":"2022-04-29T19:50:23+00:00","dateModified":"2025-03-18T21:29:18+00:00","breadcrumb":{"@id":"https:\/\/veaeditori.it\/prodotto\/plastic-terrain-clip\/#breadcrumb"},"inLanguage":"en-GB","potentialAction":[{"@type":"ReadAction","target":["https:\/\/veaeditori.it\/prodotto\/plastic-terrain-clip\/"]}]},{"@type":"ImageObject","inLanguage":"en-GB","@id":"https:\/\/veaeditori.it\/prodotto\/plastic-terrain-clip\/#primaryimage","url":"https:\/\/veaeditori.it\/wp-content\/uploads\/2022\/04\/Terrain-Clips-Contents.png","contentUrl":"https:\/\/veaeditori.it\/wp-content\/uploads\/2022\/04\/Terrain-Clips-Contents.png","width":1477,"height":1476},{"@type":"BreadcrumbList","@id":"https:\/\/veaeditori.it\/prodotto\/plastic-terrain-clip\/#breadcrumb","itemListElement":[{"@type":"ListItem","position":1,"name":"Home","item":"https:\/\/veaeditori.it\/"},{"@type":"ListItem","position":2,"name":"Shop","item":"https:\/\/veaeditori.it\/shop\/"},{"@type":"ListItem","position":3,"name":"Plastic Terrain Clip"}]},{"@type":"WebSite","@id":"https:\/\/veaeditori.it\/#website","url":"https:\/\/veaeditori.it\/","name":"VEA Editori","description":"Italian Wargame Publisher","potentialAction":[{"@type":"SearchAction","target":{"@type":"EntryPoint","urlTemplate":"https:\/\/veaeditori.it\/?s={search_term_string}"},"query-input":{"@type":"PropertyValueSpecification","valueRequired":true,"valueName":"search_term_string"}}],"inLanguage":"en-GB"}]}},"_links":{"self":[{"href":"https:\/\/veaeditori.it\/en\/wp-json\/wp\/v2\/product\/420","targetHints":{"allow":["GET"]}}],"collection":[{"href":"https:\/\/veaeditori.it\/en\/wp-json\/wp\/v2\/product"}],"about":[{"href":"https:\/\/veaeditori.it\/en\/wp-json\/wp\/v2\/types\/product"}],"replies":[{"embeddable":true,"href":"https:\/\/veaeditori.it\/en\/wp-json\/wp\/v2\/comments?post=420"}],"wp:featuredmedia":[{"embeddable":true,"href":"https:\/\/veaeditori.it\/en\/wp-json\/wp\/v2\/media\/414"}],"wp:attachment":[{"href":"https:\/\/veaeditori.it\/en\/wp-json\/wp\/v2\/media?parent=420"}],"wp:term":[{"taxonomy":"product_brand","embeddable":true,"href":"https:\/\/veaeditori.it\/en\/wp-json\/wp\/v2\/product_brand?post=420"},{"taxonomy":"product_cat","embeddable":true,"href":"https:\/\/veaeditori.it\/en\/wp-json\/wp\/v2\/product_cat?post=420"},{"taxonomy":"product_tag","embeddable":true,"href":"https:\/\/veaeditori.it\/en\/wp-json\/wp\/v2\/product_tag?post=420"}],"curies":[{"name":"wp","href":"https:\/\/api.w.org\/{rel}","templated":true}]}}