{"id":4213,"date":"2025-04-07T10:51:45","date_gmt":"2025-04-07T08:51:45","guid":{"rendered":"https:\/\/veaeditori.it\/?post_type=product&#038;p=4213"},"modified":"2026-03-31T11:36:42","modified_gmt":"2026-03-31T09:36:42","slug":"dungeon-archives","status":"publish","type":"product","link":"https:\/\/veaeditori.it\/en\/product\/dungeon-archives\/","title":{"rendered":"Dungeon Archives"},"content":{"rendered":"<h1><span lang=\"EN-GB\">Dungeon Archives<\/span><\/h1>\n<p>Trasformate una parte del vostro Dungeon in una biblioteca per i pi\u00f9 eruditi tra i vostri avventurieri, dove potranno sfogliare pi\u00f9 di cento libri, esaminare l&#8217;orreria o semplicemente saccheggiare il posto in cerca di oggetti di valore! Questo pacchetto trasforma una stanza del vostro dungeon in una biblioteca privata, in un archivio cittadino o nel santuario di un mago. Funziona in combinazione con il resto della gamma Dungeon di Battle Systems.<br \/>\nIl terreno viene fornito piatto su cartoncino ad alta densit\u00e0 di alta qualit\u00e0, stampato a colori su entrambi i lati, quindi non \u00e8 necessario dipingerlo! Il terreno richiede l&#8217;assemblaggio e alcune parti pi\u00f9 piccole necessitano di colla. Per maggiori dettagli e istruzioni complete, consultare il sito www.battlesystems.co.uk.<br \/>\nPer l&#8217;assemblaggio \u00e8 necessario il Battle Systems Fantasy Dungeon.<\/p>\n<p><strong><u>Contents<\/u><\/strong><\/p>\n<ul>\n<li>1 Orrery<\/li>\n<li>2 Single-sided Bookcases<\/li>\n<li>2 Double-sided Bookcases<\/li>\n<li>1 Desk<\/li>\n<li>3 Tables<\/li>\n<li>6 Chairs<\/li>\n<li>4 Long Railings<\/li>\n<li>4 Short Railings<\/li>\n<li>1 Library Ladder<\/li>\n<li>3 Rugs<\/li>\n<li>Fork Handles<\/li>\n<li>102 Books<\/li>\n<li>12 Assorted Scatter Components and Accessories<strong><u><br \/>\nAdditional Information<\/u><\/strong><\/li>\n<li>145 Pieces<\/li>\n<li>Compatible with Maladum<\/li>\n<li>Product Code: BSTFDE005<\/li>\n<li>Barcode: 5060660091126<\/li>\n<li>Symbols: 14+<\/li>\n<li>Small Print:\n<ul>\n<li>Manufactured by Battle Systems Ltd, Suite B, Fairgate House, 205 Kings Road, Tyseley, Birmingham, B11 2AA, UK. This is not a toy. Contents may vary from those on the packaging. Not suitable for children under 36 months due to small parts. Retain packaging for future reference. Made in China. Maladum and all associated characters, names, places and things are \u2122 and \u00a9 Battle Systems Ltd 2023.<\/li>\n<li>Vertrieb in Deutschland durch Happyshops GmbH, Schokholtzstr. 6, D-06217 Merseburg. Dies ist kein Spielzeug.<\/li>\n<\/ul>\n<\/li>\n<\/ul>\n<p>&nbsp;<\/p>","protected":false},"excerpt":{"rendered":"<p><span lang=\"EN-GB\">Dungeon Archives<\/span><\/p>","protected":false},"featured_media":4214,"comment_status":"open","ping_status":"closed","template":"","meta":[],"product_brand":[],"product_cat":[147],"product_tag":[],"class_list":{"0":"post-4213","1":"product","2":"type-product","3":"status-publish","4":"has-post-thumbnail","6":"product_cat-terreni","7":"product_shipping_class-standard","9":"first","10":"outofstock","11":"shipping-taxable","12":"purchasable","13":"product-type-simple"},"yoast_head":"<!-- This site is optimized with the Yoast SEO plugin v27.2 - https:\/\/yoast.com\/product\/yoast-seo-wordpress\/ -->\n<title>Dungeon Archives - VEA Editori<\/title>\n<meta name=\"description\" content=\"Dungeon Archives. trasforma i tuoi terreni in una biblioteca, compatibile con fantasy dungeon e altri terreni battle system\" \/>\n<meta name=\"robots\" content=\"index, follow, max-snippet:-1, max-image-preview:large, max-video-preview:-1\" \/>\n<link rel=\"canonical\" href=\"https:\/\/veaeditori.it\/en\/product\/dungeon-archives\/\" \/>\n<meta property=\"og:locale\" content=\"en_GB\" \/>\n<meta property=\"og:type\" content=\"article\" \/>\n<meta property=\"og:title\" content=\"Dungeon Archives - VEA Editori\" \/>\n<meta property=\"og:description\" content=\"Dungeon Archives. trasforma i tuoi terreni in una biblioteca, compatibile con fantasy dungeon e altri terreni battle system\" \/>\n<meta property=\"og:url\" content=\"https:\/\/veaeditori.it\/en\/product\/dungeon-archives\/\" \/>\n<meta property=\"og:site_name\" content=\"VEA Editori\" \/>\n<meta property=\"article:publisher\" content=\"https:\/\/www.facebook.com\/veaspaziominiature\" \/>\n<meta property=\"article:modified_time\" content=\"2026-03-31T09:36:42+00:00\" \/>\n<meta property=\"og:image\" content=\"https:\/\/veaeditori.it\/wp-content\/uploads\/2025\/04\/Dungeon-Archives-Packaging-scaled.jpg\" \/>\n\t<meta property=\"og:image:width\" content=\"2560\" \/>\n\t<meta property=\"og:image:height\" content=\"1807\" \/>\n\t<meta property=\"og:image:type\" content=\"image\/jpeg\" \/>\n<meta name=\"twitter:card\" content=\"summary_large_image\" \/>\n<meta name=\"twitter:label1\" content=\"Estimated reading time\" \/>\n\t<meta name=\"twitter:data1\" content=\"2 minutes\" \/>\n<script type=\"application\/ld+json\" class=\"yoast-schema-graph\">{\"@context\":\"https:\/\/schema.org\",\"@graph\":[{\"@type\":\"WebPage\",\"@id\":\"https:\/\/veaeditori.it\/product\/dungeon-archives\/\",\"url\":\"https:\/\/veaeditori.it\/product\/dungeon-archives\/\",\"name\":\"Dungeon Archives - VEA Editori\",\"isPartOf\":{\"@id\":\"https:\/\/veaeditori.it\/#website\"},\"primaryImageOfPage\":{\"@id\":\"https:\/\/veaeditori.it\/product\/dungeon-archives\/#primaryimage\"},\"image\":{\"@id\":\"https:\/\/veaeditori.it\/product\/dungeon-archives\/#primaryimage\"},\"thumbnailUrl\":\"https:\/\/veaeditori.it\/wp-content\/uploads\/2025\/04\/Dungeon-Archives-Packaging-scaled.jpg\",\"datePublished\":\"2025-04-07T08:51:45+00:00\",\"dateModified\":\"2026-03-31T09:36:42+00:00\",\"description\":\"Dungeon Archives. trasforma i tuoi terreni in una biblioteca, compatibile con fantasy dungeon e altri terreni battle system\",\"breadcrumb\":{\"@id\":\"https:\/\/veaeditori.it\/product\/dungeon-archives\/#breadcrumb\"},\"inLanguage\":\"en-GB\",\"potentialAction\":[{\"@type\":\"ReadAction\",\"target\":[\"https:\/\/veaeditori.it\/product\/dungeon-archives\/\"]}]},{\"@type\":\"ImageObject\",\"inLanguage\":\"en-GB\",\"@id\":\"https:\/\/veaeditori.it\/product\/dungeon-archives\/#primaryimage\",\"url\":\"https:\/\/veaeditori.it\/wp-content\/uploads\/2025\/04\/Dungeon-Archives-Packaging-scaled.jpg\",\"contentUrl\":\"https:\/\/veaeditori.it\/wp-content\/uploads\/2025\/04\/Dungeon-Archives-Packaging-scaled.jpg\",\"width\":2560,\"height\":1807},{\"@type\":\"BreadcrumbList\",\"@id\":\"https:\/\/veaeditori.it\/product\/dungeon-archives\/#breadcrumb\",\"itemListElement\":[{\"@type\":\"ListItem\",\"position\":1,\"name\":\"Home\",\"item\":\"https:\/\/veaeditori.it\/\"},{\"@type\":\"ListItem\",\"position\":2,\"name\":\"Shop\",\"item\":\"https:\/\/veaeditori.it\/shop\/\"},{\"@type\":\"ListItem\",\"position\":3,\"name\":\"Dungeon Archives\"}]},{\"@type\":\"WebSite\",\"@id\":\"https:\/\/veaeditori.it\/#website\",\"url\":\"https:\/\/veaeditori.it\/\",\"name\":\"VEA Editori\",\"description\":\"Italian Wargame Publisher\",\"potentialAction\":[{\"@type\":\"SearchAction\",\"target\":{\"@type\":\"EntryPoint\",\"urlTemplate\":\"https:\/\/veaeditori.it\/?s={search_term_string}\"},\"query-input\":{\"@type\":\"PropertyValueSpecification\",\"valueRequired\":true,\"valueName\":\"search_term_string\"}}],\"inLanguage\":\"en-GB\"}]}<\/script>\n<!-- \/ Yoast SEO plugin. -->","yoast_head_json":{"title":"Dungeon Archives - VEA Editori","description":"Dungeon Archives. trasforma i tuoi terreni in una biblioteca, compatibile con fantasy dungeon e altri terreni battle system","robots":{"index":"index","follow":"follow","max-snippet":"max-snippet:-1","max-image-preview":"max-image-preview:large","max-video-preview":"max-video-preview:-1"},"canonical":"https:\/\/veaeditori.it\/en\/product\/dungeon-archives\/","og_locale":"en_GB","og_type":"article","og_title":"Dungeon Archives - VEA Editori","og_description":"Dungeon Archives. trasforma i tuoi terreni in una biblioteca, compatibile con fantasy dungeon e altri terreni battle system","og_url":"https:\/\/veaeditori.it\/en\/product\/dungeon-archives\/","og_site_name":"VEA Editori","article_publisher":"https:\/\/www.facebook.com\/veaspaziominiature","article_modified_time":"2026-03-31T09:36:42+00:00","og_image":[{"width":2560,"height":1807,"url":"https:\/\/veaeditori.it\/wp-content\/uploads\/2025\/04\/Dungeon-Archives-Packaging-scaled.jpg","type":"image\/jpeg"}],"twitter_card":"summary_large_image","twitter_misc":{"Estimated reading time":"2 minutes"},"schema":{"@context":"https:\/\/schema.org","@graph":[{"@type":"WebPage","@id":"https:\/\/veaeditori.it\/product\/dungeon-archives\/","url":"https:\/\/veaeditori.it\/product\/dungeon-archives\/","name":"Dungeon Archives - VEA Editori","isPartOf":{"@id":"https:\/\/veaeditori.it\/#website"},"primaryImageOfPage":{"@id":"https:\/\/veaeditori.it\/product\/dungeon-archives\/#primaryimage"},"image":{"@id":"https:\/\/veaeditori.it\/product\/dungeon-archives\/#primaryimage"},"thumbnailUrl":"https:\/\/veaeditori.it\/wp-content\/uploads\/2025\/04\/Dungeon-Archives-Packaging-scaled.jpg","datePublished":"2025-04-07T08:51:45+00:00","dateModified":"2026-03-31T09:36:42+00:00","description":"Dungeon Archives. trasforma i tuoi terreni in una biblioteca, compatibile con fantasy dungeon e altri terreni battle system","breadcrumb":{"@id":"https:\/\/veaeditori.it\/product\/dungeon-archives\/#breadcrumb"},"inLanguage":"en-GB","potentialAction":[{"@type":"ReadAction","target":["https:\/\/veaeditori.it\/product\/dungeon-archives\/"]}]},{"@type":"ImageObject","inLanguage":"en-GB","@id":"https:\/\/veaeditori.it\/product\/dungeon-archives\/#primaryimage","url":"https:\/\/veaeditori.it\/wp-content\/uploads\/2025\/04\/Dungeon-Archives-Packaging-scaled.jpg","contentUrl":"https:\/\/veaeditori.it\/wp-content\/uploads\/2025\/04\/Dungeon-Archives-Packaging-scaled.jpg","width":2560,"height":1807},{"@type":"BreadcrumbList","@id":"https:\/\/veaeditori.it\/product\/dungeon-archives\/#breadcrumb","itemListElement":[{"@type":"ListItem","position":1,"name":"Home","item":"https:\/\/veaeditori.it\/"},{"@type":"ListItem","position":2,"name":"Shop","item":"https:\/\/veaeditori.it\/shop\/"},{"@type":"ListItem","position":3,"name":"Dungeon Archives"}]},{"@type":"WebSite","@id":"https:\/\/veaeditori.it\/#website","url":"https:\/\/veaeditori.it\/","name":"VEA Editori","description":"Italian Wargame Publisher","potentialAction":[{"@type":"SearchAction","target":{"@type":"EntryPoint","urlTemplate":"https:\/\/veaeditori.it\/?s={search_term_string}"},"query-input":{"@type":"PropertyValueSpecification","valueRequired":true,"valueName":"search_term_string"}}],"inLanguage":"en-GB"}]}},"_links":{"self":[{"href":"https:\/\/veaeditori.it\/en\/wp-json\/wp\/v2\/product\/4213","targetHints":{"allow":["GET"]}}],"collection":[{"href":"https:\/\/veaeditori.it\/en\/wp-json\/wp\/v2\/product"}],"about":[{"href":"https:\/\/veaeditori.it\/en\/wp-json\/wp\/v2\/types\/product"}],"replies":[{"embeddable":true,"href":"https:\/\/veaeditori.it\/en\/wp-json\/wp\/v2\/comments?post=4213"}],"wp:featuredmedia":[{"embeddable":true,"href":"https:\/\/veaeditori.it\/en\/wp-json\/wp\/v2\/media\/4214"}],"wp:attachment":[{"href":"https:\/\/veaeditori.it\/en\/wp-json\/wp\/v2\/media?parent=4213"}],"wp:term":[{"taxonomy":"product_brand","embeddable":true,"href":"https:\/\/veaeditori.it\/en\/wp-json\/wp\/v2\/product_brand?post=4213"},{"taxonomy":"product_cat","embeddable":true,"href":"https:\/\/veaeditori.it\/en\/wp-json\/wp\/v2\/product_cat?post=4213"},{"taxonomy":"product_tag","embeddable":true,"href":"https:\/\/veaeditori.it\/en\/wp-json\/wp\/v2\/product_tag?post=4213"}],"curies":[{"name":"wp","href":"https:\/\/api.w.org\/{rel}","templated":true}]}}