{"id":4328,"date":"2025-06-10T10:59:06","date_gmt":"2025-06-10T08:59:06","guid":{"rendered":"https:\/\/veaeditori.it\/?post_type=product&#038;p=4328"},"modified":"2025-11-26T10:23:59","modified_gmt":"2025-11-26T08:23:59","slug":"ruined-monastery","status":"publish","type":"product","link":"https:\/\/veaeditori.it\/en\/product\/ruined-monastery\/","title":{"rendered":"Ruined Monastery"},"content":{"rendered":"<h3><span lang=\"EN-GB\">Ruined Monastery<\/span><\/h3>\n<p>Erosi dal tempo o distrutti nell&#8217;ultima grande battaglia che ha devastato la terra, questi edifici un tempo grandiosi sono ora reclamati dalla natura e possono essere luoghi pericolosi da visitare.<br \/>\nQuesta confezione contiene tutto il necessario per costruire le rovine sparse di un monastero o di un altro edificio gotico, adatto a molti giochi fantasy e storici in scala 28-35 mm. Pu\u00f2 anche essere utilizzato come interno di un dungeon o di un castello. I pezzi completamente modulari possono essere assemblati in qualsiasi combinazione desideriate &#8211; un grande edificio o pi\u00f9 piccole sezioni in rovina &#8211; per un allestimento sempre diverso.<br \/>\nIl terreno \u00e8 fornito in confezioni piatte su cartoncino di alta qualit\u00e0 e ad alta densit\u00e0, stampato a colori su entrambi i lati, quindi non \u00e8 necessaria alcuna pittura! Il terreno richiede assemblaggio e alcune parti pi\u00f9 piccole richiedono l&#8217;uso di colla. Per maggiori dettagli e istruzioni complete, consultate il sito www.battlesystems.co.uk.<\/p>\n<p><strong><u>Contents<\/u><\/strong><\/p>\n<ul>\n<li>54 Assorted Wall Panels<\/li>\n<li>3 Assorted Floor Tiles<\/li>\n<li>3 Ruined Turrets<\/li>\n<li>1 Grand Entrance<\/li>\n<li>1 Ruined Grand Entrance<\/li>\n<li>3 Balustrades<\/li>\n<li>3 Sets of Steps<\/li>\n<li>1 Ruined Strut<\/li>\n<li>38 Assorted Scatter Components and Accessories<\/li>\n<li>48 Plastic Clips<\/li>\n<\/ul>\n<p><strong><u>\u00a0<\/u><\/strong><\/p>\n<p><strong><u>Packaging Information<\/u><\/strong><\/p>\n<p><u>Front<\/u><\/p>\n<ul>\n<li>155 Pieces<\/li>\n<li>Modular 28-35mm terrain<\/li>\n<li>No painting required<\/li>\n<\/ul>\n<p><u>Back<\/u><\/p>\n<ul>\n<li>Product Code: BSTFWE007<\/li>\n<li>Barcode: 5060660091218<\/li>\n<li>Symbols: <span style=\"text-decoration: line-through;\">0-3<\/span>, 14+<\/li>\n<li>Small Print: This is not a toy. Figures, foliage and gaming mat not included. Contents may vary from those on the packaging. Not suitable for children under 36 months due to small parts. Retain packaging for future reference. Made in China. \u00a9 Battle Systems Ltd 2020.<\/li>\n<\/ul>","protected":false},"excerpt":{"rendered":"<h3><span lang=\"EN-GB\">Ruined Monastery<\/span><\/h3>","protected":false},"featured_media":4329,"comment_status":"open","ping_status":"closed","template":"","meta":[],"product_brand":[],"product_cat":[93],"product_tag":[],"class_list":{"0":"post-4328","1":"product","2":"type-product","3":"status-publish","4":"has-post-thumbnail","6":"product_cat-fantasy","7":"product_shipping_class-standard","9":"first","10":"instock","11":"shipping-taxable","12":"purchasable","13":"product-type-simple"},"yoast_head":"<!-- This site is optimized with the Yoast SEO plugin v27.2 - https:\/\/yoast.com\/product\/yoast-seo-wordpress\/ -->\n<title>Ruined Monastery - VEA Editori<\/title>\n<meta name=\"description\" content=\"Ruined Monastery scenici in cartoncino modulari di un monastero in rovina, perfetti per molti giochi di minaiture wargame\" \/>\n<meta name=\"robots\" content=\"index, follow, max-snippet:-1, max-image-preview:large, max-video-preview:-1\" \/>\n<link rel=\"canonical\" href=\"https:\/\/veaeditori.it\/en\/product\/ruined-monastery\/\" \/>\n<meta property=\"og:locale\" content=\"en_GB\" \/>\n<meta property=\"og:type\" content=\"article\" \/>\n<meta property=\"og:title\" content=\"Ruined Monastery - VEA Editori\" \/>\n<meta property=\"og:description\" content=\"Ruined Monastery scenici in cartoncino modulari di un monastero in rovina, perfetti per molti giochi di minaiture wargame\" \/>\n<meta property=\"og:url\" content=\"https:\/\/veaeditori.it\/en\/product\/ruined-monastery\/\" \/>\n<meta property=\"og:site_name\" content=\"VEA Editori\" \/>\n<meta property=\"article:publisher\" content=\"https:\/\/www.facebook.com\/veaspaziominiature\" \/>\n<meta property=\"article:modified_time\" content=\"2025-11-26T08:23:59+00:00\" \/>\n<meta property=\"og:image\" content=\"https:\/\/veaeditori.it\/wp-content\/uploads\/2025\/06\/Fantasy-Wargames-Terrain-Ruined-Monastery-box-2024.png\" \/>\n\t<meta property=\"og:image:width\" content=\"1938\" \/>\n\t<meta property=\"og:image:height\" content=\"1305\" \/>\n\t<meta property=\"og:image:type\" content=\"image\/png\" \/>\n<meta name=\"twitter:card\" content=\"summary_large_image\" \/>\n<meta name=\"twitter:label1\" content=\"Estimated reading time\" \/>\n\t<meta name=\"twitter:data1\" content=\"2 minutes\" \/>\n<script type=\"application\/ld+json\" class=\"yoast-schema-graph\">{\"@context\":\"https:\/\/schema.org\",\"@graph\":[{\"@type\":\"WebPage\",\"@id\":\"https:\/\/veaeditori.it\/product\/ruined-monastery\/\",\"url\":\"https:\/\/veaeditori.it\/product\/ruined-monastery\/\",\"name\":\"Ruined Monastery - VEA Editori\",\"isPartOf\":{\"@id\":\"https:\/\/veaeditori.it\/#website\"},\"primaryImageOfPage\":{\"@id\":\"https:\/\/veaeditori.it\/product\/ruined-monastery\/#primaryimage\"},\"image\":{\"@id\":\"https:\/\/veaeditori.it\/product\/ruined-monastery\/#primaryimage\"},\"thumbnailUrl\":\"https:\/\/veaeditori.it\/wp-content\/uploads\/2025\/06\/Fantasy-Wargames-Terrain-Ruined-Monastery-box-2024.png\",\"datePublished\":\"2025-06-10T08:59:06+00:00\",\"dateModified\":\"2025-11-26T08:23:59+00:00\",\"description\":\"Ruined Monastery scenici in cartoncino modulari di un monastero in rovina, perfetti per molti giochi di minaiture wargame\",\"breadcrumb\":{\"@id\":\"https:\/\/veaeditori.it\/product\/ruined-monastery\/#breadcrumb\"},\"inLanguage\":\"en-GB\",\"potentialAction\":[{\"@type\":\"ReadAction\",\"target\":[\"https:\/\/veaeditori.it\/product\/ruined-monastery\/\"]}]},{\"@type\":\"ImageObject\",\"inLanguage\":\"en-GB\",\"@id\":\"https:\/\/veaeditori.it\/product\/ruined-monastery\/#primaryimage\",\"url\":\"https:\/\/veaeditori.it\/wp-content\/uploads\/2025\/06\/Fantasy-Wargames-Terrain-Ruined-Monastery-box-2024.png\",\"contentUrl\":\"https:\/\/veaeditori.it\/wp-content\/uploads\/2025\/06\/Fantasy-Wargames-Terrain-Ruined-Monastery-box-2024.png\",\"width\":1938,\"height\":1305},{\"@type\":\"BreadcrumbList\",\"@id\":\"https:\/\/veaeditori.it\/product\/ruined-monastery\/#breadcrumb\",\"itemListElement\":[{\"@type\":\"ListItem\",\"position\":1,\"name\":\"Home\",\"item\":\"https:\/\/veaeditori.it\/\"},{\"@type\":\"ListItem\",\"position\":2,\"name\":\"Shop\",\"item\":\"https:\/\/veaeditori.it\/shop\/\"},{\"@type\":\"ListItem\",\"position\":3,\"name\":\"Ruined Monastery\"}]},{\"@type\":\"WebSite\",\"@id\":\"https:\/\/veaeditori.it\/#website\",\"url\":\"https:\/\/veaeditori.it\/\",\"name\":\"VEA Editori\",\"description\":\"Italian Wargame Publisher\",\"potentialAction\":[{\"@type\":\"SearchAction\",\"target\":{\"@type\":\"EntryPoint\",\"urlTemplate\":\"https:\/\/veaeditori.it\/?s={search_term_string}\"},\"query-input\":{\"@type\":\"PropertyValueSpecification\",\"valueRequired\":true,\"valueName\":\"search_term_string\"}}],\"inLanguage\":\"en-GB\"}]}<\/script>\n<!-- \/ Yoast SEO plugin. -->","yoast_head_json":{"title":"Ruined Monastery - VEA Editori","description":"Ruined Monastery scenici in cartoncino modulari di un monastero in rovina, perfetti per molti giochi di minaiture wargame","robots":{"index":"index","follow":"follow","max-snippet":"max-snippet:-1","max-image-preview":"max-image-preview:large","max-video-preview":"max-video-preview:-1"},"canonical":"https:\/\/veaeditori.it\/en\/product\/ruined-monastery\/","og_locale":"en_GB","og_type":"article","og_title":"Ruined Monastery - VEA Editori","og_description":"Ruined Monastery scenici in cartoncino modulari di un monastero in rovina, perfetti per molti giochi di minaiture wargame","og_url":"https:\/\/veaeditori.it\/en\/product\/ruined-monastery\/","og_site_name":"VEA Editori","article_publisher":"https:\/\/www.facebook.com\/veaspaziominiature","article_modified_time":"2025-11-26T08:23:59+00:00","og_image":[{"width":1938,"height":1305,"url":"https:\/\/veaeditori.it\/wp-content\/uploads\/2025\/06\/Fantasy-Wargames-Terrain-Ruined-Monastery-box-2024.png","type":"image\/png"}],"twitter_card":"summary_large_image","twitter_misc":{"Estimated reading time":"2 minutes"},"schema":{"@context":"https:\/\/schema.org","@graph":[{"@type":"WebPage","@id":"https:\/\/veaeditori.it\/product\/ruined-monastery\/","url":"https:\/\/veaeditori.it\/product\/ruined-monastery\/","name":"Ruined Monastery - VEA Editori","isPartOf":{"@id":"https:\/\/veaeditori.it\/#website"},"primaryImageOfPage":{"@id":"https:\/\/veaeditori.it\/product\/ruined-monastery\/#primaryimage"},"image":{"@id":"https:\/\/veaeditori.it\/product\/ruined-monastery\/#primaryimage"},"thumbnailUrl":"https:\/\/veaeditori.it\/wp-content\/uploads\/2025\/06\/Fantasy-Wargames-Terrain-Ruined-Monastery-box-2024.png","datePublished":"2025-06-10T08:59:06+00:00","dateModified":"2025-11-26T08:23:59+00:00","description":"Ruined Monastery scenici in cartoncino modulari di un monastero in rovina, perfetti per molti giochi di minaiture wargame","breadcrumb":{"@id":"https:\/\/veaeditori.it\/product\/ruined-monastery\/#breadcrumb"},"inLanguage":"en-GB","potentialAction":[{"@type":"ReadAction","target":["https:\/\/veaeditori.it\/product\/ruined-monastery\/"]}]},{"@type":"ImageObject","inLanguage":"en-GB","@id":"https:\/\/veaeditori.it\/product\/ruined-monastery\/#primaryimage","url":"https:\/\/veaeditori.it\/wp-content\/uploads\/2025\/06\/Fantasy-Wargames-Terrain-Ruined-Monastery-box-2024.png","contentUrl":"https:\/\/veaeditori.it\/wp-content\/uploads\/2025\/06\/Fantasy-Wargames-Terrain-Ruined-Monastery-box-2024.png","width":1938,"height":1305},{"@type":"BreadcrumbList","@id":"https:\/\/veaeditori.it\/product\/ruined-monastery\/#breadcrumb","itemListElement":[{"@type":"ListItem","position":1,"name":"Home","item":"https:\/\/veaeditori.it\/"},{"@type":"ListItem","position":2,"name":"Shop","item":"https:\/\/veaeditori.it\/shop\/"},{"@type":"ListItem","position":3,"name":"Ruined Monastery"}]},{"@type":"WebSite","@id":"https:\/\/veaeditori.it\/#website","url":"https:\/\/veaeditori.it\/","name":"VEA Editori","description":"Italian Wargame Publisher","potentialAction":[{"@type":"SearchAction","target":{"@type":"EntryPoint","urlTemplate":"https:\/\/veaeditori.it\/?s={search_term_string}"},"query-input":{"@type":"PropertyValueSpecification","valueRequired":true,"valueName":"search_term_string"}}],"inLanguage":"en-GB"}]}},"_links":{"self":[{"href":"https:\/\/veaeditori.it\/en\/wp-json\/wp\/v2\/product\/4328","targetHints":{"allow":["GET"]}}],"collection":[{"href":"https:\/\/veaeditori.it\/en\/wp-json\/wp\/v2\/product"}],"about":[{"href":"https:\/\/veaeditori.it\/en\/wp-json\/wp\/v2\/types\/product"}],"replies":[{"embeddable":true,"href":"https:\/\/veaeditori.it\/en\/wp-json\/wp\/v2\/comments?post=4328"}],"wp:featuredmedia":[{"embeddable":true,"href":"https:\/\/veaeditori.it\/en\/wp-json\/wp\/v2\/media\/4329"}],"wp:attachment":[{"href":"https:\/\/veaeditori.it\/en\/wp-json\/wp\/v2\/media?parent=4328"}],"wp:term":[{"taxonomy":"product_brand","embeddable":true,"href":"https:\/\/veaeditori.it\/en\/wp-json\/wp\/v2\/product_brand?post=4328"},{"taxonomy":"product_cat","embeddable":true,"href":"https:\/\/veaeditori.it\/en\/wp-json\/wp\/v2\/product_cat?post=4328"},{"taxonomy":"product_tag","embeddable":true,"href":"https:\/\/veaeditori.it\/en\/wp-json\/wp\/v2\/product_tag?post=4328"}],"curies":[{"name":"wp","href":"https:\/\/api.w.org\/{rel}","templated":true}]}}