{"id":4386,"date":"2025-08-18T12:22:53","date_gmt":"2025-08-18T10:22:53","guid":{"rendered":"https:\/\/veaeditori.it\/?post_type=product&#038;p=4386"},"modified":"2026-03-27T19:20:56","modified_gmt":"2026-03-27T17:20:56","slug":"dragon-rampant-seconda-edizione","status":"publish","type":"product","link":"https:\/\/veaeditori.it\/en\/product\/dragon-rampant-seconda-edizione\/","title":{"rendered":"Dragon Rampant Seconda Edizione"},"content":{"rendered":"<p data-start=\"207\" data-end=\"333\"><strong data-start=\"207\" data-end=\"271\">DRAGON RAMPANT: SECONDA EDIZIONE \u2013 REGOLE PER WARGAME FANTASY<\/strong><br data-start=\"271\" data-end=\"274\" \/><strong data-start=\"274\" data-end=\"333\">Testo di Daniel Mersey e illustrazioni di Alan Lathwell<\/strong><\/p>\n<blockquote data-start=\"335\" data-end=\"374\">\n<p data-start=\"337\" data-end=\"374\"><span class=\"relative -mx-px my-[-0.2rem] rounded px-px py-[0.2rem] transition-colors duration-100 ease-in-out\">\u00abNon avrei mai pensato di realizzare una seconda edizione di <em data-start=\"61\" data-end=\"77\">Dragon Rampant<\/em>, ma i feedback dei fan delle edizioni hardcover di <em data-start=\"130\" data-end=\"144\">Lion Rampant<\/em> e <em data-start=\"147\" data-end=\"162\">Xenos Rampant<\/em>, insieme a tante altre discussioni estremamente positive, mi hanno mostrato che un formato cos\u00ec notevolmente ampliato era ci\u00f2 che i giocatori desideravano.<\/span><\/p>\n<\/blockquote>\n<blockquote data-start=\"376\" data-end=\"415\">\n<p data-start=\"378\" data-end=\"415\"><span class=\"relative -mx-px my-[-0.2rem] rounded px-px py-[0.2rem] transition-colors duration-100 ease-in-out\">Quest\u2019edizione non \u00e8 una riscrittura completa delle regole che cambiano tutto ci\u00f2 che vi \u00e8 piaciuto nel gioco originale. Invece, mi consente di includere tutte le regole extra per cui non avevo spazio nel libro blu originale: un allineamento delle regole con <em data-start=\"259\" data-end=\"289\">Lion Rampant: Seconda Edizione<\/em>, un sistema di campagna, nuovi scenari, e tutte quelle altre idee che si sono evolute nel decennio trascorso dalla prima edizione.<\/span><\/p>\n<\/blockquote>\n<blockquote data-start=\"417\" data-end=\"514\">\n<p data-start=\"419\" data-end=\"514\"><span class=\"relative -mx-px my-[-0.2rem] rounded px-px py-[0.2rem] transition-colors duration-100 ease-in-out\">All\u2019interno troverete anche molti pi\u00f9 miglioramenti di unit\u00e0 a tema fantasy rispetto alla prima edizione e un sistema di incantesimi molto pi\u00f9 &#8220;colorato&#8221;. Spero che <em data-start=\"163\" data-end=\"195\">Dragon Rampant: Seconda Edizioni <\/em>sia per voi una lettura estremamente piacevole e un portale verso il vostro mondo personale del wargame fantasy \u201cOld School\u201d.\u00bb<\/span><br data-start=\"456\" data-end=\"459\" \/>\u2013 Daniel Mersey<\/p>\n<\/blockquote>\n<hr data-start=\"516\" data-end=\"519\" \/>\n<p data-start=\"521\" data-end=\"587\"><strong data-start=\"521\" data-end=\"547\">Descrizione del gioco:<\/strong><br data-start=\"547\" data-end=\"550\" \/><span class=\"relative -mx-px my-[-0.2rem] rounded px-px py-[0.2rem] transition-colors duration-100 ease-in-out\">Una versione rivista e aggiornata del popolare regolamento <em data-start=\"59\" data-end=\"75\">Dragon Rampant<\/em>, parte della serie Osprey Wargames. Si tratta di un gioco standalone e agnostico rispetto alle miniature, pensato per battaglie su larga scala in stile skirmish di natura fantasy.<\/span><\/p>\n<p data-start=\"589\" data-end=\"665\"><span class=\"relative -mx-px my-[-0.2rem] rounded px-px py-[0.2rem] transition-colors duration-100 ease-in-out\">Caratteristiche principali della seconda edizione:<\/span><\/p>\n<ul data-start=\"666\" data-end=\"889\">\n<li data-start=\"666\" data-end=\"705\">\n<p data-start=\"668\" data-end=\"705\"><span class=\"relative -mx-px my-[-0.2rem] rounded px-px py-[0.2rem] transition-colors duration-100 ease-in-out\">Regole fondamentali riviste e aggiornate<\/span><\/p>\n<\/li>\n<li data-start=\"706\" data-end=\"747\">\n<p data-start=\"708\" data-end=\"747\"><span class=\"relative -mx-px my-[-0.2rem] rounded px-px py-[0.2rem] transition-colors duration-100 ease-in-out\">Miglioramenti notevoli alle sezioni magia e creature mostruose<\/span><\/p>\n<\/li>\n<li data-start=\"748\" data-end=\"789\">\n<p data-start=\"750\" data-end=\"789\"><span class=\"relative -mx-px my-[-0.2rem] rounded px-px py-[0.2rem] transition-colors duration-100 ease-in-out\">Ampia gamma di liste di eserciti di esempio<\/span><\/p>\n<\/li>\n<li data-start=\"790\" data-end=\"807\">\n<p data-start=\"792\" data-end=\"807\">Scenari variati<\/p>\n<\/li>\n<li data-start=\"808\" data-end=\"889\">\n<p data-start=\"810\" data-end=\"889\"><span class=\"relative -mx-px my-[-0.2rem] rounded px-px py-[0.2rem] transition-colors duration-100 ease-in-out\">Possibilit\u00e0 di comandare bande di orchi, eserciti di non-morti, guidare trib\u00f9 barbariche in un mondo antico, o sfruttare creature potenti e magia straordinaria<\/span><\/p>\n<\/li>\n<li data-start=\"1019\" data-end=\"1101\">\n<p data-start=\"1021\" data-end=\"1101\"><span class=\"relative -mx-px my-[-0.2rem] rounded px-px py-[0.2rem] transition-colors duration-100 ease-in-out\">Copertina rigida (hardback) 232 pagine a colori Formato 165*235mm (pi\u00f9 piccolo dell&#8217;orginale Inglese ma contenuti invariati)<\/span><\/p>\n<\/li>\n<\/ul>\n<hr data-start=\"1186\" data-end=\"1189\" \/>\n<h3 data-start=\"1191\" data-end=\"1206\">In sintesi:<\/h3>\n<p data-start=\"1207\" data-end=\"1608\"><em data-start=\"1207\" data-end=\"1239\">Dragon Rampant: Seconda Edizione <\/em>rappresenta un&#8217;espansione significativa del regolamento originale, introducendo nuovi contenuti senza stravolgere l\u2019impianto di gioco apprezzato nella prima edizione. Con l\u2019aggiunta di magie, mostri, campagne e scenari, offre ai giocatori una versione pi\u00f9 ricca e immersiva del wargame fantasy.<\/p>\n","protected":false},"excerpt":{"rendered":"<p>Dragon Rampant Seconda Edizione<\/p>","protected":false},"featured_media":4387,"comment_status":"open","ping_status":"closed","template":"","meta":[],"product_brand":[],"product_cat":[198],"product_tag":[],"class_list":{"0":"post-4386","1":"product","2":"type-product","3":"status-publish","4":"has-post-thumbnail","6":"product_cat-fantasy-regolamenti","7":"product_shipping_class-spedizionefree","9":"first","10":"instock","11":"shipping-taxable","12":"purchasable","13":"product-type-simple"},"yoast_head":"<!-- This site is optimized with the Yoast SEO plugin v27.3 - https:\/\/yoast.com\/product\/yoast-seo-wordpress\/ -->\n<title>Dragon Rampant Seconda Edizione - VEA Editori<\/title>\n<meta name=\"description\" content=\"Dragon Rampant Seconda Edizione il libro delle regole per combattimenti Fantasy su larga scala di Daniel Mersey completamente in Italiano\" \/>\n<meta name=\"robots\" content=\"index, follow, max-snippet:-1, max-image-preview:large, max-video-preview:-1\" \/>\n<link rel=\"canonical\" href=\"https:\/\/veaeditori.it\/en\/product\/dragon-rampant-seconda-edizione\/\" \/>\n<meta property=\"og:locale\" content=\"en_GB\" \/>\n<meta property=\"og:type\" content=\"article\" \/>\n<meta property=\"og:title\" content=\"Dragon Rampant Seconda Edizione - VEA Editori\" \/>\n<meta property=\"og:description\" content=\"Dragon Rampant Seconda Edizione il libro delle regole per combattimenti Fantasy su larga scala di Daniel Mersey completamente in Italiano\" \/>\n<meta property=\"og:url\" content=\"https:\/\/veaeditori.it\/en\/product\/dragon-rampant-seconda-edizione\/\" \/>\n<meta property=\"og:site_name\" content=\"VEA Editori\" \/>\n<meta property=\"article:publisher\" content=\"https:\/\/www.facebook.com\/veaspaziominiature\" \/>\n<meta property=\"article:modified_time\" content=\"2026-03-27T17:20:56+00:00\" \/>\n<meta property=\"og:image\" content=\"https:\/\/veaeditori.it\/wp-content\/uploads\/2025\/08\/Dragon-RampantCoverITA.jpg\" \/>\n\t<meta property=\"og:image:width\" content=\"1146\" \/>\n\t<meta property=\"og:image:height\" content=\"1465\" \/>\n\t<meta property=\"og:image:type\" content=\"image\/jpeg\" \/>\n<meta name=\"twitter:card\" content=\"summary_large_image\" \/>\n<meta name=\"twitter:label1\" content=\"Estimated reading time\" \/>\n\t<meta name=\"twitter:data1\" content=\"2 minutes\" \/>\n<script type=\"application\/ld+json\" class=\"yoast-schema-graph\">{\"@context\":\"https:\\\/\\\/schema.org\",\"@graph\":[{\"@type\":\"WebPage\",\"@id\":\"https:\\\/\\\/veaeditori.it\\\/product\\\/dragon-rampant-seconda-edizione\\\/\",\"url\":\"https:\\\/\\\/veaeditori.it\\\/product\\\/dragon-rampant-seconda-edizione\\\/\",\"name\":\"Dragon Rampant Seconda Edizione - VEA Editori\",\"isPartOf\":{\"@id\":\"https:\\\/\\\/veaeditori.it\\\/#website\"},\"primaryImageOfPage\":{\"@id\":\"https:\\\/\\\/veaeditori.it\\\/product\\\/dragon-rampant-seconda-edizione\\\/#primaryimage\"},\"image\":{\"@id\":\"https:\\\/\\\/veaeditori.it\\\/product\\\/dragon-rampant-seconda-edizione\\\/#primaryimage\"},\"thumbnailUrl\":\"https:\\\/\\\/veaeditori.it\\\/wp-content\\\/uploads\\\/2025\\\/08\\\/Dragon-RampantCoverITA.jpg\",\"datePublished\":\"2025-08-18T10:22:53+00:00\",\"dateModified\":\"2026-03-27T17:20:56+00:00\",\"description\":\"Dragon Rampant Seconda Edizione il libro delle regole per combattimenti Fantasy su larga scala di Daniel Mersey completamente in Italiano\",\"breadcrumb\":{\"@id\":\"https:\\\/\\\/veaeditori.it\\\/product\\\/dragon-rampant-seconda-edizione\\\/#breadcrumb\"},\"inLanguage\":\"en-GB\",\"potentialAction\":[{\"@type\":\"ReadAction\",\"target\":[\"https:\\\/\\\/veaeditori.it\\\/product\\\/dragon-rampant-seconda-edizione\\\/\"]}]},{\"@type\":\"ImageObject\",\"inLanguage\":\"en-GB\",\"@id\":\"https:\\\/\\\/veaeditori.it\\\/product\\\/dragon-rampant-seconda-edizione\\\/#primaryimage\",\"url\":\"https:\\\/\\\/veaeditori.it\\\/wp-content\\\/uploads\\\/2025\\\/08\\\/Dragon-RampantCoverITA.jpg\",\"contentUrl\":\"https:\\\/\\\/veaeditori.it\\\/wp-content\\\/uploads\\\/2025\\\/08\\\/Dragon-RampantCoverITA.jpg\",\"width\":1146,\"height\":1465,\"caption\":\"Dragon Rampant ITA\"},{\"@type\":\"BreadcrumbList\",\"@id\":\"https:\\\/\\\/veaeditori.it\\\/product\\\/dragon-rampant-seconda-edizione\\\/#breadcrumb\",\"itemListElement\":[{\"@type\":\"ListItem\",\"position\":1,\"name\":\"Home\",\"item\":\"https:\\\/\\\/veaeditori.it\\\/\"},{\"@type\":\"ListItem\",\"position\":2,\"name\":\"Shop\",\"item\":\"https:\\\/\\\/veaeditori.it\\\/shop\\\/\"},{\"@type\":\"ListItem\",\"position\":3,\"name\":\"Dragon Rampant Seconda Edizione\"}]},{\"@type\":\"WebSite\",\"@id\":\"https:\\\/\\\/veaeditori.it\\\/#website\",\"url\":\"https:\\\/\\\/veaeditori.it\\\/\",\"name\":\"VEA Editori\",\"description\":\"Italian Wargame Publisher\",\"potentialAction\":[{\"@type\":\"SearchAction\",\"target\":{\"@type\":\"EntryPoint\",\"urlTemplate\":\"https:\\\/\\\/veaeditori.it\\\/?s={search_term_string}\"},\"query-input\":{\"@type\":\"PropertyValueSpecification\",\"valueRequired\":true,\"valueName\":\"search_term_string\"}}],\"inLanguage\":\"en-GB\"}]}<\/script>\n<!-- \/ Yoast SEO plugin. -->","yoast_head_json":{"title":"Dragon Rampant Seconda Edizione - VEA Editori","description":"Dragon Rampant Seconda Edizione il libro delle regole per combattimenti Fantasy su larga scala di Daniel Mersey completamente in Italiano","robots":{"index":"index","follow":"follow","max-snippet":"max-snippet:-1","max-image-preview":"max-image-preview:large","max-video-preview":"max-video-preview:-1"},"canonical":"https:\/\/veaeditori.it\/en\/product\/dragon-rampant-seconda-edizione\/","og_locale":"en_GB","og_type":"article","og_title":"Dragon Rampant Seconda Edizione - VEA Editori","og_description":"Dragon Rampant Seconda Edizione il libro delle regole per combattimenti Fantasy su larga scala di Daniel Mersey completamente in Italiano","og_url":"https:\/\/veaeditori.it\/en\/product\/dragon-rampant-seconda-edizione\/","og_site_name":"VEA Editori","article_publisher":"https:\/\/www.facebook.com\/veaspaziominiature","article_modified_time":"2026-03-27T17:20:56+00:00","og_image":[{"width":1146,"height":1465,"url":"https:\/\/veaeditori.it\/wp-content\/uploads\/2025\/08\/Dragon-RampantCoverITA.jpg","type":"image\/jpeg"}],"twitter_card":"summary_large_image","twitter_misc":{"Estimated reading time":"2 minutes"},"schema":{"@context":"https:\/\/schema.org","@graph":[{"@type":"WebPage","@id":"https:\/\/veaeditori.it\/product\/dragon-rampant-seconda-edizione\/","url":"https:\/\/veaeditori.it\/product\/dragon-rampant-seconda-edizione\/","name":"Dragon Rampant Seconda Edizione - VEA Editori","isPartOf":{"@id":"https:\/\/veaeditori.it\/#website"},"primaryImageOfPage":{"@id":"https:\/\/veaeditori.it\/product\/dragon-rampant-seconda-edizione\/#primaryimage"},"image":{"@id":"https:\/\/veaeditori.it\/product\/dragon-rampant-seconda-edizione\/#primaryimage"},"thumbnailUrl":"https:\/\/veaeditori.it\/wp-content\/uploads\/2025\/08\/Dragon-RampantCoverITA.jpg","datePublished":"2025-08-18T10:22:53+00:00","dateModified":"2026-03-27T17:20:56+00:00","description":"Dragon Rampant Seconda Edizione il libro delle regole per combattimenti Fantasy su larga scala di Daniel Mersey completamente in Italiano","breadcrumb":{"@id":"https:\/\/veaeditori.it\/product\/dragon-rampant-seconda-edizione\/#breadcrumb"},"inLanguage":"en-GB","potentialAction":[{"@type":"ReadAction","target":["https:\/\/veaeditori.it\/product\/dragon-rampant-seconda-edizione\/"]}]},{"@type":"ImageObject","inLanguage":"en-GB","@id":"https:\/\/veaeditori.it\/product\/dragon-rampant-seconda-edizione\/#primaryimage","url":"https:\/\/veaeditori.it\/wp-content\/uploads\/2025\/08\/Dragon-RampantCoverITA.jpg","contentUrl":"https:\/\/veaeditori.it\/wp-content\/uploads\/2025\/08\/Dragon-RampantCoverITA.jpg","width":1146,"height":1465,"caption":"Dragon Rampant ITA"},{"@type":"BreadcrumbList","@id":"https:\/\/veaeditori.it\/product\/dragon-rampant-seconda-edizione\/#breadcrumb","itemListElement":[{"@type":"ListItem","position":1,"name":"Home","item":"https:\/\/veaeditori.it\/"},{"@type":"ListItem","position":2,"name":"Shop","item":"https:\/\/veaeditori.it\/shop\/"},{"@type":"ListItem","position":3,"name":"Dragon Rampant Seconda Edizione"}]},{"@type":"WebSite","@id":"https:\/\/veaeditori.it\/#website","url":"https:\/\/veaeditori.it\/","name":"VEA Editori","description":"Italian Wargame Publisher","potentialAction":[{"@type":"SearchAction","target":{"@type":"EntryPoint","urlTemplate":"https:\/\/veaeditori.it\/?s={search_term_string}"},"query-input":{"@type":"PropertyValueSpecification","valueRequired":true,"valueName":"search_term_string"}}],"inLanguage":"en-GB"}]}},"_links":{"self":[{"href":"https:\/\/veaeditori.it\/en\/wp-json\/wp\/v2\/product\/4386","targetHints":{"allow":["GET"]}}],"collection":[{"href":"https:\/\/veaeditori.it\/en\/wp-json\/wp\/v2\/product"}],"about":[{"href":"https:\/\/veaeditori.it\/en\/wp-json\/wp\/v2\/types\/product"}],"replies":[{"embeddable":true,"href":"https:\/\/veaeditori.it\/en\/wp-json\/wp\/v2\/comments?post=4386"}],"wp:featuredmedia":[{"embeddable":true,"href":"https:\/\/veaeditori.it\/en\/wp-json\/wp\/v2\/media\/4387"}],"wp:attachment":[{"href":"https:\/\/veaeditori.it\/en\/wp-json\/wp\/v2\/media?parent=4386"}],"wp:term":[{"taxonomy":"product_brand","embeddable":true,"href":"https:\/\/veaeditori.it\/en\/wp-json\/wp\/v2\/product_brand?post=4386"},{"taxonomy":"product_cat","embeddable":true,"href":"https:\/\/veaeditori.it\/en\/wp-json\/wp\/v2\/product_cat?post=4386"},{"taxonomy":"product_tag","embeddable":true,"href":"https:\/\/veaeditori.it\/en\/wp-json\/wp\/v2\/product_tag?post=4386"}],"curies":[{"name":"wp","href":"https:\/\/api.w.org\/{rel}","templated":true}]}}