{"id":443,"date":"2022-05-04T08:32:14","date_gmt":"2022-05-04T07:32:14","guid":{"rendered":"http:\/\/veaeditori.it\/?post_type=product&#038;p=443"},"modified":"2025-11-13T17:30:20","modified_gmt":"2025-11-13T15:30:20","slug":"fantasy-village","status":"publish","type":"product","link":"https:\/\/veaeditori.it\/en\/product\/fantasy-village\/","title":{"rendered":"Fantasy Village"},"content":{"rendered":"<p>Fantasy Village<\/p>\n<p>Il fascino vecchio stile di una cittadina accogliente o di una citt\u00e0 vivace \u00e8 uno spettacolo gradito sia per gli avventurieri che per i guerrieri che tornano dai loro incontri. A volte, tuttavia, quegli incontri li seguono a casa e i confini urbani forniscono innumerevoli posti in cui nascondere il male&#8230;<br \/>\nQuesta scatola contiene tutti gli scenici di cui hai bisogno per un tavolo da gioco completo in un pittoresco villaggio, adatto a molti giochi fantasy e storici da 28-35 mm. Puoi montare il tutto in un denso tavolo da schermaglie o spargerlo su un tavolo pi\u00f9 grande. Molti dei pezzi sono modulari e possono essere assemblati in qualsiasi combinazione tu scelga per un allestimento diverso ogni volta. I tetti sono rimovibili e gli edifici hanno interni completamente dettagliati.<br \/>\nGli scenici vengono forniti smontati su cartoncino di alta qualit\u00e0 e ad alta densit\u00e0, stampato a colori su entrambi i lati, quindi non \u00e8 necessaria dipingerli! Richiedono assemblaggio e alcune parti pi\u00f9 piccole richiedono colla. Si prega di consultare www.battlesystems.co.uk per maggiori dettagli e istruzioni complete<\/p>\n<p><strong><u>Contenuti<\/u><\/strong><\/p>\n<ul>\n<li>6 Village Buildings\n<ul>\n<li>1 Tavern<\/li>\n<li>1 Town House<\/li>\n<li>1 Storage Barn<\/li>\n<li>1 Lake House<\/li>\n<li>1 Thatched Cottage<\/li>\n<li>1 Outbuilding<\/li>\n<\/ul>\n<\/li>\n<li>Components include:\n<ul>\n<li>51 Wall Panels<\/li>\n<li>15 Floor Tiles<\/li>\n<li>16 Roof Panels<\/li>\n<li>7 Roof Ridges<\/li>\n<li>17 Roof Clips<\/li>\n<li>12 Gable Panels<\/li>\n<li>1 Dormer<\/li>\n<li>2 Dormer Roof Panels<\/li>\n<li>3 Chimneys<\/li>\n<li>3 Extension Beams<\/li>\n<li>2 Balcony Tiles<\/li>\n<li>5 Railings<\/li>\n<li>1 Deck<\/li>\n<li>1 Roof Frame<\/li>\n<li>1 Winch<\/li>\n<li>4 Support Beams<\/li>\n<li>1 Storage Chest<\/li>\n<\/ul>\n<\/li>\n<li>3 Raised Walkways<\/li>\n<li>15 Stilt Supports and Steps<\/li>\n<li>15 Fence Sections totalling almost 48&#8243; \/ 120cm<\/li>\n<li>1 Lake\/Large Bog<\/li>\n<li>2 Ponds\/Small Bogs<\/li>\n<li>3 Staircases<\/li>\n<li>6 Ladders<\/li>\n<li>1 Well<\/li>\n<li>1 Baggage Cart<\/li>\n<li>1 Hand Cart<\/li>\n<li>2 Rowing Boats<\/li>\n<li>51 Assorted Furniture Pieces<\/li>\n<li>85 Assorted Scatter Components and Accessories<\/li>\n<li>92 Grey Plastic Clips<\/li>\n<li><strong><u>Packaging Information<\/u><\/strong><u>Front<\/u>\n<ul>\n<li>420 Pieces<\/li>\n<li>Modular 28-35mm terrain<\/li>\n<li>No painting required<\/li>\n<\/ul>\n<p><u>Back<\/u><\/p>\n<ul>\n<li>Product Code: BSTFWC001<\/li>\n<li>Barcode: 5060660090655<\/li>\n<li>Symbols: <span style=\"text-decoration: line-through;\">0-3<\/span>, 14+<\/li>\n<li>Stampa piccola: questo non \u00e8 un giocattolo. Miniature, Alberi e tappetino da gioco non inclusi. I contenuti possono variare da quelli sulla confezione. Non adatto a bambini sotto i 36 mesi a causa di piccole parti. Conservare l&#8217;imballaggio per riferimento futuro. Made in Cina. \u00a9 Battle Systems Ltd 2020.<\/li>\n<\/ul>\n<\/li>\n<\/ul>","protected":false},"excerpt":{"rendered":"<p>Scenici in cartoncino modulari per riprodurre un villaggio fantasy<\/p>","protected":false},"featured_media":444,"comment_status":"open","ping_status":"closed","template":"","meta":[],"product_brand":[],"product_cat":[93],"product_tag":[87,92,83],"class_list":{"0":"post-443","1":"product","2":"type-product","3":"status-publish","4":"has-post-thumbnail","6":"product_cat-fantasy","7":"product_tag-battle-system","8":"product_tag-fatansy-village","9":"product_tag-scenici","10":"product_shipping_class-standard","12":"first","13":"instock","14":"shipping-taxable","15":"purchasable","16":"product-type-simple"},"yoast_head":"<!-- This site is optimized with the Yoast SEO plugin v27.2 - https:\/\/yoast.com\/product\/yoast-seo-wordpress\/ -->\n<title>Fantasy Village - VEA Editori<\/title>\n<meta name=\"description\" content=\"Fantasy Village un tavolo 3x3 completo di scenici in cartoncino per rappresentare un villaggio fantasy medievale. Si adatta a moltissimi giochi\" \/>\n<meta name=\"robots\" content=\"index, follow, max-snippet:-1, max-image-preview:large, max-video-preview:-1\" \/>\n<link rel=\"canonical\" href=\"https:\/\/veaeditori.it\/en\/product\/fantasy-village\/\" \/>\n<meta property=\"og:locale\" content=\"en_GB\" \/>\n<meta property=\"og:type\" content=\"article\" \/>\n<meta property=\"og:title\" content=\"Fantasy Village - VEA Editori\" \/>\n<meta property=\"og:description\" content=\"Fantasy Village un tavolo 3x3 completo di scenici in cartoncino per rappresentare un villaggio fantasy medievale. Si adatta a moltissimi giochi\" \/>\n<meta property=\"og:url\" content=\"https:\/\/veaeditori.it\/en\/product\/fantasy-village\/\" \/>\n<meta property=\"og:site_name\" content=\"VEA Editori\" \/>\n<meta property=\"article:publisher\" content=\"https:\/\/www.facebook.com\/veaspaziominiature\" \/>\n<meta property=\"article:modified_time\" content=\"2025-11-13T15:30:20+00:00\" \/>\n<meta property=\"og:image\" content=\"https:\/\/veaeditori.it\/wp-content\/uploads\/2022\/05\/FW-isoboxes-CORE-VILLAGE-wa.jpg\" \/>\n\t<meta property=\"og:image:width\" content=\"2419\" \/>\n\t<meta property=\"og:image:height\" content=\"1512\" \/>\n\t<meta property=\"og:image:type\" content=\"image\/jpeg\" \/>\n<meta name=\"twitter:card\" content=\"summary_large_image\" \/>\n<meta name=\"twitter:label1\" content=\"Estimated reading time\" \/>\n\t<meta name=\"twitter:data1\" content=\"2 minutes\" \/>\n<script type=\"application\/ld+json\" class=\"yoast-schema-graph\">{\"@context\":\"https:\/\/schema.org\",\"@graph\":[{\"@type\":\"WebPage\",\"@id\":\"https:\/\/veaeditori.it\/product\/fantasy-village\/\",\"url\":\"https:\/\/veaeditori.it\/product\/fantasy-village\/\",\"name\":\"Fantasy Village - VEA Editori\",\"isPartOf\":{\"@id\":\"https:\/\/veaeditori.it\/#website\"},\"primaryImageOfPage\":{\"@id\":\"https:\/\/veaeditori.it\/product\/fantasy-village\/#primaryimage\"},\"image\":{\"@id\":\"https:\/\/veaeditori.it\/product\/fantasy-village\/#primaryimage\"},\"thumbnailUrl\":\"https:\/\/veaeditori.it\/wp-content\/uploads\/2022\/05\/FW-isoboxes-CORE-VILLAGE-wa.jpg\",\"datePublished\":\"2022-05-04T07:32:14+00:00\",\"dateModified\":\"2025-11-13T15:30:20+00:00\",\"description\":\"Fantasy Village un tavolo 3x3 completo di scenici in cartoncino per rappresentare un villaggio fantasy medievale. Si adatta a moltissimi giochi\",\"breadcrumb\":{\"@id\":\"https:\/\/veaeditori.it\/product\/fantasy-village\/#breadcrumb\"},\"inLanguage\":\"en-GB\",\"potentialAction\":[{\"@type\":\"ReadAction\",\"target\":[\"https:\/\/veaeditori.it\/product\/fantasy-village\/\"]}]},{\"@type\":\"ImageObject\",\"inLanguage\":\"en-GB\",\"@id\":\"https:\/\/veaeditori.it\/product\/fantasy-village\/#primaryimage\",\"url\":\"https:\/\/veaeditori.it\/wp-content\/uploads\/2022\/05\/FW-isoboxes-CORE-VILLAGE-wa.jpg\",\"contentUrl\":\"https:\/\/veaeditori.it\/wp-content\/uploads\/2022\/05\/FW-isoboxes-CORE-VILLAGE-wa.jpg\",\"width\":2419,\"height\":1512,\"caption\":\"Fantasy Village\"},{\"@type\":\"BreadcrumbList\",\"@id\":\"https:\/\/veaeditori.it\/product\/fantasy-village\/#breadcrumb\",\"itemListElement\":[{\"@type\":\"ListItem\",\"position\":1,\"name\":\"Home\",\"item\":\"https:\/\/veaeditori.it\/\"},{\"@type\":\"ListItem\",\"position\":2,\"name\":\"Shop\",\"item\":\"https:\/\/veaeditori.it\/shop\/\"},{\"@type\":\"ListItem\",\"position\":3,\"name\":\"Fantasy Village\"}]},{\"@type\":\"WebSite\",\"@id\":\"https:\/\/veaeditori.it\/#website\",\"url\":\"https:\/\/veaeditori.it\/\",\"name\":\"VEA Editori\",\"description\":\"Italian Wargame Publisher\",\"potentialAction\":[{\"@type\":\"SearchAction\",\"target\":{\"@type\":\"EntryPoint\",\"urlTemplate\":\"https:\/\/veaeditori.it\/?s={search_term_string}\"},\"query-input\":{\"@type\":\"PropertyValueSpecification\",\"valueRequired\":true,\"valueName\":\"search_term_string\"}}],\"inLanguage\":\"en-GB\"}]}<\/script>\n<!-- \/ Yoast SEO plugin. -->","yoast_head_json":{"title":"Fantasy Village - VEA Editori","description":"Fantasy Village un tavolo 3x3 completo di scenici in cartoncino per rappresentare un villaggio fantasy medievale. Si adatta a moltissimi giochi","robots":{"index":"index","follow":"follow","max-snippet":"max-snippet:-1","max-image-preview":"max-image-preview:large","max-video-preview":"max-video-preview:-1"},"canonical":"https:\/\/veaeditori.it\/en\/product\/fantasy-village\/","og_locale":"en_GB","og_type":"article","og_title":"Fantasy Village - VEA Editori","og_description":"Fantasy Village un tavolo 3x3 completo di scenici in cartoncino per rappresentare un villaggio fantasy medievale. Si adatta a moltissimi giochi","og_url":"https:\/\/veaeditori.it\/en\/product\/fantasy-village\/","og_site_name":"VEA Editori","article_publisher":"https:\/\/www.facebook.com\/veaspaziominiature","article_modified_time":"2025-11-13T15:30:20+00:00","og_image":[{"width":2419,"height":1512,"url":"https:\/\/veaeditori.it\/wp-content\/uploads\/2022\/05\/FW-isoboxes-CORE-VILLAGE-wa.jpg","type":"image\/jpeg"}],"twitter_card":"summary_large_image","twitter_misc":{"Estimated reading time":"2 minutes"},"schema":{"@context":"https:\/\/schema.org","@graph":[{"@type":"WebPage","@id":"https:\/\/veaeditori.it\/product\/fantasy-village\/","url":"https:\/\/veaeditori.it\/product\/fantasy-village\/","name":"Fantasy Village - VEA Editori","isPartOf":{"@id":"https:\/\/veaeditori.it\/#website"},"primaryImageOfPage":{"@id":"https:\/\/veaeditori.it\/product\/fantasy-village\/#primaryimage"},"image":{"@id":"https:\/\/veaeditori.it\/product\/fantasy-village\/#primaryimage"},"thumbnailUrl":"https:\/\/veaeditori.it\/wp-content\/uploads\/2022\/05\/FW-isoboxes-CORE-VILLAGE-wa.jpg","datePublished":"2022-05-04T07:32:14+00:00","dateModified":"2025-11-13T15:30:20+00:00","description":"Fantasy Village un tavolo 3x3 completo di scenici in cartoncino per rappresentare un villaggio fantasy medievale. Si adatta a moltissimi giochi","breadcrumb":{"@id":"https:\/\/veaeditori.it\/product\/fantasy-village\/#breadcrumb"},"inLanguage":"en-GB","potentialAction":[{"@type":"ReadAction","target":["https:\/\/veaeditori.it\/product\/fantasy-village\/"]}]},{"@type":"ImageObject","inLanguage":"en-GB","@id":"https:\/\/veaeditori.it\/product\/fantasy-village\/#primaryimage","url":"https:\/\/veaeditori.it\/wp-content\/uploads\/2022\/05\/FW-isoboxes-CORE-VILLAGE-wa.jpg","contentUrl":"https:\/\/veaeditori.it\/wp-content\/uploads\/2022\/05\/FW-isoboxes-CORE-VILLAGE-wa.jpg","width":2419,"height":1512,"caption":"Fantasy Village"},{"@type":"BreadcrumbList","@id":"https:\/\/veaeditori.it\/product\/fantasy-village\/#breadcrumb","itemListElement":[{"@type":"ListItem","position":1,"name":"Home","item":"https:\/\/veaeditori.it\/"},{"@type":"ListItem","position":2,"name":"Shop","item":"https:\/\/veaeditori.it\/shop\/"},{"@type":"ListItem","position":3,"name":"Fantasy Village"}]},{"@type":"WebSite","@id":"https:\/\/veaeditori.it\/#website","url":"https:\/\/veaeditori.it\/","name":"VEA Editori","description":"Italian Wargame Publisher","potentialAction":[{"@type":"SearchAction","target":{"@type":"EntryPoint","urlTemplate":"https:\/\/veaeditori.it\/?s={search_term_string}"},"query-input":{"@type":"PropertyValueSpecification","valueRequired":true,"valueName":"search_term_string"}}],"inLanguage":"en-GB"}]}},"_links":{"self":[{"href":"https:\/\/veaeditori.it\/en\/wp-json\/wp\/v2\/product\/443","targetHints":{"allow":["GET"]}}],"collection":[{"href":"https:\/\/veaeditori.it\/en\/wp-json\/wp\/v2\/product"}],"about":[{"href":"https:\/\/veaeditori.it\/en\/wp-json\/wp\/v2\/types\/product"}],"replies":[{"embeddable":true,"href":"https:\/\/veaeditori.it\/en\/wp-json\/wp\/v2\/comments?post=443"}],"wp:featuredmedia":[{"embeddable":true,"href":"https:\/\/veaeditori.it\/en\/wp-json\/wp\/v2\/media\/444"}],"wp:attachment":[{"href":"https:\/\/veaeditori.it\/en\/wp-json\/wp\/v2\/media?parent=443"}],"wp:term":[{"taxonomy":"product_brand","embeddable":true,"href":"https:\/\/veaeditori.it\/en\/wp-json\/wp\/v2\/product_brand?post=443"},{"taxonomy":"product_cat","embeddable":true,"href":"https:\/\/veaeditori.it\/en\/wp-json\/wp\/v2\/product_cat?post=443"},{"taxonomy":"product_tag","embeddable":true,"href":"https:\/\/veaeditori.it\/en\/wp-json\/wp\/v2\/product_tag?post=443"}],"curies":[{"name":"wp","href":"https:\/\/api.w.org\/{rel}","templated":true}]}}