{"id":450,"date":"2022-05-04T08:40:28","date_gmt":"2022-05-04T07:40:28","guid":{"rendered":"http:\/\/veaeditori.it\/?post_type=product&#038;p=450"},"modified":"2025-06-17T18:04:32","modified_gmt":"2025-06-17T16:04:32","slug":"trader-encampment","status":"publish","type":"product","link":"https:\/\/veaeditori.it\/en\/product\/trader-encampment\/","title":{"rendered":"Trader Encampment"},"content":{"rendered":"<p>Trader Encampment, Questi container e strutture prefabbricate formano un insediamento gi\u00e0 pronto dal giorno in cui i coloni arrivano su un nuovo pianeta. Caserme, negozi e stabilimenti ricreativi si trovano annidati tra i resti fatiscenti di stravaganti catacombe aliene come punto di partenza per ci\u00f2 che c&#8217;\u00e8 oltre&#8230;<br \/>\nQuesta scatola contiene tutto il necessario per costruire una tavola da gioco multi-livello che copre un&#8217;area fino a 2&#8242; x 2&#8242; \/ (600 mm x 600 mm) o pi\u00f9 grande, adatta a tutti i giochi di fantascienza da 28-35 mm in una postazione commerciale di fortuna remota . Tutti i pezzi sono modulari e possono essere assemblati in qualsiasi combinazione tu scelga per un allestimento ogni volta diverso. Il set pu\u00f2 essere ampliato con altri set della gamma di terreni Battle Systems ed \u00e8 direttamente compatibile con Alien Catacombs e altri terreni Core Space: First Born.<br \/>\nGli Scenici vengono forniti smontati su cartoncino di alta qualit\u00e0 e ad alta densit\u00e0, stampato a colori su entrambi i lati, quindi non \u00e8 necessario dipingerli! Richiede assemblaggio e alcune parti pi\u00f9 piccole richiedono colla. Si prega di consultare www.battlesystems.co.uk per maggiori dettagli e istruzioni complete.<\/p>\n<p><strong><u>Contents<\/u><\/strong><\/p>\n<ul>\n<li>1 Printed Neoprene Gaming Mat 2&#8242; x 2&#8242; \/ 600mm x 600mm<\/li>\n<li>3 Large Trade Containers<\/li>\n<li>1 Square Trade Container<\/li>\n<li>1 Container<\/li>\n<li>1 Scaffold Structure<\/li>\n<li>2 Drop Crates<\/li>\n<li>1 Cargo Crate<\/li>\n<li>1 Table<\/li>\n<li>2 Chairs<\/li>\n<li>9 Assorted Intact Catacomb Walls<\/li>\n<li>30 Assorted Ruined Catacomb Wall Sections<\/li>\n<li>3 Ruined Catacomb Floor Sections<\/li>\n<li>3 Ruined Pillars<\/li>\n<li>5 Assorted Struts<\/li>\n<li>3 Ruined Stasis Pods<\/li>\n<li>74 Assorted Scatter Components &amp; Accessories<\/li>\n<li>40 Plastic Clips<\/li>\n<\/ul>\n<p><strong><u>\u00a0<\/u><\/strong><\/p>\n<p><strong><u>Additional Information<\/u><\/strong><\/p>\n<p>179 Pieces<\/p>\n<p>Compatible with Core Space, the Sci-fi Miniatures Game<\/p>\n<p><strong>Product Code<\/strong>: BSTSFC007<\/p>\n<p><strong>Barcode<\/strong>: 5060660092130<\/p>\n<p><strong>Symbols<\/strong>: 0-3, 14+<\/p>\n<p><strong>Small Print<\/strong>: This is not a toy. Figures not included. Contents may vary from those on the packaging. Not suitable for children under 36 months due to small parts. Retain packaging for future reference. Made in China. Core Space and all associated characters, names, places and things are \u2122 and \u00a9 Battle Systems Ltd 2021.<\/p>\n<p>Trader Encampment<\/p>","protected":false},"excerpt":{"rendered":"<p>Trader Encampment fantastici scenici in cartoncino per espandere la vostra collezione di Core Space<\/p>","protected":false},"featured_media":452,"comment_status":"open","ping_status":"closed","template":"","meta":[],"product_brand":[],"product_cat":[85,157],"product_tag":[87,63,83],"class_list":{"0":"post-450","1":"product","2":"type-product","3":"status-publish","4":"has-post-thumbnail","6":"product_cat-corespace","7":"product_cat-terrenicorespace","8":"product_tag-battle-system","9":"product_tag-core-space","10":"product_tag-scenici","11":"product_shipping_class-standard","13":"first","14":"instock","15":"shipping-taxable","16":"purchasable","17":"product-type-simple"},"yoast_head":"<!-- This site is optimized with the Yoast SEO plugin v27.2 - https:\/\/yoast.com\/product\/yoast-seo-wordpress\/ -->\n<title>Trader Encampment - VEA Editori<\/title>\n<meta name=\"description\" content=\"Trader Encampment, Questi container e strutture prefabbricate formano un insediamento gi\u00e0 pronto dal giorno in cui i coloni arrivano su un nuovo pianeta.\" \/>\n<meta name=\"robots\" content=\"index, follow, max-snippet:-1, max-image-preview:large, max-video-preview:-1\" \/>\n<link rel=\"canonical\" href=\"https:\/\/veaeditori.it\/en\/product\/trader-encampment\/\" \/>\n<meta property=\"og:locale\" content=\"en_GB\" \/>\n<meta property=\"og:type\" content=\"article\" \/>\n<meta property=\"og:title\" content=\"Trader Encampment - VEA Editori\" \/>\n<meta property=\"og:description\" content=\"Trader Encampment, Questi container e strutture prefabbricate formano un insediamento gi\u00e0 pronto dal giorno in cui i coloni arrivano su un nuovo pianeta.\" \/>\n<meta property=\"og:url\" content=\"https:\/\/veaeditori.it\/en\/product\/trader-encampment\/\" \/>\n<meta property=\"og:site_name\" content=\"VEA Editori\" \/>\n<meta property=\"article:publisher\" content=\"https:\/\/www.facebook.com\/veaspaziominiature\" \/>\n<meta property=\"article:modified_time\" content=\"2025-06-17T16:04:32+00:00\" \/>\n<meta property=\"og:image\" content=\"https:\/\/veaeditori.it\/wp-content\/uploads\/2022\/05\/First-Born-Terrain-Trader-Encampment-1024x741.png\" \/>\n\t<meta property=\"og:image:width\" content=\"1024\" \/>\n\t<meta property=\"og:image:height\" content=\"741\" \/>\n\t<meta property=\"og:image:type\" content=\"image\/png\" \/>\n<meta name=\"twitter:card\" content=\"summary_large_image\" \/>\n<meta name=\"twitter:label1\" content=\"Estimated reading time\" \/>\n\t<meta name=\"twitter:data1\" content=\"2 minutes\" \/>\n<script type=\"application\/ld+json\" class=\"yoast-schema-graph\">{\"@context\":\"https:\/\/schema.org\",\"@graph\":[{\"@type\":\"WebPage\",\"@id\":\"https:\/\/veaeditori.it\/product\/trader-encampment\/\",\"url\":\"https:\/\/veaeditori.it\/product\/trader-encampment\/\",\"name\":\"Trader Encampment - VEA Editori\",\"isPartOf\":{\"@id\":\"https:\/\/veaeditori.it\/#website\"},\"primaryImageOfPage\":{\"@id\":\"https:\/\/veaeditori.it\/product\/trader-encampment\/#primaryimage\"},\"image\":{\"@id\":\"https:\/\/veaeditori.it\/product\/trader-encampment\/#primaryimage\"},\"thumbnailUrl\":\"https:\/\/veaeditori.it\/wp-content\/uploads\/2022\/05\/First-Born-Terrain-Trader-Encampment.png\",\"datePublished\":\"2022-05-04T07:40:28+00:00\",\"dateModified\":\"2025-06-17T16:04:32+00:00\",\"description\":\"Trader Encampment, Questi container e strutture prefabbricate formano un insediamento gi\u00e0 pronto dal giorno in cui i coloni arrivano su un nuovo pianeta.\",\"breadcrumb\":{\"@id\":\"https:\/\/veaeditori.it\/product\/trader-encampment\/#breadcrumb\"},\"inLanguage\":\"en-GB\",\"potentialAction\":[{\"@type\":\"ReadAction\",\"target\":[\"https:\/\/veaeditori.it\/product\/trader-encampment\/\"]}]},{\"@type\":\"ImageObject\",\"inLanguage\":\"en-GB\",\"@id\":\"https:\/\/veaeditori.it\/product\/trader-encampment\/#primaryimage\",\"url\":\"https:\/\/veaeditori.it\/wp-content\/uploads\/2022\/05\/First-Born-Terrain-Trader-Encampment.png\",\"contentUrl\":\"https:\/\/veaeditori.it\/wp-content\/uploads\/2022\/05\/First-Born-Terrain-Trader-Encampment.png\",\"width\":1872,\"height\":1355,\"caption\":\"Trader-Encampmen\"},{\"@type\":\"BreadcrumbList\",\"@id\":\"https:\/\/veaeditori.it\/product\/trader-encampment\/#breadcrumb\",\"itemListElement\":[{\"@type\":\"ListItem\",\"position\":1,\"name\":\"Home\",\"item\":\"https:\/\/veaeditori.it\/\"},{\"@type\":\"ListItem\",\"position\":2,\"name\":\"Shop\",\"item\":\"https:\/\/veaeditori.it\/shop\/\"},{\"@type\":\"ListItem\",\"position\":3,\"name\":\"Trader Encampment\"}]},{\"@type\":\"WebSite\",\"@id\":\"https:\/\/veaeditori.it\/#website\",\"url\":\"https:\/\/veaeditori.it\/\",\"name\":\"VEA Editori\",\"description\":\"Italian Wargame Publisher\",\"potentialAction\":[{\"@type\":\"SearchAction\",\"target\":{\"@type\":\"EntryPoint\",\"urlTemplate\":\"https:\/\/veaeditori.it\/?s={search_term_string}\"},\"query-input\":{\"@type\":\"PropertyValueSpecification\",\"valueRequired\":true,\"valueName\":\"search_term_string\"}}],\"inLanguage\":\"en-GB\"}]}<\/script>\n<!-- \/ Yoast SEO plugin. -->","yoast_head_json":{"title":"Trader Encampment - VEA Editori","description":"Trader Encampment, Questi container e strutture prefabbricate formano un insediamento gi\u00e0 pronto dal giorno in cui i coloni arrivano su un nuovo pianeta.","robots":{"index":"index","follow":"follow","max-snippet":"max-snippet:-1","max-image-preview":"max-image-preview:large","max-video-preview":"max-video-preview:-1"},"canonical":"https:\/\/veaeditori.it\/en\/product\/trader-encampment\/","og_locale":"en_GB","og_type":"article","og_title":"Trader Encampment - VEA Editori","og_description":"Trader Encampment, Questi container e strutture prefabbricate formano un insediamento gi\u00e0 pronto dal giorno in cui i coloni arrivano su un nuovo pianeta.","og_url":"https:\/\/veaeditori.it\/en\/product\/trader-encampment\/","og_site_name":"VEA Editori","article_publisher":"https:\/\/www.facebook.com\/veaspaziominiature","article_modified_time":"2025-06-17T16:04:32+00:00","og_image":[{"width":1024,"height":741,"url":"https:\/\/veaeditori.it\/wp-content\/uploads\/2022\/05\/First-Born-Terrain-Trader-Encampment-1024x741.png","type":"image\/png"}],"twitter_card":"summary_large_image","twitter_misc":{"Estimated reading time":"2 minutes"},"schema":{"@context":"https:\/\/schema.org","@graph":[{"@type":"WebPage","@id":"https:\/\/veaeditori.it\/product\/trader-encampment\/","url":"https:\/\/veaeditori.it\/product\/trader-encampment\/","name":"Trader Encampment - VEA Editori","isPartOf":{"@id":"https:\/\/veaeditori.it\/#website"},"primaryImageOfPage":{"@id":"https:\/\/veaeditori.it\/product\/trader-encampment\/#primaryimage"},"image":{"@id":"https:\/\/veaeditori.it\/product\/trader-encampment\/#primaryimage"},"thumbnailUrl":"https:\/\/veaeditori.it\/wp-content\/uploads\/2022\/05\/First-Born-Terrain-Trader-Encampment.png","datePublished":"2022-05-04T07:40:28+00:00","dateModified":"2025-06-17T16:04:32+00:00","description":"Trader Encampment, Questi container e strutture prefabbricate formano un insediamento gi\u00e0 pronto dal giorno in cui i coloni arrivano su un nuovo pianeta.","breadcrumb":{"@id":"https:\/\/veaeditori.it\/product\/trader-encampment\/#breadcrumb"},"inLanguage":"en-GB","potentialAction":[{"@type":"ReadAction","target":["https:\/\/veaeditori.it\/product\/trader-encampment\/"]}]},{"@type":"ImageObject","inLanguage":"en-GB","@id":"https:\/\/veaeditori.it\/product\/trader-encampment\/#primaryimage","url":"https:\/\/veaeditori.it\/wp-content\/uploads\/2022\/05\/First-Born-Terrain-Trader-Encampment.png","contentUrl":"https:\/\/veaeditori.it\/wp-content\/uploads\/2022\/05\/First-Born-Terrain-Trader-Encampment.png","width":1872,"height":1355,"caption":"Trader-Encampmen"},{"@type":"BreadcrumbList","@id":"https:\/\/veaeditori.it\/product\/trader-encampment\/#breadcrumb","itemListElement":[{"@type":"ListItem","position":1,"name":"Home","item":"https:\/\/veaeditori.it\/"},{"@type":"ListItem","position":2,"name":"Shop","item":"https:\/\/veaeditori.it\/shop\/"},{"@type":"ListItem","position":3,"name":"Trader Encampment"}]},{"@type":"WebSite","@id":"https:\/\/veaeditori.it\/#website","url":"https:\/\/veaeditori.it\/","name":"VEA Editori","description":"Italian Wargame Publisher","potentialAction":[{"@type":"SearchAction","target":{"@type":"EntryPoint","urlTemplate":"https:\/\/veaeditori.it\/?s={search_term_string}"},"query-input":{"@type":"PropertyValueSpecification","valueRequired":true,"valueName":"search_term_string"}}],"inLanguage":"en-GB"}]}},"_links":{"self":[{"href":"https:\/\/veaeditori.it\/en\/wp-json\/wp\/v2\/product\/450","targetHints":{"allow":["GET"]}}],"collection":[{"href":"https:\/\/veaeditori.it\/en\/wp-json\/wp\/v2\/product"}],"about":[{"href":"https:\/\/veaeditori.it\/en\/wp-json\/wp\/v2\/types\/product"}],"replies":[{"embeddable":true,"href":"https:\/\/veaeditori.it\/en\/wp-json\/wp\/v2\/comments?post=450"}],"wp:featuredmedia":[{"embeddable":true,"href":"https:\/\/veaeditori.it\/en\/wp-json\/wp\/v2\/media\/452"}],"wp:attachment":[{"href":"https:\/\/veaeditori.it\/en\/wp-json\/wp\/v2\/media?parent=450"}],"wp:term":[{"taxonomy":"product_brand","embeddable":true,"href":"https:\/\/veaeditori.it\/en\/wp-json\/wp\/v2\/product_brand?post=450"},{"taxonomy":"product_cat","embeddable":true,"href":"https:\/\/veaeditori.it\/en\/wp-json\/wp\/v2\/product_cat?post=450"},{"taxonomy":"product_tag","embeddable":true,"href":"https:\/\/veaeditori.it\/en\/wp-json\/wp\/v2\/product_tag?post=450"}],"curies":[{"name":"wp","href":"https:\/\/api.w.org\/{rel}","templated":true}]}}