{"id":4911,"date":"2026-02-05T23:30:08","date_gmt":"2026-02-05T21:30:08","guid":{"rendered":"https:\/\/veaeditori.it\/?post_type=product&#038;p=4911"},"modified":"2026-02-05T23:55:23","modified_gmt":"2026-02-05T21:55:23","slug":"maladum-urmeck-uprising-espansione-ita","status":"publish","type":"product","link":"https:\/\/veaeditori.it\/en\/product\/maladum-urmeck-uprising-espansione-ita\/","title":{"rendered":"Maladum Urmeck Uprising Espansione ITA"},"content":{"rendered":"<p data-start=\"210\" data-end=\"500\">Maladum Urmeck Uprising Espansione ITA<\/p>\n<p data-start=\"225\" data-end=\"571\">Il <strong data-start=\"228\" data-end=\"257\">pacchetto Urmeck Uprising<\/strong> \u00e8 ideale per i giocatori in cerca di una sfida pi\u00f9 impegnativa! Aumenta il livello di difficolt\u00e0 delle tue missioni di <strong data-start=\"377\" data-end=\"388\">Maladum<\/strong> grazie a questi <strong data-start=\"405\" data-end=\"429\">Avversari aggiuntivi<\/strong>. Il set \u00e8 accompagnato da un gruppo di <strong data-start=\"469\" data-end=\"493\">Carte Evento Veteran<\/strong>, che introducono gli Urmeck nelle tue partite con nuove dinamiche e pericoli.<\/p>\n<p data-start=\"573\" data-end=\"815\">I contenuti possono essere utilizzati in partite di qualsiasi dimensione, ma sono particolarmente consigliati per <strong data-start=\"687\" data-end=\"720\">sessioni di grandi dimensioni<\/strong> e\/o <strong data-start=\"725\" data-end=\"751\">partite multigiocatore<\/strong>, dove la pressione degli Avversari extra si fa davvero sentire.<\/p>\n<p data-start=\"817\" data-end=\"911\">\ud83d\udc49 <strong data-start=\"820\" data-end=\"911\">Richiede il Set Base di Maladum e l\u2019espansione Dominion of Ur\u2019ghaal per essere giocato.<\/strong><\/p>\n<hr data-start=\"913\" data-end=\"916\" \/>\n<h3 data-start=\"918\" data-end=\"945\">Contenuto della scatola<\/h3>\n<ul>\n<li data-start=\"949\" data-end=\"975\">2 Miniature Urmeck Brute<\/li>\n<li data-start=\"978\" data-end=\"1012\">2 Miniature Urmeck Ripclaw Rider<\/li>\n<li data-start=\"1015\" data-end=\"1042\">6 Miniature Urmeck Wretch<\/li>\n<li data-start=\"1045\" data-end=\"1070\">8 Miniature Urmeck Dreg<\/li>\n<li data-start=\"1073\" data-end=\"1089\">5 Carte Evento ENG<\/li>\n<li data-start=\"1092\" data-end=\"1116\">1 Carta di Riferimento ENG<\/li>\n<\/ul>\n<p><strong data-start=\"2952\" data-end=\"2998\">I seguenti contenuti vengono inclusi esternamente alla scatola:<\/strong><\/p>\n<ul>\n<li data-start=\"1073\" data-end=\"1089\"><strong><span style=\"color: #e14d43;\">5 Carte Evento ENG<\/span><\/strong><\/li>\n<li data-start=\"1092\" data-end=\"1116\"><strong><span style=\"color: #e14d43;\">1 Carta di Riferimento ENG<\/span><\/strong><\/li>\n<\/ul>\n<hr data-start=\"1118\" data-end=\"1121\" \/>\n<h3 data-start=\"1123\" data-end=\"1166\">Preordine \u2013 Informazioni sulla consegna<\/h3>\n<p data-start=\"309\" data-end=\"664\">Questo prodotto \u00e8 offerto in\u00a0<strong data-start=\"338\" data-end=\"351\">preordine<\/strong>. La spedizione \u00e8 attualmente prevista\u00a0<strong data-start=\"390\" data-end=\"448\">indicativamente a partire da settembre 2026<\/strong>, in linea con le tempistiche di consegna previste per i\u00a0<strong data-start=\"505\" data-end=\"540\">backer della campagna Gamefound<\/strong>. La data di consegna stimata per il preordine corrisponde pertanto a quella comunicata nell\u2019ambito della suddetta campagna.<\/p>\n<p data-start=\"666\" data-end=\"1094\">Le tempistiche indicate sono da intendersi come\u00a0<strong data-start=\"714\" data-end=\"738\">stime non vincolanti<\/strong>\u00a0e potrebbero subire variazioni in funzione dei\u00a0<strong data-start=\"786\" data-end=\"821\">tempi e dei costi di produzione<\/strong>, nonch\u00e9 di eventuali ritardi imputabili a fornitori, processi produttivi o alla logistica internazionale. Effettuando il preordine, il cliente accetta tali condizioni e riconosce che eventuali slittamenti nella data di consegna non costituiscono inadempienza contrattuale.<\/p>\n<p data-start=\"1096\" data-end=\"1325\">Il preordine garantisce inoltre la\u00a0<strong data-start=\"1131\" data-end=\"1190\">ricezione del prodotto prima della distribuzione retail<\/strong>, la quale avverr\u00e0 successivamente e in maniera\u00a0<strong data-start=\"1238\" data-end=\"1273\">scaglionata nei mesi successivi<\/strong>\u00a0alla consegna dei preordini e dei pledge Gamefound.<\/p>\n<p data-start=\"2696\" data-end=\"2874\">","protected":false},"excerpt":{"rendered":"<p>Maladum Urmeck Uprising Espansione ITA<\/p>","protected":false},"featured_media":4912,"comment_status":"open","ping_status":"closed","template":"","meta":[],"product_brand":[],"product_cat":[202],"product_tag":[],"class_list":{"0":"post-4911","1":"product","2":"type-product","3":"status-publish","4":"has-post-thumbnail","6":"product_cat-preordinemaladum","7":"product_shipping_class-standard","9":"first","10":"instock","11":"shipping-taxable","12":"purchasable","13":"product-type-simple"},"yoast_head":"<!-- This site is optimized with the Yoast SEO plugin v27.5 - https:\/\/yoast.com\/product\/yoast-seo-wordpress\/ -->\n<title>Maladum Urmeck Uprising Espansione ITA - VEA Editori<\/title>\n<meta name=\"description\" content=\"Maladum Urmeck Uprising Espansione ITA Un set di nemici aggiuntivi per portare la tua sfida ad un livello di diffcolt\u00e0 pi\u00f9 alto\" \/>\n<meta name=\"robots\" content=\"index, follow, max-snippet:-1, max-image-preview:large, max-video-preview:-1\" \/>\n<link rel=\"canonical\" href=\"https:\/\/veaeditori.it\/en\/product\/maladum-urmeck-uprising-espansione-ita\/\" \/>\n<meta property=\"og:locale\" content=\"en_GB\" \/>\n<meta property=\"og:type\" content=\"article\" \/>\n<meta property=\"og:title\" content=\"Maladum Urmeck Uprising Espansione ITA - VEA Editori\" \/>\n<meta property=\"og:description\" content=\"Maladum Urmeck Uprising Espansione ITA Un set di nemici aggiuntivi per portare la tua sfida ad un livello di diffcolt\u00e0 pi\u00f9 alto\" \/>\n<meta property=\"og:url\" content=\"https:\/\/veaeditori.it\/en\/product\/maladum-urmeck-uprising-espansione-ita\/\" \/>\n<meta property=\"og:site_name\" content=\"VEA Editori\" \/>\n<meta property=\"article:publisher\" content=\"https:\/\/www.facebook.com\/veaspaziominiature\" \/>\n<meta property=\"article:modified_time\" content=\"2026-02-05T21:55:23+00:00\" \/>\n<meta property=\"og:image\" content=\"https:\/\/veaeditori.it\/wp-content\/uploads\/2026\/02\/76ad2f4d-ef3d-4976-8de7-ec5e7cde75b3-1.png\" \/>\n\t<meta property=\"og:image:width\" content=\"917\" \/>\n\t<meta property=\"og:image:height\" content=\"800\" \/>\n\t<meta property=\"og:image:type\" content=\"image\/png\" \/>\n<meta name=\"twitter:card\" content=\"summary_large_image\" \/>\n<meta name=\"twitter:label1\" content=\"Estimated reading time\" \/>\n\t<meta name=\"twitter:data1\" content=\"2 minutes\" \/>\n<script type=\"application\/ld+json\" class=\"yoast-schema-graph\">{\"@context\":\"https:\\\/\\\/schema.org\",\"@graph\":[{\"@type\":\"WebPage\",\"@id\":\"https:\\\/\\\/veaeditori.it\\\/product\\\/maladum-urmeck-uprising-espansione-ita\\\/\",\"url\":\"https:\\\/\\\/veaeditori.it\\\/product\\\/maladum-urmeck-uprising-espansione-ita\\\/\",\"name\":\"Maladum Urmeck Uprising Espansione ITA - VEA Editori\",\"isPartOf\":{\"@id\":\"https:\\\/\\\/veaeditori.it\\\/#website\"},\"primaryImageOfPage\":{\"@id\":\"https:\\\/\\\/veaeditori.it\\\/product\\\/maladum-urmeck-uprising-espansione-ita\\\/#primaryimage\"},\"image\":{\"@id\":\"https:\\\/\\\/veaeditori.it\\\/product\\\/maladum-urmeck-uprising-espansione-ita\\\/#primaryimage\"},\"thumbnailUrl\":\"https:\\\/\\\/veaeditori.it\\\/wp-content\\\/uploads\\\/2026\\\/02\\\/76ad2f4d-ef3d-4976-8de7-ec5e7cde75b3-1.png\",\"datePublished\":\"2026-02-05T21:30:08+00:00\",\"dateModified\":\"2026-02-05T21:55:23+00:00\",\"description\":\"Maladum Urmeck Uprising Espansione ITA Un set di nemici aggiuntivi per portare la tua sfida ad un livello di diffcolt\u00e0 pi\u00f9 alto\",\"breadcrumb\":{\"@id\":\"https:\\\/\\\/veaeditori.it\\\/product\\\/maladum-urmeck-uprising-espansione-ita\\\/#breadcrumb\"},\"inLanguage\":\"en-GB\",\"potentialAction\":[{\"@type\":\"ReadAction\",\"target\":[\"https:\\\/\\\/veaeditori.it\\\/product\\\/maladum-urmeck-uprising-espansione-ita\\\/\"]}]},{\"@type\":\"ImageObject\",\"inLanguage\":\"en-GB\",\"@id\":\"https:\\\/\\\/veaeditori.it\\\/product\\\/maladum-urmeck-uprising-espansione-ita\\\/#primaryimage\",\"url\":\"https:\\\/\\\/veaeditori.it\\\/wp-content\\\/uploads\\\/2026\\\/02\\\/76ad2f4d-ef3d-4976-8de7-ec5e7cde75b3-1.png\",\"contentUrl\":\"https:\\\/\\\/veaeditori.it\\\/wp-content\\\/uploads\\\/2026\\\/02\\\/76ad2f4d-ef3d-4976-8de7-ec5e7cde75b3-1.png\",\"width\":2048,\"height\":1786},{\"@type\":\"BreadcrumbList\",\"@id\":\"https:\\\/\\\/veaeditori.it\\\/product\\\/maladum-urmeck-uprising-espansione-ita\\\/#breadcrumb\",\"itemListElement\":[{\"@type\":\"ListItem\",\"position\":1,\"name\":\"Home\",\"item\":\"https:\\\/\\\/veaeditori.it\\\/\"},{\"@type\":\"ListItem\",\"position\":2,\"name\":\"Shop\",\"item\":\"https:\\\/\\\/veaeditori.it\\\/shop\\\/\"},{\"@type\":\"ListItem\",\"position\":3,\"name\":\"Maladum Urmeck Uprising Espansione ITA\"}]},{\"@type\":\"WebSite\",\"@id\":\"https:\\\/\\\/veaeditori.it\\\/#website\",\"url\":\"https:\\\/\\\/veaeditori.it\\\/\",\"name\":\"VEA Editori\",\"description\":\"Italian Wargame Publisher\",\"potentialAction\":[{\"@type\":\"SearchAction\",\"target\":{\"@type\":\"EntryPoint\",\"urlTemplate\":\"https:\\\/\\\/veaeditori.it\\\/?s={search_term_string}\"},\"query-input\":{\"@type\":\"PropertyValueSpecification\",\"valueRequired\":true,\"valueName\":\"search_term_string\"}}],\"inLanguage\":\"en-GB\"}]}<\/script>\n<!-- \/ Yoast SEO plugin. -->","yoast_head_json":{"title":"Maladum Urmeck Uprising Espansione ITA - VEA Editori","description":"Maladum Urmeck Uprising Espansione ITA Un set di nemici aggiuntivi per portare la tua sfida ad un livello di diffcolt\u00e0 pi\u00f9 alto","robots":{"index":"index","follow":"follow","max-snippet":"max-snippet:-1","max-image-preview":"max-image-preview:large","max-video-preview":"max-video-preview:-1"},"canonical":"https:\/\/veaeditori.it\/en\/product\/maladum-urmeck-uprising-espansione-ita\/","og_locale":"en_GB","og_type":"article","og_title":"Maladum Urmeck Uprising Espansione ITA - VEA Editori","og_description":"Maladum Urmeck Uprising Espansione ITA Un set di nemici aggiuntivi per portare la tua sfida ad un livello di diffcolt\u00e0 pi\u00f9 alto","og_url":"https:\/\/veaeditori.it\/en\/product\/maladum-urmeck-uprising-espansione-ita\/","og_site_name":"VEA Editori","article_publisher":"https:\/\/www.facebook.com\/veaspaziominiature","article_modified_time":"2026-02-05T21:55:23+00:00","og_image":[{"url":"https:\/\/veaeditori.it\/wp-content\/uploads\/2026\/02\/76ad2f4d-ef3d-4976-8de7-ec5e7cde75b3-1.png","width":917,"height":800,"type":"image\/png"}],"twitter_card":"summary_large_image","twitter_misc":{"Estimated reading time":"2 minutes"},"schema":{"@context":"https:\/\/schema.org","@graph":[{"@type":"WebPage","@id":"https:\/\/veaeditori.it\/product\/maladum-urmeck-uprising-espansione-ita\/","url":"https:\/\/veaeditori.it\/product\/maladum-urmeck-uprising-espansione-ita\/","name":"Maladum Urmeck Uprising Espansione ITA - VEA Editori","isPartOf":{"@id":"https:\/\/veaeditori.it\/#website"},"primaryImageOfPage":{"@id":"https:\/\/veaeditori.it\/product\/maladum-urmeck-uprising-espansione-ita\/#primaryimage"},"image":{"@id":"https:\/\/veaeditori.it\/product\/maladum-urmeck-uprising-espansione-ita\/#primaryimage"},"thumbnailUrl":"https:\/\/veaeditori.it\/wp-content\/uploads\/2026\/02\/76ad2f4d-ef3d-4976-8de7-ec5e7cde75b3-1.png","datePublished":"2026-02-05T21:30:08+00:00","dateModified":"2026-02-05T21:55:23+00:00","description":"Maladum Urmeck Uprising Espansione ITA Un set di nemici aggiuntivi per portare la tua sfida ad un livello di diffcolt\u00e0 pi\u00f9 alto","breadcrumb":{"@id":"https:\/\/veaeditori.it\/product\/maladum-urmeck-uprising-espansione-ita\/#breadcrumb"},"inLanguage":"en-GB","potentialAction":[{"@type":"ReadAction","target":["https:\/\/veaeditori.it\/product\/maladum-urmeck-uprising-espansione-ita\/"]}]},{"@type":"ImageObject","inLanguage":"en-GB","@id":"https:\/\/veaeditori.it\/product\/maladum-urmeck-uprising-espansione-ita\/#primaryimage","url":"https:\/\/veaeditori.it\/wp-content\/uploads\/2026\/02\/76ad2f4d-ef3d-4976-8de7-ec5e7cde75b3-1.png","contentUrl":"https:\/\/veaeditori.it\/wp-content\/uploads\/2026\/02\/76ad2f4d-ef3d-4976-8de7-ec5e7cde75b3-1.png","width":2048,"height":1786},{"@type":"BreadcrumbList","@id":"https:\/\/veaeditori.it\/product\/maladum-urmeck-uprising-espansione-ita\/#breadcrumb","itemListElement":[{"@type":"ListItem","position":1,"name":"Home","item":"https:\/\/veaeditori.it\/"},{"@type":"ListItem","position":2,"name":"Shop","item":"https:\/\/veaeditori.it\/shop\/"},{"@type":"ListItem","position":3,"name":"Maladum Urmeck Uprising Espansione ITA"}]},{"@type":"WebSite","@id":"https:\/\/veaeditori.it\/#website","url":"https:\/\/veaeditori.it\/","name":"VEA Editori","description":"Italian Wargame Publisher","potentialAction":[{"@type":"SearchAction","target":{"@type":"EntryPoint","urlTemplate":"https:\/\/veaeditori.it\/?s={search_term_string}"},"query-input":{"@type":"PropertyValueSpecification","valueRequired":true,"valueName":"search_term_string"}}],"inLanguage":"en-GB"}]}},"_links":{"self":[{"href":"https:\/\/veaeditori.it\/en\/wp-json\/wp\/v2\/product\/4911","targetHints":{"allow":["GET"]}}],"collection":[{"href":"https:\/\/veaeditori.it\/en\/wp-json\/wp\/v2\/product"}],"about":[{"href":"https:\/\/veaeditori.it\/en\/wp-json\/wp\/v2\/types\/product"}],"replies":[{"embeddable":true,"href":"https:\/\/veaeditori.it\/en\/wp-json\/wp\/v2\/comments?post=4911"}],"wp:featuredmedia":[{"embeddable":true,"href":"https:\/\/veaeditori.it\/en\/wp-json\/wp\/v2\/media\/4912"}],"wp:attachment":[{"href":"https:\/\/veaeditori.it\/en\/wp-json\/wp\/v2\/media?parent=4911"}],"wp:term":[{"taxonomy":"product_brand","embeddable":true,"href":"https:\/\/veaeditori.it\/en\/wp-json\/wp\/v2\/product_brand?post=4911"},{"taxonomy":"product_cat","embeddable":true,"href":"https:\/\/veaeditori.it\/en\/wp-json\/wp\/v2\/product_cat?post=4911"},{"taxonomy":"product_tag","embeddable":true,"href":"https:\/\/veaeditori.it\/en\/wp-json\/wp\/v2\/product_tag?post=4911"}],"curies":[{"name":"wp","href":"https:\/\/api.w.org\/{rel}","templated":true}]}}