{"id":493,"date":"2022-05-09T14:20:56","date_gmt":"2022-05-09T13:20:56","guid":{"rendered":"http:\/\/veaeditori.it\/?post_type=product&#038;p=493"},"modified":"2025-03-18T23:29:19","modified_gmt":"2025-03-18T21:29:19","slug":"core-space-first-born-starter-set","status":"publish","type":"product","link":"https:\/\/veaeditori.it\/en\/product\/core-space-first-born-starter-set\/","title":{"rendered":"Core Space First Born Starter Set"},"content":{"rendered":"<p>Sulla punta pi\u00f9 lontana della galassia brucia una piccola stella bianca. Qui giacciono i resti dei First Born, una civilt\u00e0 avanzata che conquist\u00f2 la galassia molto tempo fa, ma si ritrov\u00f2 completamente sola e distrutta dalla guerra civile. Una fazione guerriera si mise in animazione sospesa e attese.<br \/>\nPer milioni di anni hanno dormito, ma sono stati lentamente impazzirti. Fanatici e paranoici, hanno imparato a temere e disprezzare le nuove specie che un tempo desideravano.<br \/>\nQuando i Trader arrivarono in un campo di asteroidi apparentemente abbandonato per raccogliere le ossa di un popolo morto da tempo, i First Born furono svegliati&#8230;<br \/>\nCore Space: First Born \u00e8 un gioco di miniature fantascientifico cooperativo\/solitario in cui la tua banda di Trader si avventura nei templi dei First Born, una specie aliena fanatica che non accoglie gli intrusi!<br \/>\nIl gioco si svolge su un tabellone 3D dettagliato. I tuoi Trader devono esplorare la zona, raggiungere i loro obiettivi, salvare ci\u00f2 che possono e poi fuggire sulla loro nave, spendendo i loro guadagni per le riparazioni di cui hanno disperatamente bisogno. L&#8217;entusiasmante sistema della campagna seguir\u00e0 il tuo equipaggio da una partita all&#8217;altra, sviluppando le sue abilit\u00e0, migliorando il loro equipaggiamento e immergendoti nella loro storia.<br \/>\nFirst Born \u00e8 basato sul bestseller cyberpunk Core Space, ma \u00e8 un gioco completamente autonomo sia per i giocatori nuovi che per quelli esistenti<\/p>\n<p><strong><u>Contents<\/u><\/strong><\/p>\n<ul>\n<li>4 Trader Miniatures<\/li>\n<li>12 First Born Miniatures<\/li>\n<li>2 Game Hunter Miniatures<\/li>\n<li>2 Rock Worm Miniatures<\/li>\n<li>8 Character Boards<\/li>\n<li>6 Class Boards<\/li>\n<li>1 Ship Board<\/li>\n<li>4 Plastic Crew Dashboards<\/li>\n<li>1 Plastic Hostility Tracker<\/li>\n<li>150 Plastic Pegs<\/li>\n<li>Token Pouch<\/li>\n<li>192 Equipment Tokens<\/li>\n<li>65 Counters<\/li>\n<li>7 Dice<\/li>\n<li>2 Range Rulers<\/li>\n<li>24 Event Cards<\/li>\n<li>3 Reference Cards<\/li>\n<li>Rulebook<\/li>\n<li>Learn to Play Booklet<\/li>\n<li>A complete Alien Catacombs Terrain Set\n<ul>\n<li>1 Printed Neoprene Gaming Mat 2&#8242; x 2&#8242; \/ 600mm x 600mm<\/li>\n<li>36 Assorted Walls<\/li>\n<li>Over 120 Assorted Scatter Components and Accessories<\/li>\n<\/ul>\n<\/li>\n<\/ul>\n<p><strong><u>\u00a0<\/u><\/strong><\/p>\n<p><strong><u>Additional Information<\/u><\/strong><\/p>\n<p><strong>Product Code<\/strong>: BSGCSC004<\/p>\n<p><strong>Barcode<\/strong>: 5060660091966<\/p>\n<p><strong>Symbols<\/strong>: 0-3, 14+<\/p>\n<p><strong>Small Print<\/strong>: This is not a toy. Figures supplied unpainted. Contents may vary from those on the packaging. Not suitable for children under 36 months due to small parts. Retain packaging for future reference. Made in China. Core Space and all associated characters, names, places and things are \u2122 and \u00a9 Battle Systems Ltd 2021.<\/p>","protected":false},"excerpt":{"rendered":"<p>Core Space First Born set introduttivo per giocare in Solitario o Cooperativo<\/p>","protected":false},"featured_media":494,"comment_status":"open","ping_status":"closed","template":"","meta":[],"product_brand":[],"product_cat":[90,85,154],"product_tag":[87,63,64],"class_list":{"0":"post-493","1":"product","2":"type-product","3":"status-publish","4":"has-post-thumbnail","6":"product_cat-battlesystem","7":"product_cat-corespace","8":"product_cat-starter","9":"product_tag-battle-system","10":"product_tag-core-space","11":"product_tag-first-born","12":"product_shipping_class-standard","14":"first","15":"outofstock","16":"shipping-taxable","17":"purchasable","18":"product-type-simple"},"yoast_head":"<!-- This site is optimized with the Yoast SEO plugin v27.3 - https:\/\/yoast.com\/product\/yoast-seo-wordpress\/ -->\n<title>Core Space First Born Starter Set - VEA Editori<\/title>\n<meta name=\"robots\" content=\"index, follow, max-snippet:-1, max-image-preview:large, max-video-preview:-1\" \/>\n<link rel=\"canonical\" href=\"https:\/\/veaeditori.it\/en\/prodotto\/core-space-first-born-starter-set\/\" \/>\n<meta property=\"og:locale\" content=\"en_GB\" \/>\n<meta property=\"og:type\" content=\"article\" \/>\n<meta property=\"og:title\" content=\"Core Space First Born Starter Set - VEA Editori\" \/>\n<meta property=\"og:description\" content=\"Core Space First Born set introduttivo per giocare in Solitario o Cooperativo\" \/>\n<meta property=\"og:url\" content=\"https:\/\/veaeditori.it\/en\/prodotto\/core-space-first-born-starter-set\/\" \/>\n<meta property=\"og:site_name\" content=\"VEA Editori\" \/>\n<meta property=\"article:publisher\" content=\"https:\/\/www.facebook.com\/veaspaziominiature\" \/>\n<meta property=\"article:modified_time\" content=\"2025-03-18T21:29:19+00:00\" \/>\n<meta property=\"og:image\" content=\"https:\/\/veaeditori.it\/wp-content\/uploads\/2022\/05\/FBCS-box-2021-1024x846.png\" \/>\n\t<meta property=\"og:image:width\" content=\"1024\" \/>\n\t<meta property=\"og:image:height\" content=\"846\" \/>\n\t<meta property=\"og:image:type\" content=\"image\/png\" \/>\n<meta name=\"twitter:card\" content=\"summary_large_image\" \/>\n<meta name=\"twitter:label1\" content=\"Estimated reading time\" \/>\n\t<meta name=\"twitter:data1\" content=\"2 minutes\" \/>\n<script type=\"application\/ld+json\" class=\"yoast-schema-graph\">{\"@context\":\"https:\\\/\\\/schema.org\",\"@graph\":[{\"@type\":\"WebPage\",\"@id\":\"https:\\\/\\\/veaeditori.it\\\/prodotto\\\/core-space-first-born-starter-set\\\/\",\"url\":\"https:\\\/\\\/veaeditori.it\\\/prodotto\\\/core-space-first-born-starter-set\\\/\",\"name\":\"Core Space First Born Starter Set - VEA Editori\",\"isPartOf\":{\"@id\":\"https:\\\/\\\/veaeditori.it\\\/#website\"},\"primaryImageOfPage\":{\"@id\":\"https:\\\/\\\/veaeditori.it\\\/prodotto\\\/core-space-first-born-starter-set\\\/#primaryimage\"},\"image\":{\"@id\":\"https:\\\/\\\/veaeditori.it\\\/prodotto\\\/core-space-first-born-starter-set\\\/#primaryimage\"},\"thumbnailUrl\":\"https:\\\/\\\/veaeditori.it\\\/wp-content\\\/uploads\\\/2022\\\/05\\\/FBCS-box-2021.png\",\"datePublished\":\"2022-05-09T13:20:56+00:00\",\"dateModified\":\"2025-03-18T21:29:19+00:00\",\"breadcrumb\":{\"@id\":\"https:\\\/\\\/veaeditori.it\\\/prodotto\\\/core-space-first-born-starter-set\\\/#breadcrumb\"},\"inLanguage\":\"en-GB\",\"potentialAction\":[{\"@type\":\"ReadAction\",\"target\":[\"https:\\\/\\\/veaeditori.it\\\/prodotto\\\/core-space-first-born-starter-set\\\/\"]}]},{\"@type\":\"ImageObject\",\"inLanguage\":\"en-GB\",\"@id\":\"https:\\\/\\\/veaeditori.it\\\/prodotto\\\/core-space-first-born-starter-set\\\/#primaryimage\",\"url\":\"https:\\\/\\\/veaeditori.it\\\/wp-content\\\/uploads\\\/2022\\\/05\\\/FBCS-box-2021.png\",\"contentUrl\":\"https:\\\/\\\/veaeditori.it\\\/wp-content\\\/uploads\\\/2022\\\/05\\\/FBCS-box-2021.png\",\"width\":3304,\"height\":2730},{\"@type\":\"BreadcrumbList\",\"@id\":\"https:\\\/\\\/veaeditori.it\\\/prodotto\\\/core-space-first-born-starter-set\\\/#breadcrumb\",\"itemListElement\":[{\"@type\":\"ListItem\",\"position\":1,\"name\":\"Home\",\"item\":\"https:\\\/\\\/veaeditori.it\\\/\"},{\"@type\":\"ListItem\",\"position\":2,\"name\":\"Shop\",\"item\":\"https:\\\/\\\/veaeditori.it\\\/shop\\\/\"},{\"@type\":\"ListItem\",\"position\":3,\"name\":\"Core Space First Born Starter Set\"}]},{\"@type\":\"WebSite\",\"@id\":\"https:\\\/\\\/veaeditori.it\\\/#website\",\"url\":\"https:\\\/\\\/veaeditori.it\\\/\",\"name\":\"VEA Editori\",\"description\":\"Italian Wargame Publisher\",\"potentialAction\":[{\"@type\":\"SearchAction\",\"target\":{\"@type\":\"EntryPoint\",\"urlTemplate\":\"https:\\\/\\\/veaeditori.it\\\/?s={search_term_string}\"},\"query-input\":{\"@type\":\"PropertyValueSpecification\",\"valueRequired\":true,\"valueName\":\"search_term_string\"}}],\"inLanguage\":\"en-GB\"}]}<\/script>\n<!-- \/ Yoast SEO plugin. -->","yoast_head_json":{"title":"Core Space First Born Starter Set - VEA Editori","robots":{"index":"index","follow":"follow","max-snippet":"max-snippet:-1","max-image-preview":"max-image-preview:large","max-video-preview":"max-video-preview:-1"},"canonical":"https:\/\/veaeditori.it\/en\/prodotto\/core-space-first-born-starter-set\/","og_locale":"en_GB","og_type":"article","og_title":"Core Space First Born Starter Set - VEA Editori","og_description":"Core Space First Born set introduttivo per giocare in Solitario o Cooperativo","og_url":"https:\/\/veaeditori.it\/en\/prodotto\/core-space-first-born-starter-set\/","og_site_name":"VEA Editori","article_publisher":"https:\/\/www.facebook.com\/veaspaziominiature","article_modified_time":"2025-03-18T21:29:19+00:00","og_image":[{"width":1024,"height":846,"url":"https:\/\/veaeditori.it\/wp-content\/uploads\/2022\/05\/FBCS-box-2021-1024x846.png","type":"image\/png"}],"twitter_card":"summary_large_image","twitter_misc":{"Estimated reading time":"2 minutes"},"schema":{"@context":"https:\/\/schema.org","@graph":[{"@type":"WebPage","@id":"https:\/\/veaeditori.it\/prodotto\/core-space-first-born-starter-set\/","url":"https:\/\/veaeditori.it\/prodotto\/core-space-first-born-starter-set\/","name":"Core Space First Born Starter Set - VEA Editori","isPartOf":{"@id":"https:\/\/veaeditori.it\/#website"},"primaryImageOfPage":{"@id":"https:\/\/veaeditori.it\/prodotto\/core-space-first-born-starter-set\/#primaryimage"},"image":{"@id":"https:\/\/veaeditori.it\/prodotto\/core-space-first-born-starter-set\/#primaryimage"},"thumbnailUrl":"https:\/\/veaeditori.it\/wp-content\/uploads\/2022\/05\/FBCS-box-2021.png","datePublished":"2022-05-09T13:20:56+00:00","dateModified":"2025-03-18T21:29:19+00:00","breadcrumb":{"@id":"https:\/\/veaeditori.it\/prodotto\/core-space-first-born-starter-set\/#breadcrumb"},"inLanguage":"en-GB","potentialAction":[{"@type":"ReadAction","target":["https:\/\/veaeditori.it\/prodotto\/core-space-first-born-starter-set\/"]}]},{"@type":"ImageObject","inLanguage":"en-GB","@id":"https:\/\/veaeditori.it\/prodotto\/core-space-first-born-starter-set\/#primaryimage","url":"https:\/\/veaeditori.it\/wp-content\/uploads\/2022\/05\/FBCS-box-2021.png","contentUrl":"https:\/\/veaeditori.it\/wp-content\/uploads\/2022\/05\/FBCS-box-2021.png","width":3304,"height":2730},{"@type":"BreadcrumbList","@id":"https:\/\/veaeditori.it\/prodotto\/core-space-first-born-starter-set\/#breadcrumb","itemListElement":[{"@type":"ListItem","position":1,"name":"Home","item":"https:\/\/veaeditori.it\/"},{"@type":"ListItem","position":2,"name":"Shop","item":"https:\/\/veaeditori.it\/shop\/"},{"@type":"ListItem","position":3,"name":"Core Space First Born Starter Set"}]},{"@type":"WebSite","@id":"https:\/\/veaeditori.it\/#website","url":"https:\/\/veaeditori.it\/","name":"VEA Editori","description":"Italian Wargame Publisher","potentialAction":[{"@type":"SearchAction","target":{"@type":"EntryPoint","urlTemplate":"https:\/\/veaeditori.it\/?s={search_term_string}"},"query-input":{"@type":"PropertyValueSpecification","valueRequired":true,"valueName":"search_term_string"}}],"inLanguage":"en-GB"}]}},"_links":{"self":[{"href":"https:\/\/veaeditori.it\/en\/wp-json\/wp\/v2\/product\/493","targetHints":{"allow":["GET"]}}],"collection":[{"href":"https:\/\/veaeditori.it\/en\/wp-json\/wp\/v2\/product"}],"about":[{"href":"https:\/\/veaeditori.it\/en\/wp-json\/wp\/v2\/types\/product"}],"replies":[{"embeddable":true,"href":"https:\/\/veaeditori.it\/en\/wp-json\/wp\/v2\/comments?post=493"}],"wp:featuredmedia":[{"embeddable":true,"href":"https:\/\/veaeditori.it\/en\/wp-json\/wp\/v2\/media\/494"}],"wp:attachment":[{"href":"https:\/\/veaeditori.it\/en\/wp-json\/wp\/v2\/media?parent=493"}],"wp:term":[{"taxonomy":"product_brand","embeddable":true,"href":"https:\/\/veaeditori.it\/en\/wp-json\/wp\/v2\/product_brand?post=493"},{"taxonomy":"product_cat","embeddable":true,"href":"https:\/\/veaeditori.it\/en\/wp-json\/wp\/v2\/product_cat?post=493"},{"taxonomy":"product_tag","embeddable":true,"href":"https:\/\/veaeditori.it\/en\/wp-json\/wp\/v2\/product_tag?post=493"}],"curies":[{"name":"wp","href":"https:\/\/api.w.org\/{rel}","templated":true}]}}