{"id":534,"date":"2022-05-09T15:47:17","date_gmt":"2022-05-09T14:47:17","guid":{"rendered":"http:\/\/veaeditori.it\/?post_type=product&#038;p=534"},"modified":"2026-03-20T11:11:37","modified_gmt":"2026-03-20T09:11:37","slug":"core-space-first-born-starter-set-mega-bundle","status":"publish","type":"product","link":"https:\/\/veaeditori.it\/en\/product\/core-space-first-born-starter-set-mega-bundle\/","title":{"rendered":"Core Space First Born Starter Set Bundle Italiano"},"content":{"rendered":"<p>Core Space First Born Starter Set Bundle Italiano<\/p>\n<p><strong>Offerta perfetta per iniziare a giocare Core Space!<\/strong><\/p>\n<p>In questo bundle trovate:<\/p>\n<p>-Core Space First Born set introduttivo del valore di 109,99 Euro;<br \/>\n-Regolamento First Born interamente tradotto in Italiano del valore di 27,99 euro;<br \/>\n-Carte Evento di tutte le espansioni tradotte in Italiano First Born del valore di 14 euro;<br \/>\n-Download di tutte le espansioni in pdf in Italiano dal nostro sito del valore di 9 euro;<br \/>\n-In regalo le bustine protettive per le carte evento! (Valore 2.45\u20ac)<\/p>\n<p>Il valore totale sarebbe di 163,43 euro<\/p>\n<p>Questo mega bundle contiene tutto il necessario per partire con Core Space First Born e renderlo in Italiano, sarete inoltre pronti con tutto il materiale in Italiano anche per le relative espansioni.<\/p>\n<h2>Core Space First Born Regolamento<\/h2>\n<p>Siamo orgogliosi di presentare il nostro primo prodotto cartaceo firmato <strong>VEA Editori<\/strong><\/p>\n<p>Core Space e&#8217; un fantastico gioco <strong>Sci-fi skirmish<\/strong> di miniature che utilizza gli splendidi scenici in cartoncino per i quali Battle system e&#8217; famosa.<\/p>\n<p>Calati nei panni di un Trader viaggia a bordo della tua astronave per visitare asteroidi alieni First born in cerca di nuove straordinarie tecnologie da rivendere sul mercato nero al Trading Post 5.<\/p>\n<p>Adesso grazie a questo manuale interamente in Italiano sarai in grado di affrontare la tua avventura senza problemi alcuno.<\/p>\n<p><strong>Core Space Fist Born<\/strong> e&#8217; il secondo capitolo della saga Core Space e vi porta ad affrontare nemici piu&#8217; forti in una campagna interamente pensate per il gioco in solitario.<\/p>\n<p>Da noi classificato come <strong>il gioco in solitario definitivo<\/strong> ma non solo, potete vedere la nostra recensione nel seguente video:<\/p>\n<p><iframe loading=\"lazy\" title=\"Wargame in Solitario Definitivo!? E annuncio VEA Editori\" width=\"1020\" height=\"574\" src=\"https:\/\/www.youtube.com\/embed\/NNHVdHXDRPs?feature=oembed\" frameborder=\"0\" allow=\"accelerometer; autoplay; clipboard-write; encrypted-media; gyroscope; picture-in-picture; web-share\" referrerpolicy=\"strict-origin-when-cross-origin\" allowfullscreen><\/iframe><\/p>\n<p>Il seguente manuale conta <strong>109 pagine<\/strong> stupendamente illustrate,<\/p>\n<p>la nostra copia Italiana e&#8217; in tutto e per tutto <strong>fedele al manuale originale<\/strong> ma con colori piu&#8217; vividi.<\/p>\n<p><em>Non e&#8217; al momento disponibile alla vendita la sola versione PDF.<\/em><\/p>\n<p>Se hai acquistato il nostro regolamento in Italiano per avventurarti spensieratamente tra gli asteroidi popolati dai temibili First Born, non puoi certo fare a meno di questo mazzo eventi tradotto totalmente in Italiano.<\/p>\n<p>I livelli di ostilit\u00e0 sono rimasti come nel manuale in Inglese cosi da permetterti un facile riferimento al tracciato di ostilit\u00e0 ma tutto il testo nelle carte \u00e8 stato tradotto per rendere la vostra esperienza di gioco pi\u00f9 interessante.<\/p>\n<p>Questo mazzo di 50 carte include tutte le carte prodotto dalla Battle system con l&#8217;ultimo kickstarter il che significa che avrete le carte anche di tutte le espansioni della nuova ambientazione first born, ovvero:<\/p>\n<p>-First Born Starter set;<\/p>\n<p>-First Born Support cards;<\/p>\n<p>-Fury of Insane God Event Cards;<\/p>\n<p>-First Born TRADING POST 5 Event Cards;<\/p>\n<p>-First Born GATES OF RYSA Event Cards;<\/p>\n<p>-In the Line of Fire Event Cards;<\/p>\n<p>In questo modo potrete acquistare serenamente le espansioni indicate sopra sapendo che avete gi\u00e0 l&#8217;occorrente per giocare in Italiano.<\/p>\n<p>NOTA: le carte sono prodotte in stampa digitale di alta qualit\u00e0 ma non sono un prodotto tipografico e quindi differiscono leggermente in consistenza e al tatto dalle originali.<\/p>\n<p>Si raccomanda (come per altro per le originali) di imbustare le carte per garantirne una durata maggiore nel tempo. Le bustine protettive necessarie sono per il formato standard europeo 63x88mm.<\/p>\n<p><strong>Acquistando questo prodotto riceverete gratuitamente le seguenti espansioni in formato PDF:<\/strong><\/p>\n<p>-Gatea of Ry&#8217;sa libretto espansione;<\/p>\n<p>-Trading Post 5 libretto espansione;<\/p>\n<p>-In the line of fire libretto espansione;<\/p>\n<p>-Utility Dashbord libretto espansione;<\/p>\n<p>-Ships of Disreputes libretto espansione;<\/p>\n<p>-Fury of the Insane God libretto espansione;<\/p>\n<p>-Patrol class shuttle libretto espansione;<\/p>\n<p>in Omaggio anche il pdf del &#8220;how to play&#8221; tradotto in Italiano.<\/p>\n<p>Con questi pdf insieme al libro e le carte potrete trasformare il vostro pledge all-in in lingua Italiana e godervi a pieno il gioco.<\/p>","protected":false},"excerpt":{"rendered":"<p>Core Space First Born Mega Bundle in Italiano OFFERTA<\/p>","protected":false},"featured_media":914,"comment_status":"open","ping_status":"closed","template":"","meta":[],"product_brand":[],"product_cat":[90,85,154],"product_tag":[87,65,63,64],"class_list":{"0":"post-534","1":"product","2":"type-product","3":"status-publish","4":"has-post-thumbnail","6":"product_cat-battlesystem","7":"product_cat-corespace","8":"product_cat-starter","9":"product_tag-battle-system","10":"product_tag-carte-evento","11":"product_tag-core-space","12":"product_tag-first-born","13":"product_shipping_class-standard","15":"first","16":"instock","17":"sale","18":"shipping-taxable","19":"purchasable","20":"product-type-simple"},"yoast_head":"<!-- This site is optimized with the Yoast SEO plugin v27.3 - https:\/\/yoast.com\/product\/yoast-seo-wordpress\/ -->\n<title>Core Space First Born Starter Set Bundle Italiano - VEA Editori<\/title>\n<meta name=\"description\" content=\"Core Space First Born Starter Set Bundle Italiano include tutto il necessario per questa nuova avventura, porta i tuoi trader a scorprire nuove reliquie.\" \/>\n<meta name=\"robots\" content=\"index, follow, max-snippet:-1, max-image-preview:large, max-video-preview:-1\" \/>\n<link rel=\"canonical\" href=\"https:\/\/veaeditori.it\/en\/product\/core-space-first-born-starter-set-mega-bundle\/\" \/>\n<meta property=\"og:locale\" content=\"en_GB\" \/>\n<meta property=\"og:type\" content=\"article\" \/>\n<meta property=\"og:title\" content=\"Core Space First Born Starter Set Bundle Italiano - VEA Editori\" \/>\n<meta property=\"og:description\" content=\"Core Space First Born Starter Set Bundle Italiano include tutto il necessario per questa nuova avventura, porta i tuoi trader a scorprire nuove reliquie.\" \/>\n<meta property=\"og:url\" content=\"https:\/\/veaeditori.it\/en\/product\/core-space-first-born-starter-set-mega-bundle\/\" \/>\n<meta property=\"og:site_name\" content=\"VEA Editori\" \/>\n<meta property=\"article:publisher\" content=\"https:\/\/www.facebook.com\/veaspaziominiature\" \/>\n<meta property=\"article:modified_time\" content=\"2026-03-20T09:11:37+00:00\" \/>\n<meta property=\"og:image\" content=\"https:\/\/veaeditori.it\/wp-content\/uploads\/2022\/05\/20221014_112755-scaled-e1665740826328.jpg\" \/>\n\t<meta property=\"og:image:width\" content=\"1696\" \/>\n\t<meta property=\"og:image:height\" content=\"1440\" \/>\n\t<meta property=\"og:image:type\" content=\"image\/jpeg\" \/>\n<meta name=\"twitter:card\" content=\"summary_large_image\" \/>\n<meta name=\"twitter:label1\" content=\"Estimated reading time\" \/>\n\t<meta name=\"twitter:data1\" content=\"4 minutes\" \/>\n<script type=\"application\/ld+json\" class=\"yoast-schema-graph\">{\"@context\":\"https:\\\/\\\/schema.org\",\"@graph\":[{\"@type\":\"WebPage\",\"@id\":\"https:\\\/\\\/veaeditori.it\\\/product\\\/core-space-first-born-starter-set-mega-bundle\\\/\",\"url\":\"https:\\\/\\\/veaeditori.it\\\/product\\\/core-space-first-born-starter-set-mega-bundle\\\/\",\"name\":\"Core Space First Born Starter Set Bundle Italiano - VEA Editori\",\"isPartOf\":{\"@id\":\"https:\\\/\\\/veaeditori.it\\\/#website\"},\"primaryImageOfPage\":{\"@id\":\"https:\\\/\\\/veaeditori.it\\\/product\\\/core-space-first-born-starter-set-mega-bundle\\\/#primaryimage\"},\"image\":{\"@id\":\"https:\\\/\\\/veaeditori.it\\\/product\\\/core-space-first-born-starter-set-mega-bundle\\\/#primaryimage\"},\"thumbnailUrl\":\"https:\\\/\\\/veaeditori.it\\\/wp-content\\\/uploads\\\/2022\\\/05\\\/20221014_112755-scaled-e1665740826328.jpg\",\"datePublished\":\"2022-05-09T14:47:17+00:00\",\"dateModified\":\"2026-03-20T09:11:37+00:00\",\"description\":\"Core Space First Born Starter Set Bundle Italiano include tutto il necessario per questa nuova avventura, porta i tuoi trader a scorprire nuove reliquie.\",\"breadcrumb\":{\"@id\":\"https:\\\/\\\/veaeditori.it\\\/product\\\/core-space-first-born-starter-set-mega-bundle\\\/#breadcrumb\"},\"inLanguage\":\"en-GB\",\"potentialAction\":[{\"@type\":\"ReadAction\",\"target\":[\"https:\\\/\\\/veaeditori.it\\\/product\\\/core-space-first-born-starter-set-mega-bundle\\\/\"]}]},{\"@type\":\"ImageObject\",\"inLanguage\":\"en-GB\",\"@id\":\"https:\\\/\\\/veaeditori.it\\\/product\\\/core-space-first-born-starter-set-mega-bundle\\\/#primaryimage\",\"url\":\"https:\\\/\\\/veaeditori.it\\\/wp-content\\\/uploads\\\/2022\\\/05\\\/20221014_112755-scaled-e1665740826328.jpg\",\"contentUrl\":\"https:\\\/\\\/veaeditori.it\\\/wp-content\\\/uploads\\\/2022\\\/05\\\/20221014_112755-scaled-e1665740826328.jpg\",\"width\":1696,\"height\":1440,\"caption\":\"Core Space First Born Italiano\"},{\"@type\":\"BreadcrumbList\",\"@id\":\"https:\\\/\\\/veaeditori.it\\\/product\\\/core-space-first-born-starter-set-mega-bundle\\\/#breadcrumb\",\"itemListElement\":[{\"@type\":\"ListItem\",\"position\":1,\"name\":\"Home\",\"item\":\"https:\\\/\\\/veaeditori.it\\\/\"},{\"@type\":\"ListItem\",\"position\":2,\"name\":\"Shop\",\"item\":\"https:\\\/\\\/veaeditori.it\\\/shop\\\/\"},{\"@type\":\"ListItem\",\"position\":3,\"name\":\"Core Space First Born Starter Set Bundle Italiano\"}]},{\"@type\":\"WebSite\",\"@id\":\"https:\\\/\\\/veaeditori.it\\\/#website\",\"url\":\"https:\\\/\\\/veaeditori.it\\\/\",\"name\":\"VEA Editori\",\"description\":\"Italian Wargame Publisher\",\"potentialAction\":[{\"@type\":\"SearchAction\",\"target\":{\"@type\":\"EntryPoint\",\"urlTemplate\":\"https:\\\/\\\/veaeditori.it\\\/?s={search_term_string}\"},\"query-input\":{\"@type\":\"PropertyValueSpecification\",\"valueRequired\":true,\"valueName\":\"search_term_string\"}}],\"inLanguage\":\"en-GB\"}]}<\/script>\n<!-- \/ Yoast SEO plugin. -->","yoast_head_json":{"title":"Core Space First Born Starter Set Bundle Italiano - VEA Editori","description":"Core Space First Born Starter Set Bundle Italiano include tutto il necessario per questa nuova avventura, porta i tuoi trader a scorprire nuove reliquie.","robots":{"index":"index","follow":"follow","max-snippet":"max-snippet:-1","max-image-preview":"max-image-preview:large","max-video-preview":"max-video-preview:-1"},"canonical":"https:\/\/veaeditori.it\/en\/product\/core-space-first-born-starter-set-mega-bundle\/","og_locale":"en_GB","og_type":"article","og_title":"Core Space First Born Starter Set Bundle Italiano - VEA Editori","og_description":"Core Space First Born Starter Set Bundle Italiano include tutto il necessario per questa nuova avventura, porta i tuoi trader a scorprire nuove reliquie.","og_url":"https:\/\/veaeditori.it\/en\/product\/core-space-first-born-starter-set-mega-bundle\/","og_site_name":"VEA Editori","article_publisher":"https:\/\/www.facebook.com\/veaspaziominiature","article_modified_time":"2026-03-20T09:11:37+00:00","og_image":[{"width":1696,"height":1440,"url":"https:\/\/veaeditori.it\/wp-content\/uploads\/2022\/05\/20221014_112755-scaled-e1665740826328.jpg","type":"image\/jpeg"}],"twitter_card":"summary_large_image","twitter_misc":{"Estimated reading time":"4 minutes"},"schema":{"@context":"https:\/\/schema.org","@graph":[{"@type":"WebPage","@id":"https:\/\/veaeditori.it\/product\/core-space-first-born-starter-set-mega-bundle\/","url":"https:\/\/veaeditori.it\/product\/core-space-first-born-starter-set-mega-bundle\/","name":"Core Space First Born Starter Set Bundle Italiano - VEA Editori","isPartOf":{"@id":"https:\/\/veaeditori.it\/#website"},"primaryImageOfPage":{"@id":"https:\/\/veaeditori.it\/product\/core-space-first-born-starter-set-mega-bundle\/#primaryimage"},"image":{"@id":"https:\/\/veaeditori.it\/product\/core-space-first-born-starter-set-mega-bundle\/#primaryimage"},"thumbnailUrl":"https:\/\/veaeditori.it\/wp-content\/uploads\/2022\/05\/20221014_112755-scaled-e1665740826328.jpg","datePublished":"2022-05-09T14:47:17+00:00","dateModified":"2026-03-20T09:11:37+00:00","description":"Core Space First Born Starter Set Bundle Italiano include tutto il necessario per questa nuova avventura, porta i tuoi trader a scorprire nuove reliquie.","breadcrumb":{"@id":"https:\/\/veaeditori.it\/product\/core-space-first-born-starter-set-mega-bundle\/#breadcrumb"},"inLanguage":"en-GB","potentialAction":[{"@type":"ReadAction","target":["https:\/\/veaeditori.it\/product\/core-space-first-born-starter-set-mega-bundle\/"]}]},{"@type":"ImageObject","inLanguage":"en-GB","@id":"https:\/\/veaeditori.it\/product\/core-space-first-born-starter-set-mega-bundle\/#primaryimage","url":"https:\/\/veaeditori.it\/wp-content\/uploads\/2022\/05\/20221014_112755-scaled-e1665740826328.jpg","contentUrl":"https:\/\/veaeditori.it\/wp-content\/uploads\/2022\/05\/20221014_112755-scaled-e1665740826328.jpg","width":1696,"height":1440,"caption":"Core Space First Born Italiano"},{"@type":"BreadcrumbList","@id":"https:\/\/veaeditori.it\/product\/core-space-first-born-starter-set-mega-bundle\/#breadcrumb","itemListElement":[{"@type":"ListItem","position":1,"name":"Home","item":"https:\/\/veaeditori.it\/"},{"@type":"ListItem","position":2,"name":"Shop","item":"https:\/\/veaeditori.it\/shop\/"},{"@type":"ListItem","position":3,"name":"Core Space First Born Starter Set Bundle Italiano"}]},{"@type":"WebSite","@id":"https:\/\/veaeditori.it\/#website","url":"https:\/\/veaeditori.it\/","name":"VEA Editori","description":"Italian Wargame Publisher","potentialAction":[{"@type":"SearchAction","target":{"@type":"EntryPoint","urlTemplate":"https:\/\/veaeditori.it\/?s={search_term_string}"},"query-input":{"@type":"PropertyValueSpecification","valueRequired":true,"valueName":"search_term_string"}}],"inLanguage":"en-GB"}]}},"_links":{"self":[{"href":"https:\/\/veaeditori.it\/en\/wp-json\/wp\/v2\/product\/534","targetHints":{"allow":["GET"]}}],"collection":[{"href":"https:\/\/veaeditori.it\/en\/wp-json\/wp\/v2\/product"}],"about":[{"href":"https:\/\/veaeditori.it\/en\/wp-json\/wp\/v2\/types\/product"}],"replies":[{"embeddable":true,"href":"https:\/\/veaeditori.it\/en\/wp-json\/wp\/v2\/comments?post=534"}],"wp:featuredmedia":[{"embeddable":true,"href":"https:\/\/veaeditori.it\/en\/wp-json\/wp\/v2\/media\/914"}],"wp:attachment":[{"href":"https:\/\/veaeditori.it\/en\/wp-json\/wp\/v2\/media?parent=534"}],"wp:term":[{"taxonomy":"product_brand","embeddable":true,"href":"https:\/\/veaeditori.it\/en\/wp-json\/wp\/v2\/product_brand?post=534"},{"taxonomy":"product_cat","embeddable":true,"href":"https:\/\/veaeditori.it\/en\/wp-json\/wp\/v2\/product_cat?post=534"},{"taxonomy":"product_tag","embeddable":true,"href":"https:\/\/veaeditori.it\/en\/wp-json\/wp\/v2\/product_tag?post=534"}],"curies":[{"name":"wp","href":"https:\/\/api.w.org\/{rel}","templated":true}]}}