{"id":579,"date":"2022-05-24T15:25:41","date_gmt":"2022-05-24T15:25:41","guid":{"rendered":"http:\/\/veaeditori.it\/?post_type=product&#038;p=579"},"modified":"2025-03-18T23:29:21","modified_gmt":"2025-03-18T21:29:21","slug":"town-house","status":"publish","type":"product","link":"https:\/\/veaeditori.it\/en\/product\/town-house\/","title":{"rendered":"Town House"},"content":{"rendered":"<p>Town House, L&#8217;architettura classica e il design semplice della casa di citt\u00e0 ne fanno un edificio onnipresente e versatile nei villaggi e nelle citt\u00e0 di tutto il mondo: dimore esclusive, officine, negozi di paese o tutto quanto sopra.<br \/>\nQuesta scatola contiene tutto il necessario per costruire una casa di citt\u00e0 alta, adatta a molti giochi fantasy e storici da 28-35 mm. L&#8217;interno \u00e8 completamente dettagliato e il tetto e il piano superiore sono rimovibili. Il set viene fornito completo di mobili e terreno sparso per accessoriare il tuo tavolo da gioco. Molti dei pezzi sono modulari e possono essere assemblati in diverse combinazioni o mescolati e abbinati al resto della gamma.<br \/>\nIl terreno viene fornito smontato su cartoncino di alta qualit\u00e0 e ad alta densit\u00e0, stampato a colori su entrambi i lati, quindi non \u00e8 necessaria alcuna pittura! Il terreno richiede assemblaggio e alcune parti pi\u00f9 piccole richiedono colla. Si prega di consultare www.battlesystems.co.uk per maggiori dettagli e istruzioni complete.<\/p>\n<p>&nbsp;<\/p>\n<p><strong><u>Contents<\/u><\/strong><\/p>\n<ul>\n<li>1 Town House\n<ul>\n<li>8 Wall Panels<\/li>\n<li>2 Floor Tiles<\/li>\n<li>2 Roof Panels<\/li>\n<li>1 Roof Ridge<\/li>\n<li>2 Roof Clips<\/li>\n<li>2 Gable Panels<\/li>\n<li>1 Chimney<\/li>\n<li>1 Storage Chest<\/li>\n<\/ul>\n<\/li>\n<li>1 Access Ladder<\/li>\n<li>1 Bed<\/li>\n<li>1 Bookcase<\/li>\n<li>1 Chest<\/li>\n<li>5 Chairs<\/li>\n<li>4 Barrels<\/li>\n<li>18 Assorted Scatter Components and Accessories<\/li>\n<li>24 Grey Plastic Clips<\/li>\n<\/ul>\n<p><strong><u>\u00a0<\/u><\/strong><\/p>\n<p><strong><u>Packaging Information<\/u><\/strong><\/p>\n<p><u>Front<\/u><\/p>\n<ul>\n<li>74 Pieces<\/li>\n<li>Modular 28-35mm terrain<\/li>\n<li>No painting required<\/li>\n<\/ul>\n<p><u>Back<\/u><\/p>\n<ul>\n<li>Product Code: BSTFWE002<\/li>\n<li>Barcode: 5060660091164<\/li>\n<li>Symbols: <span style=\"text-decoration: line-through;\">0-3<\/span>, 14+<\/li>\n<li>Small Print: This is not a toy. Figures, foliage and gaming mat not included. Contents may vary from those on the packaging. Not suitable for children under 36 months due to small parts. Retain packaging for future reference. Made in China. \u00a9 Battle Systems Ltd 2020.<\/li>\n<\/ul>\n<p>Town House<\/p>","protected":false},"excerpt":{"rendered":"<p>Town House Scenici in Cartoncino<\/p>","protected":false},"featured_media":580,"comment_status":"open","ping_status":"closed","template":"","meta":[],"product_brand":[],"product_cat":[93],"product_tag":[87,92,107],"class_list":{"0":"post-579","1":"product","2":"type-product","3":"status-publish","4":"has-post-thumbnail","6":"product_cat-fantasy","7":"product_tag-battle-system","8":"product_tag-fatansy-village","9":"product_tag-town-house","10":"product_shipping_class-standard","12":"first","13":"outofstock","14":"shipping-taxable","15":"purchasable","16":"product-type-simple"},"yoast_head":"<!-- This site is optimized with the Yoast SEO plugin v27.3 - https:\/\/yoast.com\/product\/yoast-seo-wordpress\/ -->\n<title>Town House - VEA Editori<\/title>\n<meta name=\"description\" content=\"Town House, L&#039;architettura classica e il design semplice della casa di citt\u00e0 ne fanno un edificio onnipresente e versatile nei villaggi\" \/>\n<meta name=\"robots\" content=\"index, follow, max-snippet:-1, max-image-preview:large, max-video-preview:-1\" \/>\n<link rel=\"canonical\" href=\"https:\/\/veaeditori.it\/en\/prodotto\/town-house\/\" \/>\n<meta property=\"og:locale\" content=\"en_GB\" \/>\n<meta property=\"og:type\" content=\"article\" \/>\n<meta property=\"og:title\" content=\"Town House - VEA Editori\" \/>\n<meta property=\"og:description\" content=\"Town House, L&#039;architettura classica e il design semplice della casa di citt\u00e0 ne fanno un edificio onnipresente e versatile nei villaggi\" \/>\n<meta property=\"og:url\" content=\"https:\/\/veaeditori.it\/en\/prodotto\/town-house\/\" \/>\n<meta property=\"og:site_name\" content=\"VEA Editori\" \/>\n<meta property=\"article:publisher\" content=\"https:\/\/www.facebook.com\/veaspaziominiature\" \/>\n<meta property=\"article:modified_time\" content=\"2025-03-18T21:29:21+00:00\" \/>\n<meta property=\"og:image\" content=\"https:\/\/veaeditori.it\/wp-content\/uploads\/2022\/05\/FW-isoboxes-Town-House-25mm-wa.jpg\" \/>\n\t<meta property=\"og:image:width\" content=\"2419\" \/>\n\t<meta property=\"og:image:height\" content=\"1512\" \/>\n\t<meta property=\"og:image:type\" content=\"image\/jpeg\" \/>\n<meta name=\"twitter:card\" content=\"summary_large_image\" \/>\n<meta name=\"twitter:label1\" content=\"Estimated reading time\" \/>\n\t<meta name=\"twitter:data1\" content=\"2 minutes\" \/>\n<script type=\"application\/ld+json\" class=\"yoast-schema-graph\">{\"@context\":\"https:\\\/\\\/schema.org\",\"@graph\":[{\"@type\":\"WebPage\",\"@id\":\"https:\\\/\\\/veaeditori.it\\\/prodotto\\\/town-house\\\/\",\"url\":\"https:\\\/\\\/veaeditori.it\\\/prodotto\\\/town-house\\\/\",\"name\":\"Town House - VEA Editori\",\"isPartOf\":{\"@id\":\"https:\\\/\\\/veaeditori.it\\\/#website\"},\"primaryImageOfPage\":{\"@id\":\"https:\\\/\\\/veaeditori.it\\\/prodotto\\\/town-house\\\/#primaryimage\"},\"image\":{\"@id\":\"https:\\\/\\\/veaeditori.it\\\/prodotto\\\/town-house\\\/#primaryimage\"},\"thumbnailUrl\":\"https:\\\/\\\/veaeditori.it\\\/wp-content\\\/uploads\\\/2022\\\/05\\\/FW-isoboxes-Town-House-25mm-wa.jpg\",\"datePublished\":\"2022-05-24T15:25:41+00:00\",\"dateModified\":\"2025-03-18T21:29:21+00:00\",\"description\":\"Town House, L'architettura classica e il design semplice della casa di citt\u00e0 ne fanno un edificio onnipresente e versatile nei villaggi\",\"breadcrumb\":{\"@id\":\"https:\\\/\\\/veaeditori.it\\\/prodotto\\\/town-house\\\/#breadcrumb\"},\"inLanguage\":\"en-GB\",\"potentialAction\":[{\"@type\":\"ReadAction\",\"target\":[\"https:\\\/\\\/veaeditori.it\\\/prodotto\\\/town-house\\\/\"]}]},{\"@type\":\"ImageObject\",\"inLanguage\":\"en-GB\",\"@id\":\"https:\\\/\\\/veaeditori.it\\\/prodotto\\\/town-house\\\/#primaryimage\",\"url\":\"https:\\\/\\\/veaeditori.it\\\/wp-content\\\/uploads\\\/2022\\\/05\\\/FW-isoboxes-Town-House-25mm-wa.jpg\",\"contentUrl\":\"https:\\\/\\\/veaeditori.it\\\/wp-content\\\/uploads\\\/2022\\\/05\\\/FW-isoboxes-Town-House-25mm-wa.jpg\",\"width\":2419,\"height\":1512,\"caption\":\"Town House\"},{\"@type\":\"BreadcrumbList\",\"@id\":\"https:\\\/\\\/veaeditori.it\\\/prodotto\\\/town-house\\\/#breadcrumb\",\"itemListElement\":[{\"@type\":\"ListItem\",\"position\":1,\"name\":\"Home\",\"item\":\"https:\\\/\\\/veaeditori.it\\\/\"},{\"@type\":\"ListItem\",\"position\":2,\"name\":\"Shop\",\"item\":\"https:\\\/\\\/veaeditori.it\\\/shop\\\/\"},{\"@type\":\"ListItem\",\"position\":3,\"name\":\"Town House\"}]},{\"@type\":\"WebSite\",\"@id\":\"https:\\\/\\\/veaeditori.it\\\/#website\",\"url\":\"https:\\\/\\\/veaeditori.it\\\/\",\"name\":\"VEA Editori\",\"description\":\"Italian Wargame Publisher\",\"potentialAction\":[{\"@type\":\"SearchAction\",\"target\":{\"@type\":\"EntryPoint\",\"urlTemplate\":\"https:\\\/\\\/veaeditori.it\\\/?s={search_term_string}\"},\"query-input\":{\"@type\":\"PropertyValueSpecification\",\"valueRequired\":true,\"valueName\":\"search_term_string\"}}],\"inLanguage\":\"en-GB\"}]}<\/script>\n<!-- \/ Yoast SEO plugin. -->","yoast_head_json":{"title":"Town House - VEA Editori","description":"Town House, L'architettura classica e il design semplice della casa di citt\u00e0 ne fanno un edificio onnipresente e versatile nei villaggi","robots":{"index":"index","follow":"follow","max-snippet":"max-snippet:-1","max-image-preview":"max-image-preview:large","max-video-preview":"max-video-preview:-1"},"canonical":"https:\/\/veaeditori.it\/en\/prodotto\/town-house\/","og_locale":"en_GB","og_type":"article","og_title":"Town House - VEA Editori","og_description":"Town House, L'architettura classica e il design semplice della casa di citt\u00e0 ne fanno un edificio onnipresente e versatile nei villaggi","og_url":"https:\/\/veaeditori.it\/en\/prodotto\/town-house\/","og_site_name":"VEA Editori","article_publisher":"https:\/\/www.facebook.com\/veaspaziominiature","article_modified_time":"2025-03-18T21:29:21+00:00","og_image":[{"width":2419,"height":1512,"url":"https:\/\/veaeditori.it\/wp-content\/uploads\/2022\/05\/FW-isoboxes-Town-House-25mm-wa.jpg","type":"image\/jpeg"}],"twitter_card":"summary_large_image","twitter_misc":{"Estimated reading time":"2 minutes"},"schema":{"@context":"https:\/\/schema.org","@graph":[{"@type":"WebPage","@id":"https:\/\/veaeditori.it\/prodotto\/town-house\/","url":"https:\/\/veaeditori.it\/prodotto\/town-house\/","name":"Town House - VEA Editori","isPartOf":{"@id":"https:\/\/veaeditori.it\/#website"},"primaryImageOfPage":{"@id":"https:\/\/veaeditori.it\/prodotto\/town-house\/#primaryimage"},"image":{"@id":"https:\/\/veaeditori.it\/prodotto\/town-house\/#primaryimage"},"thumbnailUrl":"https:\/\/veaeditori.it\/wp-content\/uploads\/2022\/05\/FW-isoboxes-Town-House-25mm-wa.jpg","datePublished":"2022-05-24T15:25:41+00:00","dateModified":"2025-03-18T21:29:21+00:00","description":"Town House, L'architettura classica e il design semplice della casa di citt\u00e0 ne fanno un edificio onnipresente e versatile nei villaggi","breadcrumb":{"@id":"https:\/\/veaeditori.it\/prodotto\/town-house\/#breadcrumb"},"inLanguage":"en-GB","potentialAction":[{"@type":"ReadAction","target":["https:\/\/veaeditori.it\/prodotto\/town-house\/"]}]},{"@type":"ImageObject","inLanguage":"en-GB","@id":"https:\/\/veaeditori.it\/prodotto\/town-house\/#primaryimage","url":"https:\/\/veaeditori.it\/wp-content\/uploads\/2022\/05\/FW-isoboxes-Town-House-25mm-wa.jpg","contentUrl":"https:\/\/veaeditori.it\/wp-content\/uploads\/2022\/05\/FW-isoboxes-Town-House-25mm-wa.jpg","width":2419,"height":1512,"caption":"Town House"},{"@type":"BreadcrumbList","@id":"https:\/\/veaeditori.it\/prodotto\/town-house\/#breadcrumb","itemListElement":[{"@type":"ListItem","position":1,"name":"Home","item":"https:\/\/veaeditori.it\/"},{"@type":"ListItem","position":2,"name":"Shop","item":"https:\/\/veaeditori.it\/shop\/"},{"@type":"ListItem","position":3,"name":"Town House"}]},{"@type":"WebSite","@id":"https:\/\/veaeditori.it\/#website","url":"https:\/\/veaeditori.it\/","name":"VEA Editori","description":"Italian Wargame Publisher","potentialAction":[{"@type":"SearchAction","target":{"@type":"EntryPoint","urlTemplate":"https:\/\/veaeditori.it\/?s={search_term_string}"},"query-input":{"@type":"PropertyValueSpecification","valueRequired":true,"valueName":"search_term_string"}}],"inLanguage":"en-GB"}]}},"_links":{"self":[{"href":"https:\/\/veaeditori.it\/en\/wp-json\/wp\/v2\/product\/579","targetHints":{"allow":["GET"]}}],"collection":[{"href":"https:\/\/veaeditori.it\/en\/wp-json\/wp\/v2\/product"}],"about":[{"href":"https:\/\/veaeditori.it\/en\/wp-json\/wp\/v2\/types\/product"}],"replies":[{"embeddable":true,"href":"https:\/\/veaeditori.it\/en\/wp-json\/wp\/v2\/comments?post=579"}],"wp:featuredmedia":[{"embeddable":true,"href":"https:\/\/veaeditori.it\/en\/wp-json\/wp\/v2\/media\/580"}],"wp:attachment":[{"href":"https:\/\/veaeditori.it\/en\/wp-json\/wp\/v2\/media?parent=579"}],"wp:term":[{"taxonomy":"product_brand","embeddable":true,"href":"https:\/\/veaeditori.it\/en\/wp-json\/wp\/v2\/product_brand?post=579"},{"taxonomy":"product_cat","embeddable":true,"href":"https:\/\/veaeditori.it\/en\/wp-json\/wp\/v2\/product_cat?post=579"},{"taxonomy":"product_tag","embeddable":true,"href":"https:\/\/veaeditori.it\/en\/wp-json\/wp\/v2\/product_tag?post=579"}],"curies":[{"name":"wp","href":"https:\/\/api.w.org\/{rel}","templated":true}]}}