{"id":585,"date":"2022-05-24T15:28:44","date_gmt":"2022-05-24T15:28:44","guid":{"rendered":"http:\/\/veaeditori.it\/?post_type=product&#038;p=585"},"modified":"2025-03-18T23:29:21","modified_gmt":"2025-03-18T21:29:21","slug":"thatched-cottage","status":"publish","type":"product","link":"https:\/\/veaeditori.it\/en\/product\/thatched-cottage\/","title":{"rendered":"Thatched Cottage"},"content":{"rendered":"<p>Thatched Cottage. Usando i materiali da costruzione pi\u00f9 economici, i piccoli cottage ospitano le persone pi\u00f9 povere della societ\u00e0, anche se con un fuoco scoppiettante e cibo cucinato in casa possono essere invitanti per molti viaggiatori stanchi. Fino a quando almeno la paglia non prender\u00e0 fuoco&#8230;<br \/>\nQuesta scatola contiene tutto il necessario per costruire un cottage in rovina, adatto a molti giochi fantasy e storici da 28-35 mm. L&#8217;interno \u00e8 completamente dettagliato e il tetto \u00e8 rimovibile. Il set viene fornito completo di piano di calpestio, camino e terreno sparso per accessoriare il tuo tavolo da gioco. Molti dei pezzi sono modulari e possono essere assemblati in diverse combinazioni o mescolati e abbinati al resto della gamma.<br \/>\nIl terreno viene fornito smontato su cartoncino di alta qualit\u00e0 e ad alta densit\u00e0, stampato a colori su entrambi i lati, quindi non \u00e8 necessaria alcuna verniciatura! Il terreno richiede assemblaggio e alcune parti pi\u00f9 piccole richiedono colla. Si prega di consultare www.battlesystems.co.uk per maggiori dettagli e istruzioni complete.<\/p>\n<p><strong><u>Contents<\/u><\/strong><\/p>\n<ul>\n<li>1 Thatched Cottage\n<ul>\n<li>4 Wall Panels<\/li>\n<li>1 Floor Tile<\/li>\n<li>2 Roof Panels<\/li>\n<li>2 Roof Clips<\/li>\n<li>2 Gable Panels<\/li>\n<li>1 Deck<\/li>\n<li>1 Chimney<\/li>\n<\/ul>\n<\/li>\n<li>1 Bookcase<\/li>\n<li>1 Bench<\/li>\n<li>1 Chair<\/li>\n<li>1 Barrel<\/li>\n<li>1 Crate<\/li>\n<li>9 Assorted Scatter Components and Accessories<\/li>\n<li>20 Grey Plastic Clips<\/li>\n<\/ul>\n<p><strong><u>\u00a0<\/u><\/strong><\/p>\n<p><strong><u>Packaging Information<\/u><\/strong><\/p>\n<p><u>Front<\/u><\/p>\n<ul>\n<li>47 Pieces<\/li>\n<li>Modular 28-35mm terrain<\/li>\n<li>No painting required<\/li>\n<\/ul>\n<p><u>Back<\/u><\/p>\n<ul>\n<li>Product Code: BSTFWE005<\/li>\n<li>Barcode: 5060660091195<\/li>\n<li>Symbols: <span style=\"text-decoration: line-through;\">0-3<\/span>, 14+<\/li>\n<li>Small Print: This is not a toy. Figures, foliage and gaming mat not included. Contents may vary from those on the packaging. Not suitable for children under 36 months due to small parts. Retain packaging for future reference. Made in China. \u00a9 Battle Systems Ltd 2020.<\/li>\n<\/ul>\n<p>Thatched Cottage<\/p>","protected":false},"excerpt":{"rendered":"<p>Thatched Cottage Scenici Fantasy in Cartoncino<\/p>","protected":false},"featured_media":586,"comment_status":"open","ping_status":"closed","template":"","meta":[],"product_brand":[],"product_cat":[93],"product_tag":[87,92,108],"class_list":{"0":"post-585","1":"product","2":"type-product","3":"status-publish","4":"has-post-thumbnail","6":"product_cat-fantasy","7":"product_tag-battle-system","8":"product_tag-fatansy-village","9":"product_tag-thatched-cottage","10":"product_shipping_class-standard","12":"first","13":"outofstock","14":"shipping-taxable","15":"purchasable","16":"product-type-simple"},"yoast_head":"<!-- This site is optimized with the Yoast SEO plugin v27.2 - https:\/\/yoast.com\/product\/yoast-seo-wordpress\/ -->\n<title>Thatched Cottage - VEA Editori<\/title>\n<meta name=\"description\" content=\"Thatched Cottage. Usando i materiali da costruzione pi\u00f9 economici, i piccoli cottage ospitano le persone pi\u00f9 povere della societ\u00e0\" \/>\n<meta name=\"robots\" content=\"index, follow, max-snippet:-1, max-image-preview:large, max-video-preview:-1\" \/>\n<link rel=\"canonical\" href=\"https:\/\/veaeditori.it\/en\/prodotto\/thatched-cottage\/\" \/>\n<meta property=\"og:locale\" content=\"en_GB\" \/>\n<meta property=\"og:type\" content=\"article\" \/>\n<meta property=\"og:title\" content=\"Thatched Cottage - VEA Editori\" \/>\n<meta property=\"og:description\" content=\"Thatched Cottage. Usando i materiali da costruzione pi\u00f9 economici, i piccoli cottage ospitano le persone pi\u00f9 povere della societ\u00e0\" \/>\n<meta property=\"og:url\" content=\"https:\/\/veaeditori.it\/en\/prodotto\/thatched-cottage\/\" \/>\n<meta property=\"og:site_name\" content=\"VEA Editori\" \/>\n<meta property=\"article:publisher\" content=\"https:\/\/www.facebook.com\/veaspaziominiature\" \/>\n<meta property=\"article:modified_time\" content=\"2025-03-18T21:29:21+00:00\" \/>\n<meta property=\"og:image\" content=\"https:\/\/veaeditori.it\/wp-content\/uploads\/2022\/05\/FW-isoboxes-Thatched-Cottage-25mm-wa.jpg\" \/>\n\t<meta property=\"og:image:width\" content=\"2419\" \/>\n\t<meta property=\"og:image:height\" content=\"1512\" \/>\n\t<meta property=\"og:image:type\" content=\"image\/jpeg\" \/>\n<meta name=\"twitter:card\" content=\"summary_large_image\" \/>\n<meta name=\"twitter:label1\" content=\"Estimated reading time\" \/>\n\t<meta name=\"twitter:data1\" content=\"2 minutes\" \/>\n<script type=\"application\/ld+json\" class=\"yoast-schema-graph\">{\"@context\":\"https:\/\/schema.org\",\"@graph\":[{\"@type\":\"WebPage\",\"@id\":\"https:\/\/veaeditori.it\/prodotto\/thatched-cottage\/\",\"url\":\"https:\/\/veaeditori.it\/prodotto\/thatched-cottage\/\",\"name\":\"Thatched Cottage - VEA Editori\",\"isPartOf\":{\"@id\":\"https:\/\/veaeditori.it\/#website\"},\"primaryImageOfPage\":{\"@id\":\"https:\/\/veaeditori.it\/prodotto\/thatched-cottage\/#primaryimage\"},\"image\":{\"@id\":\"https:\/\/veaeditori.it\/prodotto\/thatched-cottage\/#primaryimage\"},\"thumbnailUrl\":\"https:\/\/veaeditori.it\/wp-content\/uploads\/2022\/05\/FW-isoboxes-Thatched-Cottage-25mm-wa.jpg\",\"datePublished\":\"2022-05-24T15:28:44+00:00\",\"dateModified\":\"2025-03-18T21:29:21+00:00\",\"description\":\"Thatched Cottage. Usando i materiali da costruzione pi\u00f9 economici, i piccoli cottage ospitano le persone pi\u00f9 povere della societ\u00e0\",\"breadcrumb\":{\"@id\":\"https:\/\/veaeditori.it\/prodotto\/thatched-cottage\/#breadcrumb\"},\"inLanguage\":\"en-GB\",\"potentialAction\":[{\"@type\":\"ReadAction\",\"target\":[\"https:\/\/veaeditori.it\/prodotto\/thatched-cottage\/\"]}]},{\"@type\":\"ImageObject\",\"inLanguage\":\"en-GB\",\"@id\":\"https:\/\/veaeditori.it\/prodotto\/thatched-cottage\/#primaryimage\",\"url\":\"https:\/\/veaeditori.it\/wp-content\/uploads\/2022\/05\/FW-isoboxes-Thatched-Cottage-25mm-wa.jpg\",\"contentUrl\":\"https:\/\/veaeditori.it\/wp-content\/uploads\/2022\/05\/FW-isoboxes-Thatched-Cottage-25mm-wa.jpg\",\"width\":2419,\"height\":1512,\"caption\":\"Thatched Cottage\"},{\"@type\":\"BreadcrumbList\",\"@id\":\"https:\/\/veaeditori.it\/prodotto\/thatched-cottage\/#breadcrumb\",\"itemListElement\":[{\"@type\":\"ListItem\",\"position\":1,\"name\":\"Home\",\"item\":\"https:\/\/veaeditori.it\/\"},{\"@type\":\"ListItem\",\"position\":2,\"name\":\"Shop\",\"item\":\"https:\/\/veaeditori.it\/shop\/\"},{\"@type\":\"ListItem\",\"position\":3,\"name\":\"Thatched Cottage\"}]},{\"@type\":\"WebSite\",\"@id\":\"https:\/\/veaeditori.it\/#website\",\"url\":\"https:\/\/veaeditori.it\/\",\"name\":\"VEA Editori\",\"description\":\"Italian Wargame Publisher\",\"potentialAction\":[{\"@type\":\"SearchAction\",\"target\":{\"@type\":\"EntryPoint\",\"urlTemplate\":\"https:\/\/veaeditori.it\/?s={search_term_string}\"},\"query-input\":{\"@type\":\"PropertyValueSpecification\",\"valueRequired\":true,\"valueName\":\"search_term_string\"}}],\"inLanguage\":\"en-GB\"}]}<\/script>\n<!-- \/ Yoast SEO plugin. -->","yoast_head_json":{"title":"Thatched Cottage - VEA Editori","description":"Thatched Cottage. Usando i materiali da costruzione pi\u00f9 economici, i piccoli cottage ospitano le persone pi\u00f9 povere della societ\u00e0","robots":{"index":"index","follow":"follow","max-snippet":"max-snippet:-1","max-image-preview":"max-image-preview:large","max-video-preview":"max-video-preview:-1"},"canonical":"https:\/\/veaeditori.it\/en\/prodotto\/thatched-cottage\/","og_locale":"en_GB","og_type":"article","og_title":"Thatched Cottage - VEA Editori","og_description":"Thatched Cottage. Usando i materiali da costruzione pi\u00f9 economici, i piccoli cottage ospitano le persone pi\u00f9 povere della societ\u00e0","og_url":"https:\/\/veaeditori.it\/en\/prodotto\/thatched-cottage\/","og_site_name":"VEA Editori","article_publisher":"https:\/\/www.facebook.com\/veaspaziominiature","article_modified_time":"2025-03-18T21:29:21+00:00","og_image":[{"width":2419,"height":1512,"url":"https:\/\/veaeditori.it\/wp-content\/uploads\/2022\/05\/FW-isoboxes-Thatched-Cottage-25mm-wa.jpg","type":"image\/jpeg"}],"twitter_card":"summary_large_image","twitter_misc":{"Estimated reading time":"2 minutes"},"schema":{"@context":"https:\/\/schema.org","@graph":[{"@type":"WebPage","@id":"https:\/\/veaeditori.it\/prodotto\/thatched-cottage\/","url":"https:\/\/veaeditori.it\/prodotto\/thatched-cottage\/","name":"Thatched Cottage - VEA Editori","isPartOf":{"@id":"https:\/\/veaeditori.it\/#website"},"primaryImageOfPage":{"@id":"https:\/\/veaeditori.it\/prodotto\/thatched-cottage\/#primaryimage"},"image":{"@id":"https:\/\/veaeditori.it\/prodotto\/thatched-cottage\/#primaryimage"},"thumbnailUrl":"https:\/\/veaeditori.it\/wp-content\/uploads\/2022\/05\/FW-isoboxes-Thatched-Cottage-25mm-wa.jpg","datePublished":"2022-05-24T15:28:44+00:00","dateModified":"2025-03-18T21:29:21+00:00","description":"Thatched Cottage. Usando i materiali da costruzione pi\u00f9 economici, i piccoli cottage ospitano le persone pi\u00f9 povere della societ\u00e0","breadcrumb":{"@id":"https:\/\/veaeditori.it\/prodotto\/thatched-cottage\/#breadcrumb"},"inLanguage":"en-GB","potentialAction":[{"@type":"ReadAction","target":["https:\/\/veaeditori.it\/prodotto\/thatched-cottage\/"]}]},{"@type":"ImageObject","inLanguage":"en-GB","@id":"https:\/\/veaeditori.it\/prodotto\/thatched-cottage\/#primaryimage","url":"https:\/\/veaeditori.it\/wp-content\/uploads\/2022\/05\/FW-isoboxes-Thatched-Cottage-25mm-wa.jpg","contentUrl":"https:\/\/veaeditori.it\/wp-content\/uploads\/2022\/05\/FW-isoboxes-Thatched-Cottage-25mm-wa.jpg","width":2419,"height":1512,"caption":"Thatched Cottage"},{"@type":"BreadcrumbList","@id":"https:\/\/veaeditori.it\/prodotto\/thatched-cottage\/#breadcrumb","itemListElement":[{"@type":"ListItem","position":1,"name":"Home","item":"https:\/\/veaeditori.it\/"},{"@type":"ListItem","position":2,"name":"Shop","item":"https:\/\/veaeditori.it\/shop\/"},{"@type":"ListItem","position":3,"name":"Thatched Cottage"}]},{"@type":"WebSite","@id":"https:\/\/veaeditori.it\/#website","url":"https:\/\/veaeditori.it\/","name":"VEA Editori","description":"Italian Wargame Publisher","potentialAction":[{"@type":"SearchAction","target":{"@type":"EntryPoint","urlTemplate":"https:\/\/veaeditori.it\/?s={search_term_string}"},"query-input":{"@type":"PropertyValueSpecification","valueRequired":true,"valueName":"search_term_string"}}],"inLanguage":"en-GB"}]}},"_links":{"self":[{"href":"https:\/\/veaeditori.it\/en\/wp-json\/wp\/v2\/product\/585","targetHints":{"allow":["GET"]}}],"collection":[{"href":"https:\/\/veaeditori.it\/en\/wp-json\/wp\/v2\/product"}],"about":[{"href":"https:\/\/veaeditori.it\/en\/wp-json\/wp\/v2\/types\/product"}],"replies":[{"embeddable":true,"href":"https:\/\/veaeditori.it\/en\/wp-json\/wp\/v2\/comments?post=585"}],"wp:featuredmedia":[{"embeddable":true,"href":"https:\/\/veaeditori.it\/en\/wp-json\/wp\/v2\/media\/586"}],"wp:attachment":[{"href":"https:\/\/veaeditori.it\/en\/wp-json\/wp\/v2\/media?parent=585"}],"wp:term":[{"taxonomy":"product_brand","embeddable":true,"href":"https:\/\/veaeditori.it\/en\/wp-json\/wp\/v2\/product_brand?post=585"},{"taxonomy":"product_cat","embeddable":true,"href":"https:\/\/veaeditori.it\/en\/wp-json\/wp\/v2\/product_cat?post=585"},{"taxonomy":"product_tag","embeddable":true,"href":"https:\/\/veaeditori.it\/en\/wp-json\/wp\/v2\/product_tag?post=585"}],"curies":[{"name":"wp","href":"https:\/\/api.w.org\/{rel}","templated":true}]}}