{"id":589,"date":"2022-05-24T15:31:47","date_gmt":"2022-05-24T14:31:47","guid":{"rendered":"http:\/\/veaeditori.it\/?post_type=product&#038;p=589"},"modified":"2025-11-24T10:38:51","modified_gmt":"2025-11-24T08:38:51","slug":"village-ruins","status":"publish","type":"product","link":"https:\/\/veaeditori.it\/en\/product\/village-ruins\/","title":{"rendered":"Village Ruins"},"content":{"rendered":"<p>Village Ruins : Il legno e l&#8217;intonaco possono essere materiali da costruzione economici ed efficaci, ma non possono resistere alla distruzione causata dalla guerra, dal fuoco o dalla caduta di meteoriti! Ci\u00f2 che resta \u00e8 un guscio annerito e abbandonato della civilt\u00e0 che un tempo esisteva, sebbene possa fornire ricchi guadagni a predoni e abitanti dell&#8217;oscurit\u00e0&#8230;<br \/>\nQuesta scatola contiene tutto il necessario per trasformare il tuo tavolo da gioco in una citt\u00e0 devastata, adatta a molti giochi fantasy e storici da 28-35 mm. Il set pu\u00f2 essere utilizzato da solo per creare un insediamento pesantemente in rovina, oppure i pezzi modulari possono essere combinati con gli altri edifici del Fantasy Village per rovinare parzialmente un&#8217;intera citt\u00e0! Il set include passerelle, scale e altro terreno sparso per accessoriare il tuo tavolo.<br \/>\nIl terreno viene fornito smontato su cartoncino di alta qualit\u00e0 e ad alta densit\u00e0, stampato a colori su entrambi i lati, quindi non \u00e8 necessaria alcuna verniciatura! Il terreno richiede assemblaggio e alcune parti pi\u00f9 piccole richiedono colla. Si prega di consultare www.battlesystems.co.uk per maggiori dettagli e istruzioni complete.<\/p>\n<p><strong><u>Contents<\/u><\/strong><\/p>\n<ul>\n<li>30 Assorted Wall Panels<\/li>\n<li>14 Assorted Floor Tiles<\/li>\n<li>4 Assorted Roof Panels<\/li>\n<li>2 Roof Ridges<\/li>\n<li>4 Roof Clips<\/li>\n<li>6 Gable Panels<\/li>\n<li>3 Barricades<\/li>\n<li>3 Walkways\/Planks<\/li>\n<li>6 Assorted Ladders<\/li>\n<li>31+ Assorted Scatter Components and Accessories<\/li>\n<li>60 Grey Plastic Clips<\/li>\n<\/ul>\n<p><strong><u>\u00a0<\/u><\/strong><\/p>\n<p><strong><u>Packaging Information<\/u><\/strong><\/p>\n<p><u>Front<\/u><\/p>\n<ul>\n<li>163 Pieces<\/li>\n<li>Modular 28-35mm terrain<\/li>\n<li>No painting required<\/li>\n<\/ul>\n<p><u>Back<\/u><\/p>\n<ul>\n<li>Product Code: BSTFWE013<\/li>\n<li>Barcode: 5060660091270<\/li>\n<li>Symbols: <span style=\"text-decoration: line-through;\">0-3<\/span>, 14+<\/li>\n<li>Small Print: This is not a toy. Figures, foliage and gaming mat not included. Contents may vary from those on the packaging. Not suitable for children under 36 months due to small parts. Retain packaging for future reference. Made in China. \u00a9 Battle Systems Ltd 2020.<\/li>\n<\/ul>\n<p>Village Ruins<\/p>","protected":false},"excerpt":{"rendered":"<p>Village Ruins Scenici in cartoncino<\/p>","protected":false},"featured_media":590,"comment_status":"open","ping_status":"closed","template":"","meta":[],"product_brand":[],"product_cat":[93],"product_tag":[87,92,109],"class_list":{"0":"post-589","1":"product","2":"type-product","3":"status-publish","4":"has-post-thumbnail","6":"product_cat-fantasy","7":"product_tag-battle-system","8":"product_tag-fatansy-village","9":"product_tag-village-ruins","10":"product_shipping_class-standard","12":"first","13":"outofstock","14":"shipping-taxable","15":"purchasable","16":"product-type-simple"},"yoast_head":"<!-- This site is optimized with the Yoast SEO plugin v27.2 - https:\/\/yoast.com\/product\/yoast-seo-wordpress\/ -->\n<title>Village Ruins - VEA Editori<\/title>\n<meta name=\"description\" content=\"Village Ruins : Il legno e l&#039;intonaco possono essere materiali da costruzione economici ed efficaci, ma non possono resistere alla distruzione\" \/>\n<meta name=\"robots\" content=\"index, follow, max-snippet:-1, max-image-preview:large, max-video-preview:-1\" \/>\n<link rel=\"canonical\" href=\"https:\/\/veaeditori.it\/en\/product\/village-ruins\/\" \/>\n<meta property=\"og:locale\" content=\"en_GB\" \/>\n<meta property=\"og:type\" content=\"article\" \/>\n<meta property=\"og:title\" content=\"Village Ruins - VEA Editori\" \/>\n<meta property=\"og:description\" content=\"Village Ruins : Il legno e l&#039;intonaco possono essere materiali da costruzione economici ed efficaci, ma non possono resistere alla distruzione\" \/>\n<meta property=\"og:url\" content=\"https:\/\/veaeditori.it\/en\/product\/village-ruins\/\" \/>\n<meta property=\"og:site_name\" content=\"VEA Editori\" \/>\n<meta property=\"article:publisher\" content=\"https:\/\/www.facebook.com\/veaspaziominiature\" \/>\n<meta property=\"article:modified_time\" content=\"2025-11-24T08:38:51+00:00\" \/>\n<meta property=\"og:image\" content=\"https:\/\/veaeditori.it\/wp-content\/uploads\/2022\/05\/FW-isoboxes-Village-Ruins-35mm.jpg\" \/>\n\t<meta property=\"og:image:width\" content=\"2419\" \/>\n\t<meta property=\"og:image:height\" content=\"1512\" \/>\n\t<meta property=\"og:image:type\" content=\"image\/jpeg\" \/>\n<meta name=\"twitter:card\" content=\"summary_large_image\" \/>\n<meta name=\"twitter:label1\" content=\"Estimated reading time\" \/>\n\t<meta name=\"twitter:data1\" content=\"2 minutes\" \/>\n<script type=\"application\/ld+json\" class=\"yoast-schema-graph\">{\"@context\":\"https:\/\/schema.org\",\"@graph\":[{\"@type\":\"WebPage\",\"@id\":\"https:\/\/veaeditori.it\/product\/village-ruins\/\",\"url\":\"https:\/\/veaeditori.it\/product\/village-ruins\/\",\"name\":\"Village Ruins - VEA Editori\",\"isPartOf\":{\"@id\":\"https:\/\/veaeditori.it\/#website\"},\"primaryImageOfPage\":{\"@id\":\"https:\/\/veaeditori.it\/product\/village-ruins\/#primaryimage\"},\"image\":{\"@id\":\"https:\/\/veaeditori.it\/product\/village-ruins\/#primaryimage\"},\"thumbnailUrl\":\"https:\/\/veaeditori.it\/wp-content\/uploads\/2022\/05\/FW-isoboxes-Village-Ruins-35mm.jpg\",\"datePublished\":\"2022-05-24T14:31:47+00:00\",\"dateModified\":\"2025-11-24T08:38:51+00:00\",\"description\":\"Village Ruins : Il legno e l'intonaco possono essere materiali da costruzione economici ed efficaci, ma non possono resistere alla distruzione\",\"breadcrumb\":{\"@id\":\"https:\/\/veaeditori.it\/product\/village-ruins\/#breadcrumb\"},\"inLanguage\":\"en-GB\",\"potentialAction\":[{\"@type\":\"ReadAction\",\"target\":[\"https:\/\/veaeditori.it\/product\/village-ruins\/\"]}]},{\"@type\":\"ImageObject\",\"inLanguage\":\"en-GB\",\"@id\":\"https:\/\/veaeditori.it\/product\/village-ruins\/#primaryimage\",\"url\":\"https:\/\/veaeditori.it\/wp-content\/uploads\/2022\/05\/FW-isoboxes-Village-Ruins-35mm.jpg\",\"contentUrl\":\"https:\/\/veaeditori.it\/wp-content\/uploads\/2022\/05\/FW-isoboxes-Village-Ruins-35mm.jpg\",\"width\":2419,\"height\":1512,\"caption\":\"Village Ruins\"},{\"@type\":\"BreadcrumbList\",\"@id\":\"https:\/\/veaeditori.it\/product\/village-ruins\/#breadcrumb\",\"itemListElement\":[{\"@type\":\"ListItem\",\"position\":1,\"name\":\"Home\",\"item\":\"https:\/\/veaeditori.it\/\"},{\"@type\":\"ListItem\",\"position\":2,\"name\":\"Shop\",\"item\":\"https:\/\/veaeditori.it\/shop\/\"},{\"@type\":\"ListItem\",\"position\":3,\"name\":\"Village Ruins\"}]},{\"@type\":\"WebSite\",\"@id\":\"https:\/\/veaeditori.it\/#website\",\"url\":\"https:\/\/veaeditori.it\/\",\"name\":\"VEA Editori\",\"description\":\"Italian Wargame Publisher\",\"potentialAction\":[{\"@type\":\"SearchAction\",\"target\":{\"@type\":\"EntryPoint\",\"urlTemplate\":\"https:\/\/veaeditori.it\/?s={search_term_string}\"},\"query-input\":{\"@type\":\"PropertyValueSpecification\",\"valueRequired\":true,\"valueName\":\"search_term_string\"}}],\"inLanguage\":\"en-GB\"}]}<\/script>\n<!-- \/ Yoast SEO plugin. -->","yoast_head_json":{"title":"Village Ruins - VEA Editori","description":"Village Ruins : Il legno e l'intonaco possono essere materiali da costruzione economici ed efficaci, ma non possono resistere alla distruzione","robots":{"index":"index","follow":"follow","max-snippet":"max-snippet:-1","max-image-preview":"max-image-preview:large","max-video-preview":"max-video-preview:-1"},"canonical":"https:\/\/veaeditori.it\/en\/product\/village-ruins\/","og_locale":"en_GB","og_type":"article","og_title":"Village Ruins - VEA Editori","og_description":"Village Ruins : Il legno e l'intonaco possono essere materiali da costruzione economici ed efficaci, ma non possono resistere alla distruzione","og_url":"https:\/\/veaeditori.it\/en\/product\/village-ruins\/","og_site_name":"VEA Editori","article_publisher":"https:\/\/www.facebook.com\/veaspaziominiature","article_modified_time":"2025-11-24T08:38:51+00:00","og_image":[{"width":2419,"height":1512,"url":"https:\/\/veaeditori.it\/wp-content\/uploads\/2022\/05\/FW-isoboxes-Village-Ruins-35mm.jpg","type":"image\/jpeg"}],"twitter_card":"summary_large_image","twitter_misc":{"Estimated reading time":"2 minutes"},"schema":{"@context":"https:\/\/schema.org","@graph":[{"@type":"WebPage","@id":"https:\/\/veaeditori.it\/product\/village-ruins\/","url":"https:\/\/veaeditori.it\/product\/village-ruins\/","name":"Village Ruins - VEA Editori","isPartOf":{"@id":"https:\/\/veaeditori.it\/#website"},"primaryImageOfPage":{"@id":"https:\/\/veaeditori.it\/product\/village-ruins\/#primaryimage"},"image":{"@id":"https:\/\/veaeditori.it\/product\/village-ruins\/#primaryimage"},"thumbnailUrl":"https:\/\/veaeditori.it\/wp-content\/uploads\/2022\/05\/FW-isoboxes-Village-Ruins-35mm.jpg","datePublished":"2022-05-24T14:31:47+00:00","dateModified":"2025-11-24T08:38:51+00:00","description":"Village Ruins : Il legno e l'intonaco possono essere materiali da costruzione economici ed efficaci, ma non possono resistere alla distruzione","breadcrumb":{"@id":"https:\/\/veaeditori.it\/product\/village-ruins\/#breadcrumb"},"inLanguage":"en-GB","potentialAction":[{"@type":"ReadAction","target":["https:\/\/veaeditori.it\/product\/village-ruins\/"]}]},{"@type":"ImageObject","inLanguage":"en-GB","@id":"https:\/\/veaeditori.it\/product\/village-ruins\/#primaryimage","url":"https:\/\/veaeditori.it\/wp-content\/uploads\/2022\/05\/FW-isoboxes-Village-Ruins-35mm.jpg","contentUrl":"https:\/\/veaeditori.it\/wp-content\/uploads\/2022\/05\/FW-isoboxes-Village-Ruins-35mm.jpg","width":2419,"height":1512,"caption":"Village Ruins"},{"@type":"BreadcrumbList","@id":"https:\/\/veaeditori.it\/product\/village-ruins\/#breadcrumb","itemListElement":[{"@type":"ListItem","position":1,"name":"Home","item":"https:\/\/veaeditori.it\/"},{"@type":"ListItem","position":2,"name":"Shop","item":"https:\/\/veaeditori.it\/shop\/"},{"@type":"ListItem","position":3,"name":"Village Ruins"}]},{"@type":"WebSite","@id":"https:\/\/veaeditori.it\/#website","url":"https:\/\/veaeditori.it\/","name":"VEA Editori","description":"Italian Wargame Publisher","potentialAction":[{"@type":"SearchAction","target":{"@type":"EntryPoint","urlTemplate":"https:\/\/veaeditori.it\/?s={search_term_string}"},"query-input":{"@type":"PropertyValueSpecification","valueRequired":true,"valueName":"search_term_string"}}],"inLanguage":"en-GB"}]}},"_links":{"self":[{"href":"https:\/\/veaeditori.it\/en\/wp-json\/wp\/v2\/product\/589","targetHints":{"allow":["GET"]}}],"collection":[{"href":"https:\/\/veaeditori.it\/en\/wp-json\/wp\/v2\/product"}],"about":[{"href":"https:\/\/veaeditori.it\/en\/wp-json\/wp\/v2\/types\/product"}],"replies":[{"embeddable":true,"href":"https:\/\/veaeditori.it\/en\/wp-json\/wp\/v2\/comments?post=589"}],"wp:featuredmedia":[{"embeddable":true,"href":"https:\/\/veaeditori.it\/en\/wp-json\/wp\/v2\/media\/590"}],"wp:attachment":[{"href":"https:\/\/veaeditori.it\/en\/wp-json\/wp\/v2\/media?parent=589"}],"wp:term":[{"taxonomy":"product_brand","embeddable":true,"href":"https:\/\/veaeditori.it\/en\/wp-json\/wp\/v2\/product_brand?post=589"},{"taxonomy":"product_cat","embeddable":true,"href":"https:\/\/veaeditori.it\/en\/wp-json\/wp\/v2\/product_cat?post=589"},{"taxonomy":"product_tag","embeddable":true,"href":"https:\/\/veaeditori.it\/en\/wp-json\/wp\/v2\/product_tag?post=589"}],"curies":[{"name":"wp","href":"https:\/\/api.w.org\/{rel}","templated":true}]}}